{"id":11144,"date":"2023-07-12T14:59:08","date_gmt":"2023-07-12T18:59:08","guid":{"rendered":"https:\/\/atlasveterans.ca\/?page_id=11144"},"modified":"2025-06-01T16:27:26","modified_gmt":"2025-06-01T20:27:26","slug":"etude-de-lefficacite-et-de-la-mise-en-place-du-yoga-sudarshan-kriya-chez-les-veterans-canadiens-ayant-un-tspt","status":"publish","type":"page","link":"https:\/\/atlasveterans.ca\/fr\/recherche\/etude-de-lefficacite-et-de-la-mise-en-place-du-yoga-sudarshan-kriya-chez-les-veterans-canadiens-ayant-un-tspt\/","title":{"rendered":"Le Sudarshan Kriya Yoga peut-il aider les v\u00e9t\u00e9rans canadiens \u00e0 g\u00e9rer les sympt\u00f4mes du TSPT? Aidez-nous \u00e0 le d\u00e9couvrir!"},"content":{"rendered":"<div class=\"wpb-content-wrapper\"><p>[vc_row row_padding_top=\u00a0\u00bbregular\u00a0\u00bb row_padding_bottom=\u00a0\u00bbregular\u00a0\u00bb][vc_column width=\u00a0\u00bb2\/3&Prime; offset=\u00a0\u00bbvc_col-lg-7&Prime;][vc_column_text]Nous sommes \u00e0 la recherche de v\u00e9t\u00e9rans des Forces arm\u00e9es canadiennes ou de la Gendarmerie royale du Canada qui pr\u00e9sentent des sympt\u00f4mes du trouble de stress post-traumatique (TSPT). Dans le cadre d\u2019une nouvelle \u00e9tude, vous participeriez \u00e0 un programme de m\u00e9ditation respiratoire qui pourrait aider avec vos sympt\u00f4mes du TSPT.<\/p>\n<p>Cette \u00e9tude \u00e9valuera une forme de m\u00e9ditation bas\u00e9e sur la respiration appel\u00e9e Sudarshan Kriya Yoga (SKY). Le SKY peut aider \u00e0 att\u00e9nuer les sympt\u00f4mes du TSPT. Le programme SKY sera enseign\u00e9 par des instructeurs, en fran\u00e7ais et en anglais, par l\u2019entremise d\u2019appels vid\u00e9o de groupe en ligne sur une p\u00e9riode de six semaines. Cette \u00e9tude s\u2019int\u00e9ressera \u00e0 l\u2019efficacit\u00e9 de l\u2019enseignement du SKY en mode virtuel (c.-\u00e0-d. par le biais d\u2019appels vid\u00e9o).<\/p>\n<p>Veuillez noter que la s\u00e9curit\u00e9 des courriels n\u2019est pas garantie et que les courriels ne doivent pas \u00eatre utilis\u00e9s pour discuter de renseignements de nature d\u00e9licate.<\/p>\n<p>Cette \u00e9tude est dirig\u00e9e par Sinai Health System \u2013 Bridgepoint Collaboratory for Research and Innovation.[\/vc_column_text][vc_raw_html]JTNDYSUyMGNsYXNzJTNEJTIydmNfZ2VuZXJhbCUyMHZjX2J0bjMlMjB2Y19idG4zLXNpemUtJTIwdmNfYnRuMy1zaGFwZS1yb3VuZGVkJTIwdmNfYnRuMy1zdHlsZS1tb2Rlcm4lMjB2Y19idG4zLWNvbG9yLWdyZXklMjBidG4tLWRhcmtHcmVlblRleHQlMjBidG4tLWdyYWRpZW50QkclMjBidG4tLWRlZmF1bHRIb3ZlclRleHQlMjIlMjBocmVmJTNEJTIyaHR0cHMlM0ElMkYlMkZzdWJqZWN0bWF0dGVyLmNhJTJGcHRzZC1zdHVkeS1mciUyRiUyMiUyMHRpdGxlJTNEJTIyJTIyJTNFVm9pciUyMGwlRTIlODAlOTklQzMlQTl0dWRlJTNDJTJGYSUzRQ==[\/vc_raw_html][\/vc_column][vc_column width=\u00a0\u00bb1\/3&Prime; css=\u00a0\u00bb.vc_custom_1748808861053{margin-left: 40px !important;padding-top: 40px !important;padding-right: 40px !important;padding-bottom: 40px !important;padding-left: 40px !important;background-color: #aadbcd !important;}\u00a0\u00bb offset=\u00a0\u00bbvc_col-lg-offset-1&Prime; el_id=\u00a0\u00bbross\u00a0\u00bb][vc_column_text]<\/p>\n<p class=\"h4\">Pour savoir si vous \u00eates admissible \u00e0 participer \u00e0 cette \u00e9tude, veuillez communiquer avec le personnel de l\u2019\u00e9tude par t\u00e9l\u00e9phone au 1-647-804-6121 ou <a href=\"mailto:SKY.PTSD@sinaihealth.ca\">par courriel<\/a>.<\/p>\n<p>Chercheur de l\u2019\u00e9tude\u00a0:<br \/>\n<strong>Ross\u00a0Upshur<\/strong>[\/vc_column_text][\/vc_column][\/vc_row]<\/p>\n<\/div>","protected":false},"excerpt":{"rendered":"<p>[vc_row row_padding_top=\u00a0\u00bbregular\u00a0\u00bb row_padding_bottom=\u00a0\u00bbregular\u00a0\u00bb][vc_column width=\u00a0\u00bb2\/3&Prime; offset=\u00a0\u00bbvc_col-lg-7&Prime;][vc_column_text]Nous sommes \u00e0 la recherche de v\u00e9t\u00e9rans des Forces arm\u00e9es canadiennes ou de la Gendarmerie royale du Canada qui pr\u00e9sentent des sympt\u00f4mes du trouble de stress post-traumatique (TSPT). Dans le cadre d\u2019une nouvelle \u00e9tude, vous participeriez \u00e0 un programme de m\u00e9ditation respiratoire qui pourrait aider avec vos sympt\u00f4mes du TSPT. Cette&#8230;<\/p>\n","protected":false},"author":3,"featured_media":2290,"parent":1971,"menu_order":0,"comment_status":"closed","ping_status":"closed","template":"","meta":{"_acf_changed":false,"inline_featured_image":false,"footnotes":""},"categories":[],"tags":[],"class_list":["post-11144","page","type-page","status-publish","has-post-thumbnail","hentry"],"acf":[],"yoast_head":"<!-- This site is optimized with the Yoast SEO plugin v27.2 - https:\/\/yoast.com\/product\/yoast-seo-wordpress\/ -->\n<title>Le Sudarshan Kriya Yoga peut-il aider les v\u00e9t\u00e9rans canadiens \u00e0 g\u00e9rer les sympt\u00f4mes du TSPT? Aidez-nous \u00e0 le d\u00e9couvrir! &#183; Institut Atlas pour les v\u00e9t\u00e9rans et leur famille<\/title>\n<meta name=\"robots\" content=\"index, follow, max-snippet:-1, max-image-preview:large, max-video-preview:-1\" \/>\n<link rel=\"canonical\" href=\"https:\/\/atlasveterans.ca\/fr\/recherche\/etude-de-lefficacite-et-de-la-mise-en-place-du-yoga-sudarshan-kriya-chez-les-veterans-canadiens-ayant-un-tspt\/\" \/>\n<meta property=\"og:locale\" content=\"fr_FR\" \/>\n<meta property=\"og:type\" content=\"article\" \/>\n<meta property=\"og:title\" content=\"Le Sudarshan Kriya Yoga peut-il aider les v\u00e9t\u00e9rans canadiens \u00e0 g\u00e9rer les sympt\u00f4mes du TSPT? Aidez-nous \u00e0 le d\u00e9couvrir! &#183; Institut Atlas pour les v\u00e9t\u00e9rans et leur famille\" \/>\n<meta property=\"og:description\" content=\"[vc_row row_padding_top=\u00a0\u00bbregular\u00a0\u00bb row_padding_bottom=\u00a0\u00bbregular\u00a0\u00bb][vc_column width=\u00a0\u00bb2\/3&Prime; offset=\u00a0\u00bbvc_col-lg-7&Prime;][vc_column_text]Nous sommes \u00e0 la recherche de v\u00e9t\u00e9rans des Forces arm\u00e9es canadiennes ou de la Gendarmerie royale du Canada qui pr\u00e9sentent des sympt\u00f4mes du trouble de stress post-traumatique (TSPT). Dans le cadre d\u2019une nouvelle \u00e9tude, vous participeriez \u00e0 un programme de m\u00e9ditation respiratoire qui pourrait aider avec vos sympt\u00f4mes du TSPT. Cette...\" \/>\n<meta property=\"og:url\" content=\"https:\/\/atlasveterans.ca\/fr\/recherche\/etude-de-lefficacite-et-de-la-mise-en-place-du-yoga-sudarshan-kriya-chez-les-veterans-canadiens-ayant-un-tspt\/\" \/>\n<meta property=\"og:site_name\" content=\"Institut Atlas pour les v\u00e9t\u00e9rans et leur famille\" \/>\n<meta property=\"article:publisher\" content=\"https:\/\/www.facebook.com\/atlasveteransca\" \/>\n<meta property=\"article:modified_time\" content=\"2025-06-01T20:27:26+00:00\" \/>\n<meta property=\"og:image\" content=\"https:\/\/atlasveterans.ca\/wp-content\/uploads\/2022\/03\/atlas-hero-generic.jpg\" \/>\n\t<meta property=\"og:image:width\" content=\"1600\" \/>\n\t<meta property=\"og:image:height\" content=\"345\" \/>\n\t<meta property=\"og:image:type\" content=\"image\/jpeg\" \/>\n<meta name=\"twitter:card\" content=\"summary_large_image\" \/>\n<meta name=\"twitter:site\" content=\"@atlasveteransca\" \/>\n<meta name=\"twitter:label1\" content=\"Dur\u00e9e de lecture estim\u00e9e\" \/>\n\t<meta name=\"twitter:data1\" content=\"2 minutes\" \/>\n<script type=\"application\/ld+json\" class=\"yoast-schema-graph\">{\"@context\":\"https:\/\/schema.org\",\"@graph\":[{\"@type\":\"WebPage\",\"@id\":\"https:\/\/atlasveterans.ca\/fr\/recherche\/etude-de-lefficacite-et-de-la-mise-en-place-du-yoga-sudarshan-kriya-chez-les-veterans-canadiens-ayant-un-tspt\/\",\"url\":\"https:\/\/atlasveterans.ca\/fr\/recherche\/etude-de-lefficacite-et-de-la-mise-en-place-du-yoga-sudarshan-kriya-chez-les-veterans-canadiens-ayant-un-tspt\/\",\"name\":\"Le Sudarshan Kriya Yoga peut-il aider les v\u00e9t\u00e9rans canadiens \u00e0 g\u00e9rer les sympt\u00f4mes du TSPT? Aidez-nous \u00e0 le d\u00e9couvrir! &#183; Institut Atlas pour les v\u00e9t\u00e9rans et leur famille\",\"isPartOf\":{\"@id\":\"https:\/\/atlasveterans.ca\/fr\/#website\"},\"primaryImageOfPage\":{\"@id\":\"https:\/\/atlasveterans.ca\/fr\/recherche\/etude-de-lefficacite-et-de-la-mise-en-place-du-yoga-sudarshan-kriya-chez-les-veterans-canadiens-ayant-un-tspt\/#primaryimage\"},\"image\":{\"@id\":\"https:\/\/atlasveterans.ca\/fr\/recherche\/etude-de-lefficacite-et-de-la-mise-en-place-du-yoga-sudarshan-kriya-chez-les-veterans-canadiens-ayant-un-tspt\/#primaryimage\"},\"thumbnailUrl\":\"https:\/\/atlasveterans.ca\/wp-content\/uploads\/2022\/03\/atlas-hero-generic.jpg\",\"datePublished\":\"2023-07-12T18:59:08+00:00\",\"dateModified\":\"2025-06-01T20:27:26+00:00\",\"breadcrumb\":{\"@id\":\"https:\/\/atlasveterans.ca\/fr\/recherche\/etude-de-lefficacite-et-de-la-mise-en-place-du-yoga-sudarshan-kriya-chez-les-veterans-canadiens-ayant-un-tspt\/#breadcrumb\"},\"inLanguage\":\"fr-FR\",\"potentialAction\":[{\"@type\":\"ReadAction\",\"target\":[\"https:\/\/atlasveterans.ca\/fr\/recherche\/etude-de-lefficacite-et-de-la-mise-en-place-du-yoga-sudarshan-kriya-chez-les-veterans-canadiens-ayant-un-tspt\/\"]}]},{\"@type\":\"ImageObject\",\"inLanguage\":\"fr-FR\",\"@id\":\"https:\/\/atlasveterans.ca\/fr\/recherche\/etude-de-lefficacite-et-de-la-mise-en-place-du-yoga-sudarshan-kriya-chez-les-veterans-canadiens-ayant-un-tspt\/#primaryimage\",\"url\":\"https:\/\/atlasveterans.ca\/wp-content\/uploads\/2022\/03\/atlas-hero-generic.jpg\",\"contentUrl\":\"https:\/\/atlasveterans.ca\/wp-content\/uploads\/2022\/03\/atlas-hero-generic.jpg\",\"width\":1600,\"height\":345},{\"@type\":\"BreadcrumbList\",\"@id\":\"https:\/\/atlasveterans.ca\/fr\/recherche\/etude-de-lefficacite-et-de-la-mise-en-place-du-yoga-sudarshan-kriya-chez-les-veterans-canadiens-ayant-un-tspt\/#breadcrumb\",\"itemListElement\":[{\"@type\":\"ListItem\",\"position\":1,\"name\":\"Institut Atlas pour les v\u00e9t\u00e9rans et leur famille\",\"item\":\"https:\/\/atlasveterans.ca\/fr\/\"},{\"@type\":\"ListItem\",\"position\":2,\"name\":\"Travaux de recherche\",\"item\":\"https:\/\/atlasveterans.ca\/fr\/recherche\/\"},{\"@type\":\"ListItem\",\"position\":3,\"name\":\"Le Sudarshan Kriya Yoga peut-il aider les v\u00e9t\u00e9rans canadiens \u00e0 g\u00e9rer les sympt\u00f4mes du TSPT? Aidez-nous \u00e0 le d\u00e9couvrir!\"}]},{\"@type\":\"WebSite\",\"@id\":\"https:\/\/atlasveterans.ca\/fr\/#website\",\"url\":\"https:\/\/atlasveterans.ca\/fr\/\",\"name\":\"Institut Atlas pour les v\u00e9t\u00e9rans et leur famille\",\"description\":\"Get resources, find support\",\"publisher\":{\"@id\":\"https:\/\/atlasveterans.ca\/fr\/#organization\"},\"potentialAction\":[{\"@type\":\"SearchAction\",\"target\":{\"@type\":\"EntryPoint\",\"urlTemplate\":\"https:\/\/atlasveterans.ca\/fr\/?s={search_term_string}\"},\"query-input\":{\"@type\":\"PropertyValueSpecification\",\"valueRequired\":true,\"valueName\":\"search_term_string\"}}],\"inLanguage\":\"fr-FR\"},{\"@type\":\"Organization\",\"@id\":\"https:\/\/atlasveterans.ca\/fr\/#organization\",\"name\":\"Atlas Institute For Veterans and Families\",\"url\":\"https:\/\/atlasveterans.ca\/fr\/\",\"logo\":{\"@type\":\"ImageObject\",\"inLanguage\":\"fr-FR\",\"@id\":\"https:\/\/atlasveterans.ca\/fr\/#\/schema\/logo\/image\/\",\"url\":\"https:\/\/atlasveterans.ca\/wp-content\/uploads\/2022\/03\/logo-withbg-eng-1.jpg\",\"contentUrl\":\"https:\/\/atlasveterans.ca\/wp-content\/uploads\/2022\/03\/logo-withbg-eng-1.jpg\",\"width\":800,\"height\":400,\"caption\":\"Atlas Institute For Veterans and Families\"},\"image\":{\"@id\":\"https:\/\/atlasveterans.ca\/fr\/#\/schema\/logo\/image\/\"},\"sameAs\":[\"https:\/\/www.facebook.com\/atlasveteransca\",\"https:\/\/x.com\/atlasveteransca\",\"https:\/\/www.instagram.com\/atlasveteransca\/\",\"https:\/\/www.linkedin.com\/company\/atlasveteransca\/\",\"https:\/\/www.youtube.com\/atlasveteransca\"]}]}<\/script>\n<!-- \/ Yoast SEO plugin. -->","yoast_head_json":{"title":"Le Sudarshan Kriya Yoga peut-il aider les v\u00e9t\u00e9rans canadiens \u00e0 g\u00e9rer les sympt\u00f4mes du TSPT? Aidez-nous \u00e0 le d\u00e9couvrir! &#183; Institut Atlas pour les v\u00e9t\u00e9rans et leur famille","robots":{"index":"index","follow":"follow","max-snippet":"max-snippet:-1","max-image-preview":"max-image-preview:large","max-video-preview":"max-video-preview:-1"},"canonical":"https:\/\/atlasveterans.ca\/fr\/recherche\/etude-de-lefficacite-et-de-la-mise-en-place-du-yoga-sudarshan-kriya-chez-les-veterans-canadiens-ayant-un-tspt\/","og_locale":"fr_FR","og_type":"article","og_title":"Le Sudarshan Kriya Yoga peut-il aider les v\u00e9t\u00e9rans canadiens \u00e0 g\u00e9rer les sympt\u00f4mes du TSPT? Aidez-nous \u00e0 le d\u00e9couvrir! &#183; Institut Atlas pour les v\u00e9t\u00e9rans et leur famille","og_description":"[vc_row row_padding_top=\u00a0\u00bbregular\u00a0\u00bb row_padding_bottom=\u00a0\u00bbregular\u00a0\u00bb][vc_column width=\u00a0\u00bb2\/3&Prime; offset=\u00a0\u00bbvc_col-lg-7&Prime;][vc_column_text]Nous sommes \u00e0 la recherche de v\u00e9t\u00e9rans des Forces arm\u00e9es canadiennes ou de la Gendarmerie royale du Canada qui pr\u00e9sentent des sympt\u00f4mes du trouble de stress post-traumatique (TSPT). Dans le cadre d\u2019une nouvelle \u00e9tude, vous participeriez \u00e0 un programme de m\u00e9ditation respiratoire qui pourrait aider avec vos sympt\u00f4mes du TSPT. Cette...","og_url":"https:\/\/atlasveterans.ca\/fr\/recherche\/etude-de-lefficacite-et-de-la-mise-en-place-du-yoga-sudarshan-kriya-chez-les-veterans-canadiens-ayant-un-tspt\/","og_site_name":"Institut Atlas pour les v\u00e9t\u00e9rans et leur famille","article_publisher":"https:\/\/www.facebook.com\/atlasveteransca","article_modified_time":"2025-06-01T20:27:26+00:00","og_image":[{"width":1600,"height":345,"url":"https:\/\/atlasveterans.ca\/wp-content\/uploads\/2022\/03\/atlas-hero-generic.jpg","type":"image\/jpeg"}],"twitter_card":"summary_large_image","twitter_site":"@atlasveteransca","twitter_misc":{"Dur\u00e9e de lecture estim\u00e9e":"2 minutes"},"schema":{"@context":"https:\/\/schema.org","@graph":[{"@type":"WebPage","@id":"https:\/\/atlasveterans.ca\/fr\/recherche\/etude-de-lefficacite-et-de-la-mise-en-place-du-yoga-sudarshan-kriya-chez-les-veterans-canadiens-ayant-un-tspt\/","url":"https:\/\/atlasveterans.ca\/fr\/recherche\/etude-de-lefficacite-et-de-la-mise-en-place-du-yoga-sudarshan-kriya-chez-les-veterans-canadiens-ayant-un-tspt\/","name":"Le Sudarshan Kriya Yoga peut-il aider les v\u00e9t\u00e9rans canadiens \u00e0 g\u00e9rer les sympt\u00f4mes du TSPT? Aidez-nous \u00e0 le d\u00e9couvrir! &#183; Institut Atlas pour les v\u00e9t\u00e9rans et leur famille","isPartOf":{"@id":"https:\/\/atlasveterans.ca\/fr\/#website"},"primaryImageOfPage":{"@id":"https:\/\/atlasveterans.ca\/fr\/recherche\/etude-de-lefficacite-et-de-la-mise-en-place-du-yoga-sudarshan-kriya-chez-les-veterans-canadiens-ayant-un-tspt\/#primaryimage"},"image":{"@id":"https:\/\/atlasveterans.ca\/fr\/recherche\/etude-de-lefficacite-et-de-la-mise-en-place-du-yoga-sudarshan-kriya-chez-les-veterans-canadiens-ayant-un-tspt\/#primaryimage"},"thumbnailUrl":"https:\/\/atlasveterans.ca\/wp-content\/uploads\/2022\/03\/atlas-hero-generic.jpg","datePublished":"2023-07-12T18:59:08+00:00","dateModified":"2025-06-01T20:27:26+00:00","breadcrumb":{"@id":"https:\/\/atlasveterans.ca\/fr\/recherche\/etude-de-lefficacite-et-de-la-mise-en-place-du-yoga-sudarshan-kriya-chez-les-veterans-canadiens-ayant-un-tspt\/#breadcrumb"},"inLanguage":"fr-FR","potentialAction":[{"@type":"ReadAction","target":["https:\/\/atlasveterans.ca\/fr\/recherche\/etude-de-lefficacite-et-de-la-mise-en-place-du-yoga-sudarshan-kriya-chez-les-veterans-canadiens-ayant-un-tspt\/"]}]},{"@type":"ImageObject","inLanguage":"fr-FR","@id":"https:\/\/atlasveterans.ca\/fr\/recherche\/etude-de-lefficacite-et-de-la-mise-en-place-du-yoga-sudarshan-kriya-chez-les-veterans-canadiens-ayant-un-tspt\/#primaryimage","url":"https:\/\/atlasveterans.ca\/wp-content\/uploads\/2022\/03\/atlas-hero-generic.jpg","contentUrl":"https:\/\/atlasveterans.ca\/wp-content\/uploads\/2022\/03\/atlas-hero-generic.jpg","width":1600,"height":345},{"@type":"BreadcrumbList","@id":"https:\/\/atlasveterans.ca\/fr\/recherche\/etude-de-lefficacite-et-de-la-mise-en-place-du-yoga-sudarshan-kriya-chez-les-veterans-canadiens-ayant-un-tspt\/#breadcrumb","itemListElement":[{"@type":"ListItem","position":1,"name":"Institut Atlas pour les v\u00e9t\u00e9rans et leur famille","item":"https:\/\/atlasveterans.ca\/fr\/"},{"@type":"ListItem","position":2,"name":"Travaux de recherche","item":"https:\/\/atlasveterans.ca\/fr\/recherche\/"},{"@type":"ListItem","position":3,"name":"Le Sudarshan Kriya Yoga peut-il aider les v\u00e9t\u00e9rans canadiens \u00e0 g\u00e9rer les sympt\u00f4mes du TSPT? Aidez-nous \u00e0 le d\u00e9couvrir!"}]},{"@type":"WebSite","@id":"https:\/\/atlasveterans.ca\/fr\/#website","url":"https:\/\/atlasveterans.ca\/fr\/","name":"Institut Atlas pour les v\u00e9t\u00e9rans et leur famille","description":"Get resources, find support","publisher":{"@id":"https:\/\/atlasveterans.ca\/fr\/#organization"},"potentialAction":[{"@type":"SearchAction","target":{"@type":"EntryPoint","urlTemplate":"https:\/\/atlasveterans.ca\/fr\/?s={search_term_string}"},"query-input":{"@type":"PropertyValueSpecification","valueRequired":true,"valueName":"search_term_string"}}],"inLanguage":"fr-FR"},{"@type":"Organization","@id":"https:\/\/atlasveterans.ca\/fr\/#organization","name":"Atlas Institute For Veterans and Families","url":"https:\/\/atlasveterans.ca\/fr\/","logo":{"@type":"ImageObject","inLanguage":"fr-FR","@id":"https:\/\/atlasveterans.ca\/fr\/#\/schema\/logo\/image\/","url":"https:\/\/atlasveterans.ca\/wp-content\/uploads\/2022\/03\/logo-withbg-eng-1.jpg","contentUrl":"https:\/\/atlasveterans.ca\/wp-content\/uploads\/2022\/03\/logo-withbg-eng-1.jpg","width":800,"height":400,"caption":"Atlas Institute For Veterans and Families"},"image":{"@id":"https:\/\/atlasveterans.ca\/fr\/#\/schema\/logo\/image\/"},"sameAs":["https:\/\/www.facebook.com\/atlasveteransca","https:\/\/x.com\/atlasveteransca","https:\/\/www.instagram.com\/atlasveteransca\/","https:\/\/www.linkedin.com\/company\/atlasveteransca\/","https:\/\/www.youtube.com\/atlasveteransca"]}]}},"_links":{"self":[{"href":"https:\/\/atlasveterans.ca\/fr\/wp-json\/wp\/v2\/pages\/11144","targetHints":{"allow":["GET"]}}],"collection":[{"href":"https:\/\/atlasveterans.ca\/fr\/wp-json\/wp\/v2\/pages"}],"about":[{"href":"https:\/\/atlasveterans.ca\/fr\/wp-json\/wp\/v2\/types\/page"}],"author":[{"embeddable":true,"href":"https:\/\/atlasveterans.ca\/fr\/wp-json\/wp\/v2\/users\/3"}],"replies":[{"embeddable":true,"href":"https:\/\/atlasveterans.ca\/fr\/wp-json\/wp\/v2\/comments?post=11144"}],"version-history":[{"count":2,"href":"https:\/\/atlasveterans.ca\/fr\/wp-json\/wp\/v2\/pages\/11144\/revisions"}],"predecessor-version":[{"id":24579,"href":"https:\/\/atlasveterans.ca\/fr\/wp-json\/wp\/v2\/pages\/11144\/revisions\/24579"}],"up":[{"embeddable":true,"href":"https:\/\/atlasveterans.ca\/fr\/wp-json\/wp\/v2\/pages\/1971"}],"wp:featuredmedia":[{"embeddable":true,"href":"https:\/\/atlasveterans.ca\/fr\/wp-json\/wp\/v2\/media\/2290"}],"wp:attachment":[{"href":"https:\/\/atlasveterans.ca\/fr\/wp-json\/wp\/v2\/media?parent=11144"}],"wp:term":[{"taxonomy":"category","embeddable":true,"href":"https:\/\/atlasveterans.ca\/fr\/wp-json\/wp\/v2\/categories?post=11144"},{"taxonomy":"post_tag","embeddable":true,"href":"https:\/\/atlasveterans.ca\/fr\/wp-json\/wp\/v2\/tags?post=11144"}],"curies":[{"name":"wp","href":"https:\/\/api.w.org\/{rel}","templated":true}]}}