{"id":11394,"date":"2023-02-27T14:53:32","date_gmt":"2023-02-27T19:53:32","guid":{"rendered":"https:\/\/atlasveterans.ca\/?page_id=11394"},"modified":"2026-03-10T11:36:40","modified_gmt":"2026-03-10T15:36:40","slug":"impliquez-vous","status":"publish","type":"page","link":"https:\/\/atlasveterans.ca\/fr\/impliquez-vous\/","title":{"rendered":"Impliquez-vous"},"content":{"rendered":"<div class=\"wpb-content-wrapper\"><p>[vc_row row_padding_top=\u00a0\u00bbregular\u00a0\u00bb row_padding_bottom=\u00a0\u00bbextraSmall\u00a0\u00bb][vc_column][vc_column_text]\u00c0 l\u2019Institut\u00a0Atlas, nous travaillons avec des v\u00e9t\u00e9rans des forces arm\u00e9es et de la Gendarmerie royale du Canada (GRC) et leur famille ainsi qu\u2019avec des chercheurs et des fournisseurs de services afin d\u2019am\u00e9liorer les ressources et le soutien en sant\u00e9 mentale pour ceux qui ont tant donn\u00e9 au service de notre pays.<\/p>\n<p>Nous sommes toujours pr\u00eats \u00e0 accueillir des personnes passionn\u00e9es et d\u00e9vou\u00e9es qui se joindront \u00e0 nous pour avoir une incidence positive sur les v\u00e9t\u00e9rans et leur famille. Que vous soyez \u00e9tudiant, professionnel ou simplement quelqu\u2019un qui souhaite redonner \u00e0 la collectivit\u00e9, nous vous invitons \u00e0 contribuer \u00e0 l\u2019Institut\u00a0Atlas pour les v\u00e9t\u00e9rans et leur famille. Qu\u2019il s\u2019agisse de quelques heures par semaine ou d\u2019un engagement ponctuel, il existe de nombreuses fa\u00e7ons de redonner.<\/p>\n<p>Nous nous engageons \u00e0 offrir un milieu de travail respectueux, inclusif, diversifi\u00e9 et \u00e9quitable.[\/vc_column_text][\/vc_column][\/vc_row][vc_row row_padding_top=\u00a0\u00bbextraSmall\u00a0\u00bb row_padding_bottom=\u00a0\u00bbextraSmall\u00a0\u00bb][vc_column][vc_column_text]<\/p>\n<h2>Occasions de participation<\/h2>\n<p>Explorez les occasions actuellement offertes ci-dessous afin de d\u00e9couvrir comment vous pouvez mettre \u00e0 profit votre exp\u00e9rience et votre \u00e9nergie pour changer les choses de mani\u00e8re positive pour notre communaut\u00e9 de v\u00e9t\u00e9rans et leur famille. D\u00e9couvrez les diff\u00e9rentes fa\u00e7ons dont vous pouvez participer et les diverses occasions qui peuvent correspondre \u00e0 vos int\u00e9r\u00eats. Il est important de noter que toutes les occasions ne sont pas actuellement ouvertes au recrutement. Veuillez vous reporter \u00e0 nos occasions actuelles pour conna\u00eetre les postes offerts.<\/p>\n<p>Si vous \u00eates int\u00e9ress\u00e9 par un emploi au sein de l\u2019Institut\u00a0Atlas, jetez un coup d\u2019\u0153il sur nos offres d\u2019emploi actuelles dans la <a href=\"https:\/\/atlasveterans.ca\/fr\/carrieres\/\">section Carri\u00e8res.<\/a>[\/vc_column_text][\/vc_column][\/vc_row][vc_row row_padding_top=\u00a0\u00bbextraSmall\u00a0\u00bb row_padding_bottom=\u00a0\u00bbextraSmall\u00a0\u00bb][vc_column][vc_column_text css=\u00a0\u00bb\u00a0\u00bb el_id=\u00a0\u00bbopp\u00a0\u00bb]<\/p>\n<h2>Toutes les opportunit\u00e9s<\/h2>\n<p>[\/vc_column_text][vc_separator border_width=\u00a0\u00bb4&Prime;][vc_raw_html]JTVCYWpheF9sb2FkX21vcmUlMjBpZCUzRCUyMm9wcG9ydHVuaXRpZXNyZXN1bHRzJTIyJTIwZmlsdGVycyUzRCUyMnRydWUlMjIlMjB0aGVtZV9yZXBlYXRlciUzRCUyMm9wcG9ydHVuaXRpZXMucGhwJTIyJTIwcG9zdF90eXBlJTNEJTIyb3Bwb3J0dW5pdHklMjIlMjBmaWx0ZXJzJTNEJTIydHJ1ZSUyMiVDMiVBMCUyMHBvc3RzX3Blcl9wYWdlJTNEJTIyMTIlMjIlMjBvcmRlcmJ5JTNEJTIybWVudV9vcmRlciUyMiUyMHBsYWNlaG9sZGVyJTNEJTIydHJ1ZSUyMiUyMG1heF9wYWdlcyUzRCUyMjIlMjIlMjBidXR0b25fZG9uZV9sYWJlbCUzRCUyMk5vdGhpbmclMjBsZWZ0JTIwdG8lMjBsb2FkJTIyJTIwbm9fcmVzdWx0c190ZXh0JTNEJTIyJTNDZGl2JTIwY2xhc3MlM0QlMjduby1yZXN1bHRzJTI3JTNFTm91cyUyMG4lRTIlODAlOTlhdm9ucyUyMGF1Y3VuZSUyMG9jY2FzaW9uJTIwZW4lMjBjZSUyMG1vbWVudCUyQyUyMG1haXMlMjByZXZlbmV6JTIwYmllbnQlQzMlQjR0JTIwcG91ciUyMHZvaXIlMjBjZSUyMHF1JUUyJTgwJTk5aWwlMjB5JTIwYSUyMGRlJTIwbm91dmVhdS4lM0MlMkZkaXYlM0UlMjIlMjBjc3NfY2xhc3NlcyUzRCUyMmFsbUxpc3RpbmdzLS1mbGV4JTIyJTVE[\/vc_raw_html][\/vc_column][vc_column][\/vc_column][\/vc_row][vc_row row_padding_top=\u00a0\u00bbregular\u00a0\u00bb row_padding_bottom=\u00a0\u00bbregular\u00a0\u00bb full_width=\u00a0\u00bbstretch_row_content\u00a0\u00bb content_placement=\u00a0\u00bbmiddle\u00a0\u00bb el_class=\u00a0\u00bbelement&#8211;tanBG\u00a0\u00bb][vc_column][vc_column_text css=\u00a0\u00bb\u00a0\u00bb]<\/p>\n<p class=\"h1\" style=\"text-align: center;\">Quelques fa\u00e7ons de contribuer . . . et de changer les choses<\/p>\n<p>[\/vc_column_text][\/vc_column][\/vc_row][vc_row row_padding_top=\u00a0\u00bbextraSmall\u00a0\u00bb row_padding_bottom=\u00a0\u00bbextraSmall\u00a0\u00bb][vc_column][vc_column_text]L\u2019Institut\u00a0Atlas reconna\u00eet l\u2019importance d\u2019inclure diff\u00e9rentes exp\u00e9riences et perspectives dans ses projets. Nous sommes reconnaissants de la contribution des intervenants dans toutes nos initiatives, car nous croyons que les voix de notre communaut\u00e9 d\u2019exp\u00e9rience v\u00e9cue sont d\u2019une importance vitale pour notre travail. Voici quelques fa\u00e7ons de participer\u00a0:[\/vc_column_text][vc_column_text]<\/p>\n<h2 id=\"cadre\">Le Cadre<\/h2>\n<p>\u00cates-vous un v\u00e9t\u00e9ran ou un membre de la famille d\u2019un v\u00e9t\u00e9ran qui s\u2019int\u00e9resse particuli\u00e8rement \u00e0 certains aspects du bien-\u00eatre mental ou \u00e0 des facteurs qui le fa\u00e7onnent? Vous voulez changer les choses, mais vous ne pouvez pas \u00eatre disponible \u00e0 long terme ou r\u00e9guli\u00e8rement?<\/p>\n<p><a href=\"https:\/\/coeptsd.qualtrics.com\/jfe\/form\/SV_06uTA2h3ggQX298?Q_Language=FR-CA\">Posez votre candidature pour devenir membre du Cadre<\/a> et vous recevrez des avis chaque fois que l\u2019Institut\u00a0Atlas travaille \u00e0 un projet qui correspond \u00e0 vos int\u00e9r\u00eats. Vous pourrez alors confirmer si vous \u00eates disponible et si vous souhaitez participer \u00e0 ce projet particulier. Si un projet ne vous int\u00e9resse pas ou si vous n\u2019\u00eates pas disponible, vous demeurerez sur la liste du Cadre pour les occasions futures.<\/p>\n<h2>Comit\u00e9s consultatifs propres \u00e0 un projet<\/h2>\n<p>Bon nombre des projets que nous entreprenons sont guid\u00e9s par des comit\u00e9s consultatifs compos\u00e9s de personnes ayant l\u2019exp\u00e9rience et l\u2019expertise pertinentes au th\u00e8me du projet. Les membres du comit\u00e9 consultatif se r\u00e9unissent plusieurs fois au cours du projet pour en discuter. La fr\u00e9quence, la dur\u00e9e et le niveau de participation varient en fonction du type de projet. Les comit\u00e9s consultatifs peuvent \u00eatre utilis\u00e9s pour \u00e9laborer de nouveaux produits de connaissances ou projets de recherche.<\/p>\n<h2>Participation \u00e0 nos \u00e9tudes de recherche<\/h2>\n<p>La participation \u00e0 la recherche est une fa\u00e7on cruciale d\u2019\u00e9largir notre compr\u00e9hension de la sant\u00e9 mentale et du bien-\u00eatre des v\u00e9t\u00e9rans et de leur famille. L\u2019Institut\u00a0Atlas dirige et appuie des projets de recherche \u00e0 l\u2019interne et par l\u2019entremise de partenariats. Dans le cadre de nos \u00e9tudes de recherche, nous recrutons souvent des v\u00e9t\u00e9rans et des membres de leur famille, et de nouvelles occasions de participation se pr\u00e9sentent p\u00e9riodiquement. Le niveau de participation et les personnes \u00e0 recruter peuvent varier d\u2019un projet \u00e0 l\u2019autre.<\/p>\n<p><a href=\"https:\/\/atlasveterans.ca\/fr\/notre-approche\/recherche\/\">En savoir plus sur nos \u00e9tudes de recherche<\/a>[\/vc_column_text][vc_column_text]<\/p>\n<h2>Membre du groupe de r\u00e9f\u00e9rence strat\u00e9gique<\/h2>\n<p>Souhaitez-vous vous joindre \u00e0 un groupe de v\u00e9t\u00e9rans, de membres de leur famille, de fournisseurs de services ou de chercheurs pour fournir des conseils et une orientation strat\u00e9gique \u00e0 l\u2019Institut\u00a0Atlas?<\/p>\n<p>Afin d\u2019aider \u00e0 orienter son travail, l\u2019Institut Atlas fait appel \u00e0 des personnes de partout au Canada ayant des perspectives, des exp\u00e9riences et des parcours vari\u00e9s. Le groupe de r\u00e9f\u00e9rence strat\u00e9gique est compos\u00e9 d&rsquo;environ 20 membres qui se r\u00e9unissent semestriellement dans le cadre d\u2019un mandat de plusieurs ann\u00e9es. Les membres du groupe de r\u00e9f\u00e9rence strat\u00e9gique sont tenus au courant des autres occasions de participation et peuvent s\u2019engager dans des projets en fonction de leurs int\u00e9r\u00eats et de leur disponibilit\u00e9.[\/vc_column_text][vc_single_image image=\u00a0\u00bb25272&Prime; img_size=\u00a0\u00bbfull\u00a0\u00bb alignment=\u00a0\u00bbcenter\u00a0\u00bb css=\u00a0\u00bb\u00a0\u00bb][vc_column_text]<a href=\"https:\/\/atlasveterans.ca\/fr\/notre-approche\/reseau-dexperiences-vecues\/#1647009621348-e05d9e45-5a27\">En savoir plus sur le groupe de r\u00e9f\u00e9rence strat\u00e9gique et sur notre approche de r\u00e9seau de r\u00e9seaux<\/a>[\/vc_column_text][\/vc_column][\/vc_row][vc_row row_padding_top=\u00a0\u00bbextraSmall\u00a0\u00bb row_padding_bottom=\u00a0\u00bbregular\u00a0\u00bb][vc_column][vc_column_text]Tenez-vous au courant de toutes les occasions qui se pr\u00e9sentent \u00e0 l\u2019Institut\u00a0Atlas en suivant nos comptes de m\u00e9dias sociaux![\/vc_column_text][\/vc_column][\/vc_row]<\/p>\n<\/div>","protected":false},"excerpt":{"rendered":"<p>[vc_row row_padding_top=\u00a0\u00bbregular\u00a0\u00bb row_padding_bottom=\u00a0\u00bbextraSmall\u00a0\u00bb][vc_column][vc_column_text]\u00c0 l\u2019Institut\u00a0Atlas, nous travaillons avec des v\u00e9t\u00e9rans des forces arm\u00e9es et de la Gendarmerie royale du Canada (GRC) et leur famille ainsi qu\u2019avec des chercheurs et des fournisseurs de services afin d\u2019am\u00e9liorer les ressources et le soutien en sant\u00e9 mentale pour ceux qui ont tant donn\u00e9 au service de notre pays. Nous sommes&#8230;<\/p>\n","protected":false},"author":3,"featured_media":11840,"parent":0,"menu_order":0,"comment_status":"closed","ping_status":"closed","template":"","meta":{"_acf_changed":false,"inline_featured_image":false,"footnotes":""},"categories":[],"tags":[],"class_list":["post-11394","page","type-page","status-publish","has-post-thumbnail","hentry"],"acf":[],"yoast_head":"<!-- This site is optimized with the Yoast SEO plugin v27.3 - https:\/\/yoast.com\/product\/yoast-seo-wordpress\/ -->\n<title>Impliquez-vous &#183; Institut Atlas pour les v\u00e9t\u00e9rans et leur famille<\/title>\n<meta name=\"robots\" content=\"index, follow, max-snippet:-1, max-image-preview:large, max-video-preview:-1\" \/>\n<link rel=\"canonical\" href=\"https:\/\/atlasveterans.ca\/fr\/impliquez-vous\/\" \/>\n<meta property=\"og:locale\" content=\"fr_FR\" \/>\n<meta property=\"og:type\" content=\"article\" \/>\n<meta property=\"og:title\" content=\"Impliquez-vous &#183; Institut Atlas pour les v\u00e9t\u00e9rans et leur famille\" \/>\n<meta property=\"og:description\" content=\"[vc_row row_padding_top=\u00a0\u00bbregular\u00a0\u00bb row_padding_bottom=\u00a0\u00bbextraSmall\u00a0\u00bb][vc_column][vc_column_text]\u00c0 l\u2019Institut\u00a0Atlas, nous travaillons avec des v\u00e9t\u00e9rans des forces arm\u00e9es et de la Gendarmerie royale du Canada (GRC) et leur famille ainsi qu\u2019avec des chercheurs et des fournisseurs de services afin d\u2019am\u00e9liorer les ressources et le soutien en sant\u00e9 mentale pour ceux qui ont tant donn\u00e9 au service de notre pays. Nous sommes...\" \/>\n<meta property=\"og:url\" content=\"https:\/\/atlasveterans.ca\/fr\/impliquez-vous\/\" \/>\n<meta property=\"og:site_name\" content=\"Institut Atlas pour les v\u00e9t\u00e9rans et leur famille\" \/>\n<meta property=\"article:publisher\" content=\"https:\/\/www.facebook.com\/atlasveteransca\" \/>\n<meta property=\"article:modified_time\" content=\"2026-03-10T15:36:40+00:00\" \/>\n<meta property=\"og:image\" content=\"https:\/\/atlasveterans.ca\/wp-content\/uploads\/2023\/04\/hero-iStock-527721337.jpg\" \/>\n\t<meta property=\"og:image:width\" content=\"1600\" \/>\n\t<meta property=\"og:image:height\" content=\"345\" \/>\n\t<meta property=\"og:image:type\" content=\"image\/jpeg\" \/>\n<meta name=\"twitter:card\" content=\"summary_large_image\" \/>\n<meta name=\"twitter:site\" content=\"@atlasveteransca\" \/>\n<meta name=\"twitter:label1\" content=\"Dur\u00e9e de lecture estim\u00e9e\" \/>\n\t<meta name=\"twitter:data1\" content=\"4 minutes\" \/>\n<script type=\"application\/ld+json\" class=\"yoast-schema-graph\">{\"@context\":\"https:\\\/\\\/schema.org\",\"@graph\":[{\"@type\":\"WebPage\",\"@id\":\"https:\\\/\\\/atlasveterans.ca\\\/fr\\\/impliquez-vous\\\/\",\"url\":\"https:\\\/\\\/atlasveterans.ca\\\/fr\\\/impliquez-vous\\\/\",\"name\":\"Impliquez-vous &#183; Institut Atlas pour les v\u00e9t\u00e9rans et leur famille\",\"isPartOf\":{\"@id\":\"https:\\\/\\\/atlasveterans.ca\\\/fr\\\/#website\"},\"primaryImageOfPage\":{\"@id\":\"https:\\\/\\\/atlasveterans.ca\\\/fr\\\/impliquez-vous\\\/#primaryimage\"},\"image\":{\"@id\":\"https:\\\/\\\/atlasveterans.ca\\\/fr\\\/impliquez-vous\\\/#primaryimage\"},\"thumbnailUrl\":\"https:\\\/\\\/atlasveterans.ca\\\/wp-content\\\/uploads\\\/2023\\\/04\\\/hero-iStock-527721337.jpg\",\"datePublished\":\"2023-02-27T19:53:32+00:00\",\"dateModified\":\"2026-03-10T15:36:40+00:00\",\"breadcrumb\":{\"@id\":\"https:\\\/\\\/atlasveterans.ca\\\/fr\\\/impliquez-vous\\\/#breadcrumb\"},\"inLanguage\":\"fr-FR\",\"potentialAction\":[{\"@type\":\"ReadAction\",\"target\":[\"https:\\\/\\\/atlasveterans.ca\\\/fr\\\/impliquez-vous\\\/\"]}]},{\"@type\":\"ImageObject\",\"inLanguage\":\"fr-FR\",\"@id\":\"https:\\\/\\\/atlasveterans.ca\\\/fr\\\/impliquez-vous\\\/#primaryimage\",\"url\":\"https:\\\/\\\/atlasveterans.ca\\\/wp-content\\\/uploads\\\/2023\\\/04\\\/hero-iStock-527721337.jpg\",\"contentUrl\":\"https:\\\/\\\/atlasveterans.ca\\\/wp-content\\\/uploads\\\/2023\\\/04\\\/hero-iStock-527721337.jpg\",\"width\":1600,\"height\":345},{\"@type\":\"BreadcrumbList\",\"@id\":\"https:\\\/\\\/atlasveterans.ca\\\/fr\\\/impliquez-vous\\\/#breadcrumb\",\"itemListElement\":[{\"@type\":\"ListItem\",\"position\":1,\"name\":\"Institut Atlas pour les v\u00e9t\u00e9rans et leur famille\",\"item\":\"https:\\\/\\\/atlasveterans.ca\\\/fr\\\/\"},{\"@type\":\"ListItem\",\"position\":2,\"name\":\"Impliquez-vous\"}]},{\"@type\":\"WebSite\",\"@id\":\"https:\\\/\\\/atlasveterans.ca\\\/fr\\\/#website\",\"url\":\"https:\\\/\\\/atlasveterans.ca\\\/fr\\\/\",\"name\":\"Institut Atlas pour les v\u00e9t\u00e9rans et leur famille\",\"description\":\"Get resources, find support\",\"publisher\":{\"@id\":\"https:\\\/\\\/atlasveterans.ca\\\/fr\\\/#organization\"},\"potentialAction\":[{\"@type\":\"SearchAction\",\"target\":{\"@type\":\"EntryPoint\",\"urlTemplate\":\"https:\\\/\\\/atlasveterans.ca\\\/fr\\\/?s={search_term_string}\"},\"query-input\":{\"@type\":\"PropertyValueSpecification\",\"valueRequired\":true,\"valueName\":\"search_term_string\"}}],\"inLanguage\":\"fr-FR\"},{\"@type\":\"Organization\",\"@id\":\"https:\\\/\\\/atlasveterans.ca\\\/fr\\\/#organization\",\"name\":\"Atlas Institute For Veterans and Families\",\"url\":\"https:\\\/\\\/atlasveterans.ca\\\/fr\\\/\",\"logo\":{\"@type\":\"ImageObject\",\"inLanguage\":\"fr-FR\",\"@id\":\"https:\\\/\\\/atlasveterans.ca\\\/fr\\\/#\\\/schema\\\/logo\\\/image\\\/\",\"url\":\"https:\\\/\\\/atlasveterans.ca\\\/wp-content\\\/uploads\\\/2022\\\/03\\\/logo-withbg-eng-1.jpg\",\"contentUrl\":\"https:\\\/\\\/atlasveterans.ca\\\/wp-content\\\/uploads\\\/2022\\\/03\\\/logo-withbg-eng-1.jpg\",\"width\":800,\"height\":400,\"caption\":\"Atlas Institute For Veterans and Families\"},\"image\":{\"@id\":\"https:\\\/\\\/atlasveterans.ca\\\/fr\\\/#\\\/schema\\\/logo\\\/image\\\/\"},\"sameAs\":[\"https:\\\/\\\/www.facebook.com\\\/atlasveteransca\",\"https:\\\/\\\/x.com\\\/atlasveteransca\",\"https:\\\/\\\/www.instagram.com\\\/atlasveteransca\\\/\",\"https:\\\/\\\/www.linkedin.com\\\/company\\\/atlasveteransca\\\/\",\"https:\\\/\\\/www.youtube.com\\\/atlasveteransca\"]}]}<\/script>\n<!-- \/ Yoast SEO plugin. -->","yoast_head_json":{"title":"Impliquez-vous &#183; Institut Atlas pour les v\u00e9t\u00e9rans et leur famille","robots":{"index":"index","follow":"follow","max-snippet":"max-snippet:-1","max-image-preview":"max-image-preview:large","max-video-preview":"max-video-preview:-1"},"canonical":"https:\/\/atlasveterans.ca\/fr\/impliquez-vous\/","og_locale":"fr_FR","og_type":"article","og_title":"Impliquez-vous &#183; Institut Atlas pour les v\u00e9t\u00e9rans et leur famille","og_description":"[vc_row row_padding_top=\u00a0\u00bbregular\u00a0\u00bb row_padding_bottom=\u00a0\u00bbextraSmall\u00a0\u00bb][vc_column][vc_column_text]\u00c0 l\u2019Institut\u00a0Atlas, nous travaillons avec des v\u00e9t\u00e9rans des forces arm\u00e9es et de la Gendarmerie royale du Canada (GRC) et leur famille ainsi qu\u2019avec des chercheurs et des fournisseurs de services afin d\u2019am\u00e9liorer les ressources et le soutien en sant\u00e9 mentale pour ceux qui ont tant donn\u00e9 au service de notre pays. Nous sommes...","og_url":"https:\/\/atlasveterans.ca\/fr\/impliquez-vous\/","og_site_name":"Institut Atlas pour les v\u00e9t\u00e9rans et leur famille","article_publisher":"https:\/\/www.facebook.com\/atlasveteransca","article_modified_time":"2026-03-10T15:36:40+00:00","og_image":[{"width":1600,"height":345,"url":"https:\/\/atlasveterans.ca\/wp-content\/uploads\/2023\/04\/hero-iStock-527721337.jpg","type":"image\/jpeg"}],"twitter_card":"summary_large_image","twitter_site":"@atlasveteransca","twitter_misc":{"Dur\u00e9e de lecture estim\u00e9e":"4 minutes"},"schema":{"@context":"https:\/\/schema.org","@graph":[{"@type":"WebPage","@id":"https:\/\/atlasveterans.ca\/fr\/impliquez-vous\/","url":"https:\/\/atlasveterans.ca\/fr\/impliquez-vous\/","name":"Impliquez-vous &#183; Institut Atlas pour les v\u00e9t\u00e9rans et leur famille","isPartOf":{"@id":"https:\/\/atlasveterans.ca\/fr\/#website"},"primaryImageOfPage":{"@id":"https:\/\/atlasveterans.ca\/fr\/impliquez-vous\/#primaryimage"},"image":{"@id":"https:\/\/atlasveterans.ca\/fr\/impliquez-vous\/#primaryimage"},"thumbnailUrl":"https:\/\/atlasveterans.ca\/wp-content\/uploads\/2023\/04\/hero-iStock-527721337.jpg","datePublished":"2023-02-27T19:53:32+00:00","dateModified":"2026-03-10T15:36:40+00:00","breadcrumb":{"@id":"https:\/\/atlasveterans.ca\/fr\/impliquez-vous\/#breadcrumb"},"inLanguage":"fr-FR","potentialAction":[{"@type":"ReadAction","target":["https:\/\/atlasveterans.ca\/fr\/impliquez-vous\/"]}]},{"@type":"ImageObject","inLanguage":"fr-FR","@id":"https:\/\/atlasveterans.ca\/fr\/impliquez-vous\/#primaryimage","url":"https:\/\/atlasveterans.ca\/wp-content\/uploads\/2023\/04\/hero-iStock-527721337.jpg","contentUrl":"https:\/\/atlasveterans.ca\/wp-content\/uploads\/2023\/04\/hero-iStock-527721337.jpg","width":1600,"height":345},{"@type":"BreadcrumbList","@id":"https:\/\/atlasveterans.ca\/fr\/impliquez-vous\/#breadcrumb","itemListElement":[{"@type":"ListItem","position":1,"name":"Institut Atlas pour les v\u00e9t\u00e9rans et leur famille","item":"https:\/\/atlasveterans.ca\/fr\/"},{"@type":"ListItem","position":2,"name":"Impliquez-vous"}]},{"@type":"WebSite","@id":"https:\/\/atlasveterans.ca\/fr\/#website","url":"https:\/\/atlasveterans.ca\/fr\/","name":"Institut Atlas pour les v\u00e9t\u00e9rans et leur famille","description":"Get resources, find support","publisher":{"@id":"https:\/\/atlasveterans.ca\/fr\/#organization"},"potentialAction":[{"@type":"SearchAction","target":{"@type":"EntryPoint","urlTemplate":"https:\/\/atlasveterans.ca\/fr\/?s={search_term_string}"},"query-input":{"@type":"PropertyValueSpecification","valueRequired":true,"valueName":"search_term_string"}}],"inLanguage":"fr-FR"},{"@type":"Organization","@id":"https:\/\/atlasveterans.ca\/fr\/#organization","name":"Atlas Institute For Veterans and Families","url":"https:\/\/atlasveterans.ca\/fr\/","logo":{"@type":"ImageObject","inLanguage":"fr-FR","@id":"https:\/\/atlasveterans.ca\/fr\/#\/schema\/logo\/image\/","url":"https:\/\/atlasveterans.ca\/wp-content\/uploads\/2022\/03\/logo-withbg-eng-1.jpg","contentUrl":"https:\/\/atlasveterans.ca\/wp-content\/uploads\/2022\/03\/logo-withbg-eng-1.jpg","width":800,"height":400,"caption":"Atlas Institute For Veterans and Families"},"image":{"@id":"https:\/\/atlasveterans.ca\/fr\/#\/schema\/logo\/image\/"},"sameAs":["https:\/\/www.facebook.com\/atlasveteransca","https:\/\/x.com\/atlasveteransca","https:\/\/www.instagram.com\/atlasveteransca\/","https:\/\/www.linkedin.com\/company\/atlasveteransca\/","https:\/\/www.youtube.com\/atlasveteransca"]}]}},"_links":{"self":[{"href":"https:\/\/atlasveterans.ca\/fr\/wp-json\/wp\/v2\/pages\/11394","targetHints":{"allow":["GET"]}}],"collection":[{"href":"https:\/\/atlasveterans.ca\/fr\/wp-json\/wp\/v2\/pages"}],"about":[{"href":"https:\/\/atlasveterans.ca\/fr\/wp-json\/wp\/v2\/types\/page"}],"author":[{"embeddable":true,"href":"https:\/\/atlasveterans.ca\/fr\/wp-json\/wp\/v2\/users\/3"}],"replies":[{"embeddable":true,"href":"https:\/\/atlasveterans.ca\/fr\/wp-json\/wp\/v2\/comments?post=11394"}],"version-history":[{"count":4,"href":"https:\/\/atlasveterans.ca\/fr\/wp-json\/wp\/v2\/pages\/11394\/revisions"}],"predecessor-version":[{"id":29893,"href":"https:\/\/atlasveterans.ca\/fr\/wp-json\/wp\/v2\/pages\/11394\/revisions\/29893"}],"wp:featuredmedia":[{"embeddable":true,"href":"https:\/\/atlasveterans.ca\/fr\/wp-json\/wp\/v2\/media\/11840"}],"wp:attachment":[{"href":"https:\/\/atlasveterans.ca\/fr\/wp-json\/wp\/v2\/media?parent=11394"}],"wp:term":[{"taxonomy":"category","embeddable":true,"href":"https:\/\/atlasveterans.ca\/fr\/wp-json\/wp\/v2\/categories?post=11394"},{"taxonomy":"post_tag","embeddable":true,"href":"https:\/\/atlasveterans.ca\/fr\/wp-json\/wp\/v2\/tags?post=11394"}],"curies":[{"name":"wp","href":"https:\/\/api.w.org\/{rel}","templated":true}]}}