{"id":12680,"date":"2023-05-10T17:01:31","date_gmt":"2023-05-10T21:01:31","guid":{"rendered":"https:\/\/atlasveterans.ca\/?page_id=12680"},"modified":"2023-05-10T17:01:43","modified_gmt":"2023-05-10T21:01:43","slug":"modele-collaboratif","status":"publish","type":"page","link":"https:\/\/atlasveterans.ca\/fr\/modele-collaboratif\/","title":{"rendered":"Mod\u00e8le collaboratif"},"content":{"rendered":"<div class=\"wpb-content-wrapper\"><p>[vc_row row_padding_top=\u00a0\u00bbregular\u00a0\u00bb row_padding_bottom=\u00a0\u00bbregular\u00a0\u00bb][vc_column][vc_column_text]L\u2019Institut\u00a0Atlas pour les v\u00e9t\u00e9rans et leur famille reconna\u00eet que de nombreuses personnes participent \u00e0 la cr\u00e9ation de ses ressources \u00e9ducatives et des autres produits du savoir qu\u2019il publie. Le mod\u00e8le collaboratif constitue une approche novatrice que nous adoptons en vue de souligner les divers efforts d\u00e9ploy\u00e9s par notre personnel et nos collaborateurs.<\/p>\n<p>Nous avons adapt\u00e9 un mod\u00e8le de reconnaissance existant qui comporte un \u00e9ventail de r\u00f4les de contribution. Ce mod\u00e8le s\u2019appelle <strong>Taxonomie des r\u00f4les des contributeurs (<\/strong><a href=\"https:\/\/credit.niso.org\/\"><strong>CRediT<\/strong><\/a><strong>)<\/strong>. Con\u00e7u \u00e0 l\u2019origine pour \u00eatre utilis\u00e9 dans des publications de recherche, il met l\u2019accent sur les diff\u00e9rents r\u00f4les jou\u00e9s par les collaborateurs tout au long du processus de conception d\u2019un produit. De multiples \u00e9tablissements d\u2019enseignement, agences de presse et maisons d\u2019\u00e9dition ont d\u2019ailleurs adopt\u00e9 le mod\u00e8le avec succ\u00e8s. Afin que celui-ci corresponde mieux aux besoins de l\u2019Institut Atlas et qu\u2019il refl\u00e8te notre travail, nous avons modifi\u00e9, supprim\u00e9 et ajout\u00e9 des cat\u00e9gories pour cr\u00e9er 12\u00a0r\u00f4les distincts\u00a0:<\/p>\n<ol>\n<li><strong>Acquisition de financement\u00a0:<\/strong> obtention de fonds destin\u00e9s \u00e0 financer l\u2019\u00e9laboration d\u2019un projet ou d\u2019un produit<\/li>\n<li><strong>Administration de projet\u00a0: <\/strong>gestion et coordination du processus de cr\u00e9ation d\u2019un projet ou d\u2019un produit<\/li>\n<li><strong>Approbation\u00a0:<\/strong> v\u00e9rification et approbation des produits finaux<\/li>\n<li><strong>Conceptualisation\u00a0:<\/strong> formulation d\u2019id\u00e9es et de buts fondamentaux en rapport avec les produits<\/li>\n<li><strong>M\u00e9thodologie\u00a0: <\/strong>mise en place d\u2019une strat\u00e9gie, de m\u00e9thodes ou de proc\u00e9dures en ce qui a trait aux projets ou aux produits<\/li>\n<li><strong>Production<\/strong><strong>: <\/strong>soutien technique ou leadership li\u00e9 \u00e0 la production des produits finaux (p.\u00a0ex.\u00a0production audiovisuelle et montage, codage ou logiciels de programmation)<\/li>\n<li><strong>Recherche et analyse<\/strong><strong>:<\/strong> collecte, tri, analyse et synth\u00e8se d\u2019information, de donn\u00e9es ou de preuves li\u00e9es aux produits<\/li>\n<li><strong>R\u00e9daction<\/strong><strong>:<\/strong> pr\u00e9paration du contenu \u00e9crit relatif aux produits (p.\u00a0ex.\u00a0documents, diapositives, sc\u00e9narios)<\/li>\n<li><strong>R\u00e9vision<\/strong>: corrections critiques et r\u00e9vision de la documentation li\u00e9e aux produits<\/li>\n<li><strong>Service-conseil\u00a0:<\/strong> consultation de personnes ayant une expertise technique ou une exp\u00e9rience v\u00e9cue pouvant \u00e9clairer le contenu ou la conception d\u2019un projet ou d\u2019un produit<\/li>\n<li><strong>Supervision\u00a0: <\/strong>surveillance et leadership en mati\u00e8re d\u2019\u00e9laboration de produits, y compris le mentorat<\/li>\n<li><strong>Visualisation<\/strong><strong>:<\/strong> pr\u00e9paration, cr\u00e9ation et pr\u00e9sentation des donn\u00e9es et des renseignements associ\u00e9s aux produits<\/li>\n<\/ol>\n<p>Pour chacun des r\u00f4les, les noms des contributeurs sont pr\u00e9sent\u00e9s en ordre alphab\u00e9tique (par nom de famille). Les noms figurant sur ces ressources comprennent seulement ceux des personnes qui ont donn\u00e9 leur consentement explicite \u00e0 \u00eatre identifi\u00e9es comme contributrices. Par cons\u00e9quent, les listes peuvent ne pas \u00eatre exhaustives ou ne pas inclure les noms de l\u2019ensemble des contributeurs.<\/p>\n<p>\u00c0 partir de 2023, chaque produit du savoir con\u00e7u par l\u2019Institut Atlas sera accompagn\u00e9 d\u2019une liste de contributeurs. Au fil du temps, nous comptons mettre \u00e0 jour nos produits afin qu\u2019ils tiennent compte de ce mod\u00e8le. Si vous souhaitez en savoir plus, veuillez <a href=\"mailto:KMB-Atlas@theroyal.ca?subject=Mod\u00e8le%20collaboratif%20de%20l\u2019Institut%20Atlas\">communiquer avec nous<\/a>.[\/vc_column_text][\/vc_column][\/vc_row]<\/p>\n<\/div>","protected":false},"excerpt":{"rendered":"<p>[vc_row row_padding_top=\u00a0\u00bbregular\u00a0\u00bb row_padding_bottom=\u00a0\u00bbregular\u00a0\u00bb][vc_column][vc_column_text]L\u2019Institut\u00a0Atlas pour les v\u00e9t\u00e9rans et leur famille reconna\u00eet que de nombreuses personnes participent \u00e0 la cr\u00e9ation de ses ressources \u00e9ducatives et des autres produits du savoir qu\u2019il publie. Le mod\u00e8le collaboratif constitue une approche novatrice que nous adoptons en vue de souligner les divers efforts d\u00e9ploy\u00e9s par notre personnel et nos collaborateurs. Nous&#8230;<\/p>\n","protected":false},"author":3,"featured_media":2290,"parent":0,"menu_order":0,"comment_status":"closed","ping_status":"closed","template":"","meta":{"_acf_changed":false,"inline_featured_image":false,"footnotes":""},"categories":[],"tags":[],"class_list":["post-12680","page","type-page","status-publish","has-post-thumbnail","hentry"],"acf":[],"yoast_head":"<!-- This site is optimized with the Yoast SEO plugin v27.3 - https:\/\/yoast.com\/product\/yoast-seo-wordpress\/ -->\n<title>Mod\u00e8le collaboratif &#183; Institut Atlas pour les v\u00e9t\u00e9rans et leur famille<\/title>\n<meta name=\"robots\" content=\"index, follow, max-snippet:-1, max-image-preview:large, max-video-preview:-1\" \/>\n<link rel=\"canonical\" href=\"https:\/\/atlasveterans.ca\/fr\/modele-collaboratif\/\" \/>\n<meta property=\"og:locale\" content=\"fr_FR\" \/>\n<meta property=\"og:type\" content=\"article\" \/>\n<meta property=\"og:title\" content=\"Mod\u00e8le collaboratif &#183; Institut Atlas pour les v\u00e9t\u00e9rans et leur famille\" \/>\n<meta property=\"og:description\" content=\"[vc_row row_padding_top=\u00a0\u00bbregular\u00a0\u00bb row_padding_bottom=\u00a0\u00bbregular\u00a0\u00bb][vc_column][vc_column_text]L\u2019Institut\u00a0Atlas pour les v\u00e9t\u00e9rans et leur famille reconna\u00eet que de nombreuses personnes participent \u00e0 la cr\u00e9ation de ses ressources \u00e9ducatives et des autres produits du savoir qu\u2019il publie. Le mod\u00e8le collaboratif constitue une approche novatrice que nous adoptons en vue de souligner les divers efforts d\u00e9ploy\u00e9s par notre personnel et nos collaborateurs. Nous...\" \/>\n<meta property=\"og:url\" content=\"https:\/\/atlasveterans.ca\/fr\/modele-collaboratif\/\" \/>\n<meta property=\"og:site_name\" content=\"Institut Atlas pour les v\u00e9t\u00e9rans et leur famille\" \/>\n<meta property=\"article:publisher\" content=\"https:\/\/www.facebook.com\/atlasveteransca\" \/>\n<meta property=\"article:modified_time\" content=\"2023-05-10T21:01:43+00:00\" \/>\n<meta property=\"og:image\" content=\"https:\/\/atlasveterans.ca\/wp-content\/uploads\/2022\/03\/atlas-hero-generic.jpg\" \/>\n\t<meta property=\"og:image:width\" content=\"1600\" \/>\n\t<meta property=\"og:image:height\" content=\"345\" \/>\n\t<meta property=\"og:image:type\" content=\"image\/jpeg\" \/>\n<meta name=\"twitter:card\" content=\"summary_large_image\" \/>\n<meta name=\"twitter:site\" content=\"@atlasveteransca\" \/>\n<meta name=\"twitter:label1\" content=\"Dur\u00e9e de lecture estim\u00e9e\" \/>\n\t<meta name=\"twitter:data1\" content=\"2 minutes\" \/>\n<script type=\"application\/ld+json\" class=\"yoast-schema-graph\">{\"@context\":\"https:\\\/\\\/schema.org\",\"@graph\":[{\"@type\":\"WebPage\",\"@id\":\"https:\\\/\\\/atlasveterans.ca\\\/fr\\\/modele-collaboratif\\\/\",\"url\":\"https:\\\/\\\/atlasveterans.ca\\\/fr\\\/modele-collaboratif\\\/\",\"name\":\"Mod\u00e8le collaboratif &#183; Institut Atlas pour les v\u00e9t\u00e9rans et leur famille\",\"isPartOf\":{\"@id\":\"https:\\\/\\\/atlasveterans.ca\\\/fr\\\/#website\"},\"primaryImageOfPage\":{\"@id\":\"https:\\\/\\\/atlasveterans.ca\\\/fr\\\/modele-collaboratif\\\/#primaryimage\"},\"image\":{\"@id\":\"https:\\\/\\\/atlasveterans.ca\\\/fr\\\/modele-collaboratif\\\/#primaryimage\"},\"thumbnailUrl\":\"https:\\\/\\\/atlasveterans.ca\\\/wp-content\\\/uploads\\\/2022\\\/03\\\/atlas-hero-generic.jpg\",\"datePublished\":\"2023-05-10T21:01:31+00:00\",\"dateModified\":\"2023-05-10T21:01:43+00:00\",\"breadcrumb\":{\"@id\":\"https:\\\/\\\/atlasveterans.ca\\\/fr\\\/modele-collaboratif\\\/#breadcrumb\"},\"inLanguage\":\"fr-FR\",\"potentialAction\":[{\"@type\":\"ReadAction\",\"target\":[\"https:\\\/\\\/atlasveterans.ca\\\/fr\\\/modele-collaboratif\\\/\"]}]},{\"@type\":\"ImageObject\",\"inLanguage\":\"fr-FR\",\"@id\":\"https:\\\/\\\/atlasveterans.ca\\\/fr\\\/modele-collaboratif\\\/#primaryimage\",\"url\":\"https:\\\/\\\/atlasveterans.ca\\\/wp-content\\\/uploads\\\/2022\\\/03\\\/atlas-hero-generic.jpg\",\"contentUrl\":\"https:\\\/\\\/atlasveterans.ca\\\/wp-content\\\/uploads\\\/2022\\\/03\\\/atlas-hero-generic.jpg\",\"width\":1600,\"height\":345},{\"@type\":\"BreadcrumbList\",\"@id\":\"https:\\\/\\\/atlasveterans.ca\\\/fr\\\/modele-collaboratif\\\/#breadcrumb\",\"itemListElement\":[{\"@type\":\"ListItem\",\"position\":1,\"name\":\"Institut Atlas pour les v\u00e9t\u00e9rans et leur famille\",\"item\":\"https:\\\/\\\/atlasveterans.ca\\\/fr\\\/\"},{\"@type\":\"ListItem\",\"position\":2,\"name\":\"Mod\u00e8le collaboratif\"}]},{\"@type\":\"WebSite\",\"@id\":\"https:\\\/\\\/atlasveterans.ca\\\/fr\\\/#website\",\"url\":\"https:\\\/\\\/atlasveterans.ca\\\/fr\\\/\",\"name\":\"Institut Atlas pour les v\u00e9t\u00e9rans et leur famille\",\"description\":\"Get resources, find support\",\"publisher\":{\"@id\":\"https:\\\/\\\/atlasveterans.ca\\\/fr\\\/#organization\"},\"potentialAction\":[{\"@type\":\"SearchAction\",\"target\":{\"@type\":\"EntryPoint\",\"urlTemplate\":\"https:\\\/\\\/atlasveterans.ca\\\/fr\\\/?s={search_term_string}\"},\"query-input\":{\"@type\":\"PropertyValueSpecification\",\"valueRequired\":true,\"valueName\":\"search_term_string\"}}],\"inLanguage\":\"fr-FR\"},{\"@type\":\"Organization\",\"@id\":\"https:\\\/\\\/atlasveterans.ca\\\/fr\\\/#organization\",\"name\":\"Atlas Institute For Veterans and Families\",\"url\":\"https:\\\/\\\/atlasveterans.ca\\\/fr\\\/\",\"logo\":{\"@type\":\"ImageObject\",\"inLanguage\":\"fr-FR\",\"@id\":\"https:\\\/\\\/atlasveterans.ca\\\/fr\\\/#\\\/schema\\\/logo\\\/image\\\/\",\"url\":\"https:\\\/\\\/atlasveterans.ca\\\/wp-content\\\/uploads\\\/2022\\\/03\\\/logo-withbg-eng-1.jpg\",\"contentUrl\":\"https:\\\/\\\/atlasveterans.ca\\\/wp-content\\\/uploads\\\/2022\\\/03\\\/logo-withbg-eng-1.jpg\",\"width\":800,\"height\":400,\"caption\":\"Atlas Institute For Veterans and Families\"},\"image\":{\"@id\":\"https:\\\/\\\/atlasveterans.ca\\\/fr\\\/#\\\/schema\\\/logo\\\/image\\\/\"},\"sameAs\":[\"https:\\\/\\\/www.facebook.com\\\/atlasveteransca\",\"https:\\\/\\\/x.com\\\/atlasveteransca\",\"https:\\\/\\\/www.instagram.com\\\/atlasveteransca\\\/\",\"https:\\\/\\\/www.linkedin.com\\\/company\\\/atlasveteransca\\\/\",\"https:\\\/\\\/www.youtube.com\\\/atlasveteransca\"]}]}<\/script>\n<!-- \/ Yoast SEO plugin. -->","yoast_head_json":{"title":"Mod\u00e8le collaboratif &#183; Institut Atlas pour les v\u00e9t\u00e9rans et leur famille","robots":{"index":"index","follow":"follow","max-snippet":"max-snippet:-1","max-image-preview":"max-image-preview:large","max-video-preview":"max-video-preview:-1"},"canonical":"https:\/\/atlasveterans.ca\/fr\/modele-collaboratif\/","og_locale":"fr_FR","og_type":"article","og_title":"Mod\u00e8le collaboratif &#183; Institut Atlas pour les v\u00e9t\u00e9rans et leur famille","og_description":"[vc_row row_padding_top=\u00a0\u00bbregular\u00a0\u00bb row_padding_bottom=\u00a0\u00bbregular\u00a0\u00bb][vc_column][vc_column_text]L\u2019Institut\u00a0Atlas pour les v\u00e9t\u00e9rans et leur famille reconna\u00eet que de nombreuses personnes participent \u00e0 la cr\u00e9ation de ses ressources \u00e9ducatives et des autres produits du savoir qu\u2019il publie. Le mod\u00e8le collaboratif constitue une approche novatrice que nous adoptons en vue de souligner les divers efforts d\u00e9ploy\u00e9s par notre personnel et nos collaborateurs. Nous...","og_url":"https:\/\/atlasveterans.ca\/fr\/modele-collaboratif\/","og_site_name":"Institut Atlas pour les v\u00e9t\u00e9rans et leur famille","article_publisher":"https:\/\/www.facebook.com\/atlasveteransca","article_modified_time":"2023-05-10T21:01:43+00:00","og_image":[{"width":1600,"height":345,"url":"https:\/\/atlasveterans.ca\/wp-content\/uploads\/2022\/03\/atlas-hero-generic.jpg","type":"image\/jpeg"}],"twitter_card":"summary_large_image","twitter_site":"@atlasveteransca","twitter_misc":{"Dur\u00e9e de lecture estim\u00e9e":"2 minutes"},"schema":{"@context":"https:\/\/schema.org","@graph":[{"@type":"WebPage","@id":"https:\/\/atlasveterans.ca\/fr\/modele-collaboratif\/","url":"https:\/\/atlasveterans.ca\/fr\/modele-collaboratif\/","name":"Mod\u00e8le collaboratif &#183; Institut Atlas pour les v\u00e9t\u00e9rans et leur famille","isPartOf":{"@id":"https:\/\/atlasveterans.ca\/fr\/#website"},"primaryImageOfPage":{"@id":"https:\/\/atlasveterans.ca\/fr\/modele-collaboratif\/#primaryimage"},"image":{"@id":"https:\/\/atlasveterans.ca\/fr\/modele-collaboratif\/#primaryimage"},"thumbnailUrl":"https:\/\/atlasveterans.ca\/wp-content\/uploads\/2022\/03\/atlas-hero-generic.jpg","datePublished":"2023-05-10T21:01:31+00:00","dateModified":"2023-05-10T21:01:43+00:00","breadcrumb":{"@id":"https:\/\/atlasveterans.ca\/fr\/modele-collaboratif\/#breadcrumb"},"inLanguage":"fr-FR","potentialAction":[{"@type":"ReadAction","target":["https:\/\/atlasveterans.ca\/fr\/modele-collaboratif\/"]}]},{"@type":"ImageObject","inLanguage":"fr-FR","@id":"https:\/\/atlasveterans.ca\/fr\/modele-collaboratif\/#primaryimage","url":"https:\/\/atlasveterans.ca\/wp-content\/uploads\/2022\/03\/atlas-hero-generic.jpg","contentUrl":"https:\/\/atlasveterans.ca\/wp-content\/uploads\/2022\/03\/atlas-hero-generic.jpg","width":1600,"height":345},{"@type":"BreadcrumbList","@id":"https:\/\/atlasveterans.ca\/fr\/modele-collaboratif\/#breadcrumb","itemListElement":[{"@type":"ListItem","position":1,"name":"Institut Atlas pour les v\u00e9t\u00e9rans et leur famille","item":"https:\/\/atlasveterans.ca\/fr\/"},{"@type":"ListItem","position":2,"name":"Mod\u00e8le collaboratif"}]},{"@type":"WebSite","@id":"https:\/\/atlasveterans.ca\/fr\/#website","url":"https:\/\/atlasveterans.ca\/fr\/","name":"Institut Atlas pour les v\u00e9t\u00e9rans et leur famille","description":"Get resources, find support","publisher":{"@id":"https:\/\/atlasveterans.ca\/fr\/#organization"},"potentialAction":[{"@type":"SearchAction","target":{"@type":"EntryPoint","urlTemplate":"https:\/\/atlasveterans.ca\/fr\/?s={search_term_string}"},"query-input":{"@type":"PropertyValueSpecification","valueRequired":true,"valueName":"search_term_string"}}],"inLanguage":"fr-FR"},{"@type":"Organization","@id":"https:\/\/atlasveterans.ca\/fr\/#organization","name":"Atlas Institute For Veterans and Families","url":"https:\/\/atlasveterans.ca\/fr\/","logo":{"@type":"ImageObject","inLanguage":"fr-FR","@id":"https:\/\/atlasveterans.ca\/fr\/#\/schema\/logo\/image\/","url":"https:\/\/atlasveterans.ca\/wp-content\/uploads\/2022\/03\/logo-withbg-eng-1.jpg","contentUrl":"https:\/\/atlasveterans.ca\/wp-content\/uploads\/2022\/03\/logo-withbg-eng-1.jpg","width":800,"height":400,"caption":"Atlas Institute For Veterans and Families"},"image":{"@id":"https:\/\/atlasveterans.ca\/fr\/#\/schema\/logo\/image\/"},"sameAs":["https:\/\/www.facebook.com\/atlasveteransca","https:\/\/x.com\/atlasveteransca","https:\/\/www.instagram.com\/atlasveteransca\/","https:\/\/www.linkedin.com\/company\/atlasveteransca\/","https:\/\/www.youtube.com\/atlasveteransca"]}]}},"_links":{"self":[{"href":"https:\/\/atlasveterans.ca\/fr\/wp-json\/wp\/v2\/pages\/12680","targetHints":{"allow":["GET"]}}],"collection":[{"href":"https:\/\/atlasveterans.ca\/fr\/wp-json\/wp\/v2\/pages"}],"about":[{"href":"https:\/\/atlasveterans.ca\/fr\/wp-json\/wp\/v2\/types\/page"}],"author":[{"embeddable":true,"href":"https:\/\/atlasveterans.ca\/fr\/wp-json\/wp\/v2\/users\/3"}],"replies":[{"embeddable":true,"href":"https:\/\/atlasveterans.ca\/fr\/wp-json\/wp\/v2\/comments?post=12680"}],"version-history":[{"count":0,"href":"https:\/\/atlasveterans.ca\/fr\/wp-json\/wp\/v2\/pages\/12680\/revisions"}],"wp:featuredmedia":[{"embeddable":true,"href":"https:\/\/atlasveterans.ca\/fr\/wp-json\/wp\/v2\/media\/2290"}],"wp:attachment":[{"href":"https:\/\/atlasveterans.ca\/fr\/wp-json\/wp\/v2\/media?parent=12680"}],"wp:term":[{"taxonomy":"category","embeddable":true,"href":"https:\/\/atlasveterans.ca\/fr\/wp-json\/wp\/v2\/categories?post=12680"},{"taxonomy":"post_tag","embeddable":true,"href":"https:\/\/atlasveterans.ca\/fr\/wp-json\/wp\/v2\/tags?post=12680"}],"curies":[{"name":"wp","href":"https:\/\/api.w.org\/{rel}","templated":true}]}}