{"id":12722,"date":"2023-06-15T18:13:55","date_gmt":"2023-06-15T22:13:55","guid":{"rendered":"https:\/\/atlasveterans.ca\/?page_id=12722"},"modified":"2025-10-29T09:08:13","modified_gmt":"2025-10-29T13:08:13","slug":"repertoire-des-programmes-de-soutien-par-les-pairs","status":"publish","type":"page","link":"https:\/\/atlasveterans.ca\/fr\/centre-de-connaissances\/repertoire-des-programmes-de-soutien-par-les-pairs\/","title":{"rendered":"R\u00e9pertoire des programmes de soutien par les pairs"},"content":{"rendered":"<div class=\"wpb-content-wrapper\"><p>[vc_row full_width=\u00a0\u00bbstretch_row\u00a0\u00bb css=\u00a0\u00bb.vc_custom_1683842237155{background-image: url(https:\/\/atlasveterans.ca\/wp-content\/uploads\/2022\/03\/atlas-hero-generic.jpg?id=2290) !important;}\u00a0\u00bb el_class=\u00a0\u00bbsection&#8211;hasBG\u00a0\u00bb][vc_column][vc_row_inner row_padding_top=\u00a0\u00bbregular\u00a0\u00bb row_padding_bottom=\u00a0\u00bbregular\u00a0\u00bb el_class=\u00a0\u00bbelement&#8211;whiteText\u00a0\u00bb][vc_column_inner]<div class=\"breadcrumbs breadcrumbs--white\"><span><span><a href=\"https:\/\/atlasveterans.ca\/fr\/\"><i class=\"fas fa-house breadcrumbs__home\" title=\"Accueil\"><\/i><\/a><\/span><\/span><\/div>[vc_column_text css=\u00a0\u00bb\u00a0\u00bb]<\/p>\n<h1>R\u00c9PERTOIRE DES PROGRAMMES DE SOUTIEN PAR LES PAIRS<\/h1>\n<p class=\"h3 h3--lowercase\"><span style=\"color: #d0d2d3;\">Ce r\u00e9pertoire de programmes permet d\u2019aider les v\u00e9t\u00e9rans et leur famille \u00e0 trouver des programmes de soutien par les pairs con\u00e7us pour eux, en fonction de leurs besoins.<\/span><\/p>\n<p>[\/vc_column_text][\/vc_column_inner][\/vc_row_inner][\/vc_column][\/vc_row][vc_row row_padding_top=\u00a0\u00bbregular\u00a0\u00bb row_padding_bottom=\u00a0\u00bbsmall\u00a0\u00bb el_class=\u00a0\u00bbstickyTOC__wrapper\u00a0\u00bb][vc_column width=\u00a0\u00bb2\/3&Prime; offset=\u00a0\u00bbvc_col-lg-7&Prime;][vc_column_text css=\u00a0\u00bb\u00a0\u00bb]<\/p>\n<h2 id=\"ac\" class=\"text--lowercase\">Acc\u00e9der au r\u00e9pertoire<\/h2>\n<p>[\/vc_column_text][vc_row_inner row_padding_bottom=\u00a0\u00bbsmall\u00a0\u00bb][vc_column_inner width=\u00a0\u00bb1\/2&Prime;][vc_column_text]<a href=\"https:\/\/atlasveterans.ca\/fr\/centre-de-connaissances\/repertoire-des-programmes-de-soutien-par-les-pairs\/programmes-de-soutien-par-les-pairs-mode-carte\/\"><button class=\"vc_general vc_btn3 vc_btn3-size- vc_btn3-shape-square vc_btn3-style--primaryBtn vc_btn3-color-grey btn--darkGreenText btn--gradientBG btn--defaultHoverText\"> <i class=\"fa-duotone fa-map-location-dot\"><\/i><br \/>\nAffichage en mode carte<\/button><\/a>[\/vc_column_text][\/vc_column_inner][vc_column_inner width=\u00a0\u00bb1\/2&Prime;][vc_column_text]<a href=\"https:\/\/atlasveterans.ca\/fr\/centre-de-connaissances\/repertoire-des-programmes-de-soutien-par-les-pairs\/programmes-de-soutien-par-les-pairs-mode-liste\/\"><button class=\"vc_general vc_btn3 vc_btn3-size- vc_btn3-shape-square vc_btn3-style--primaryBtn vc_btn3-color-grey btn--darkGreenText btn--gradientBG btn--defaultHoverText\"> <i class=\"fa-duotone fa-list\"><\/i><br \/>\nAffichage en mode liste<\/button><\/a>[\/vc_column_text][\/vc_column_inner][\/vc_row_inner][vc_column_text css=\u00a0\u00bb\u00a0\u00bb]<\/p>\n<h2 id=\"t\" class=\"text--lowercase\">R\u00e9pertoire des programmes de soutien par les pairs<\/h2>\n<p>Ce r\u00e9pertoire en ligne regroupe des programmes de soutien par les pairs con\u00e7us pour les v\u00e9t\u00e9rans et leur famille. Vous pouvez l\u2019afficher sous forme de liste ou de carte, ce qui vous permet de comparer les programmes de soutien par les pairs de votre r\u00e9gion ou qui s\u2019adressent \u00e0 vous.<\/p>\n<p><em>Veuillez noter que l\u2019Institut Atlas pour les v\u00e9t\u00e9rans et leur famille n\u2019endosse ni ne recommande aucun des programmes de soutien par les pairs compris dans le r\u00e9pertoire, et n\u2019offre aucune garantie quant \u00e0 leur qualit\u00e9.<\/em>[\/vc_column_text][vc_column_text css=\u00a0\u00bb\u00a0\u00bb]<\/p>\n<h2 id=\"f\" class=\"text--lowercase\">Questions fr\u00e9quentes sur le r\u00e9pertoire<\/h2>\n<p>[\/vc_column_text][vc_tta_accordion color=\u00a0\u00bbblack\u00a0\u00bb c_icon=\u00a0\u00bbchevron\u00a0\u00bb active_section=\u00a0\u00bb0&Prime; collapsible_all=\u00a0\u00bbtrue\u00a0\u00bb][vc_tta_section title=\u00a0\u00bbQui a cr\u00e9\u00e9 le r\u00e9pertoire et comment?\u00a0\u00bb tab_id=\u00a0\u00bb1683656357324-46dbd639-818a\u00a0\u00bb][vc_column_text]L\u2019Institut canadien de recherche et de traitement en s\u00e9curit\u00e9 publique (ICRTSP) a recueilli des donn\u00e9es sur les services de soutien en sant\u00e9 mentale offerts aux membres du personnel canadien de la s\u00e9curit\u00e9 publique, aux v\u00e9t\u00e9rans et \u00e0 leur famille. Ces renseignements ont \u00e9t\u00e9 utilis\u00e9s pour cr\u00e9er le site <a href=\"https:\/\/www.pspmentalhealth.ca\/fr\/\">PSPMentalHealth.ca\/fr<\/a>. Gr\u00e2ce \u00e0 cet ensemble de donn\u00e9es, l\u2019ICRTSP a g\u00e9n\u00e9reusement transmis \u00e0 l\u2019Institut Atlas des renseignements recueillis sur les programmes de soutien par les pairs offerts aux v\u00e9t\u00e9rans et \u00e0 leur famille. L\u2019Institut Atlas a cr\u00e9\u00e9 ce r\u00e9pertoire de programmes de soutien par les pairs en se fondant sur les donn\u00e9es de l\u2019ICRTSP. La conception et la mise en \u0153uvre de l\u2019outil ont \u00e9t\u00e9 orient\u00e9es et appuy\u00e9es par un comit\u00e9 consultatif de projets compos\u00e9 de repr\u00e9sentants d\u2019un \u00e9ventail de programmes de soutien par les pairs pour les v\u00e9t\u00e9rans. L\u2019Institut Atlas aimerait remercier l\u2019ICRTSP et le comit\u00e9 consultatif de projets pour leur soutien et leur contribution \u00e0 ce projet.[\/vc_column_text][\/vc_tta_section][vc_tta_section title=\u00a0\u00bbComment puis-je utiliser le r\u00e9pertoire?\u00a0\u00bb tab_id=\u00a0\u00bb1683656357336-3276af90-385f\u00a0\u00bb][vc_column_text]La page Web interactive comprend une carte et une liste des services de soutien par les pairs offerts aux v\u00e9t\u00e9rans et \u00e0 leurs familles partout au Canada. Vous pouvez s\u00e9lectionner les types de services pr\u00e9cis que vous souhaitez voir, y compris les filtres selon la participation (p.\u00a0ex., V\u00e9t\u00e9rans, conjoint\u00b7e, enfants, etc.), le sujet (p.\u00a0ex., col\u00e8re, angoisse, toxicomanie, etc.), la modalit\u00e9 (en personne, en ligne, etc.), la structure (groupes, accompagnement individuel, etc.), le co\u00fbt et la langue.[\/vc_column_text][\/vc_tta_section][vc_tta_section title=\u00a0\u00bbAvec qui dois-je communiquer pour inscrire un programme au r\u00e9pertoire?\u00a0\u00bb tab_id=\u00a0\u00bb1683656771511-93ad44e7-6b8b\u00a0\u00bb][vc_column_text]Si vous souhaitez inscrire un programme au r\u00e9pertoire, veuillez <a href=\"https:\/\/uregina.eu.qualtrics.com\/jfe\/form\/SV_6E9VM86SQ71AMTk\">remplir ce formulaire<\/a>.[\/vc_column_text][\/vc_tta_section][vc_tta_section title=\u00a0\u00bbAvec qui dois-je communiquer si les renseignements sur le programme inclus contiennent une erreur ou doivent \u00eatre mis \u00e0 jour?\u00a0\u00bb tab_id=\u00a0\u00bb1683656798075-06104952-1bfb\u00a0\u00bb][vc_column_text]Si les renseignements sur votre programme de soutien par les pairs contiennent une erreur ou doivent \u00eatre mis \u00e0 jour, veuillez <a href=\"https:\/\/uregina.eu.qualtrics.com\/jfe\/form\/SV_6E9VM86SQ71AMTk\">remplir ce formulaire<\/a>.[\/vc_column_text][\/vc_tta_section][vc_tta_section title=\u00a0\u00bbVous avez des questions au sujet de l\u2019outil?\u00a0\u00bb tab_id=\u00a0\u00bb1683656819665-d22f17e7-e9b2&Prime;][vc_column_text]Veuillez communiquer avec nous en \u00e9crivant \u00e0 <a href=\"mailto:KMB-Atlas@theroyal.ca\">KMB-Atlas@theroyal.ca<\/a>.[\/vc_column_text][\/vc_tta_section][\/vc_tta_accordion][vc_row_inner][vc_column_inner width=\u00a0\u00bb1\/2&Prime;][vc_empty_space height=\u00a0\u00bb45px\u00a0\u00bb][vc_single_image image=\u00a0\u00bb10905&Prime; img_size=\u00a0\u00bbfull\u00a0\u00bb css=\u00a0\u00bb.vc_custom_1684242517391{padding-top: 32px !important;padding-bottom: 32px !important;}\u00a0\u00bb][\/vc_column_inner][vc_column_inner width=\u00a0\u00bb1\/2&Prime;][vc_single_image image=\u00a0\u00bb5033&Prime; img_size=\u00a0\u00bbfull\u00a0\u00bb css=\u00a0\u00bb.vc_custom_1684242523010{padding-top: 32px !important;padding-bottom: 32px !important;}\u00a0\u00bb][\/vc_column_inner][\/vc_row_inner][\/vc_column][vc_column width=\u00a0\u00bb1\/3&Prime; offset=\u00a0\u00bbvc_col-lg-offset-1&Prime;][\/vc_column][\/vc_row]<\/p>\n<\/div>","protected":false},"excerpt":{"rendered":"<p>[vc_row full_width=\u00a0\u00bbstretch_row\u00a0\u00bb css=\u00a0\u00bb.vc_custom_1683842237155{background-image: url(https:\/\/atlasveterans.ca\/wp-content\/uploads\/2022\/03\/atlas-hero-generic.jpg?id=2290) !important;}\u00a0\u00bb el_class=\u00a0\u00bbsection&#8211;hasBG\u00a0\u00bb][vc_column][vc_row_inner row_padding_top=\u00a0\u00bbregular\u00a0\u00bb row_padding_bottom=\u00a0\u00bbregular\u00a0\u00bb el_class=\u00a0\u00bbelement&#8211;whiteText\u00a0\u00bb][vc_column_inner][vc_column_text css=\u00a0\u00bb\u00a0\u00bb] R\u00c9PERTOIRE DES PROGRAMMES DE SOUTIEN PAR LES PAIRS Ce r\u00e9pertoire de programmes permet d\u2019aider les v\u00e9t\u00e9rans et leur famille \u00e0 trouver des programmes de soutien par les pairs con\u00e7us pour eux, en fonction de leurs besoins. [\/vc_column_text][\/vc_column_inner][\/vc_row_inner][\/vc_column][\/vc_row][vc_row row_padding_top=\u00a0\u00bbregular\u00a0\u00bb row_padding_bottom=\u00a0\u00bbsmall\u00a0\u00bb el_class=\u00a0\u00bbstickyTOC__wrapper\u00a0\u00bb][vc_column width=\u00a0\u00bb2\/3&Prime; offset=\u00a0\u00bbvc_col-lg-7&Prime;][vc_column_text css=\u00a0\u00bb\u00a0\u00bb] Acc\u00e9der au&#8230;<\/p>\n","protected":false},"author":3,"featured_media":0,"parent":1764,"menu_order":0,"comment_status":"closed","ping_status":"closed","template":"","meta":{"_acf_changed":false,"inline_featured_image":false,"footnotes":""},"categories":[],"tags":[],"class_list":["post-12722","page","type-page","status-publish","hentry","knowledge_area-soutien-par-les-pairs","knowledge_group-military-veterans-fr"],"acf":[],"yoast_head":"<!-- This site is optimized with the Yoast SEO plugin v27.2 - https:\/\/yoast.com\/product\/yoast-seo-wordpress\/ -->\n<title>R\u00e9pertoire des programmes de soutien par les pairs &#183; Institut Atlas pour les v\u00e9t\u00e9rans et leur famille<\/title>\n<meta name=\"robots\" content=\"index, follow, max-snippet:-1, max-image-preview:large, max-video-preview:-1\" \/>\n<link rel=\"canonical\" href=\"https:\/\/atlasveterans.ca\/fr\/centre-de-connaissances\/repertoire-des-programmes-de-soutien-par-les-pairs\/\" \/>\n<meta property=\"og:locale\" content=\"fr_FR\" \/>\n<meta property=\"og:type\" content=\"article\" \/>\n<meta property=\"og:title\" content=\"R\u00e9pertoire des programmes de soutien par les pairs &#183; Institut Atlas pour les v\u00e9t\u00e9rans et leur famille\" \/>\n<meta property=\"og:description\" content=\"[vc_row full_width=\u00a0\u00bbstretch_row\u00a0\u00bb css=\u00a0\u00bb.vc_custom_1683842237155{background-image: url(https:\/\/atlasveterans.ca\/wp-content\/uploads\/2022\/03\/atlas-hero-generic.jpg?id=2290) !important;}\u00a0\u00bb el_class=\u00a0\u00bbsection&#8211;hasBG\u00a0\u00bb][vc_column][vc_row_inner row_padding_top=\u00a0\u00bbregular\u00a0\u00bb row_padding_bottom=\u00a0\u00bbregular\u00a0\u00bb el_class=\u00a0\u00bbelement&#8211;whiteText\u00a0\u00bb][vc_column_inner][vc_column_text css=\u00a0\u00bb\u00a0\u00bb] R\u00c9PERTOIRE DES PROGRAMMES DE SOUTIEN PAR LES PAIRS Ce r\u00e9pertoire de programmes permet d\u2019aider les v\u00e9t\u00e9rans et leur famille \u00e0 trouver des programmes de soutien par les pairs con\u00e7us pour eux, en fonction de leurs besoins. [\/vc_column_text][\/vc_column_inner][\/vc_row_inner][\/vc_column][\/vc_row][vc_row row_padding_top=\u00a0\u00bbregular\u00a0\u00bb row_padding_bottom=\u00a0\u00bbsmall\u00a0\u00bb el_class=\u00a0\u00bbstickyTOC__wrapper\u00a0\u00bb][vc_column width=\u00a0\u00bb2\/3&Prime; offset=\u00a0\u00bbvc_col-lg-7&Prime;][vc_column_text css=\u00a0\u00bb\u00a0\u00bb] Acc\u00e9der au...\" \/>\n<meta property=\"og:url\" content=\"https:\/\/atlasveterans.ca\/fr\/centre-de-connaissances\/repertoire-des-programmes-de-soutien-par-les-pairs\/\" \/>\n<meta property=\"og:site_name\" content=\"Institut Atlas pour les v\u00e9t\u00e9rans et leur famille\" \/>\n<meta property=\"article:publisher\" content=\"https:\/\/www.facebook.com\/atlasveteransca\" \/>\n<meta property=\"article:modified_time\" content=\"2025-10-29T13:08:13+00:00\" \/>\n<meta property=\"og:image\" content=\"https:\/\/atlasveterans.ca\/wp-content\/uploads\/2022\/03\/atlas-homepage-hero-1.jpg\" \/>\n\t<meta property=\"og:image:width\" content=\"1600\" \/>\n\t<meta property=\"og:image:height\" content=\"1100\" \/>\n\t<meta property=\"og:image:type\" content=\"image\/jpeg\" \/>\n<meta name=\"twitter:card\" content=\"summary_large_image\" \/>\n<meta name=\"twitter:site\" content=\"@atlasveteransca\" \/>\n<meta name=\"twitter:label1\" content=\"Dur\u00e9e de lecture estim\u00e9e\" \/>\n\t<meta name=\"twitter:data1\" content=\"3 minutes\" \/>\n<script type=\"application\/ld+json\" class=\"yoast-schema-graph\">{\"@context\":\"https:\/\/schema.org\",\"@graph\":[{\"@type\":\"WebPage\",\"@id\":\"https:\/\/atlasveterans.ca\/fr\/centre-de-connaissances\/repertoire-des-programmes-de-soutien-par-les-pairs\/\",\"url\":\"https:\/\/atlasveterans.ca\/fr\/centre-de-connaissances\/repertoire-des-programmes-de-soutien-par-les-pairs\/\",\"name\":\"R\u00e9pertoire des programmes de soutien par les pairs &#183; Institut Atlas pour les v\u00e9t\u00e9rans et leur famille\",\"isPartOf\":{\"@id\":\"https:\/\/atlasveterans.ca\/fr\/#website\"},\"datePublished\":\"2023-06-15T22:13:55+00:00\",\"dateModified\":\"2025-10-29T13:08:13+00:00\",\"breadcrumb\":{\"@id\":\"https:\/\/atlasveterans.ca\/fr\/centre-de-connaissances\/repertoire-des-programmes-de-soutien-par-les-pairs\/#breadcrumb\"},\"inLanguage\":\"fr-FR\",\"potentialAction\":[{\"@type\":\"ReadAction\",\"target\":[\"https:\/\/atlasveterans.ca\/fr\/centre-de-connaissances\/repertoire-des-programmes-de-soutien-par-les-pairs\/\"]}]},{\"@type\":\"BreadcrumbList\",\"@id\":\"https:\/\/atlasveterans.ca\/fr\/centre-de-connaissances\/repertoire-des-programmes-de-soutien-par-les-pairs\/#breadcrumb\",\"itemListElement\":[{\"@type\":\"ListItem\",\"position\":1,\"name\":\"Institut Atlas pour les v\u00e9t\u00e9rans et leur famille\",\"item\":\"https:\/\/atlasveterans.ca\/fr\/\"},{\"@type\":\"ListItem\",\"position\":2,\"name\":\"Centre de connaissances\",\"item\":\"https:\/\/atlasveterans.ca\/fr\/centre-de-connaissances\/\"},{\"@type\":\"ListItem\",\"position\":3,\"name\":\"R\u00e9pertoire des programmes de soutien par les pairs\"}]},{\"@type\":\"WebSite\",\"@id\":\"https:\/\/atlasveterans.ca\/fr\/#website\",\"url\":\"https:\/\/atlasveterans.ca\/fr\/\",\"name\":\"Institut Atlas pour les v\u00e9t\u00e9rans et leur famille\",\"description\":\"Get resources, find support\",\"publisher\":{\"@id\":\"https:\/\/atlasveterans.ca\/fr\/#organization\"},\"potentialAction\":[{\"@type\":\"SearchAction\",\"target\":{\"@type\":\"EntryPoint\",\"urlTemplate\":\"https:\/\/atlasveterans.ca\/fr\/?s={search_term_string}\"},\"query-input\":{\"@type\":\"PropertyValueSpecification\",\"valueRequired\":true,\"valueName\":\"search_term_string\"}}],\"inLanguage\":\"fr-FR\"},{\"@type\":\"Organization\",\"@id\":\"https:\/\/atlasveterans.ca\/fr\/#organization\",\"name\":\"Atlas Institute For Veterans and Families\",\"url\":\"https:\/\/atlasveterans.ca\/fr\/\",\"logo\":{\"@type\":\"ImageObject\",\"inLanguage\":\"fr-FR\",\"@id\":\"https:\/\/atlasveterans.ca\/fr\/#\/schema\/logo\/image\/\",\"url\":\"https:\/\/atlasveterans.ca\/wp-content\/uploads\/2022\/03\/logo-withbg-eng-1.jpg\",\"contentUrl\":\"https:\/\/atlasveterans.ca\/wp-content\/uploads\/2022\/03\/logo-withbg-eng-1.jpg\",\"width\":800,\"height\":400,\"caption\":\"Atlas Institute For Veterans and Families\"},\"image\":{\"@id\":\"https:\/\/atlasveterans.ca\/fr\/#\/schema\/logo\/image\/\"},\"sameAs\":[\"https:\/\/www.facebook.com\/atlasveteransca\",\"https:\/\/x.com\/atlasveteransca\",\"https:\/\/www.instagram.com\/atlasveteransca\/\",\"https:\/\/www.linkedin.com\/company\/atlasveteransca\/\",\"https:\/\/www.youtube.com\/atlasveteransca\"]}]}<\/script>\n<!-- \/ Yoast SEO plugin. -->","yoast_head_json":{"title":"R\u00e9pertoire des programmes de soutien par les pairs &#183; Institut Atlas pour les v\u00e9t\u00e9rans et leur famille","robots":{"index":"index","follow":"follow","max-snippet":"max-snippet:-1","max-image-preview":"max-image-preview:large","max-video-preview":"max-video-preview:-1"},"canonical":"https:\/\/atlasveterans.ca\/fr\/centre-de-connaissances\/repertoire-des-programmes-de-soutien-par-les-pairs\/","og_locale":"fr_FR","og_type":"article","og_title":"R\u00e9pertoire des programmes de soutien par les pairs &#183; Institut Atlas pour les v\u00e9t\u00e9rans et leur famille","og_description":"[vc_row full_width=\u00a0\u00bbstretch_row\u00a0\u00bb css=\u00a0\u00bb.vc_custom_1683842237155{background-image: url(https:\/\/atlasveterans.ca\/wp-content\/uploads\/2022\/03\/atlas-hero-generic.jpg?id=2290) !important;}\u00a0\u00bb el_class=\u00a0\u00bbsection&#8211;hasBG\u00a0\u00bb][vc_column][vc_row_inner row_padding_top=\u00a0\u00bbregular\u00a0\u00bb row_padding_bottom=\u00a0\u00bbregular\u00a0\u00bb el_class=\u00a0\u00bbelement&#8211;whiteText\u00a0\u00bb][vc_column_inner][vc_column_text css=\u00a0\u00bb\u00a0\u00bb] R\u00c9PERTOIRE DES PROGRAMMES DE SOUTIEN PAR LES PAIRS Ce r\u00e9pertoire de programmes permet d\u2019aider les v\u00e9t\u00e9rans et leur famille \u00e0 trouver des programmes de soutien par les pairs con\u00e7us pour eux, en fonction de leurs besoins. [\/vc_column_text][\/vc_column_inner][\/vc_row_inner][\/vc_column][\/vc_row][vc_row row_padding_top=\u00a0\u00bbregular\u00a0\u00bb row_padding_bottom=\u00a0\u00bbsmall\u00a0\u00bb el_class=\u00a0\u00bbstickyTOC__wrapper\u00a0\u00bb][vc_column width=\u00a0\u00bb2\/3&Prime; offset=\u00a0\u00bbvc_col-lg-7&Prime;][vc_column_text css=\u00a0\u00bb\u00a0\u00bb] Acc\u00e9der au...","og_url":"https:\/\/atlasveterans.ca\/fr\/centre-de-connaissances\/repertoire-des-programmes-de-soutien-par-les-pairs\/","og_site_name":"Institut Atlas pour les v\u00e9t\u00e9rans et leur famille","article_publisher":"https:\/\/www.facebook.com\/atlasveteransca","article_modified_time":"2025-10-29T13:08:13+00:00","og_image":[{"width":1600,"height":1100,"url":"https:\/\/atlasveterans.ca\/wp-content\/uploads\/2022\/03\/atlas-homepage-hero-1.jpg","type":"image\/jpeg"}],"twitter_card":"summary_large_image","twitter_site":"@atlasveteransca","twitter_misc":{"Dur\u00e9e de lecture estim\u00e9e":"3 minutes"},"schema":{"@context":"https:\/\/schema.org","@graph":[{"@type":"WebPage","@id":"https:\/\/atlasveterans.ca\/fr\/centre-de-connaissances\/repertoire-des-programmes-de-soutien-par-les-pairs\/","url":"https:\/\/atlasveterans.ca\/fr\/centre-de-connaissances\/repertoire-des-programmes-de-soutien-par-les-pairs\/","name":"R\u00e9pertoire des programmes de soutien par les pairs &#183; Institut Atlas pour les v\u00e9t\u00e9rans et leur famille","isPartOf":{"@id":"https:\/\/atlasveterans.ca\/fr\/#website"},"datePublished":"2023-06-15T22:13:55+00:00","dateModified":"2025-10-29T13:08:13+00:00","breadcrumb":{"@id":"https:\/\/atlasveterans.ca\/fr\/centre-de-connaissances\/repertoire-des-programmes-de-soutien-par-les-pairs\/#breadcrumb"},"inLanguage":"fr-FR","potentialAction":[{"@type":"ReadAction","target":["https:\/\/atlasveterans.ca\/fr\/centre-de-connaissances\/repertoire-des-programmes-de-soutien-par-les-pairs\/"]}]},{"@type":"BreadcrumbList","@id":"https:\/\/atlasveterans.ca\/fr\/centre-de-connaissances\/repertoire-des-programmes-de-soutien-par-les-pairs\/#breadcrumb","itemListElement":[{"@type":"ListItem","position":1,"name":"Institut Atlas pour les v\u00e9t\u00e9rans et leur famille","item":"https:\/\/atlasveterans.ca\/fr\/"},{"@type":"ListItem","position":2,"name":"Centre de connaissances","item":"https:\/\/atlasveterans.ca\/fr\/centre-de-connaissances\/"},{"@type":"ListItem","position":3,"name":"R\u00e9pertoire des programmes de soutien par les pairs"}]},{"@type":"WebSite","@id":"https:\/\/atlasveterans.ca\/fr\/#website","url":"https:\/\/atlasveterans.ca\/fr\/","name":"Institut Atlas pour les v\u00e9t\u00e9rans et leur famille","description":"Get resources, find support","publisher":{"@id":"https:\/\/atlasveterans.ca\/fr\/#organization"},"potentialAction":[{"@type":"SearchAction","target":{"@type":"EntryPoint","urlTemplate":"https:\/\/atlasveterans.ca\/fr\/?s={search_term_string}"},"query-input":{"@type":"PropertyValueSpecification","valueRequired":true,"valueName":"search_term_string"}}],"inLanguage":"fr-FR"},{"@type":"Organization","@id":"https:\/\/atlasveterans.ca\/fr\/#organization","name":"Atlas Institute For Veterans and Families","url":"https:\/\/atlasveterans.ca\/fr\/","logo":{"@type":"ImageObject","inLanguage":"fr-FR","@id":"https:\/\/atlasveterans.ca\/fr\/#\/schema\/logo\/image\/","url":"https:\/\/atlasveterans.ca\/wp-content\/uploads\/2022\/03\/logo-withbg-eng-1.jpg","contentUrl":"https:\/\/atlasveterans.ca\/wp-content\/uploads\/2022\/03\/logo-withbg-eng-1.jpg","width":800,"height":400,"caption":"Atlas Institute For Veterans and Families"},"image":{"@id":"https:\/\/atlasveterans.ca\/fr\/#\/schema\/logo\/image\/"},"sameAs":["https:\/\/www.facebook.com\/atlasveteransca","https:\/\/x.com\/atlasveteransca","https:\/\/www.instagram.com\/atlasveteransca\/","https:\/\/www.linkedin.com\/company\/atlasveteransca\/","https:\/\/www.youtube.com\/atlasveteransca"]}]}},"_links":{"self":[{"href":"https:\/\/atlasveterans.ca\/fr\/wp-json\/wp\/v2\/pages\/12722","targetHints":{"allow":["GET"]}}],"collection":[{"href":"https:\/\/atlasveterans.ca\/fr\/wp-json\/wp\/v2\/pages"}],"about":[{"href":"https:\/\/atlasveterans.ca\/fr\/wp-json\/wp\/v2\/types\/page"}],"author":[{"embeddable":true,"href":"https:\/\/atlasveterans.ca\/fr\/wp-json\/wp\/v2\/users\/3"}],"replies":[{"embeddable":true,"href":"https:\/\/atlasveterans.ca\/fr\/wp-json\/wp\/v2\/comments?post=12722"}],"version-history":[{"count":5,"href":"https:\/\/atlasveterans.ca\/fr\/wp-json\/wp\/v2\/pages\/12722\/revisions"}],"predecessor-version":[{"id":27210,"href":"https:\/\/atlasveterans.ca\/fr\/wp-json\/wp\/v2\/pages\/12722\/revisions\/27210"}],"up":[{"embeddable":true,"href":"https:\/\/atlasveterans.ca\/fr\/wp-json\/wp\/v2\/pages\/1764"}],"wp:attachment":[{"href":"https:\/\/atlasveterans.ca\/fr\/wp-json\/wp\/v2\/media?parent=12722"}],"wp:term":[{"taxonomy":"category","embeddable":true,"href":"https:\/\/atlasveterans.ca\/fr\/wp-json\/wp\/v2\/categories?post=12722"},{"taxonomy":"post_tag","embeddable":true,"href":"https:\/\/atlasveterans.ca\/fr\/wp-json\/wp\/v2\/tags?post=12722"}],"curies":[{"name":"wp","href":"https:\/\/api.w.org\/{rel}","templated":true}]}}