{"id":13824,"date":"2023-06-28T21:45:09","date_gmt":"2023-06-29T01:45:09","guid":{"rendered":"https:\/\/atlasveterans.ca\/?page_id=13824"},"modified":"2025-10-29T09:04:27","modified_gmt":"2025-10-29T13:04:27","slug":"soutien-par-les-pairs","status":"publish","type":"page","link":"https:\/\/atlasveterans.ca\/fr\/centre-de-connaissances\/soutien-par-les-pairs\/","title":{"rendered":"Soutien par les pairs"},"content":{"rendered":"<div class=\"wpb-content-wrapper\"><p>[vc_row row_padding_top=\u00a0\u00bbregular\u00a0\u00bb row_padding_bottom=\u00a0\u00bbsmall\u00a0\u00bb el_class=\u00a0\u00bbstickyTOC__wrapper\u00a0\u00bb][vc_column width=\u00a0\u00bb2\/3&Prime; offset=\u00a0\u00bbvc_col-lg-7&Prime;][vc_column_text css=\u00a0\u00bb\u00a0\u00bb el_id=\u00a0\u00bbsp\u00a0\u00bb]<\/p>\n<h2 id=\"w\" class=\"text--lowercase\">Qu\u2019est-ce que le soutien par les pairs?<\/h2>\n<p>Le soutien par les pairs est une relation bienveillante entre des personnes qui partagent des exp\u00e9riences personnelles et\/ou professionnelles pertinentes. On dit parfois que c&rsquo;est comme si quelqu&rsquo;un vous rencontrait l\u00e0 o\u00f9 vous en \u00eates et vous accompagnait dans votre parcours.<\/p>\n<p>L&rsquo;objectif de base du soutien par les pairs est de donner aux gens un sentiment d&rsquo;appartenance \u00e0 une communaut\u00e9 fond\u00e9e sur des exp\u00e9riences v\u00e9cues en commun. Les exp\u00e9riences partag\u00e9es peuvent cr\u00e9er un sentiment de compr\u00e9hension et de connexion entre les gens, ce qui peut \u00eatre difficile \u00e0 trouver ailleurs, selon les circonstances sp\u00e9cifiques de chacun.[\/vc_column_text][vc_column_text css=\u00a0\u00bb.vc_custom_1742475423181{background-color: #FFFFFF !important;}\u00a0\u00bb el_class=\u00a0\u00bbelement&#8211;smallPadding\u00a0\u00bb]<strong>\u00c9coutez\u00a0<\/strong>un \u00e9pisode du balado\u00a0<em>L\u2019esprit au-del\u00e0 de la mission<\/em>, qui comprend une discussion sur le soutien par les pairs au sein de la communaut\u00e9 des v\u00e9t\u00e9rans et des familles.<\/p>\n<div class=\"vc_btn3-container vc_btn3-left\"><a class=\"vc_general vc_btn3 vc_btn3-size- vc_btn3-shape-rounded vc_btn3-style--secondaryBtn vc_btn3-color-grey btn--darkGreenText btn--gradientBG btn--darkGreenHoverText\" title=\"\u00c9couter maintenant\" href=\"https:\/\/atlasveterans.ca\/fr\/communaute\/balado\/episode-17-le-pouvoir-du-soutien-par-les-pairs\/\">\u00c9couter maintenant<\/a><\/div>\n<p>[\/vc_column_text][vc_column_text css=\u00a0\u00bb\u00a0\u00bb]<\/p>\n<h2 id=\"o\" class=\"text--lowercase\">Questions fr\u00e9quentes sur le soutien par les pairs<\/h2>\n<p>[\/vc_column_text][vc_tta_accordion color=\u00a0\u00bbblack\u00a0\u00bb c_icon=\u00a0\u00bbchevron\u00a0\u00bb active_section=\u00a0\u00bb0&Prime; collapsible_all=\u00a0\u00bbtrue\u00a0\u00bb][vc_tta_section title=\u00a0\u00bb\u00c0 quoi ressemble le soutien par les pairs?\u00a0\u00bb tab_id=\u00a0\u00bb1683656884469-1bf226d5-5183&Prime;][vc_column_text css=\u00a0\u00bb\u00a0\u00bb]Le soutien par les pairs est un vaste domaine et peut prendre diff\u00e9rentes formes selon les personnes qui l&rsquo;utilisent, le contexte et le format. Il existe une vari\u00e9t\u00e9 de programmes de soutien par les pairs, dont certains ne sont peut-\u00eatre pas disponibles pour vous. Vous pouvez pr\u00e9f\u00e9rer certains programmes \u00e0 d&rsquo;autres, en fonction de vos besoins et exp\u00e9riences uniques.<\/p>\n<p>Le soutien par les pairs peut \u00eatre\u00a0:<\/p>\n<ul>\n<li>Sp\u00e9cifique \u00e0 une identit\u00e9 (p.\u00a0ex. pour les v\u00e9t\u00e9rans ou les familles de v\u00e9t\u00e9rans) ou g\u00e9n\u00e9ral (pour le grand public)<\/li>\n<li>Informelle (p.\u00a0ex. offerte par des pairs non form\u00e9s de mani\u00e8re non structur\u00e9e) ou formelle (par exemple, offerte par des pairs form\u00e9s utilisant un cadre structur\u00e9)<\/li>\n<li>En milieu de travail (p.\u00a0ex. offert sur le lieu de travail) ou dans la communaut\u00e9 (par exemple, offert en dehors du lieu de travail)<\/li>\n<li>Individuel ou en groupe<\/li>\n<li>Fourni en ligne, en personne, par t\u00e9l\u00e9phone, au moyen d\u2019une application mobile ou en mode hybride<\/li>\n<li>Fr\u00e9quent (p.\u00a0ex. hebdomadaire ou mensuel) ou peu fr\u00e9quent (p.\u00a0ex. ponctuel)<\/li>\n<li>\u00c0 court terme (p.\u00a0ex. un mois) ou \u00e0 long terme (p.\u00a0ex. plus d\u2019un an)<\/li>\n<\/ul>\n<p>[\/vc_column_text][\/vc_tta_section][vc_tta_section title=\u00a0\u00bb\u00c0 quoi pouvez-vous vous attendre du soutien par les pairs?\u00a0\u00bb tab_id=\u00a0\u00bb1683656884478-ebe9fe6c-0552&Prime;][vc_column_text css=\u00a0\u00bb\u00a0\u00bb]Votre exp\u00e9rience du soutien par les pairs peut varier, mais il y a certaines choses auxquelles vous pouvez vous attendre lorsque vous recevez du soutien par les pairs.<\/p>\n<p>Voici ce qu\u2019implique le soutien par les pairs\u00a0:<\/p>\n<ul>\n<li>Empathie<\/li>\n<li>\u00c9coute active<\/li>\n<li>Validation et compr\u00e9hension<\/li>\n<li>Environnement s\u00e9curitaire et sans jugement<\/li>\n<li>Confiance et respect mutuels<\/li>\n<li>Sentiment de pouvoir, d\u2019efficacit\u00e9 personnelle et d\u2019autonomie<\/li>\n<\/ul>\n<p>[\/vc_column_text][\/vc_tta_section][vc_tta_section title=\u00a0\u00bbComment le soutien par les pairs peut-il aider?\u00a0\u00bb tab_id=\u00a0\u00bb1683656938212-be4a2afe-2a0a\u00a0\u00bb][vc_column_text css=\u00a0\u00bb\u00a0\u00bb]Le soutien par les pairs peut offrir divers avantages pour le bien-\u00eatre g\u00e9n\u00e9ral et le r\u00e9tablissement.<\/p>\n<p>Le soutien par les pairs peut vous aider avec une :<\/p>\n<ul>\n<li>Am\u00e9lioration du bien-\u00eatre \u00e9motionnel<\/li>\n<li>Am\u00e9lioration de la qualit\u00e9 de vie<\/li>\n<li>R\u00e9duction du sentiment d\u2019isolation social<\/li>\n<li>Augmentation des relations et des r\u00e9seaux sociaux de soutien<\/li>\n<li>R\u00e9duction de la stigmatisation et sentiment d\u2019\u00eatre compris<\/li>\n<li>Augmentation des capacit\u00e9s d\u2019adaptation et de la r\u00e9silience<\/li>\n<\/ul>\n<p>[\/vc_column_text][\/vc_tta_section][\/vc_tta_accordion][vc_column_text css=\u00a0\u00bb\u00a0\u00bb]<\/p>\n<h2 class=\"text--lowercase\">Trouver des services de soutien par les pairs<\/h2>\n<p>Le soutien par les pairs pour les v\u00e9t\u00e9rans vous int\u00e9resse, mais vous ne savez pas par o\u00f9 commencer? Consultez notre carte et notre r\u00e9pertoire interactifs des programmes de soutien par les pairs pour trouver des programmes et des services pr\u00e8s de chez vous. Le r\u00e9pertoire permet de chercher ce qui est offert aux v\u00e9t\u00e9rans et aux familles partout au Canada par emplacement, sujet, format, co\u00fbt, etc.[\/vc_column_text]<a href=\"https:\/\/atlasveterans.ca\/fr\/centre-de-connaissances\/repertoire-des-programmes-de-soutien-par-les-pairs\/\" target=\"_blank\" class=\"resourceItem resourceItem--simple resourceItem--webpage  wpb_content_element\"><div class=\"resourceItem__inner\"><h3 class=\"h4 resourceItem__title\">R\u00e9pertoire des programmes de soutien par les pairs<\/h3><\/div><\/a>[vc_column_text css=\u00a0\u00bb\u00a0\u00bb el_id=\u00a0\u00bbressources\u00a0\u00bb]<\/p>\n<h2 class=\"text--lowercase\">Ressources<\/h2>\n<p>Explorez les ressources suivantes qui visent \u00e0 aider les v\u00e9t\u00e9rans et leurs familles \u00e0 mieux comprendre le soutien par les pairs et le r\u00f4le qu&rsquo;il peut jouer dans le r\u00e9tablissement et la gu\u00e9rison.[\/vc_column_text]<a href=\"https:\/\/atlasveterans.ca\/documents\/peer-support-and-post-traumatic-stress-injuries-fr.pdf\" target=\"_blank\" class=\"resourceItem resourceItem--simple resourceItem--factsheet  wpb_content_element\"><div class=\"resourceItem__inner\"><h3 class=\"h4 resourceItem__title\">Soutien par les pairs et blessures de stress post-traumatique<\/h3><\/div><\/a>[vc_column_text css=\u00a0\u00bb\u00a0\u00bb el_id=\u00a0\u00bbld\u00a0\u00bb]<\/p>\n<h2 class=\"text--lowercase\">Lignes directrices en mati\u00e8re de soutien par les pairs<\/h2>\n<p>Vous cherchez \u00e0 am\u00e9liorer le programme de soutien par les pairs de votre organisation? Ou vous souhaitez mettre en place un programme de soutien par les pairs? Consultez les <em>Lignes directrices en mati\u00e8re de soutien par les pairs pour les v\u00e9t\u00e9rans, les militaires, le personnel de la s\u00e9curit\u00e9 publique et leur famille<\/em>, \u00e9labor\u00e9es en collaboration avec l&rsquo;Institut canadien de recherche et de traitement en s\u00e9curit\u00e9 publique (ICRTSP) et le R\u00e9seau communautaire de soutien par les pairs (RCSP) du Canada. Ces lignes directrices fournissent des conseils sur les meilleures pratiques \u00e0 adopter dans le cadre des programmes officiels de soutien par les pairs offerts sur le lieu de travail ou dans la communaut\u00e9.[\/vc_column_text][vc_btn title=\u00a0\u00bbD\u00e9couvrez les lignes directrices\u00a0\u00bb text_colour=\u00a0\u00bbdarkGreen\u00a0\u00bb effect_colour=\u00a0\u00bbgradient\u00a0\u00bb hover_text_colour=\u00a0\u00bbdarkGreen\u00a0\u00bb size=\u00a0\u00bb\u00a0\u00bb align=\u00a0\u00bbleft\u00a0\u00bb css=\u00a0\u00bb\u00a0\u00bb link=\u00a0\u00bburl:https%3A%2F%2Fatlasveterans.ca%2Ffr%2Fcentre-de-connaissances%2Fsoutien-par-les-pairs%2Flignes-directrices-en-matiere-de-soutien-par-les-pairs-pour-les-veterans-les-militaires-le-personnel-de-la-securite-publique-et-leur-famille%2F|title:D%C3%A9couvrez%20les%20lignes%20directrices\u00a0\u00bb][vc_column_text css=\u00a0\u00bb.vc_custom_1753192035712{background-color: #FFFFFF !important;}\u00a0\u00bb el_class=\u00a0\u00bbelement&#8211;smallPadding hide-peer-support-webinar-box\u00a0\u00bb]<strong>Joignez-vous \u00e0 nous<\/strong> le 17 septembre de 13 h \u00e0 14 h 30 (heure de l&rsquo;Est) pour un webinaire gratuit intitul\u00e9 l&rsquo;<i>Exploration des lignes directrices en mati\u00e8re de soutien par les pairs pour les v\u00e9t\u00e9rans, les militaires, le PSP et leur famille<\/i><\/p>\n<div class=\"vc_btn3-container vc_btn3-left\"><a class=\"vc_general vc_btn3 vc_btn3-size- vc_btn3-shape-rounded vc_btn3-style--secondaryBtn vc_btn3-color-grey btn--darkGreenText btn--gradientBG btn--darkGreenHoverText\" title=\"En savoir plus et s'inscrire\" href=\"https:\/\/atlasveterans.ca\/fr\/communaute\/activites\/webinaire-exploration-des-lignes-directrices-fondees-sur-des-donnees-probantes-en-matiere-de-soutien-par-les-pairs-pour-les-veterans-les-militaires-le-personnel-de-la-securite-publique-et-leur-fam\/\">En savoir plus et s&rsquo;inscrire<\/a><\/div>\n<p>[\/vc_column_text][vc_tta_accordion color=\u00a0\u00bbblack\u00a0\u00bb c_icon=\u00a0\u00bbchevron\u00a0\u00bb active_section=\u00a0\u00bb0&Prime; collapsible_all=\u00a0\u00bbtrue\u00a0\u00bb][vc_tta_section title=\u00a0\u00bbR\u00e9f\u00e9rences\u00a0\u00bb tab_id=\u00a0\u00bbr\u00a0\u00bb][vc_column_text]Burke, E., Pyle, M., Machin, K., Varese, F., &amp; Morrison, A. P. (2019). The effects of peer support on empowerment, self-efficacy, and internalized stigma: A narrative synthesis and meta-analysis. <em>Stigma and Health, 4<\/em>(3), 337\u2013356.<\/p>\n<p>Cyr, C., Mckee, H., O\u2019Hagan, M., &amp; Priest, R. (2016). <em>Making the case for peer support.<\/em> Mental Health Commission of Canada. <a href=\"https:\/\/www.mentalhealthcommission.ca\/wp-content\/uploads\/drupal\/2016-07\/MHCC_Making_the_Case_for_Peer_Support_2016_Eng.pdf\">mentalhealthcommission.ca\/wp-content\/uploads\/drupal\/2016-07\/MHCC_Making_the_Case_for_Peer_Support_2016_Eng.pdf<\/a><\/p>\n<p>Greden, J. F., Valenstein, M., Spinner, J., Blow, A., Gorman, L. A., Dalack, G. W., Marcus, S., &amp; Kees, M. (2010). Buddy-to-buddy, a citizen soldier peer support program to counteract stigma, PTSD, depression, and suicide. <em>Annals of the New York Academy of Sciences, 1208<\/em>(1), 90\u201397.<\/p>\n<p>Konigs, R. P. (2018). <em>Evidence brief: What are the core elements of peer support programs?<\/em> Centre for Addiction and Mental Health \u2014 Evidence Exchange Network. <a href=\"https:\/\/kmb.camh.ca\/api\/assets\/4113015f-571e-4281-8b11-399882117cc0\">kmb.camh.ca\/api\/assets\/4113015f-571e-4281-8b11-399882117cc0<\/a><\/p>\n<p>Mirbahaeddin, E., &amp; Chreim, S. (2022). A narrative review of factors influencing peer support role implementation in mental health systems: implications for research, policy and practice. <em>Administration and Policy in Mental Health and Mental Health Services Research<\/em>, 1-17.[\/vc_column_text][\/vc_tta_section][\/vc_tta_accordion][\/vc_column][vc_column width=\u00a0\u00bb1\/3&Prime; offset=\u00a0\u00bbvc_col-lg-offset-1&Prime;]<div class=\"stickyTOC\"><h7 class=\"stickyTOC__title\">ALLER \u00c0 LA SECTION :<\/h7><div class=\"stickyTOC__items\"><a class=\"stickyTOC__item\" href=\"#w\"><span>Qu\u2019est-ce que le soutien par les pairs?<\/span><\/a><a class=\"stickyTOC__item\" href=\"#o\"><span>Questions fr\u00e9quentes sur le soutien par les pairs<\/span><\/a><a class=\"stickyTOC__item\" href=\"#sp\"><span>Trouver des services de soutien par les pairs<\/span><\/a><a class=\"stickyTOC__item\" href=\"#ressources\"><span>Ressources<\/span><\/a><a class=\"stickyTOC__item\" href=\"#ld\"><span>Lignes directrices en mati\u00e8re de soutien par les pairs<\/span><\/a><a class=\"stickyTOC__item\" href=\"#r\"><span>R\u00e9f\u00e9rences<\/span><\/a><\/div><\/div>[\/vc_column][\/vc_row]<\/p>\n<\/div>","protected":false},"excerpt":{"rendered":"<p>[vc_row row_padding_top=\u00a0\u00bbregular\u00a0\u00bb row_padding_bottom=\u00a0\u00bbsmall\u00a0\u00bb el_class=\u00a0\u00bbstickyTOC__wrapper\u00a0\u00bb][vc_column width=\u00a0\u00bb2\/3&Prime; offset=\u00a0\u00bbvc_col-lg-7&Prime;][vc_column_text css=\u00a0\u00bb\u00a0\u00bb el_id=\u00a0\u00bbsp\u00a0\u00bb] Qu\u2019est-ce que le soutien par les pairs? Le soutien par les pairs est une relation bienveillante entre des personnes qui partagent des exp\u00e9riences personnelles et\/ou professionnelles pertinentes. On dit parfois que c&rsquo;est comme si quelqu&rsquo;un vous rencontrait l\u00e0 o\u00f9 vous en \u00eates et vous accompagnait dans votre&#8230;<\/p>\n","protected":false},"author":3,"featured_media":2290,"parent":1764,"menu_order":0,"comment_status":"closed","ping_status":"closed","template":"","meta":{"_acf_changed":false,"inline_featured_image":false,"footnotes":""},"categories":[],"tags":[],"class_list":["post-13824","page","type-page","status-publish","has-post-thumbnail","hentry","knowledge_area-soutien-par-les-pairs","knowledge_group-veterans-fr"],"acf":[],"yoast_head":"<!-- This site is optimized with the Yoast SEO plugin v27.3 - https:\/\/yoast.com\/product\/yoast-seo-wordpress\/ -->\n<title>Soutien par les pairs &#183; Institut Atlas pour les v\u00e9t\u00e9rans et leur famille<\/title>\n<meta name=\"robots\" content=\"index, follow, max-snippet:-1, max-image-preview:large, max-video-preview:-1\" \/>\n<link rel=\"canonical\" href=\"https:\/\/atlasveterans.ca\/fr\/centre-de-connaissances\/soutien-par-les-pairs\/\" \/>\n<meta property=\"og:locale\" content=\"fr_FR\" \/>\n<meta property=\"og:type\" content=\"article\" \/>\n<meta property=\"og:title\" content=\"Soutien par les pairs &#183; Institut Atlas pour les v\u00e9t\u00e9rans et leur famille\" \/>\n<meta property=\"og:description\" content=\"[vc_row row_padding_top=\u00a0\u00bbregular\u00a0\u00bb row_padding_bottom=\u00a0\u00bbsmall\u00a0\u00bb el_class=\u00a0\u00bbstickyTOC__wrapper\u00a0\u00bb][vc_column width=\u00a0\u00bb2\/3&Prime; offset=\u00a0\u00bbvc_col-lg-7&Prime;][vc_column_text css=\u00a0\u00bb\u00a0\u00bb el_id=\u00a0\u00bbsp\u00a0\u00bb] Qu\u2019est-ce que le soutien par les pairs? Le soutien par les pairs est une relation bienveillante entre des personnes qui partagent des exp\u00e9riences personnelles et\/ou professionnelles pertinentes. On dit parfois que c&rsquo;est comme si quelqu&rsquo;un vous rencontrait l\u00e0 o\u00f9 vous en \u00eates et vous accompagnait dans votre...\" \/>\n<meta property=\"og:url\" content=\"https:\/\/atlasveterans.ca\/fr\/centre-de-connaissances\/soutien-par-les-pairs\/\" \/>\n<meta property=\"og:site_name\" content=\"Institut Atlas pour les v\u00e9t\u00e9rans et leur famille\" \/>\n<meta property=\"article:publisher\" content=\"https:\/\/www.facebook.com\/atlasveteransca\" \/>\n<meta property=\"article:modified_time\" content=\"2025-10-29T13:04:27+00:00\" \/>\n<meta property=\"og:image\" content=\"https:\/\/atlasveterans.ca\/wp-content\/uploads\/2022\/03\/atlas-hero-generic.jpg\" \/>\n\t<meta property=\"og:image:width\" content=\"1600\" \/>\n\t<meta property=\"og:image:height\" content=\"345\" \/>\n\t<meta property=\"og:image:type\" content=\"image\/jpeg\" \/>\n<meta name=\"twitter:card\" content=\"summary_large_image\" \/>\n<meta name=\"twitter:site\" content=\"@atlasveteransca\" \/>\n<meta name=\"twitter:label1\" content=\"Dur\u00e9e de lecture estim\u00e9e\" \/>\n\t<meta name=\"twitter:data1\" content=\"5 minutes\" \/>\n<script type=\"application\/ld+json\" class=\"yoast-schema-graph\">{\"@context\":\"https:\\\/\\\/schema.org\",\"@graph\":[{\"@type\":\"WebPage\",\"@id\":\"https:\\\/\\\/atlasveterans.ca\\\/fr\\\/centre-de-connaissances\\\/soutien-par-les-pairs\\\/\",\"url\":\"https:\\\/\\\/atlasveterans.ca\\\/fr\\\/centre-de-connaissances\\\/soutien-par-les-pairs\\\/\",\"name\":\"Soutien par les pairs &#183; Institut Atlas pour les v\u00e9t\u00e9rans et leur famille\",\"isPartOf\":{\"@id\":\"https:\\\/\\\/atlasveterans.ca\\\/fr\\\/#website\"},\"primaryImageOfPage\":{\"@id\":\"https:\\\/\\\/atlasveterans.ca\\\/fr\\\/centre-de-connaissances\\\/soutien-par-les-pairs\\\/#primaryimage\"},\"image\":{\"@id\":\"https:\\\/\\\/atlasveterans.ca\\\/fr\\\/centre-de-connaissances\\\/soutien-par-les-pairs\\\/#primaryimage\"},\"thumbnailUrl\":\"https:\\\/\\\/atlasveterans.ca\\\/wp-content\\\/uploads\\\/2022\\\/03\\\/atlas-hero-generic.jpg\",\"datePublished\":\"2023-06-29T01:45:09+00:00\",\"dateModified\":\"2025-10-29T13:04:27+00:00\",\"breadcrumb\":{\"@id\":\"https:\\\/\\\/atlasveterans.ca\\\/fr\\\/centre-de-connaissances\\\/soutien-par-les-pairs\\\/#breadcrumb\"},\"inLanguage\":\"fr-FR\",\"potentialAction\":[{\"@type\":\"ReadAction\",\"target\":[\"https:\\\/\\\/atlasveterans.ca\\\/fr\\\/centre-de-connaissances\\\/soutien-par-les-pairs\\\/\"]}]},{\"@type\":\"ImageObject\",\"inLanguage\":\"fr-FR\",\"@id\":\"https:\\\/\\\/atlasveterans.ca\\\/fr\\\/centre-de-connaissances\\\/soutien-par-les-pairs\\\/#primaryimage\",\"url\":\"https:\\\/\\\/atlasveterans.ca\\\/wp-content\\\/uploads\\\/2022\\\/03\\\/atlas-hero-generic.jpg\",\"contentUrl\":\"https:\\\/\\\/atlasveterans.ca\\\/wp-content\\\/uploads\\\/2022\\\/03\\\/atlas-hero-generic.jpg\",\"width\":1600,\"height\":345},{\"@type\":\"BreadcrumbList\",\"@id\":\"https:\\\/\\\/atlasveterans.ca\\\/fr\\\/centre-de-connaissances\\\/soutien-par-les-pairs\\\/#breadcrumb\",\"itemListElement\":[{\"@type\":\"ListItem\",\"position\":1,\"name\":\"Institut Atlas pour les v\u00e9t\u00e9rans et leur famille\",\"item\":\"https:\\\/\\\/atlasveterans.ca\\\/fr\\\/\"},{\"@type\":\"ListItem\",\"position\":2,\"name\":\"Centre de connaissances\",\"item\":\"https:\\\/\\\/atlasveterans.ca\\\/fr\\\/centre-de-connaissances\\\/\"},{\"@type\":\"ListItem\",\"position\":3,\"name\":\"Soutien par les pairs\"}]},{\"@type\":\"WebSite\",\"@id\":\"https:\\\/\\\/atlasveterans.ca\\\/fr\\\/#website\",\"url\":\"https:\\\/\\\/atlasveterans.ca\\\/fr\\\/\",\"name\":\"Institut Atlas pour les v\u00e9t\u00e9rans et leur famille\",\"description\":\"Get resources, find support\",\"publisher\":{\"@id\":\"https:\\\/\\\/atlasveterans.ca\\\/fr\\\/#organization\"},\"potentialAction\":[{\"@type\":\"SearchAction\",\"target\":{\"@type\":\"EntryPoint\",\"urlTemplate\":\"https:\\\/\\\/atlasveterans.ca\\\/fr\\\/?s={search_term_string}\"},\"query-input\":{\"@type\":\"PropertyValueSpecification\",\"valueRequired\":true,\"valueName\":\"search_term_string\"}}],\"inLanguage\":\"fr-FR\"},{\"@type\":\"Organization\",\"@id\":\"https:\\\/\\\/atlasveterans.ca\\\/fr\\\/#organization\",\"name\":\"Atlas Institute For Veterans and Families\",\"url\":\"https:\\\/\\\/atlasveterans.ca\\\/fr\\\/\",\"logo\":{\"@type\":\"ImageObject\",\"inLanguage\":\"fr-FR\",\"@id\":\"https:\\\/\\\/atlasveterans.ca\\\/fr\\\/#\\\/schema\\\/logo\\\/image\\\/\",\"url\":\"https:\\\/\\\/atlasveterans.ca\\\/wp-content\\\/uploads\\\/2022\\\/03\\\/logo-withbg-eng-1.jpg\",\"contentUrl\":\"https:\\\/\\\/atlasveterans.ca\\\/wp-content\\\/uploads\\\/2022\\\/03\\\/logo-withbg-eng-1.jpg\",\"width\":800,\"height\":400,\"caption\":\"Atlas Institute For Veterans and Families\"},\"image\":{\"@id\":\"https:\\\/\\\/atlasveterans.ca\\\/fr\\\/#\\\/schema\\\/logo\\\/image\\\/\"},\"sameAs\":[\"https:\\\/\\\/www.facebook.com\\\/atlasveteransca\",\"https:\\\/\\\/x.com\\\/atlasveteransca\",\"https:\\\/\\\/www.instagram.com\\\/atlasveteransca\\\/\",\"https:\\\/\\\/www.linkedin.com\\\/company\\\/atlasveteransca\\\/\",\"https:\\\/\\\/www.youtube.com\\\/atlasveteransca\"]}]}<\/script>\n<!-- \/ Yoast SEO plugin. -->","yoast_head_json":{"title":"Soutien par les pairs &#183; Institut Atlas pour les v\u00e9t\u00e9rans et leur famille","robots":{"index":"index","follow":"follow","max-snippet":"max-snippet:-1","max-image-preview":"max-image-preview:large","max-video-preview":"max-video-preview:-1"},"canonical":"https:\/\/atlasveterans.ca\/fr\/centre-de-connaissances\/soutien-par-les-pairs\/","og_locale":"fr_FR","og_type":"article","og_title":"Soutien par les pairs &#183; Institut Atlas pour les v\u00e9t\u00e9rans et leur famille","og_description":"[vc_row row_padding_top=\u00a0\u00bbregular\u00a0\u00bb row_padding_bottom=\u00a0\u00bbsmall\u00a0\u00bb el_class=\u00a0\u00bbstickyTOC__wrapper\u00a0\u00bb][vc_column width=\u00a0\u00bb2\/3&Prime; offset=\u00a0\u00bbvc_col-lg-7&Prime;][vc_column_text css=\u00a0\u00bb\u00a0\u00bb el_id=\u00a0\u00bbsp\u00a0\u00bb] Qu\u2019est-ce que le soutien par les pairs? Le soutien par les pairs est une relation bienveillante entre des personnes qui partagent des exp\u00e9riences personnelles et\/ou professionnelles pertinentes. On dit parfois que c&rsquo;est comme si quelqu&rsquo;un vous rencontrait l\u00e0 o\u00f9 vous en \u00eates et vous accompagnait dans votre...","og_url":"https:\/\/atlasveterans.ca\/fr\/centre-de-connaissances\/soutien-par-les-pairs\/","og_site_name":"Institut Atlas pour les v\u00e9t\u00e9rans et leur famille","article_publisher":"https:\/\/www.facebook.com\/atlasveteransca","article_modified_time":"2025-10-29T13:04:27+00:00","og_image":[{"width":1600,"height":345,"url":"https:\/\/atlasveterans.ca\/wp-content\/uploads\/2022\/03\/atlas-hero-generic.jpg","type":"image\/jpeg"}],"twitter_card":"summary_large_image","twitter_site":"@atlasveteransca","twitter_misc":{"Dur\u00e9e de lecture estim\u00e9e":"5 minutes"},"schema":{"@context":"https:\/\/schema.org","@graph":[{"@type":"WebPage","@id":"https:\/\/atlasveterans.ca\/fr\/centre-de-connaissances\/soutien-par-les-pairs\/","url":"https:\/\/atlasveterans.ca\/fr\/centre-de-connaissances\/soutien-par-les-pairs\/","name":"Soutien par les pairs &#183; Institut Atlas pour les v\u00e9t\u00e9rans et leur famille","isPartOf":{"@id":"https:\/\/atlasveterans.ca\/fr\/#website"},"primaryImageOfPage":{"@id":"https:\/\/atlasveterans.ca\/fr\/centre-de-connaissances\/soutien-par-les-pairs\/#primaryimage"},"image":{"@id":"https:\/\/atlasveterans.ca\/fr\/centre-de-connaissances\/soutien-par-les-pairs\/#primaryimage"},"thumbnailUrl":"https:\/\/atlasveterans.ca\/wp-content\/uploads\/2022\/03\/atlas-hero-generic.jpg","datePublished":"2023-06-29T01:45:09+00:00","dateModified":"2025-10-29T13:04:27+00:00","breadcrumb":{"@id":"https:\/\/atlasveterans.ca\/fr\/centre-de-connaissances\/soutien-par-les-pairs\/#breadcrumb"},"inLanguage":"fr-FR","potentialAction":[{"@type":"ReadAction","target":["https:\/\/atlasveterans.ca\/fr\/centre-de-connaissances\/soutien-par-les-pairs\/"]}]},{"@type":"ImageObject","inLanguage":"fr-FR","@id":"https:\/\/atlasveterans.ca\/fr\/centre-de-connaissances\/soutien-par-les-pairs\/#primaryimage","url":"https:\/\/atlasveterans.ca\/wp-content\/uploads\/2022\/03\/atlas-hero-generic.jpg","contentUrl":"https:\/\/atlasveterans.ca\/wp-content\/uploads\/2022\/03\/atlas-hero-generic.jpg","width":1600,"height":345},{"@type":"BreadcrumbList","@id":"https:\/\/atlasveterans.ca\/fr\/centre-de-connaissances\/soutien-par-les-pairs\/#breadcrumb","itemListElement":[{"@type":"ListItem","position":1,"name":"Institut Atlas pour les v\u00e9t\u00e9rans et leur famille","item":"https:\/\/atlasveterans.ca\/fr\/"},{"@type":"ListItem","position":2,"name":"Centre de connaissances","item":"https:\/\/atlasveterans.ca\/fr\/centre-de-connaissances\/"},{"@type":"ListItem","position":3,"name":"Soutien par les pairs"}]},{"@type":"WebSite","@id":"https:\/\/atlasveterans.ca\/fr\/#website","url":"https:\/\/atlasveterans.ca\/fr\/","name":"Institut Atlas pour les v\u00e9t\u00e9rans et leur famille","description":"Get resources, find support","publisher":{"@id":"https:\/\/atlasveterans.ca\/fr\/#organization"},"potentialAction":[{"@type":"SearchAction","target":{"@type":"EntryPoint","urlTemplate":"https:\/\/atlasveterans.ca\/fr\/?s={search_term_string}"},"query-input":{"@type":"PropertyValueSpecification","valueRequired":true,"valueName":"search_term_string"}}],"inLanguage":"fr-FR"},{"@type":"Organization","@id":"https:\/\/atlasveterans.ca\/fr\/#organization","name":"Atlas Institute For Veterans and Families","url":"https:\/\/atlasveterans.ca\/fr\/","logo":{"@type":"ImageObject","inLanguage":"fr-FR","@id":"https:\/\/atlasveterans.ca\/fr\/#\/schema\/logo\/image\/","url":"https:\/\/atlasveterans.ca\/wp-content\/uploads\/2022\/03\/logo-withbg-eng-1.jpg","contentUrl":"https:\/\/atlasveterans.ca\/wp-content\/uploads\/2022\/03\/logo-withbg-eng-1.jpg","width":800,"height":400,"caption":"Atlas Institute For Veterans and Families"},"image":{"@id":"https:\/\/atlasveterans.ca\/fr\/#\/schema\/logo\/image\/"},"sameAs":["https:\/\/www.facebook.com\/atlasveteransca","https:\/\/x.com\/atlasveteransca","https:\/\/www.instagram.com\/atlasveteransca\/","https:\/\/www.linkedin.com\/company\/atlasveteransca\/","https:\/\/www.youtube.com\/atlasveteransca"]}]}},"_links":{"self":[{"href":"https:\/\/atlasveterans.ca\/fr\/wp-json\/wp\/v2\/pages\/13824","targetHints":{"allow":["GET"]}}],"collection":[{"href":"https:\/\/atlasveterans.ca\/fr\/wp-json\/wp\/v2\/pages"}],"about":[{"href":"https:\/\/atlasveterans.ca\/fr\/wp-json\/wp\/v2\/types\/page"}],"author":[{"embeddable":true,"href":"https:\/\/atlasveterans.ca\/fr\/wp-json\/wp\/v2\/users\/3"}],"replies":[{"embeddable":true,"href":"https:\/\/atlasveterans.ca\/fr\/wp-json\/wp\/v2\/comments?post=13824"}],"version-history":[{"count":4,"href":"https:\/\/atlasveterans.ca\/fr\/wp-json\/wp\/v2\/pages\/13824\/revisions"}],"predecessor-version":[{"id":27204,"href":"https:\/\/atlasveterans.ca\/fr\/wp-json\/wp\/v2\/pages\/13824\/revisions\/27204"}],"up":[{"embeddable":true,"href":"https:\/\/atlasveterans.ca\/fr\/wp-json\/wp\/v2\/pages\/1764"}],"wp:featuredmedia":[{"embeddable":true,"href":"https:\/\/atlasveterans.ca\/fr\/wp-json\/wp\/v2\/media\/2290"}],"wp:attachment":[{"href":"https:\/\/atlasveterans.ca\/fr\/wp-json\/wp\/v2\/media?parent=13824"}],"wp:term":[{"taxonomy":"category","embeddable":true,"href":"https:\/\/atlasveterans.ca\/fr\/wp-json\/wp\/v2\/categories?post=13824"},{"taxonomy":"post_tag","embeddable":true,"href":"https:\/\/atlasveterans.ca\/fr\/wp-json\/wp\/v2\/tags?post=13824"}],"curies":[{"name":"wp","href":"https:\/\/api.w.org\/{rel}","templated":true}]}}