{"id":14457,"date":"2023-08-08T10:05:34","date_gmt":"2023-08-08T14:05:34","guid":{"rendered":"https:\/\/atlasveterans.ca\/?page_id=14457"},"modified":"2025-10-26T14:51:13","modified_gmt":"2025-10-26T18:51:13","slug":"opportunites-de-financement-de-recherche","status":"publish","type":"page","link":"https:\/\/atlasveterans.ca\/fr\/recherche\/opportunites-de-financement-de-recherche\/","title":{"rendered":"Opportunit\u00e9s de financement de recherche"},"content":{"rendered":"<div class=\"wpb-content-wrapper\"><p>[vc_row row_padding_top=\u00a0\u00bbregular\u00a0\u00bb row_padding_bottom=\u00a0\u00bbextraSmall\u00a0\u00bb][vc_column][vc_column_text]L\u2019Institut\u00a0Atlas pour les v\u00e9t\u00e9rans et leur famille d\u00e9voile de nouvelles occasions de financement de recherche dans trois\u00a0domaines fondamentaux sp\u00e9cialement d\u00e9sign\u00e9s pour am\u00e9liorer la compr\u00e9hension et pour soutenir la sant\u00e9 mentale et le bien-\u00eatre des v\u00e9t\u00e9rans et de leur famille.<\/p>\n<p>Cette initiative s\u2019harmonise avec notre engagement continu \u00e0 accro\u00eetre les connaissances et \u00e0 renforcer les capacit\u00e9s de recherche dans le domaine de la sant\u00e9 mentale en travaillant directement avec la collectivit\u00e9. Ces travaux permettront de cerner des domaines d\u2019int\u00e9r\u00eat particuliers, de m\u00eame que des possibilit\u00e9s connexes.<\/p>\n<p>Le programme de financement, dirig\u00e9 par l\u2019\u00e9quipe des partenariats de recherche, contribue \u00e0 l\u2019objectif cl\u00e9 du plan strat\u00e9gique organisationnel d\u2019\u00e9tablir des relations de confiance et de favoriser la collaboration avec les chercheurs, ainsi qu\u2019avec des groupes de v\u00e9t\u00e9rans et de familles de v\u00e9t\u00e9rans de partout au Canada. Ultimement, il s\u2019agit d\u2019\u00e9tudier et de faire progresser constamment les questions de recherche li\u00e9es \u00e0 la sant\u00e9 et au bien-\u00eatre en red\u00e9finissant les concepts de traumatisme et de stress traumatique, tout en int\u00e9grant les exp\u00e9riences des minorit\u00e9s au sein des communaut\u00e9s de militaires et de v\u00e9t\u00e9rans.<\/p>\n<p>Nous aspirons \u00e0 proposer des occasions de financement \u00e9quitables, transparentes et concurrentielles tout en \u00e9largissant notre compr\u00e9hension des divers sujets li\u00e9s \u00e0 la sant\u00e9 mentale et au bien-\u00eatre des v\u00e9t\u00e9rans et de leur famille. Ce programme de financement souligne ainsi notre engagement \u00e0 encourager l\u2019innovation et la collaboration dans le milieu de la recherche.<\/p>\n<p>Les personnes qui pr\u00e9sentent une demande de financement au titre du programme seront appel\u00e9es \u00e0 d\u00e9montrer la mani\u00e8re dont leur projet s\u2019harmonise avec la mission globale de l\u2019Institut\u00a0Atlas. Une attention particuli\u00e8re sera accord\u00e9e aux r\u00e9percussions positives possibles de l\u2019initiative propos\u00e9e sur les communaut\u00e9s de v\u00e9t\u00e9rans et de familles de v\u00e9t\u00e9rans, ainsi qu\u2019\u00e0 la participation active de personnes ayant des exp\u00e9riences v\u00e9cues pass\u00e9es ou en cours tout au long du processus de recherche.<\/p>\n<p>Pour obtenir de plus amples renseignements sur le programme de financement, \u00e9crivez \u00e0 l\u2019\u00e9quipe des partenariats de recherche \u00e0 l\u2019adresse <a href=\"mailto:atlasresearch@theroyal.ca\">atlasresearch@theroyal.ca<\/a>.<\/p>\n<h2>Opportunit\u00e9s actuelles<\/h2>\n<p>[\/vc_column_text][\/vc_column][\/vc_row][vc_row row_padding_bottom=\u00a0\u00bbsmall\u00a0\u00bb][vc_column][vc_column_text css=\u00a0\u00bb\u00a0\u00bb]Il n&rsquo;y a pas d&rsquo;opportunit\u00e9s actuellement disponibles.[\/vc_column_text][vc_raw_html css=\u00a0\u00bb\u00a0\u00bb el_class=\u00a0\u00bbhide-this\u00a0\u00bb]JTNDYSUyMGhyZWYlM0QlMjJodHRwcyUzQSUyRiUyRmF0bGFzdmV0ZXJhbnMuY2ElMkZkb2N1bWVudHMlMkZyZXNlYXJjaCUyRnJmcCUyRmF0bGFzLTI1MjYtMDItZnIucGRmJTIyJTIwdGFyZ2V0JTNEJTIyX2JsYW5rJTIyJTIwY2xhc3MlM0QlMjJyZXNvdXJjZUl0ZW0lMjByZXNvdXJjZUl0ZW0tLXNpbXBsZSUyMHJlc291cmNlSXRlbS0tcmVwb3J0JTIwJTIwd3BiX2NvbnRlbnRfZWxlbWVudCUyMiUzRSUzQ2RpdiUyMGNsYXNzJTNEJTIycmVzb3VyY2VJdGVtX19pbm5lciUyMiUzRSUzQ2gzJTIwY2xhc3MlM0QlMjJoNCUyMHJlc291cmNlSXRlbV9fdGl0bGUlMjIlM0VBcHBlbCUyMHBvdXIlMjBsZXMlMjBkZW1hbmRlcyUyMGRlJTIwZmluYW5jZW1lbnQlMjAlM0ElMjBMZXMlMjBzb2lucyUyQyUyMGwlRTIlODAlOTlpbnRpbWl0JUMzJUE5JTIwZXQlMjBsYSUyMHNhbnQlQzMlQTklMjByZWxhdGlvbm5lbGxlJTIwZGFucyUyMGxlcyUyMGZhbWlsbGVzJTIwZGUlMjB2JUMzJUE5dCVDMyVBOXJhbnMlM0MlMkZoMyUzRSUzQyUyRmRpdiUzRSUzQyUyRmElM0UlMEElMEElM0NhJTIwaHJlZiUzRCUyMmh0dHBzJTNBJTJGJTJGd3d3Lm1ocmMtcnNtYy5jYSUyRnByaXgtZGUtcmVjaGVyY2hlLXJzbWMtYXRsYXMtMjAyNSUyMiUyMHRhcmdldCUzRCUyMl9ibGFuayUyMiUyMGNsYXNzJTNEJTIycmVzb3VyY2VJdGVtJTIwcmVzb3VyY2VJdGVtLS1zaW1wbGUlMjByZXNvdXJjZUl0ZW0tLXJlcG9ydCUyMCUyMHdwYl9jb250ZW50X2VsZW1lbnQlMjIlM0UlM0NkaXYlMjBjbGFzcyUzRCUyMnJlc291cmNlSXRlbV9faW5uZXIlMjIlM0UlM0NoMyUyMGNsYXNzJTNEJTIyaDQlMjByZXNvdXJjZUl0ZW1fX3RpdGxlJTIyJTNFQXBwZWwlMjBwb3VyJTIwbGVzJTIwZGVtYW5kZXMlMjBkZSUyMGZpbmFuY2VtZW50JTIwJTNBJTIwTGElMjByJUMzJUE5c2lsaWVuY2UlMjBkZXMlMjB2JUMzJUE5dCVDMyVBOXJhbnMlMjBhcHIlQzMlQThzJTIwbGUlMjBzZXJ2aWNlJTIwZXQlMjBsYSUyMHJlY29uc3RydWN0aW9uJTIwZGUlMjBsZXVyJTIwaWRlbnRpdCVDMyVBOSUyMCUyOGVuJTIwcGFydGVuYXJpYXQlMjBhdmVjJTIwUmVjaGVyY2hlJTIwZW4lMjBzYW50JUMzJUE5JTIwbWVudGFsZSUyMENhbmFkYSUyOSUzQyUyRmgzJTNFJTNDJTJGZGl2JTNFJTNDJTJGYSUzRSUwQSUwQSUzQ2ElMjBocmVmJTNEJTIyaHR0cHMlM0ElMkYlMkZhdGxhc3ZldGVyYW5zLmNhJTJGZG9jdW1lbnRzJTJGcmVzZWFyY2glMkZyZnAlMkZhdGxhcy0yNTI2LTAzLWZyLnBkZiUyMiUyMHRhcmdldCUzRCUyMl9ibGFuayUyMiUyMGNsYXNzJTNEJTIycmVzb3VyY2VJdGVtJTIwcmVzb3VyY2VJdGVtLS1zaW1wbGUlMjByZXNvdXJjZUl0ZW0tLXJlcG9ydCUyMCUyMHdwYl9jb250ZW50X2VsZW1lbnQlMjIlM0UlM0NkaXYlMjBjbGFzcyUzRCUyMnJlc291cmNlSXRlbV9faW5uZXIlMjIlM0UlM0NoMyUyMGNsYXNzJTNEJTIyaDQlMjByZXNvdXJjZUl0ZW1fX3RpdGxlJTIyJTNFQXBwZWwlMjBwb3VyJTIwbGVzJTIwZGVtYW5kZXMlMjBkZSUyMGZpbmFuY2VtZW50JTIwJTNBJTIwTGVzJTIwciVDMyVBOXBlcmN1c3Npb25zJTIwZGVzJTIwcHIlQzMlQTlqdWRpY2VzJTIwbW9yYXV4JTIwcHJvZmVzc2lvbm5lbHMlMjBjaGV6JTIwbGVzJTIwbWVtYnJlcyUyMGRlJTIwbGElMjBHUkMlMjBhcHIlQzMlQThzJTIwbGV1ciUyMHNlcnZpY2UlM0MlMkZoMyUzRSUzQyUyRmRpdiUzRSUzQyUyRmElM0UlMEElMEElMEElMEElMEE=[\/vc_raw_html][\/vc_column][\/vc_row][vc_row row_padding_top=\u00a0\u00bbextraSmall\u00a0\u00bb row_padding_bottom=\u00a0\u00bbregular\u00a0\u00bb el_class=\u00a0\u00bbhide-this\u00a0\u00bb][vc_column][vc_column_text css=\u00a0\u00bb\u00a0\u00bb]<\/p>\n<h2>Processus d\u2019application<\/h2>\n<h3>Documents\u00a0:<\/h3>\n<ul>\n<li><a href=\"https:\/\/atlasveterans.ca\/documents\/research\/rfp\/rfp-guidelines-f.pdf\" target=\"_blank\" rel=\"noopener\">Lignes directrices pour les demandes de propositions<\/a><\/li>\n<li><a href=\"https:\/\/atlasveterans.ca\/fr\/notre-approche\/mobilisation-de-la-communaute\/engager-les-veterans-leurs-familles-et-les-intervenants-pour-ameliorer-les-soins-de-sante-mentale-et-les-resultats-pour-la-communaute-des-veterans\/\" target=\"_blank\" rel=\"noopener\">Lignes directrices d\u2019engagement<\/a><\/li>\n<\/ul>\n<h3>Comment soumettre une demande\u00a0:<\/h3>\n<ul>\n<li>L\u2019Institut Atlas utilise une proc\u00e9dure de candidature par courrier \u00e9lectronique. Veuillez envoyer vos\u00a0<em>demandes de financement<\/em> \u00e0\u00a0<a href=\"mailto:atlasresearch@theroyal.ca\">atlasresearch@theroyal.ca<\/a><\/li>\n<li><a href=\"https:\/\/atlasveterans.ca\/documents\/research\/rfp\/full-application-for-funding-f.pdf\" target=\"_blank\" rel=\"noopener\">Formulaire de <em>Demande de financement<\/em><\/a><\/li>\n<li><a href=\"https:\/\/atlasveterans.ca\/documents\/research\/rfp\/scoring-criteria-f.pdf\" target=\"_blank\" rel=\"noopener\">Crit\u00e8res de notation<\/a><\/li>\n<li><a href=\"https:\/\/atlasveterans.ca\/documents\/research\/rfp\/budget-template-f.xlsx\">Lien vers formulaire de budget<\/a><\/li>\n<\/ul>\n<p>[\/vc_column_text][\/vc_column][\/vc_row]<\/p>\n<\/div>","protected":false},"excerpt":{"rendered":"<p>[vc_row row_padding_top=\u00a0\u00bbregular\u00a0\u00bb row_padding_bottom=\u00a0\u00bbextraSmall\u00a0\u00bb][vc_column][vc_column_text]L\u2019Institut\u00a0Atlas pour les v\u00e9t\u00e9rans et leur famille d\u00e9voile de nouvelles occasions de financement de recherche dans trois\u00a0domaines fondamentaux sp\u00e9cialement d\u00e9sign\u00e9s pour am\u00e9liorer la compr\u00e9hension et pour soutenir la sant\u00e9 mentale et le bien-\u00eatre des v\u00e9t\u00e9rans et de leur famille. Cette initiative s\u2019harmonise avec notre engagement continu \u00e0 accro\u00eetre les connaissances et \u00e0 renforcer&#8230;<\/p>\n","protected":false},"author":3,"featured_media":14463,"parent":1971,"menu_order":0,"comment_status":"closed","ping_status":"closed","template":"","meta":{"_acf_changed":false,"inline_featured_image":false,"footnotes":""},"categories":[],"tags":[],"class_list":["post-14457","page","type-page","status-publish","has-post-thumbnail","hentry","knowledge_area-sante-mentale"],"acf":[],"yoast_head":"<!-- This site is optimized with the Yoast SEO plugin v27.2 - https:\/\/yoast.com\/product\/yoast-seo-wordpress\/ -->\n<title>Opportunit\u00e9s de financement de recherche &#183; Institut Atlas pour les v\u00e9t\u00e9rans et leur famille<\/title>\n<meta name=\"robots\" content=\"index, follow, max-snippet:-1, max-image-preview:large, max-video-preview:-1\" \/>\n<link rel=\"canonical\" href=\"https:\/\/atlasveterans.ca\/fr\/recherche\/opportunites-de-financement-de-recherche\/\" \/>\n<meta property=\"og:locale\" content=\"fr_FR\" \/>\n<meta property=\"og:type\" content=\"article\" \/>\n<meta property=\"og:title\" content=\"Opportunit\u00e9s de financement de recherche &#183; Institut Atlas pour les v\u00e9t\u00e9rans et leur famille\" \/>\n<meta property=\"og:description\" content=\"[vc_row row_padding_top=\u00a0\u00bbregular\u00a0\u00bb row_padding_bottom=\u00a0\u00bbextraSmall\u00a0\u00bb][vc_column][vc_column_text]L\u2019Institut\u00a0Atlas pour les v\u00e9t\u00e9rans et leur famille d\u00e9voile de nouvelles occasions de financement de recherche dans trois\u00a0domaines fondamentaux sp\u00e9cialement d\u00e9sign\u00e9s pour am\u00e9liorer la compr\u00e9hension et pour soutenir la sant\u00e9 mentale et le bien-\u00eatre des v\u00e9t\u00e9rans et de leur famille. Cette initiative s\u2019harmonise avec notre engagement continu \u00e0 accro\u00eetre les connaissances et \u00e0 renforcer...\" \/>\n<meta property=\"og:url\" content=\"https:\/\/atlasveterans.ca\/fr\/recherche\/opportunites-de-financement-de-recherche\/\" \/>\n<meta property=\"og:site_name\" content=\"Institut Atlas pour les v\u00e9t\u00e9rans et leur famille\" \/>\n<meta property=\"article:publisher\" content=\"https:\/\/www.facebook.com\/atlasveteransca\" \/>\n<meta property=\"article:modified_time\" content=\"2025-10-26T18:51:13+00:00\" \/>\n<meta property=\"og:image\" content=\"https:\/\/atlasveterans.ca\/wp-content\/uploads\/2023\/08\/research-funding-opportunities-with-gradient.png\" \/>\n\t<meta property=\"og:image:width\" content=\"1600\" \/>\n\t<meta property=\"og:image:height\" content=\"900\" \/>\n\t<meta property=\"og:image:type\" content=\"image\/png\" \/>\n<meta name=\"twitter:card\" content=\"summary_large_image\" \/>\n<meta name=\"twitter:site\" content=\"@atlasveteransca\" \/>\n<meta name=\"twitter:label1\" content=\"Dur\u00e9e de lecture estim\u00e9e\" \/>\n\t<meta name=\"twitter:data1\" content=\"2 minutes\" \/>\n<script type=\"application\/ld+json\" class=\"yoast-schema-graph\">{\"@context\":\"https:\/\/schema.org\",\"@graph\":[{\"@type\":\"WebPage\",\"@id\":\"https:\/\/atlasveterans.ca\/fr\/recherche\/opportunites-de-financement-de-recherche\/\",\"url\":\"https:\/\/atlasveterans.ca\/fr\/recherche\/opportunites-de-financement-de-recherche\/\",\"name\":\"Opportunit\u00e9s de financement de recherche &#183; Institut Atlas pour les v\u00e9t\u00e9rans et leur famille\",\"isPartOf\":{\"@id\":\"https:\/\/atlasveterans.ca\/fr\/#website\"},\"primaryImageOfPage\":{\"@id\":\"https:\/\/atlasveterans.ca\/fr\/recherche\/opportunites-de-financement-de-recherche\/#primaryimage\"},\"image\":{\"@id\":\"https:\/\/atlasveterans.ca\/fr\/recherche\/opportunites-de-financement-de-recherche\/#primaryimage\"},\"thumbnailUrl\":\"https:\/\/atlasveterans.ca\/wp-content\/uploads\/2023\/08\/research-funding-opportunities-with-gradient.png\",\"datePublished\":\"2023-08-08T14:05:34+00:00\",\"dateModified\":\"2025-10-26T18:51:13+00:00\",\"breadcrumb\":{\"@id\":\"https:\/\/atlasveterans.ca\/fr\/recherche\/opportunites-de-financement-de-recherche\/#breadcrumb\"},\"inLanguage\":\"fr-FR\",\"potentialAction\":[{\"@type\":\"ReadAction\",\"target\":[\"https:\/\/atlasveterans.ca\/fr\/recherche\/opportunites-de-financement-de-recherche\/\"]}]},{\"@type\":\"ImageObject\",\"inLanguage\":\"fr-FR\",\"@id\":\"https:\/\/atlasveterans.ca\/fr\/recherche\/opportunites-de-financement-de-recherche\/#primaryimage\",\"url\":\"https:\/\/atlasveterans.ca\/wp-content\/uploads\/2023\/08\/research-funding-opportunities-with-gradient.png\",\"contentUrl\":\"https:\/\/atlasveterans.ca\/wp-content\/uploads\/2023\/08\/research-funding-opportunities-with-gradient.png\",\"width\":1600,\"height\":900},{\"@type\":\"BreadcrumbList\",\"@id\":\"https:\/\/atlasveterans.ca\/fr\/recherche\/opportunites-de-financement-de-recherche\/#breadcrumb\",\"itemListElement\":[{\"@type\":\"ListItem\",\"position\":1,\"name\":\"Institut Atlas pour les v\u00e9t\u00e9rans et leur famille\",\"item\":\"https:\/\/atlasveterans.ca\/fr\/\"},{\"@type\":\"ListItem\",\"position\":2,\"name\":\"Travaux de recherche\",\"item\":\"https:\/\/atlasveterans.ca\/fr\/recherche\/\"},{\"@type\":\"ListItem\",\"position\":3,\"name\":\"Opportunit\u00e9s de financement de recherche\"}]},{\"@type\":\"WebSite\",\"@id\":\"https:\/\/atlasveterans.ca\/fr\/#website\",\"url\":\"https:\/\/atlasveterans.ca\/fr\/\",\"name\":\"Institut Atlas pour les v\u00e9t\u00e9rans et leur famille\",\"description\":\"Get resources, find support\",\"publisher\":{\"@id\":\"https:\/\/atlasveterans.ca\/fr\/#organization\"},\"potentialAction\":[{\"@type\":\"SearchAction\",\"target\":{\"@type\":\"EntryPoint\",\"urlTemplate\":\"https:\/\/atlasveterans.ca\/fr\/?s={search_term_string}\"},\"query-input\":{\"@type\":\"PropertyValueSpecification\",\"valueRequired\":true,\"valueName\":\"search_term_string\"}}],\"inLanguage\":\"fr-FR\"},{\"@type\":\"Organization\",\"@id\":\"https:\/\/atlasveterans.ca\/fr\/#organization\",\"name\":\"Atlas Institute For Veterans and Families\",\"url\":\"https:\/\/atlasveterans.ca\/fr\/\",\"logo\":{\"@type\":\"ImageObject\",\"inLanguage\":\"fr-FR\",\"@id\":\"https:\/\/atlasveterans.ca\/fr\/#\/schema\/logo\/image\/\",\"url\":\"https:\/\/atlasveterans.ca\/wp-content\/uploads\/2022\/03\/logo-withbg-eng-1.jpg\",\"contentUrl\":\"https:\/\/atlasveterans.ca\/wp-content\/uploads\/2022\/03\/logo-withbg-eng-1.jpg\",\"width\":800,\"height\":400,\"caption\":\"Atlas Institute For Veterans and Families\"},\"image\":{\"@id\":\"https:\/\/atlasveterans.ca\/fr\/#\/schema\/logo\/image\/\"},\"sameAs\":[\"https:\/\/www.facebook.com\/atlasveteransca\",\"https:\/\/x.com\/atlasveteransca\",\"https:\/\/www.instagram.com\/atlasveteransca\/\",\"https:\/\/www.linkedin.com\/company\/atlasveteransca\/\",\"https:\/\/www.youtube.com\/atlasveteransca\"]}]}<\/script>\n<!-- \/ Yoast SEO plugin. -->","yoast_head_json":{"title":"Opportunit\u00e9s de financement de recherche &#183; Institut Atlas pour les v\u00e9t\u00e9rans et leur famille","robots":{"index":"index","follow":"follow","max-snippet":"max-snippet:-1","max-image-preview":"max-image-preview:large","max-video-preview":"max-video-preview:-1"},"canonical":"https:\/\/atlasveterans.ca\/fr\/recherche\/opportunites-de-financement-de-recherche\/","og_locale":"fr_FR","og_type":"article","og_title":"Opportunit\u00e9s de financement de recherche &#183; Institut Atlas pour les v\u00e9t\u00e9rans et leur famille","og_description":"[vc_row row_padding_top=\u00a0\u00bbregular\u00a0\u00bb row_padding_bottom=\u00a0\u00bbextraSmall\u00a0\u00bb][vc_column][vc_column_text]L\u2019Institut\u00a0Atlas pour les v\u00e9t\u00e9rans et leur famille d\u00e9voile de nouvelles occasions de financement de recherche dans trois\u00a0domaines fondamentaux sp\u00e9cialement d\u00e9sign\u00e9s pour am\u00e9liorer la compr\u00e9hension et pour soutenir la sant\u00e9 mentale et le bien-\u00eatre des v\u00e9t\u00e9rans et de leur famille. Cette initiative s\u2019harmonise avec notre engagement continu \u00e0 accro\u00eetre les connaissances et \u00e0 renforcer...","og_url":"https:\/\/atlasveterans.ca\/fr\/recherche\/opportunites-de-financement-de-recherche\/","og_site_name":"Institut Atlas pour les v\u00e9t\u00e9rans et leur famille","article_publisher":"https:\/\/www.facebook.com\/atlasveteransca","article_modified_time":"2025-10-26T18:51:13+00:00","og_image":[{"width":1600,"height":900,"url":"https:\/\/atlasveterans.ca\/wp-content\/uploads\/2023\/08\/research-funding-opportunities-with-gradient.png","type":"image\/png"}],"twitter_card":"summary_large_image","twitter_site":"@atlasveteransca","twitter_misc":{"Dur\u00e9e de lecture estim\u00e9e":"2 minutes"},"schema":{"@context":"https:\/\/schema.org","@graph":[{"@type":"WebPage","@id":"https:\/\/atlasveterans.ca\/fr\/recherche\/opportunites-de-financement-de-recherche\/","url":"https:\/\/atlasveterans.ca\/fr\/recherche\/opportunites-de-financement-de-recherche\/","name":"Opportunit\u00e9s de financement de recherche &#183; Institut Atlas pour les v\u00e9t\u00e9rans et leur famille","isPartOf":{"@id":"https:\/\/atlasveterans.ca\/fr\/#website"},"primaryImageOfPage":{"@id":"https:\/\/atlasveterans.ca\/fr\/recherche\/opportunites-de-financement-de-recherche\/#primaryimage"},"image":{"@id":"https:\/\/atlasveterans.ca\/fr\/recherche\/opportunites-de-financement-de-recherche\/#primaryimage"},"thumbnailUrl":"https:\/\/atlasveterans.ca\/wp-content\/uploads\/2023\/08\/research-funding-opportunities-with-gradient.png","datePublished":"2023-08-08T14:05:34+00:00","dateModified":"2025-10-26T18:51:13+00:00","breadcrumb":{"@id":"https:\/\/atlasveterans.ca\/fr\/recherche\/opportunites-de-financement-de-recherche\/#breadcrumb"},"inLanguage":"fr-FR","potentialAction":[{"@type":"ReadAction","target":["https:\/\/atlasveterans.ca\/fr\/recherche\/opportunites-de-financement-de-recherche\/"]}]},{"@type":"ImageObject","inLanguage":"fr-FR","@id":"https:\/\/atlasveterans.ca\/fr\/recherche\/opportunites-de-financement-de-recherche\/#primaryimage","url":"https:\/\/atlasveterans.ca\/wp-content\/uploads\/2023\/08\/research-funding-opportunities-with-gradient.png","contentUrl":"https:\/\/atlasveterans.ca\/wp-content\/uploads\/2023\/08\/research-funding-opportunities-with-gradient.png","width":1600,"height":900},{"@type":"BreadcrumbList","@id":"https:\/\/atlasveterans.ca\/fr\/recherche\/opportunites-de-financement-de-recherche\/#breadcrumb","itemListElement":[{"@type":"ListItem","position":1,"name":"Institut Atlas pour les v\u00e9t\u00e9rans et leur famille","item":"https:\/\/atlasveterans.ca\/fr\/"},{"@type":"ListItem","position":2,"name":"Travaux de recherche","item":"https:\/\/atlasveterans.ca\/fr\/recherche\/"},{"@type":"ListItem","position":3,"name":"Opportunit\u00e9s de financement de recherche"}]},{"@type":"WebSite","@id":"https:\/\/atlasveterans.ca\/fr\/#website","url":"https:\/\/atlasveterans.ca\/fr\/","name":"Institut Atlas pour les v\u00e9t\u00e9rans et leur famille","description":"Get resources, find support","publisher":{"@id":"https:\/\/atlasveterans.ca\/fr\/#organization"},"potentialAction":[{"@type":"SearchAction","target":{"@type":"EntryPoint","urlTemplate":"https:\/\/atlasveterans.ca\/fr\/?s={search_term_string}"},"query-input":{"@type":"PropertyValueSpecification","valueRequired":true,"valueName":"search_term_string"}}],"inLanguage":"fr-FR"},{"@type":"Organization","@id":"https:\/\/atlasveterans.ca\/fr\/#organization","name":"Atlas Institute For Veterans and Families","url":"https:\/\/atlasveterans.ca\/fr\/","logo":{"@type":"ImageObject","inLanguage":"fr-FR","@id":"https:\/\/atlasveterans.ca\/fr\/#\/schema\/logo\/image\/","url":"https:\/\/atlasveterans.ca\/wp-content\/uploads\/2022\/03\/logo-withbg-eng-1.jpg","contentUrl":"https:\/\/atlasveterans.ca\/wp-content\/uploads\/2022\/03\/logo-withbg-eng-1.jpg","width":800,"height":400,"caption":"Atlas Institute For Veterans and Families"},"image":{"@id":"https:\/\/atlasveterans.ca\/fr\/#\/schema\/logo\/image\/"},"sameAs":["https:\/\/www.facebook.com\/atlasveteransca","https:\/\/x.com\/atlasveteransca","https:\/\/www.instagram.com\/atlasveteransca\/","https:\/\/www.linkedin.com\/company\/atlasveteransca\/","https:\/\/www.youtube.com\/atlasveteransca"]}]}},"_links":{"self":[{"href":"https:\/\/atlasveterans.ca\/fr\/wp-json\/wp\/v2\/pages\/14457","targetHints":{"allow":["GET"]}}],"collection":[{"href":"https:\/\/atlasveterans.ca\/fr\/wp-json\/wp\/v2\/pages"}],"about":[{"href":"https:\/\/atlasveterans.ca\/fr\/wp-json\/wp\/v2\/types\/page"}],"author":[{"embeddable":true,"href":"https:\/\/atlasveterans.ca\/fr\/wp-json\/wp\/v2\/users\/3"}],"replies":[{"embeddable":true,"href":"https:\/\/atlasveterans.ca\/fr\/wp-json\/wp\/v2\/comments?post=14457"}],"version-history":[{"count":5,"href":"https:\/\/atlasveterans.ca\/fr\/wp-json\/wp\/v2\/pages\/14457\/revisions"}],"predecessor-version":[{"id":27062,"href":"https:\/\/atlasveterans.ca\/fr\/wp-json\/wp\/v2\/pages\/14457\/revisions\/27062"}],"up":[{"embeddable":true,"href":"https:\/\/atlasveterans.ca\/fr\/wp-json\/wp\/v2\/pages\/1971"}],"wp:featuredmedia":[{"embeddable":true,"href":"https:\/\/atlasveterans.ca\/fr\/wp-json\/wp\/v2\/media\/14463"}],"wp:attachment":[{"href":"https:\/\/atlasveterans.ca\/fr\/wp-json\/wp\/v2\/media?parent=14457"}],"wp:term":[{"taxonomy":"category","embeddable":true,"href":"https:\/\/atlasveterans.ca\/fr\/wp-json\/wp\/v2\/categories?post=14457"},{"taxonomy":"post_tag","embeddable":true,"href":"https:\/\/atlasveterans.ca\/fr\/wp-json\/wp\/v2\/tags?post=14457"}],"curies":[{"name":"wp","href":"https:\/\/api.w.org\/{rel}","templated":true}]}}