{"id":1453,"date":"2022-03-01T13:24:46","date_gmt":"2022-03-01T18:24:46","guid":{"rendered":"https:\/\/atlasveterans.ca\/notre-histoire\/"},"modified":"2025-12-08T14:15:08","modified_gmt":"2025-12-08T19:15:08","slug":"notre-histoire","status":"publish","type":"page","link":"https:\/\/atlasveterans.ca\/fr\/notre-histoire\/","title":{"rendered":"Notre histoire"},"content":{"rendered":"<div class=\"wpb-content-wrapper\"><p>[vc_section full_width=\u00a0\u00bbstretch_row\u00a0\u00bb el_class=\u00a0\u00bbsection&#8211;hasBG\u00a0\u00bb css=\u00a0\u00bb.vc_custom_1646158893470{background-image: url(https:\/\/atlasveterans.ca\/wp-content\/uploads\/2022\/02\/Atlas-TopFold-Search-Pattern-Desktop-2.jpg?id=113) !important;}\u00a0\u00bb][vc_row row_padding_top=\u00a0\u00bbregular\u00a0\u00bb row_padding_bottom=\u00a0\u00bblarge\u00a0\u00bb el_class=\u00a0\u00bbelement&#8211;whiteText\u00a0\u00bb][vc_column]<div class=\"breadcrumbs breadcrumbs--white\"><span><span><a href=\"https:\/\/atlasveterans.ca\/fr\/\"><i class=\"fas fa-house breadcrumbs__home\" title=\"Accueil\"><\/i><\/a><\/span><\/span><\/div>[vc_column_text]<\/p>\n<h1>Notre histoire<\/h1>\n<p class=\"h3 h3--lowercase\"><span style=\"color: #d0d2d3;\">Les v\u00e9t\u00e9rans des Forces arm\u00e9es canadiennes et de la Gendarmerie royale du Canada affrontent avec abn\u00e9gation l\u2019adversit\u00e9 et les dangers. Ils se donnent enti\u00e8rement \u00e0 leur pays et remplissent des missions avec courage, loyaut\u00e9 et d\u00e9termination.<\/span><\/p>\n<p>[\/vc_column_text][\/vc_column][\/vc_row][\/vc_section][vc_row row_padding_bottom=\u00a0\u00bbsmall\u00a0\u00bb el_class=\u00a0\u00bbrow&#8211;pushUp\u00a0\u00bb][vc_column][vc_video link=\u00a0\u00bbhttps:\/\/vimeo.com\/857231399&Prime;][\/vc_column][\/vc_row][vc_row row_padding_bottom=\u00a0\u00bbsmall\u00a0\u00bb][vc_column offset=\u00a0\u00bbvc_col-lg-offset-3 vc_col-lg-6 vc_col-md-offset-2 vc_col-md-8&Prime;][vc_column_text css=\u00a0\u00bb\u00a0\u00bb el_class=\u00a0\u00bbelement&#8211;fullWidthText\u00a0\u00bb]<\/p>\n<h2>Le service qu\u2019ils m\u00e9ritent<\/h2>\n<p>Les Canadiens doivent comprendre \u00e0 quel point le service engendre des facteurs de stress physique, psychologique et affectif. Le fardeau du r\u00e9tablissement ne devrait pas incomber uniquement aux v\u00e9t\u00e9rans et \u00e0 leur famille. Ces derniers r\u00e9clament depuis longtemps l\u2019acc\u00e8s \u00e0 des mesures de soutien et \u00e0 des soins s\u00e9curitaires et ad\u00e9quats en vue de favoriser leur sant\u00e9 et leur bien-\u00eatre \u00e0 long terme.<\/p>\n<p>C\u2019est pr\u00e9cis\u00e9ment cette n\u00e9cessit\u00e9 d\u2019agir qui est la raison d\u2019\u00eatre de l\u2019Institut Atlas pour les v\u00e9t\u00e9rans et leur famille. Nous travaillons avec les v\u00e9t\u00e9rans, les familles, les fournisseurs de services ainsi que les chercheurs pour combler le foss\u00e9 entre la recherche et la pratique afin que les v\u00e9t\u00e9rans et leur famille aient acc\u00e8s aux meilleures mesures de soutien et aux meilleurs soins possibles en sant\u00e9 mentale.<\/p>\n<h2>Par les v\u00e9t\u00e9rans et leur famille, et pour les v\u00e9t\u00e9rans et leur famille<\/h2>\n<p>Les v\u00e9t\u00e9rans et leur famille sont fatigu\u00e9s et frustr\u00e9s. Le statu quo ne leur suffit plus, et nous endossons cette v\u00e9rit\u00e9.<\/p>\n<p>La r\u00e9alit\u00e9 v\u00e9cue par les v\u00e9t\u00e9rans et leur famille constitue la pierre d\u2019assise de nos travaux de recherche. Ce sont pr\u00e9cis\u00e9ment les personnes que nous servons qui, par l\u2019entremise de nos \u00e9tudes, de notre groupe de r\u00e9f\u00e9rence strat\u00e9gique, de nos comit\u00e9s consultatifs et d\u2019autres r\u00e9seaux, influencent nos initiatives de recherche et les renseignements que nous diffusons.<\/p>\n<h2>Notre identit\u00e9<\/h2>\n<p>\u00c9tablis sous le nom de Centre d\u2019excellence sur le trouble de stress post-traumatique et les troubles de sant\u00e9 mentale par l\u2019entremise de la lettre de mandat du 12 novembre 2015 du ministre des Anciens Combattants, nous sommes devenus l\u2019Institut Atlas pour les v\u00e9t\u00e9rans et leur famille en 2022.<\/p>\n<p>Notre appellation souligne notre approche organisationnelle, qui est ax\u00e9e sur les v\u00e9t\u00e9rans et leur famille. En somme, \u00ab Atlas \u00bb est l\u2019incarnation de notre objectif premier : veiller \u00e0 ce que tous les v\u00e9t\u00e9rans des FAC et de la GRC ainsi que leur famille aient acc\u00e8s \u00e0 des avantages, \u00e0 des ressources et \u00e0 des services de soutien s\u00e9curitaires et ad\u00e9quats susceptibles de pr\u00e9server la dignit\u00e9 et l\u2019identit\u00e9, de nourrir l\u2019espoir, de favoriser les relations, de profiter \u00e0 la collectivit\u00e9, et d\u2019am\u00e9liorer la sant\u00e9 et le bien-\u00eatre.<\/p>\n<p>M\u00eame si notre r\u00e9seau et nos activit\u00e9s de recherche ont connu une formidable croissance, notre objectif est rest\u00e9 le m\u00eame : donner la priorit\u00e9 au bien-\u00eatre des v\u00e9t\u00e9rans et de leur famille. Gr\u00e2ce \u00e0 leurs conseils, nous avons d\u00e9fini une approche en quatre volets pour guider notre travail.[\/vc_column_text][vc_btn title=\u00a0\u00bbNotre approche\u00a0\u00bb style=\u00a0\u00bb-secondaryBtn\u00a0\u00bb text_colour=\u00a0\u00bbdarkGreen\u00a0\u00bb effect_colour=\u00a0\u00bbgradient\u00a0\u00bb hover_text_colour=\u00a0\u00bbdarkGreen\u00a0\u00bb size=\u00a0\u00bb\u00a0\u00bb link=\u00a0\u00bburl:https%3A%2F%2Fatlasveterans.ca%2Ffr%2Fnotre-approche%2F|\u00a0\u00bb][\/vc_column][\/vc_row][vc_row full_width=\u00a0\u00bbstretch_row\u00a0\u00bb el_class=\u00a0\u00bbrow&#8211;tanBottomBG\u00a0\u00bb][vc_column][vc_single_image image=\u00a0\u00bb2136&Prime; img_size=\u00a0\u00bbfull\u00a0\u00bb alignment=\u00a0\u00bbcenter\u00a0\u00bb][vc_column_text css=\u00a0\u00bb\u00a0\u00bb]<\/p>\n<div style=\"text-align: center;\">Apprenez-en davantage sur les quatre orientations strat\u00e9giques de l\u2019Atlas Institute.<\/div>\n<p>[\/vc_column_text][vc_btn title=\u00a0\u00bbLire le plan strat\u00e9gique complet\u00a0\u00bb text_colour=\u00a0\u00bbdarkGreen\u00a0\u00bb effect_colour=\u00a0\u00bbgradient\u00a0\u00bb hover_text_colour=\u00a0\u00bbdarkGreen\u00a0\u00bb size=\u00a0\u00bb\u00a0\u00bb align=\u00a0\u00bbcenter\u00a0\u00bb css=\u00a0\u00bb\u00a0\u00bb link=\u00a0\u00bburl:https%3A%2F%2Fatlasveterans.ca%2Fdocuments%2Fstrat-plan-fr.pdf\u00a0\u00bb][vc_btn title=\u00a0\u00bbLire le r\u00e9sum\u00e9 du plan strat\u00e9gique\u00a0\u00bb text_colour=\u00a0\u00bbdarkGreen\u00a0\u00bb effect_colour=\u00a0\u00bbgradient\u00a0\u00bb hover_text_colour=\u00a0\u00bbdarkGreen\u00a0\u00bb size=\u00a0\u00bb\u00a0\u00bb align=\u00a0\u00bbcenter\u00a0\u00bb css=\u00a0\u00bb\u00a0\u00bb link=\u00a0\u00bburl:https%3A%2F%2Fatlasveterans.ca%2Fdocuments%2Fstrat-plan-executive-summary-fr.pdf\u00a0\u00bb][\/vc_column][\/vc_row][vc_section full_width=\u00a0\u00bbstretch_row\u00a0\u00bb el_class=\u00a0\u00bbelement&#8211;tanBG\u00a0\u00bb][vc_row row_padding_top=\u00a0\u00bbregular\u00a0\u00bb row_padding_bottom=\u00a0\u00bbregular\u00a0\u00bb el_class=\u00a0\u00bbelement&#8211;textCenter\u00a0\u00bb][vc_column][vc_column_text]<\/p>\n<h2>\u00ab L\u2019un de nos objectifs est de d\u00e9terminer les meilleures approches th\u00e9rapeutiques en mati\u00e8re de sant\u00e9 mentale. Les v\u00e9t\u00e9rans et leur famille ont consacr\u00e9 leur vie \u00e0 servir le Canada. Il est temps pour nous de donner en retour. \u00bb<\/h2>\n<p>Fardous Hosseiny, pr\u00e9sident et chef de la direction, Atlas<\/p>\n<p>[\/vc_column_text][\/vc_column][\/vc_row][\/vc_section][vc_section][vc_row row_padding_top=\u00a0\u00bbregular\u00a0\u00bb row_padding_bottom=\u00a0\u00bbregular\u00a0\u00bb full_width=\u00a0\u00bbstretch_row_content\u00a0\u00bb content_placement=\u00a0\u00bbmiddle\u00a0\u00bb][vc_column width=\u00a0\u00bb1\/2&Prime; css=\u00a0\u00bb.vc_custom_1646926482118{padding-top: 0px !important;padding-right: 0px !important;padding-bottom: 0px !important;padding-left: 0px !important;}\u00a0\u00bb][vc_single_image image=\u00a0\u00bb2138&Prime; img_size=\u00a0\u00bbfull\u00a0\u00bb el_class=\u00a0\u00bbhomePolyGraphic\u00a0\u00bb][\/vc_column][vc_column width=\u00a0\u00bb1\/2&Prime; offset=\u00a0\u00bbvc_col-lg-offset-1 vc_col-lg-4&Prime;][vc_empty_space space_size=\u00a0\u00bblarge\u00a0\u00bb el_class=\u00a0\u00bbelement&#8211;hideTablet element&#8211;hideDesktop\u00a0\u00bb][vc_column_text]<\/p>\n<h2>Notre vision de l\u2019avenir<\/h2>\n<p>Le syst\u00e8me actuel de soins et de soutien en mati\u00e8re de sant\u00e9 mentale est complexe. Les v\u00e9t\u00e9rans et leur famille ont souvent de la difficult\u00e9 \u00e0 obtenir des services qui r\u00e9pondent \u00e0 leur v\u00e9cu et \u00e0 leurs besoins particuliers.<\/p>\n<p>Malgr\u00e9 les progr\u00e8s r\u00e9alis\u00e9s, la sant\u00e9 mentale des v\u00e9t\u00e9rans et de leur famille demeure un domaine m\u00e9connu. Au Canada et ailleurs dans le monde, les syst\u00e8mes de soins existants destin\u00e9s aux v\u00e9t\u00e9rans et \u00e0 leur famille ne r\u00e9pondent pas ad\u00e9quatement \u00e0 leurs besoins.<\/p>\n<p>Pour am\u00e9liorer ce syst\u00e8me, nous devons travailler ensemble. Ensemble, nous sommes Atlas.<\/p>\n<p>Ensemble, nous pouvons b\u00e2tir un syst\u00e8me fond\u00e9 sur les sept principes suivants:<\/p>\n<ol>\n<li>Respect et dignit\u00e9<\/li>\n<li>Engagement et participation<\/li>\n<li>\u00c9quit\u00e9 d\u2019acc\u00e8s<\/li>\n<li>Ampleur du soutien<\/li>\n<li>Traitement et soins de haute qualit\u00e9<\/li>\n<li>R\u00e9sultats holistiques<\/li>\n<li>Responsabilit\u00e9 financi\u00e8re<\/li>\n<\/ol>\n<p>[\/vc_column_text][\/vc_column][\/vc_row][\/vc_section][vc_row row_padding_top=\u00a0\u00bbregular\u00a0\u00bb row_padding_bottom=\u00a0\u00bbregular\u00a0\u00bb full_width=\u00a0\u00bbstretch_row\u00a0\u00bb el_class=\u00a0\u00bbelement&#8211;tanBG element&#8211;textCenter\u00a0\u00bb][vc_column offset=\u00a0\u00bbvc_col-lg-offset-2 vc_col-lg-8&Prime;][vc_column_text]<\/p>\n<h4><span style=\"color: #2f4643;\">La cr\u00e9ation d\u2019un nouveau syst\u00e8me int\u00e9gr\u00e9 d\u00e9pend de la participation active des v\u00e9t\u00e9rans et de leur famille, des prestataires de soins de sant\u00e9, des organismes de soutien par les pairs, des organismes interm\u00e9diaires et des d\u00e9cideurs. Les \u00e9tapes pour r\u00e9aliser cette vision sont d\u00e9crites dans notre cadre conceptuel, qui a \u00e9t\u00e9 \u00e9labor\u00e9 en partenariat avec le Phoenix Australia Centre for Posttraumatic Health.<\/span><\/h4>\n<p>[\/vc_column_text][vc_btn title=\u00a0\u00bbVoir Le Cadre\u00a0\u00bb style=\u00a0\u00bb-secondaryBtn\u00a0\u00bb text_colour=\u00a0\u00bbdarkGreen\u00a0\u00bb effect_colour=\u00a0\u00bbgradient\u00a0\u00bb hover_text_colour=\u00a0\u00bbdarkGreen\u00a0\u00bb size=\u00a0\u00bb\u00a0\u00bb align=\u00a0\u00bbcenter\u00a0\u00bb link=\u00a0\u00bburl:https%3A%2F%2Fatlasveterans.ca%2Ffr%2Fcadre-conceptuel%2F|\u00a0\u00bb][\/vc_column][\/vc_row][vc_row row_padding_top=\u00a0\u00bbregular\u00a0\u00bb row_padding_bottom=\u00a0\u00bbregular\u00a0\u00bb full_width=\u00a0\u00bbstretch_row\u00a0\u00bb el_class=\u00a0\u00bbrow&#8211;hasBG element&#8211;textCenter element&#8211;whiteText background_i\u00a0\u00bb css=\u00a0\u00bb.vc_custom_1668118458739{background-image: url(https:\/\/atlasveterans.ca\/wp-content\/uploads\/2022\/02\/Atlas-TopFold-Search-Pattern-Desktop-2-flipped.jpg?id=103) !important;}\u00a0\u00bb][vc_column][vc_column_text]<\/p>\n<h2 class=\"h1\">D\u00e9couvrez comment nous travaillons<\/h2>\n<div class=\"p--large\">\n<p>Vous connaissez notre histoire. D\u00e9couvrez maintenant ce que nous faisons pour traduire la recherche en mesures concr\u00e8tes.<\/p>\n<\/div>\n<p>[\/vc_column_text][vc_btn title=\u00a0\u00bbEn savoir plus\u00a0\u00bb text_colour=\u00a0\u00bbdarkGreen\u00a0\u00bb effect_colour=\u00a0\u00bbgradient\u00a0\u00bb size=\u00a0\u00bb\u00a0\u00bb align=\u00a0\u00bbcenter\u00a0\u00bb link=\u00a0\u00bburl:https%3A%2F%2Fatlasveterans.ca%2Ffr%2Fnotre-approche%2Frecherche%2F|\u00a0\u00bb][\/vc_column][\/vc_row]<\/p>\n<\/div>","protected":false},"excerpt":{"rendered":"<p>[vc_section full_width=\u00a0\u00bbstretch_row\u00a0\u00bb el_class=\u00a0\u00bbsection&#8211;hasBG\u00a0\u00bb css=\u00a0\u00bb.vc_custom_1646158893470{background-image: url(https:\/\/atlasveterans.ca\/wp-content\/uploads\/2022\/02\/Atlas-TopFold-Search-Pattern-Desktop-2.jpg?id=113) !important;}\u00a0\u00bb][vc_row row_padding_top=\u00a0\u00bbregular\u00a0\u00bb row_padding_bottom=\u00a0\u00bblarge\u00a0\u00bb el_class=\u00a0\u00bbelement&#8211;whiteText\u00a0\u00bb][vc_column][vc_column_text] Notre histoire Les v\u00e9t\u00e9rans des Forces arm\u00e9es canadiennes et de la Gendarmerie royale du Canada affrontent avec abn\u00e9gation l\u2019adversit\u00e9 et les dangers. Ils se donnent enti\u00e8rement \u00e0 leur pays et remplissent des missions avec courage, loyaut\u00e9 et d\u00e9termination. [\/vc_column_text][\/vc_column][\/vc_row][\/vc_section][vc_row row_padding_bottom=\u00a0\u00bbsmall\u00a0\u00bb el_class=\u00a0\u00bbrow&#8211;pushUp\u00a0\u00bb][vc_column][vc_video link=\u00a0\u00bbhttps:\/\/vimeo.com\/857231399&Prime;][\/vc_column][\/vc_row][vc_row row_padding_bottom=\u00a0\u00bbsmall\u00a0\u00bb][vc_column offset=\u00a0\u00bbvc_col-lg-offset-3 vc_col-lg-6 vc_col-md-offset-2&#8230;<\/p>\n","protected":false},"author":3,"featured_media":0,"parent":0,"menu_order":55,"comment_status":"closed","ping_status":"closed","template":"","meta":{"_acf_changed":false,"inline_featured_image":false,"footnotes":""},"categories":[],"tags":[],"class_list":["post-1453","page","type-page","status-publish","hentry"],"acf":[],"yoast_head":"<!-- This site is optimized with the Yoast SEO plugin v27.3 - https:\/\/yoast.com\/product\/yoast-seo-wordpress\/ -->\n<title>Notre histoire &#183; Institut Atlas pour les v\u00e9t\u00e9rans et leur famille<\/title>\n<meta name=\"robots\" content=\"index, follow, max-snippet:-1, max-image-preview:large, max-video-preview:-1\" \/>\n<link rel=\"canonical\" href=\"https:\/\/atlasveterans.ca\/fr\/notre-histoire\/\" \/>\n<meta property=\"og:locale\" content=\"fr_FR\" \/>\n<meta property=\"og:type\" content=\"article\" \/>\n<meta property=\"og:title\" content=\"Notre histoire &#183; Institut Atlas pour les v\u00e9t\u00e9rans et leur famille\" \/>\n<meta property=\"og:description\" content=\"[vc_section full_width=\u00a0\u00bbstretch_row\u00a0\u00bb el_class=\u00a0\u00bbsection&#8211;hasBG\u00a0\u00bb css=\u00a0\u00bb.vc_custom_1646158893470{background-image: url(https:\/\/atlasveterans.ca\/wp-content\/uploads\/2022\/02\/Atlas-TopFold-Search-Pattern-Desktop-2.jpg?id=113) !important;}\u00a0\u00bb][vc_row row_padding_top=\u00a0\u00bbregular\u00a0\u00bb row_padding_bottom=\u00a0\u00bblarge\u00a0\u00bb el_class=\u00a0\u00bbelement&#8211;whiteText\u00a0\u00bb][vc_column][vc_column_text] Notre histoire Les v\u00e9t\u00e9rans des Forces arm\u00e9es canadiennes et de la Gendarmerie royale du Canada affrontent avec abn\u00e9gation l\u2019adversit\u00e9 et les dangers. Ils se donnent enti\u00e8rement \u00e0 leur pays et remplissent des missions avec courage, loyaut\u00e9 et d\u00e9termination. [\/vc_column_text][\/vc_column][\/vc_row][\/vc_section][vc_row row_padding_bottom=\u00a0\u00bbsmall\u00a0\u00bb el_class=\u00a0\u00bbrow&#8211;pushUp\u00a0\u00bb][vc_column][vc_video link=\u00a0\u00bbhttps:\/\/vimeo.com\/857231399&Prime;][\/vc_column][\/vc_row][vc_row row_padding_bottom=\u00a0\u00bbsmall\u00a0\u00bb][vc_column offset=\u00a0\u00bbvc_col-lg-offset-3 vc_col-lg-6 vc_col-md-offset-2...\" \/>\n<meta property=\"og:url\" content=\"https:\/\/atlasveterans.ca\/fr\/notre-histoire\/\" \/>\n<meta property=\"og:site_name\" content=\"Institut Atlas pour les v\u00e9t\u00e9rans et leur famille\" \/>\n<meta property=\"article:publisher\" content=\"https:\/\/www.facebook.com\/atlasveteransca\" \/>\n<meta property=\"article:modified_time\" content=\"2025-12-08T19:15:08+00:00\" \/>\n<meta property=\"og:image\" content=\"https:\/\/atlasveterans.ca\/wp-content\/uploads\/2022\/03\/atlas-homepage-hero-1.jpg\" \/>\n\t<meta property=\"og:image:width\" content=\"1600\" \/>\n\t<meta property=\"og:image:height\" content=\"1100\" \/>\n\t<meta property=\"og:image:type\" content=\"image\/jpeg\" \/>\n<meta name=\"twitter:card\" content=\"summary_large_image\" \/>\n<meta name=\"twitter:site\" content=\"@atlasveteransca\" \/>\n<meta name=\"twitter:label1\" content=\"Dur\u00e9e de lecture estim\u00e9e\" \/>\n\t<meta name=\"twitter:data1\" content=\"5 minutes\" \/>\n<script type=\"application\/ld+json\" class=\"yoast-schema-graph\">{\"@context\":\"https:\\\/\\\/schema.org\",\"@graph\":[{\"@type\":\"WebPage\",\"@id\":\"https:\\\/\\\/atlasveterans.ca\\\/fr\\\/notre-histoire\\\/\",\"url\":\"https:\\\/\\\/atlasveterans.ca\\\/fr\\\/notre-histoire\\\/\",\"name\":\"Notre histoire &#183; Institut Atlas pour les v\u00e9t\u00e9rans et leur famille\",\"isPartOf\":{\"@id\":\"https:\\\/\\\/atlasveterans.ca\\\/fr\\\/#website\"},\"datePublished\":\"2022-03-01T18:24:46+00:00\",\"dateModified\":\"2025-12-08T19:15:08+00:00\",\"breadcrumb\":{\"@id\":\"https:\\\/\\\/atlasveterans.ca\\\/fr\\\/notre-histoire\\\/#breadcrumb\"},\"inLanguage\":\"fr-FR\",\"potentialAction\":[{\"@type\":\"ReadAction\",\"target\":[\"https:\\\/\\\/atlasveterans.ca\\\/fr\\\/notre-histoire\\\/\"]}]},{\"@type\":\"BreadcrumbList\",\"@id\":\"https:\\\/\\\/atlasveterans.ca\\\/fr\\\/notre-histoire\\\/#breadcrumb\",\"itemListElement\":[{\"@type\":\"ListItem\",\"position\":1,\"name\":\"Institut Atlas pour les v\u00e9t\u00e9rans et leur famille\",\"item\":\"https:\\\/\\\/atlasveterans.ca\\\/fr\\\/\"},{\"@type\":\"ListItem\",\"position\":2,\"name\":\"Notre histoire\"}]},{\"@type\":\"WebSite\",\"@id\":\"https:\\\/\\\/atlasveterans.ca\\\/fr\\\/#website\",\"url\":\"https:\\\/\\\/atlasveterans.ca\\\/fr\\\/\",\"name\":\"Institut Atlas pour les v\u00e9t\u00e9rans et leur famille\",\"description\":\"Get resources, find support\",\"publisher\":{\"@id\":\"https:\\\/\\\/atlasveterans.ca\\\/fr\\\/#organization\"},\"potentialAction\":[{\"@type\":\"SearchAction\",\"target\":{\"@type\":\"EntryPoint\",\"urlTemplate\":\"https:\\\/\\\/atlasveterans.ca\\\/fr\\\/?s={search_term_string}\"},\"query-input\":{\"@type\":\"PropertyValueSpecification\",\"valueRequired\":true,\"valueName\":\"search_term_string\"}}],\"inLanguage\":\"fr-FR\"},{\"@type\":\"Organization\",\"@id\":\"https:\\\/\\\/atlasveterans.ca\\\/fr\\\/#organization\",\"name\":\"Atlas Institute For Veterans and Families\",\"url\":\"https:\\\/\\\/atlasveterans.ca\\\/fr\\\/\",\"logo\":{\"@type\":\"ImageObject\",\"inLanguage\":\"fr-FR\",\"@id\":\"https:\\\/\\\/atlasveterans.ca\\\/fr\\\/#\\\/schema\\\/logo\\\/image\\\/\",\"url\":\"https:\\\/\\\/atlasveterans.ca\\\/wp-content\\\/uploads\\\/2022\\\/03\\\/logo-withbg-eng-1.jpg\",\"contentUrl\":\"https:\\\/\\\/atlasveterans.ca\\\/wp-content\\\/uploads\\\/2022\\\/03\\\/logo-withbg-eng-1.jpg\",\"width\":800,\"height\":400,\"caption\":\"Atlas Institute For Veterans and Families\"},\"image\":{\"@id\":\"https:\\\/\\\/atlasveterans.ca\\\/fr\\\/#\\\/schema\\\/logo\\\/image\\\/\"},\"sameAs\":[\"https:\\\/\\\/www.facebook.com\\\/atlasveteransca\",\"https:\\\/\\\/x.com\\\/atlasveteransca\",\"https:\\\/\\\/www.instagram.com\\\/atlasveteransca\\\/\",\"https:\\\/\\\/www.linkedin.com\\\/company\\\/atlasveteransca\\\/\",\"https:\\\/\\\/www.youtube.com\\\/atlasveteransca\"]}]}<\/script>\n<!-- \/ Yoast SEO plugin. -->","yoast_head_json":{"title":"Notre histoire &#183; Institut Atlas pour les v\u00e9t\u00e9rans et leur famille","robots":{"index":"index","follow":"follow","max-snippet":"max-snippet:-1","max-image-preview":"max-image-preview:large","max-video-preview":"max-video-preview:-1"},"canonical":"https:\/\/atlasveterans.ca\/fr\/notre-histoire\/","og_locale":"fr_FR","og_type":"article","og_title":"Notre histoire &#183; Institut Atlas pour les v\u00e9t\u00e9rans et leur famille","og_description":"[vc_section full_width=\u00a0\u00bbstretch_row\u00a0\u00bb el_class=\u00a0\u00bbsection&#8211;hasBG\u00a0\u00bb css=\u00a0\u00bb.vc_custom_1646158893470{background-image: url(https:\/\/atlasveterans.ca\/wp-content\/uploads\/2022\/02\/Atlas-TopFold-Search-Pattern-Desktop-2.jpg?id=113) !important;}\u00a0\u00bb][vc_row row_padding_top=\u00a0\u00bbregular\u00a0\u00bb row_padding_bottom=\u00a0\u00bblarge\u00a0\u00bb el_class=\u00a0\u00bbelement&#8211;whiteText\u00a0\u00bb][vc_column][vc_column_text] Notre histoire Les v\u00e9t\u00e9rans des Forces arm\u00e9es canadiennes et de la Gendarmerie royale du Canada affrontent avec abn\u00e9gation l\u2019adversit\u00e9 et les dangers. Ils se donnent enti\u00e8rement \u00e0 leur pays et remplissent des missions avec courage, loyaut\u00e9 et d\u00e9termination. [\/vc_column_text][\/vc_column][\/vc_row][\/vc_section][vc_row row_padding_bottom=\u00a0\u00bbsmall\u00a0\u00bb el_class=\u00a0\u00bbrow&#8211;pushUp\u00a0\u00bb][vc_column][vc_video link=\u00a0\u00bbhttps:\/\/vimeo.com\/857231399&Prime;][\/vc_column][\/vc_row][vc_row row_padding_bottom=\u00a0\u00bbsmall\u00a0\u00bb][vc_column offset=\u00a0\u00bbvc_col-lg-offset-3 vc_col-lg-6 vc_col-md-offset-2...","og_url":"https:\/\/atlasveterans.ca\/fr\/notre-histoire\/","og_site_name":"Institut Atlas pour les v\u00e9t\u00e9rans et leur famille","article_publisher":"https:\/\/www.facebook.com\/atlasveteransca","article_modified_time":"2025-12-08T19:15:08+00:00","og_image":[{"width":1600,"height":1100,"url":"https:\/\/atlasveterans.ca\/wp-content\/uploads\/2022\/03\/atlas-homepage-hero-1.jpg","type":"image\/jpeg"}],"twitter_card":"summary_large_image","twitter_site":"@atlasveteransca","twitter_misc":{"Dur\u00e9e de lecture estim\u00e9e":"5 minutes"},"schema":{"@context":"https:\/\/schema.org","@graph":[{"@type":"WebPage","@id":"https:\/\/atlasveterans.ca\/fr\/notre-histoire\/","url":"https:\/\/atlasveterans.ca\/fr\/notre-histoire\/","name":"Notre histoire &#183; Institut Atlas pour les v\u00e9t\u00e9rans et leur famille","isPartOf":{"@id":"https:\/\/atlasveterans.ca\/fr\/#website"},"datePublished":"2022-03-01T18:24:46+00:00","dateModified":"2025-12-08T19:15:08+00:00","breadcrumb":{"@id":"https:\/\/atlasveterans.ca\/fr\/notre-histoire\/#breadcrumb"},"inLanguage":"fr-FR","potentialAction":[{"@type":"ReadAction","target":["https:\/\/atlasveterans.ca\/fr\/notre-histoire\/"]}]},{"@type":"BreadcrumbList","@id":"https:\/\/atlasveterans.ca\/fr\/notre-histoire\/#breadcrumb","itemListElement":[{"@type":"ListItem","position":1,"name":"Institut Atlas pour les v\u00e9t\u00e9rans et leur famille","item":"https:\/\/atlasveterans.ca\/fr\/"},{"@type":"ListItem","position":2,"name":"Notre histoire"}]},{"@type":"WebSite","@id":"https:\/\/atlasveterans.ca\/fr\/#website","url":"https:\/\/atlasveterans.ca\/fr\/","name":"Institut Atlas pour les v\u00e9t\u00e9rans et leur famille","description":"Get resources, find support","publisher":{"@id":"https:\/\/atlasveterans.ca\/fr\/#organization"},"potentialAction":[{"@type":"SearchAction","target":{"@type":"EntryPoint","urlTemplate":"https:\/\/atlasveterans.ca\/fr\/?s={search_term_string}"},"query-input":{"@type":"PropertyValueSpecification","valueRequired":true,"valueName":"search_term_string"}}],"inLanguage":"fr-FR"},{"@type":"Organization","@id":"https:\/\/atlasveterans.ca\/fr\/#organization","name":"Atlas Institute For Veterans and Families","url":"https:\/\/atlasveterans.ca\/fr\/","logo":{"@type":"ImageObject","inLanguage":"fr-FR","@id":"https:\/\/atlasveterans.ca\/fr\/#\/schema\/logo\/image\/","url":"https:\/\/atlasveterans.ca\/wp-content\/uploads\/2022\/03\/logo-withbg-eng-1.jpg","contentUrl":"https:\/\/atlasveterans.ca\/wp-content\/uploads\/2022\/03\/logo-withbg-eng-1.jpg","width":800,"height":400,"caption":"Atlas Institute For Veterans and Families"},"image":{"@id":"https:\/\/atlasveterans.ca\/fr\/#\/schema\/logo\/image\/"},"sameAs":["https:\/\/www.facebook.com\/atlasveteransca","https:\/\/x.com\/atlasveteransca","https:\/\/www.instagram.com\/atlasveteransca\/","https:\/\/www.linkedin.com\/company\/atlasveteransca\/","https:\/\/www.youtube.com\/atlasveteransca"]}]}},"_links":{"self":[{"href":"https:\/\/atlasveterans.ca\/fr\/wp-json\/wp\/v2\/pages\/1453","targetHints":{"allow":["GET"]}}],"collection":[{"href":"https:\/\/atlasveterans.ca\/fr\/wp-json\/wp\/v2\/pages"}],"about":[{"href":"https:\/\/atlasveterans.ca\/fr\/wp-json\/wp\/v2\/types\/page"}],"author":[{"embeddable":true,"href":"https:\/\/atlasveterans.ca\/fr\/wp-json\/wp\/v2\/users\/3"}],"replies":[{"embeddable":true,"href":"https:\/\/atlasveterans.ca\/fr\/wp-json\/wp\/v2\/comments?post=1453"}],"version-history":[{"count":3,"href":"https:\/\/atlasveterans.ca\/fr\/wp-json\/wp\/v2\/pages\/1453\/revisions"}],"predecessor-version":[{"id":28391,"href":"https:\/\/atlasveterans.ca\/fr\/wp-json\/wp\/v2\/pages\/1453\/revisions\/28391"}],"wp:attachment":[{"href":"https:\/\/atlasveterans.ca\/fr\/wp-json\/wp\/v2\/media?parent=1453"}],"wp:term":[{"taxonomy":"category","embeddable":true,"href":"https:\/\/atlasveterans.ca\/fr\/wp-json\/wp\/v2\/categories?post=1453"},{"taxonomy":"post_tag","embeddable":true,"href":"https:\/\/atlasveterans.ca\/fr\/wp-json\/wp\/v2\/tags?post=1453"}],"curies":[{"name":"wp","href":"https:\/\/api.w.org\/{rel}","templated":true}]}}