{"id":1461,"date":"2022-02-23T08:52:36","date_gmt":"2022-02-23T13:52:36","guid":{"rendered":"https:\/\/atlasveterans.ca\/notre-equipe\/"},"modified":"2026-01-26T11:05:23","modified_gmt":"2026-01-26T16:05:23","slug":"notre-equipe","status":"publish","type":"page","link":"https:\/\/atlasveterans.ca\/fr\/notre-equipe\/","title":{"rendered":"Notre \u00e9quipe"},"content":{"rendered":"<div class=\"wpb-content-wrapper\"><p>[vc_section full_width=\u00a0\u00bbstretch_row\u00a0\u00bb bg_effects=\u00a0\u00bbresponsive\u00a0\u00bb el_class=\u00a0\u00bbrow&#8211;hasBG\u00a0\u00bb img_desktop=\u00a0\u00bb2143&Prime; img_mobile=\u00a0\u00bb2145&Prime;][vc_row row_padding_top=\u00a0\u00bbregular\u00a0\u00bb row_padding_bottom=\u00a0\u00bbregular\u00a0\u00bb el_class=\u00a0\u00bbelement&#8211;whiteText\u00a0\u00bb][vc_column]<div class=\"breadcrumbs breadcrumbs--white\"><span><span><a href=\"https:\/\/atlasveterans.ca\/fr\/\"><i class=\"fas fa-house breadcrumbs__home\" title=\"Accueil\"><\/i><\/a><\/span><\/span><\/div>[vc_column_text]<\/p>\n<h1>Notre \u00e9quipe<\/h1>\n<p>[\/vc_column_text][\/vc_column][\/vc_row][\/vc_section][vc_section][vc_row row_padding_top=\u00a0\u00bbsmall\u00a0\u00bb row_padding_bottom=\u00a0\u00bbsmall\u00a0\u00bb full_width=\u00a0\u00bbstretch_row\u00a0\u00bb el_class=\u00a0\u00bbelement&#8211;lightGreyBorderBottom\u00a0\u00bb][vc_column]<div class=\"alm-filters alm-filters-container filters-default\" id=\"alm-filters-ourpeople\" data-target=\"ourpeopleresults\" data-style=\"change\" data-id=\"ourpeople\"><div class=\"alm-filter alm-filter--group alm-filter--taxonomy col-xs-12 col-sm-6 col-md-4\" id=\"alm-filter-1\" data-key=\"taxonomy\" data-fieldtype=\"select\" data-taxonomy=\"staff_department\" data-taxonomy-operator=\"IN\" data-taxonomy-include-children=\"true\" data-selected-value=\"\" data-default-value=\"\"><div class=\"alm-filter--inner\"><div class=\"alm-filter--select \"><select id=\"taxonomy-select-1\" class=\"alm-filter--item\"><option value=\"#\">Ensemble du personnel<\/option><option id=\"select-executives-fr\" value=\"executives-fr\" data-name=\"\u00c9quipe de direction\">\u00c9quipe de direction<\/option><option id=\"select-implementation-fr\" value=\"implementation-fr\" data-name=\"Mise en \u0153uvre\">Mise en \u0153uvre<\/option><option id=\"select-knowledge-mobilization-fr\" value=\"knowledge-mobilization-fr\" data-name=\"Mobilisation des connaissances\">Mobilisation des connaissances<\/option><option id=\"select-operations-and-human-resources-fr\" value=\"operations-and-human-resources-fr\" data-name=\"Op\u00e9rations et les ressources humaines\">Op\u00e9rations et les ressources humaines<\/option><option id=\"select-research-and-policy-fr\" value=\"research-and-policy-fr\" data-name=\"Recherche et les politiques\">Recherche et les politiques<\/option><option id=\"select-stakeholder-relations-fr\" value=\"stakeholder-relations-fr\" data-name=\"Relations avec les intervenants\">Relations avec les intervenants<\/option><option id=\"select-expertise-vecue\" value=\"expertise-vecue\" data-name=\"Expertise v\u00e9cue\">Expertise v\u00e9cue<\/option><option id=\"select-board-fr\" value=\"board-fr\" data-name=\"Conseil d\u2019administration\">Conseil d\u2019administration<\/option><option id=\"select-communications-fr\" value=\"communications-fr\" data-name=\"Communications\">Communications<\/option><\/select><\/div><\/div><\/div><div class=\"alm-filter alm-filter--group alm-filter--search col-xs-12 col-sm-6 col-md-8\" id=\"alm-filter-2\" data-key=\"search\" data-fieldtype=\"text\" data-selected-value=\"\" data-default-value=\"\"><div class=\"alm-filter--inner\"><div class=\"alm-filter--text\"><div class=\"alm-filter--text-wrap has-button\"><input class=\"alm-filter--textfield textfield\" type=\"text\" id=\"search-text-2\" name=\"search-text\" value=\"\"placeholder=\"Faire une recherche par titre ou nom d\u2019employ\u00e9\" \/><button type=\"button\"><i class=\"fas fa-angle-right\"><\/i><\/button><\/div><\/div><\/div><\/div><div class=\"alm-filters--loading\"><\/div><\/div>[\/vc_column][\/vc_row][vc_row row_padding_top=\u00a0\u00bbregular\u00a0\u00bb row_padding_bottom=\u00a0\u00bbextraSmall\u00a0\u00bb content_placement=\u00a0\u00bbbottom\u00a0\u00bb el_class=\u00a0\u00bbelement&#8211;lightGreyThickBorderBottom element&#8211;mobileTextCenter\u00a0\u00bb][vc_column width=\u00a0\u00bb2\/3&Prime;][vc_btn title=\u00a0\u00bbNotre conseil d\u2019administration\u00a0\u00bb style=\u00a0\u00bb-secondaryBtn\u00a0\u00bb text_colour=\u00a0\u00bbblack\u00a0\u00bb effect_colour=\u00a0\u00bbgradient\u00a0\u00bb size=\u00a0\u00bb\u00a0\u00bb align=\u00a0\u00bbleft\u00a0\u00bb css=\u00a0\u00bb\u00a0\u00bb link=\u00a0\u00bburl:https%3A%2F%2Fatlasveterans.ca%2Ffr%2Fnotre-equipe%2Fconseil-dadministration%2F|title:Conseil%20d%E2%80%99administration\u00a0\u00bb][vc_column_text el_id=\u00a0\u00bbstaffDepartmentTitle\u00a0\u00bb]<\/p>\n<h2>Ensemble du personnel<\/h2>\n<p>[\/vc_column_text][\/vc_column][vc_column width=\u00a0\u00bb1\/3&Prime;][vc_column_text el_id=\u00a0\u00bbstaffMemberCount\u00a0\u00bb el_class=\u00a0\u00bbelement&#8211;textRight\u00a0\u00bb][\/vc_column_text][\/vc_column][\/vc_row][vc_row row_padding_top=\u00a0\u00bbsmall\u00a0\u00bb row_padding_bottom=\u00a0\u00bbregular\u00a0\u00bb][vc_column el_class=\u00a0\u00bbcol&#8211;mobileNoPadding\u00a0\u00bb css=\u00a0\u00bb.vc_custom_1648046049243{padding-right: 0px !important;padding-left: 0px !important;}\u00a0\u00bb][vc_raw_html css=\u00a0\u00bb\u00a0\u00bb]JTVCYWpheF9sb2FkX21vcmUlMjBpZCUzRCUyMm91cnBlb3BsZXJlc3VsdHMlMjIlMjB0aGVtZV9yZXBlYXRlciUzRCUyMnN0YWZmLnBocCUyMiUyMHRhcmdldCUzRCUyMm91cnBlb3BsZSUyMiUyMGZpbHRlcnMlM0QlMjJ0cnVlJTIyJTIwcG9zdF90eXBlJTNEJTIyc3RhZmYlMjIlMjBwb3N0c19wZXJfcGFnZSUzRCUyMjEyJTIyJTIwb3JkZXJieSUzRCUyMm1lbnVfb3JkZXIlMjIlMjBvcmRlciUzRCUyMkFTQyUyMiUyMHBsYWNlaG9sZGVyJTNEJTIydHJ1ZSUyMiUyMG1heF9wYWdlcyUzRCUyMjIlMjIlMjBidXR0b25fZG9uZV9sYWJlbCUzRCUyMlBsdXMlMjByaWVuJTIwJUMzJUEwJTIwY2hhcmdlciUyMiUyMG5vX3Jlc3VsdHNfdGV4dCUzRCUyMiUzQ2RpdiUyMGNsYXNzJTNEJTI3bm8tcmVzdWx0cyUyNyUzRUQlQzMlQTlzb2wlQzMlQTklMkMlMjByaWVuJTIwbiUyN2ElMjAlQzMlQTl0JUMzJUE5JTIwdHJvdXYlQzMlQTkuJTIwRXNzYXlleiUyMGQlMjdhanVzdGVyJTIwdm90cmUlMjByZWNoZXJjaGUlMjBjaS1kZXNzdXMuJTNDJTJGZGl2JTNFJTIyJTIwY3NzX2NsYXNzZXMlM0QlMjJhbG1MaXN0aW5ncy0tZmxleCUyMiUyMCUyMGNzc19jbGFzc2VzJTNEJTIyYWxtLXJldmVhbCUyMiU1RCUwQQ==[\/vc_raw_html][\/vc_column][\/vc_row][\/vc_section][vc_section full_width=\u00a0\u00bbstretch_row\u00a0\u00bb el_class=\u00a0\u00bbrow&#8211;hasBG background_i\u00a0\u00bb css=\u00a0\u00bb.vc_custom_1668118628835{background-image: url(https:\/\/atlasveterans.ca\/wp-content\/uploads\/2022\/02\/Atlas-TopFold-Search-Pattern-Desktop-2.jpg?id=113) !important;}\u00a0\u00bb][vc_row row_padding_top=\u00a0\u00bbsmall\u00a0\u00bb row_padding_bottom=\u00a0\u00bbsmall\u00a0\u00bb content_placement=\u00a0\u00bbmiddle\u00a0\u00bb el_class=\u00a0\u00bbelement&#8211;whiteText element&#8211;mobileTextCenter\u00a0\u00bb][vc_column width=\u00a0\u00bb3\/4&Prime;][vc_column_text]<\/p>\n<h2 class=\"h1\">Travailler avec nous<\/h2>\n<p>Participez \u00e0 nos efforts visant \u00e0 faire reconna\u00eetre les probl\u00e8mes de sant\u00e9 mentale des v\u00e9t\u00e9rans.[\/vc_column_text][\/vc_column][vc_column width=\u00a0\u00bb1\/4&Prime;][vc_empty_space space_size=\u00a0\u00bbsmall\u00a0\u00bb el_class=\u00a0\u00bbelement&#8211;hideTablet element&#8211;hideDesktop\u00a0\u00bb][vc_btn title=\u00a0\u00bbCarri\u00e8res\u00a0\u00bb text_colour=\u00a0\u00bbdarkGreen\u00a0\u00bb effect_colour=\u00a0\u00bbgradient\u00a0\u00bb size=\u00a0\u00bb\u00a0\u00bb align=\u00a0\u00bbright\u00a0\u00bb link=\u00a0\u00bburl:https%3A%2F%2Fatlasveterans.ca%2Ffr%2Fcarrieres%2F|\u00a0\u00bb][\/vc_column][\/vc_row][\/vc_section]<\/p>\n<\/div>","protected":false},"excerpt":{"rendered":"<p>Rencontrez les membres d\u00e9vou\u00e9s et passionn\u00e9s du conseil d\u2019administration, de la direction, des services-conseils et du personnel qui ont \u00e9labor\u00e9 la mission d\u2019Atlas.<\/p>\n","protected":false},"author":3,"featured_media":0,"parent":0,"menu_order":69,"comment_status":"closed","ping_status":"closed","template":"","meta":{"_acf_changed":false,"inline_featured_image":false,"footnotes":""},"categories":[],"tags":[],"class_list":["post-1461","page","type-page","status-publish","hentry"],"acf":[],"yoast_head":"<!-- This site is optimized with the Yoast SEO plugin v27.2 - https:\/\/yoast.com\/product\/yoast-seo-wordpress\/ -->\n<title>Notre \u00e9quipe &#183; Institut Atlas pour les v\u00e9t\u00e9rans et leur famille<\/title>\n<meta name=\"robots\" content=\"index, follow, max-snippet:-1, max-image-preview:large, max-video-preview:-1\" \/>\n<link rel=\"canonical\" href=\"https:\/\/atlasveterans.ca\/fr\/notre-equipe\/\" \/>\n<meta property=\"og:locale\" content=\"fr_FR\" \/>\n<meta property=\"og:type\" content=\"article\" \/>\n<meta property=\"og:title\" content=\"Notre \u00e9quipe &#183; Institut Atlas pour les v\u00e9t\u00e9rans et leur famille\" \/>\n<meta property=\"og:description\" content=\"Rencontrez les membres d\u00e9vou\u00e9s et passionn\u00e9s du conseil d\u2019administration, de la direction, des services-conseils et du personnel qui ont \u00e9labor\u00e9 la mission d\u2019Atlas.\" \/>\n<meta property=\"og:url\" content=\"https:\/\/atlasveterans.ca\/fr\/notre-equipe\/\" \/>\n<meta property=\"og:site_name\" content=\"Institut Atlas pour les v\u00e9t\u00e9rans et leur famille\" \/>\n<meta property=\"article:publisher\" content=\"https:\/\/www.facebook.com\/atlasveteransca\" \/>\n<meta property=\"article:modified_time\" content=\"2026-01-26T16:05:23+00:00\" \/>\n<meta property=\"og:image\" content=\"https:\/\/atlasveterans.ca\/wp-content\/uploads\/2022\/03\/atlas-homepage-hero-1.jpg\" \/>\n\t<meta property=\"og:image:width\" content=\"1600\" \/>\n\t<meta property=\"og:image:height\" content=\"1100\" \/>\n\t<meta property=\"og:image:type\" content=\"image\/jpeg\" \/>\n<meta name=\"twitter:card\" content=\"summary_large_image\" \/>\n<meta name=\"twitter:site\" content=\"@atlasveteransca\" \/>\n<meta name=\"twitter:label1\" content=\"Dur\u00e9e de lecture estim\u00e9e\" \/>\n\t<meta name=\"twitter:data1\" content=\"1 minute\" \/>\n<script type=\"application\/ld+json\" class=\"yoast-schema-graph\">{\"@context\":\"https:\/\/schema.org\",\"@graph\":[{\"@type\":\"WebPage\",\"@id\":\"https:\/\/atlasveterans.ca\/fr\/notre-equipe\/\",\"url\":\"https:\/\/atlasveterans.ca\/fr\/notre-equipe\/\",\"name\":\"Notre \u00e9quipe &#183; Institut Atlas pour les v\u00e9t\u00e9rans et leur famille\",\"isPartOf\":{\"@id\":\"https:\/\/atlasveterans.ca\/fr\/#website\"},\"datePublished\":\"2022-02-23T13:52:36+00:00\",\"dateModified\":\"2026-01-26T16:05:23+00:00\",\"breadcrumb\":{\"@id\":\"https:\/\/atlasveterans.ca\/fr\/notre-equipe\/#breadcrumb\"},\"inLanguage\":\"fr-FR\",\"potentialAction\":[{\"@type\":\"ReadAction\",\"target\":[\"https:\/\/atlasveterans.ca\/fr\/notre-equipe\/\"]}]},{\"@type\":\"BreadcrumbList\",\"@id\":\"https:\/\/atlasveterans.ca\/fr\/notre-equipe\/#breadcrumb\",\"itemListElement\":[{\"@type\":\"ListItem\",\"position\":1,\"name\":\"Institut Atlas pour les v\u00e9t\u00e9rans et leur famille\",\"item\":\"https:\/\/atlasveterans.ca\/fr\/\"},{\"@type\":\"ListItem\",\"position\":2,\"name\":\"Notre \u00e9quipe\"}]},{\"@type\":\"WebSite\",\"@id\":\"https:\/\/atlasveterans.ca\/fr\/#website\",\"url\":\"https:\/\/atlasveterans.ca\/fr\/\",\"name\":\"Institut Atlas pour les v\u00e9t\u00e9rans et leur famille\",\"description\":\"Get resources, find support\",\"publisher\":{\"@id\":\"https:\/\/atlasveterans.ca\/fr\/#organization\"},\"potentialAction\":[{\"@type\":\"SearchAction\",\"target\":{\"@type\":\"EntryPoint\",\"urlTemplate\":\"https:\/\/atlasveterans.ca\/fr\/?s={search_term_string}\"},\"query-input\":{\"@type\":\"PropertyValueSpecification\",\"valueRequired\":true,\"valueName\":\"search_term_string\"}}],\"inLanguage\":\"fr-FR\"},{\"@type\":\"Organization\",\"@id\":\"https:\/\/atlasveterans.ca\/fr\/#organization\",\"name\":\"Atlas Institute For Veterans and Families\",\"url\":\"https:\/\/atlasveterans.ca\/fr\/\",\"logo\":{\"@type\":\"ImageObject\",\"inLanguage\":\"fr-FR\",\"@id\":\"https:\/\/atlasveterans.ca\/fr\/#\/schema\/logo\/image\/\",\"url\":\"https:\/\/atlasveterans.ca\/wp-content\/uploads\/2022\/03\/logo-withbg-eng-1.jpg\",\"contentUrl\":\"https:\/\/atlasveterans.ca\/wp-content\/uploads\/2022\/03\/logo-withbg-eng-1.jpg\",\"width\":800,\"height\":400,\"caption\":\"Atlas Institute For Veterans and Families\"},\"image\":{\"@id\":\"https:\/\/atlasveterans.ca\/fr\/#\/schema\/logo\/image\/\"},\"sameAs\":[\"https:\/\/www.facebook.com\/atlasveteransca\",\"https:\/\/x.com\/atlasveteransca\",\"https:\/\/www.instagram.com\/atlasveteransca\/\",\"https:\/\/www.linkedin.com\/company\/atlasveteransca\/\",\"https:\/\/www.youtube.com\/atlasveteransca\"]}]}<\/script>\n<!-- \/ Yoast SEO plugin. -->","yoast_head_json":{"title":"Notre \u00e9quipe &#183; Institut Atlas pour les v\u00e9t\u00e9rans et leur famille","robots":{"index":"index","follow":"follow","max-snippet":"max-snippet:-1","max-image-preview":"max-image-preview:large","max-video-preview":"max-video-preview:-1"},"canonical":"https:\/\/atlasveterans.ca\/fr\/notre-equipe\/","og_locale":"fr_FR","og_type":"article","og_title":"Notre \u00e9quipe &#183; Institut Atlas pour les v\u00e9t\u00e9rans et leur famille","og_description":"Rencontrez les membres d\u00e9vou\u00e9s et passionn\u00e9s du conseil d\u2019administration, de la direction, des services-conseils et du personnel qui ont \u00e9labor\u00e9 la mission d\u2019Atlas.","og_url":"https:\/\/atlasveterans.ca\/fr\/notre-equipe\/","og_site_name":"Institut Atlas pour les v\u00e9t\u00e9rans et leur famille","article_publisher":"https:\/\/www.facebook.com\/atlasveteransca","article_modified_time":"2026-01-26T16:05:23+00:00","og_image":[{"width":1600,"height":1100,"url":"https:\/\/atlasveterans.ca\/wp-content\/uploads\/2022\/03\/atlas-homepage-hero-1.jpg","type":"image\/jpeg"}],"twitter_card":"summary_large_image","twitter_site":"@atlasveteransca","twitter_misc":{"Dur\u00e9e de lecture estim\u00e9e":"1 minute"},"schema":{"@context":"https:\/\/schema.org","@graph":[{"@type":"WebPage","@id":"https:\/\/atlasveterans.ca\/fr\/notre-equipe\/","url":"https:\/\/atlasveterans.ca\/fr\/notre-equipe\/","name":"Notre \u00e9quipe &#183; Institut Atlas pour les v\u00e9t\u00e9rans et leur famille","isPartOf":{"@id":"https:\/\/atlasveterans.ca\/fr\/#website"},"datePublished":"2022-02-23T13:52:36+00:00","dateModified":"2026-01-26T16:05:23+00:00","breadcrumb":{"@id":"https:\/\/atlasveterans.ca\/fr\/notre-equipe\/#breadcrumb"},"inLanguage":"fr-FR","potentialAction":[{"@type":"ReadAction","target":["https:\/\/atlasveterans.ca\/fr\/notre-equipe\/"]}]},{"@type":"BreadcrumbList","@id":"https:\/\/atlasveterans.ca\/fr\/notre-equipe\/#breadcrumb","itemListElement":[{"@type":"ListItem","position":1,"name":"Institut Atlas pour les v\u00e9t\u00e9rans et leur famille","item":"https:\/\/atlasveterans.ca\/fr\/"},{"@type":"ListItem","position":2,"name":"Notre \u00e9quipe"}]},{"@type":"WebSite","@id":"https:\/\/atlasveterans.ca\/fr\/#website","url":"https:\/\/atlasveterans.ca\/fr\/","name":"Institut Atlas pour les v\u00e9t\u00e9rans et leur famille","description":"Get resources, find support","publisher":{"@id":"https:\/\/atlasveterans.ca\/fr\/#organization"},"potentialAction":[{"@type":"SearchAction","target":{"@type":"EntryPoint","urlTemplate":"https:\/\/atlasveterans.ca\/fr\/?s={search_term_string}"},"query-input":{"@type":"PropertyValueSpecification","valueRequired":true,"valueName":"search_term_string"}}],"inLanguage":"fr-FR"},{"@type":"Organization","@id":"https:\/\/atlasveterans.ca\/fr\/#organization","name":"Atlas Institute For Veterans and Families","url":"https:\/\/atlasveterans.ca\/fr\/","logo":{"@type":"ImageObject","inLanguage":"fr-FR","@id":"https:\/\/atlasveterans.ca\/fr\/#\/schema\/logo\/image\/","url":"https:\/\/atlasveterans.ca\/wp-content\/uploads\/2022\/03\/logo-withbg-eng-1.jpg","contentUrl":"https:\/\/atlasveterans.ca\/wp-content\/uploads\/2022\/03\/logo-withbg-eng-1.jpg","width":800,"height":400,"caption":"Atlas Institute For Veterans and Families"},"image":{"@id":"https:\/\/atlasveterans.ca\/fr\/#\/schema\/logo\/image\/"},"sameAs":["https:\/\/www.facebook.com\/atlasveteransca","https:\/\/x.com\/atlasveteransca","https:\/\/www.instagram.com\/atlasveteransca\/","https:\/\/www.linkedin.com\/company\/atlasveteransca\/","https:\/\/www.youtube.com\/atlasveteransca"]}]}},"_links":{"self":[{"href":"https:\/\/atlasveterans.ca\/fr\/wp-json\/wp\/v2\/pages\/1461","targetHints":{"allow":["GET"]}}],"collection":[{"href":"https:\/\/atlasveterans.ca\/fr\/wp-json\/wp\/v2\/pages"}],"about":[{"href":"https:\/\/atlasveterans.ca\/fr\/wp-json\/wp\/v2\/types\/page"}],"author":[{"embeddable":true,"href":"https:\/\/atlasveterans.ca\/fr\/wp-json\/wp\/v2\/users\/3"}],"replies":[{"embeddable":true,"href":"https:\/\/atlasveterans.ca\/fr\/wp-json\/wp\/v2\/comments?post=1461"}],"version-history":[{"count":3,"href":"https:\/\/atlasveterans.ca\/fr\/wp-json\/wp\/v2\/pages\/1461\/revisions"}],"predecessor-version":[{"id":28305,"href":"https:\/\/atlasveterans.ca\/fr\/wp-json\/wp\/v2\/pages\/1461\/revisions\/28305"}],"wp:attachment":[{"href":"https:\/\/atlasveterans.ca\/fr\/wp-json\/wp\/v2\/media?parent=1461"}],"wp:term":[{"taxonomy":"category","embeddable":true,"href":"https:\/\/atlasveterans.ca\/fr\/wp-json\/wp\/v2\/categories?post=1461"},{"taxonomy":"post_tag","embeddable":true,"href":"https:\/\/atlasveterans.ca\/fr\/wp-json\/wp\/v2\/tags?post=1461"}],"curies":[{"name":"wp","href":"https:\/\/api.w.org\/{rel}","templated":true}]}}