{"id":1558,"date":"2022-02-24T15:16:04","date_gmt":"2022-02-24T20:16:04","guid":{"rendered":"https:\/\/atlasveterans.ca\/carrieres\/"},"modified":"2023-09-26T11:50:11","modified_gmt":"2023-09-26T15:50:11","slug":"carrieres","status":"publish","type":"page","link":"https:\/\/atlasveterans.ca\/fr\/carrieres\/","title":{"rendered":"Carri\u00e8res"},"content":{"rendered":"<div class=\"wpb-content-wrapper\"><p>[vc_section full_width=\u00a0\u00bbstretch_row\u00a0\u00bb bg_effects=\u00a0\u00bbresponsive\u00a0\u00bb el_class=\u00a0\u00bbrow&#8211;hasBG\u00a0\u00bb img_desktop=\u00a0\u00bb2169&Prime; img_mobile=\u00a0\u00bb2167&Prime;][vc_row row_padding_top=\u00a0\u00bbregular\u00a0\u00bb row_padding_bottom=\u00a0\u00bbregular\u00a0\u00bb el_class=\u00a0\u00bbelement&#8211;whiteText\u00a0\u00bb][vc_column]<div class=\"breadcrumbs breadcrumbs--white\"><span><span><a href=\"https:\/\/atlasveterans.ca\/fr\/\"><i class=\"fas fa-house breadcrumbs__home\" title=\"Accueil\"><\/i><\/a><\/span><\/span><\/div>[vc_column_text]<\/p>\n<h1>Carri\u00e8res<\/h1>\n<p>[\/vc_column_text][\/vc_column][\/vc_row][\/vc_section][vc_section][vc_row row_padding_top=\u00a0\u00bbregular\u00a0\u00bb row_padding_bottom=\u00a0\u00bbextraSmall\u00a0\u00bb content_placement=\u00a0\u00bbbottom\u00a0\u00bb el_class=\u00a0\u00bbelement&#8211;lightGreyThickBorderBottom row&#8211;flipMobile\u00a0\u00bb][vc_column width=\u00a0\u00bb2\/3&Prime; el_class=\u00a0\u00bbcol&#8211;mobileNoPadding\u00a0\u00bb][vc_empty_space space_size=\u00a0\u00bbmedium\u00a0\u00bb el_class=\u00a0\u00bbelement&#8211;hideTablet element&#8211;hideDesktop\u00a0\u00bb][vc_column_text el_id=\u00a0\u00bbcareersCategoryTitle\u00a0\u00bb]<\/p>\n<p class=\"h2\">Possibilit\u00e9s d&#8217;emploi actuelles<\/p>\n<p>[\/vc_column_text][\/vc_column][vc_column width=\u00a0\u00bb1\/3&Prime;][vc_column_text el_class=\u00a0\u00bbhide-this\u00a0\u00bb]<div class=\"alm-filters alm-filters-container filters-default\" id=\"alm-filters-careers\" data-target=\"careersresults\" data-style=\"change\" data-id=\"careers\"><div class=\"alm-filter alm-filter--group alm-filter--taxonomy col-xs-12\" id=\"alm-filter-1\" data-key=\"taxonomy\" data-fieldtype=\"select\" data-taxonomy=\"career_subject\" data-taxonomy-operator=\"IN\" data-taxonomy-include-children=\"true\" data-selected-value=\"\" data-default-value=\"\"><div class=\"alm-filter--inner\"><\/div><\/div><div class=\"alm-filters--loading\"><\/div><\/div>[\/vc_column_text][\/vc_column][\/vc_row][vc_row row_padding_bottom=\u00a0\u00bbregular\u00a0\u00bb][vc_column css=\u00a0\u00bb.vc_custom_1645737818899{padding-top: 0px !important;padding-right: 0px !important;padding-bottom: 0px !important;padding-left: 0px !important;}\u00a0\u00bb el_class=\u00a0\u00bbelement&#8211;whiteBG\u00a0\u00bb][vc_raw_html]JTVCYWpheF9sb2FkX21vcmUlMjBpZCUzRCUyMmNhcmVlcnNyZXN1bHRzJTIyJTIwdGhlbWVfcmVwZWF0ZXIlM0QlMjJjYXJlZXJzLnBocCUyMiUyMHRhcmdldCUzRCUyMmNhcmVlcnMlMjIlMjBmaWx0ZXJzJTNEJTIydHJ1ZSUyMiUyMHBvc3RfdHlwZSUzRCUyMmNhcmVlciUyMiUyMHBvc3RzX3Blcl9wYWdlJTNEJTIyMTIlMjIlMjBvcmRlcmJ5JTNEJTIybWVudV9vcmRlciUyMiUyMHBsYWNlaG9sZGVyJTNEJTIydHJ1ZSUyMiUyMG1heF9wYWdlcyUzRCUyMjIlMjIlMjBidXR0b25fZG9uZV9sYWJlbCUzRCUyMk5vdGhpbmclMjBsZWZ0JTIwdG8lMjBsb2FkJTIyJTIwbm9fcmVzdWx0c190ZXh0JTNEJTIyJTNDZGl2JTIwY2xhc3MlM0QlMjduby1yZXN1bHRzJTI3JTNFSWwlMjBuJUUyJTgwJTk5eSUyMGElMjBhY3R1ZWxsZW1lbnQlMjBhdWN1biUyMHBvc3RlJTIwdmFjYW50JTIwJUMzJUEwJTIwbCVFMiU4MCU5OUluc3RpdHV0JTIwQXRsYXMuJTIwTm91cyUyMHZvdXMlMjBpbnZpdG9ucyUyMCVDMyVBMCUyMHYlQzMlQTlyaWZpZXIlMjAlQzMlQTAlMjBub3V2ZWF1JTIwcHJvY2hhaW5lbWVudC4lM0MlMkZkaXYlM0UlMjIlMjBjc3NfY2xhc3NlcyUzRCUyMmFsbUxpc3RpbmdzLS1mbGV4JTIyJTVE[\/vc_raw_html][\/vc_column][\/vc_row][vc_row row_padding_bottom=\u00a0\u00bbregular\u00a0\u00bb disable_element=\u00a0\u00bbyes\u00a0\u00bb][vc_column css=\u00a0\u00bb.vc_custom_1645737818899{padding-top: 0px !important;padding-right: 0px !important;padding-bottom: 0px !important;padding-left: 0px !important;}\u00a0\u00bb el_class=\u00a0\u00bbelement&#8211;whiteBG\u00a0\u00bb][vc_column_text el_class=\u00a0\u00bbelement&#8211;textCenter element&#8211;smallPadding\u00a0\u00bb]<span style=\"color: #98999a;\"><em>Il n\u2019y a actuellement aucun poste vacant \u00e0 l\u2019Institut Atlas. Nous vous invitons \u00e0 v\u00e9rifier \u00e0 nouveau prochainement.<\/em><\/span>[\/vc_column_text][\/vc_column][\/vc_row][\/vc_section][vc_section full_width=\u00a0\u00bbstretch_row\u00a0\u00bb el_class=\u00a0\u00bbelement&#8211;tanBG\u00a0\u00bb][vc_row row_padding_top=\u00a0\u00bbregular\u00a0\u00bb row_padding_bottom=\u00a0\u00bbregular\u00a0\u00bb][vc_column offset=\u00a0\u00bbvc_col-lg-offset-2 vc_col-lg-8 vc_col-md-offset-1 vc_col-md-10&Prime;][vc_column_text el_class=\u00a0\u00bbelement&#8211;textCenter\u00a0\u00bb]<\/p>\n<h4><span style=\"color: #2f4643;\">Le travail \u00e0 distance est la nouvelle r\u00e9alit\u00e9 quotidienne d\u2019Atlas. Notre \u00e9quipe d\u2019employ\u00e9s travaille en mode virtuel de partout au Canada. N\u2019h\u00e9sitez pas \u00e0 postuler \u00e0 l\u2019un ou l\u2019autre de nos postes disponibles, o\u00f9 que vous soyez.<\/span><\/h4>\n<p>&nbsp;<\/p>\n<p><img loading=\"lazy\" decoding=\"async\" class=\"alignnone wp-image-8785 size-medium\" src=\"https:\/\/atlasveterans.ca\/wp-content\/uploads\/2022\/10\/respect-fr-300x300.png\" alt=\"Certifi\u00e9 respect au travail\" width=\"300\" height=\"300\" srcset=\"https:\/\/atlasveterans.ca\/wp-content\/uploads\/2022\/10\/respect-fr-300x300.png 300w, https:\/\/atlasveterans.ca\/wp-content\/uploads\/2022\/10\/respect-fr-150x150.png 150w, https:\/\/atlasveterans.ca\/wp-content\/uploads\/2022\/10\/respect-fr.png 449w\" sizes=\"auto, (max-width: 300px) 100vw, 300px\" \/>[\/vc_column_text][\/vc_column][\/vc_row][vc_row row_padding_bottom=\u00a0\u00bbregular\u00a0\u00bb equal_height=\u00a0\u00bbyes\u00a0\u00bb content_placement=\u00a0\u00bbstretch\u00a0\u00bb][vc_column width=\u00a0\u00bb1\/3&Prime; css=\u00a0\u00bb.vc_custom_1645804472635{padding-top: 0px !important;padding-right: 0px !important;padding-bottom: 0px !important;padding-left: 0px !important;}\u00a0\u00bb]<a href=\"https:\/\/atlasveterans.ca\/fr\/notre-histoire\/\"  class=\"wpb_content_element contentBlock contentBlock--simple contentBlock--alignCenter contentBlock--hasBG contentBlock--hoverBG element--whiteBG contentBlock--whiteHover\" style=\"--bgImg: url(https:\/\/atlasveterans.ca\/wp-content\/uploads\/2022\/03\/atlascard-hover-ourstory.jpg); \"><div class=\"contentBlock__inner\">[vc_column_text]<\/p>\n<h3 class=\"text--lowercase\">Notre histoire<\/h3>\n<p>D\u00e9couvrez comment notre mission et notre vision ont vu le jour.[\/vc_column_text][vc_btn title=\u00a0\u00bbEn savoir plus\u00a0\u00bb style=\u00a0\u00bb-secondaryBtn\u00a0\u00bb text_colour=\u00a0\u00bbdarkGreen\u00a0\u00bb effect_colour=\u00a0\u00bbgradient\u00a0\u00bb hover_text_colour=\u00a0\u00bbwhite\u00a0\u00bb size=\u00a0\u00bb\u00a0\u00bb align=\u00a0\u00bbcenter\u00a0\u00bb]<\/div><\/a>[\/vc_column][vc_column width=\u00a0\u00bb1\/3&Prime; css=\u00a0\u00bb.vc_custom_1645804479259{padding-top: 0px !important;padding-right: 0px !important;padding-bottom: 0px !important;padding-left: 0px !important;}\u00a0\u00bb]<a href=\"https:\/\/atlasveterans.ca\/fr\/notre-approche\/\"  class=\"wpb_content_element contentBlock contentBlock--simple contentBlock--alignCenter contentBlock--hasBG contentBlock--hoverBG element--whiteBG contentBlock--whiteHover contentBlock--middle\" style=\"--bgImg: url(https:\/\/atlasveterans.ca\/wp-content\/uploads\/2022\/03\/atlas-card-hover-ourapproach.jpg); \"><div class=\"contentBlock__inner\">[vc_column_text]<\/p>\n<h3 class=\"text--lowercase\">Notre approche<\/h3>\n<p>Explorez comment nous parvenons \u00e0 combler le foss\u00e9 qui existe entre la recherche et la pratique.[\/vc_column_text][vc_btn title=\u00a0\u00bbEn savoir plus\u00a0\u00bb style=\u00a0\u00bb-secondaryBtn\u00a0\u00bb text_colour=\u00a0\u00bbdarkGreen\u00a0\u00bb effect_colour=\u00a0\u00bbgradient\u00a0\u00bb hover_text_colour=\u00a0\u00bbwhite\u00a0\u00bb size=\u00a0\u00bb\u00a0\u00bb align=\u00a0\u00bbcenter\u00a0\u00bb]<\/div><\/a>[\/vc_column][vc_column width=\u00a0\u00bb1\/3&Prime; css=\u00a0\u00bb.vc_custom_1645804485734{padding-top: 0px !important;padding-right: 0px !important;padding-bottom: 0px !important;padding-left: 0px !important;}\u00a0\u00bb]<a href=\"https:\/\/atlasveterans.ca\/fr\/notre-equipe\/\"  class=\"wpb_content_element contentBlock contentBlock--simple contentBlock--alignCenter contentBlock--hasBG contentBlock--hoverBG element--whiteBG contentBlock--whiteHover\" style=\"--bgImg: url(https:\/\/atlasveterans.ca\/wp-content\/uploads\/2022\/03\/atlas-card-hover-ourpeople.jpg); \"><div class=\"contentBlock__inner\">[vc_column_text]<\/p>\n<h3 class=\"text--lowercase\">Notre \u00e9quipe<\/h3>\n<p>Rencontrez les grands esprits qui ont \u00e9labor\u00e9 la mission d\u2019Atlas.[\/vc_column_text][vc_btn title=\u00a0\u00bbEn savoir plus\u00a0\u00bb style=\u00a0\u00bb-secondaryBtn\u00a0\u00bb text_colour=\u00a0\u00bbdarkGreen\u00a0\u00bb effect_colour=\u00a0\u00bbgradient\u00a0\u00bb hover_text_colour=\u00a0\u00bbwhite\u00a0\u00bb size=\u00a0\u00bb\u00a0\u00bb align=\u00a0\u00bbcenter\u00a0\u00bb]<\/div><\/a>[\/vc_column][\/vc_row][\/vc_section][vc_row full_width=\u00a0\u00bbstretch_row_content_no_spaces\u00a0\u00bb disable_element=\u00a0\u00bbyes\u00a0\u00bb][vc_column width=\u00a0\u00bb1\/2&Prime; el_class=\u00a0\u00bbcol&#8211;hasBG\u00a0\u00bb css=\u00a0\u00bb.vc_custom_1645740214102{background-image: url(https:\/\/atlasveterans.ca\/wp-content\/uploads\/2022\/02\/101-1600&#215;800-1.jpeg?id=76) !important;}\u00a0\u00bb][vc_empty_space height=\u00a0\u00bb50vw\u00a0\u00bb el_class=\u00a0\u00bbelement&#8211;hideMobile\u00a0\u00bb][vc_empty_space height=\u00a0\u00bb100vw\u00a0\u00bb el_class=\u00a0\u00bbelement&#8211;hideDesktop element&#8211;hideTablet\u00a0\u00bb][\/vc_column][vc_column width=\u00a0\u00bb1\/2&Prime; css=\u00a0\u00bb.vc_custom_1645740254650{padding-top: 0px !important;padding-right: 0px !important;padding-bottom: 0px !important;padding-left: 0px !important;}\u00a0\u00bb][vc_row_inner][vc_column_inner el_class=\u00a0\u00bbcol&#8211;hasBG\u00a0\u00bb width=\u00a0\u00bb1\/2&Prime; css=\u00a0\u00bb.vc_custom_1646839268252{background-image: url(https:\/\/atlasveterans.ca\/wp-content\/uploads\/2022\/02\/101-1600&#215;800-1.jpeg?id=76) !important;}\u00a0\u00bb offset=\u00a0\u00bbvc_col-xs-6&Prime;][vc_empty_space height=\u00a0\u00bb25vw\u00a0\u00bb el_class=\u00a0\u00bbelement&#8211;hideMobile\u00a0\u00bb][vc_empty_space height=\u00a0\u00bb50vw\u00a0\u00bb el_class=\u00a0\u00bbelement&#8211;hideDesktop element&#8211;hideTablet\u00a0\u00bb][\/vc_column_inner][vc_column_inner el_class=\u00a0\u00bbcol&#8211;hasBG\u00a0\u00bb width=\u00a0\u00bb1\/2&Prime; css=\u00a0\u00bb.vc_custom_1646839274118{background-image: url(https:\/\/atlasveterans.ca\/wp-content\/uploads\/2022\/02\/101-1600&#215;800-1.jpeg?id=76) !important;}\u00a0\u00bb offset=\u00a0\u00bbvc_col-xs-6&Prime;][vc_empty_space height=\u00a0\u00bb25vw\u00a0\u00bb el_class=\u00a0\u00bbelement&#8211;hideMobile\u00a0\u00bb][vc_empty_space height=\u00a0\u00bb50vw\u00a0\u00bb el_class=\u00a0\u00bbelement&#8211;hideDesktop element&#8211;hideTablet\u00a0\u00bb][\/vc_column_inner][\/vc_row_inner][vc_row_inner][vc_column_inner el_class=\u00a0\u00bbcol&#8211;hasBG\u00a0\u00bb width=\u00a0\u00bb1\/2&Prime; css=\u00a0\u00bb.vc_custom_1646839278142{background-image: url(https:\/\/atlasveterans.ca\/wp-content\/uploads\/2022\/02\/101-1600&#215;800-1.jpeg?id=76) !important;}\u00a0\u00bb offset=\u00a0\u00bbvc_col-xs-6&Prime;][vc_empty_space height=\u00a0\u00bb25vw\u00a0\u00bb el_class=\u00a0\u00bbelement&#8211;hideMobile\u00a0\u00bb][vc_empty_space height=\u00a0\u00bb50vw\u00a0\u00bb el_class=\u00a0\u00bbelement&#8211;hideDesktop element&#8211;hideTablet\u00a0\u00bb][\/vc_column_inner][vc_column_inner el_class=\u00a0\u00bbcol&#8211;hasBG\u00a0\u00bb width=\u00a0\u00bb1\/2&Prime; css=\u00a0\u00bb.vc_custom_1646839282592{background-image: url(https:\/\/atlasveterans.ca\/wp-content\/uploads\/2022\/02\/101-1600&#215;800-1.jpeg?id=76) !important;}\u00a0\u00bb offset=\u00a0\u00bbvc_col-xs-6&Prime;][vc_empty_space height=\u00a0\u00bb25vw\u00a0\u00bb el_class=\u00a0\u00bbelement&#8211;hideMobile\u00a0\u00bb][vc_empty_space height=\u00a0\u00bb50vw\u00a0\u00bb el_class=\u00a0\u00bbelement&#8211;hideDesktop element&#8211;hideTablet\u00a0\u00bb][\/vc_column_inner][\/vc_row_inner][\/vc_column][\/vc_row]<\/p>\n<\/div>","protected":false},"excerpt":{"rendered":"<p>Le travail \u00e0 distance est la nouvelle r\u00e9alit\u00e9 quotidienne d\u2019Atlas. Notre \u00e9quipe d\u2019employ\u00e9s travaille en mode virtuel de partout au Canada. N\u2019h\u00e9sitez pas \u00e0 postuler \u00e0 l\u2019un ou l\u2019autre de nos postes disponibles, o\u00f9 que vous soyez.<\/p>\n","protected":false},"author":3,"featured_media":0,"parent":0,"menu_order":68,"comment_status":"closed","ping_status":"closed","template":"","meta":{"_acf_changed":false,"inline_featured_image":false,"footnotes":""},"categories":[],"tags":[],"class_list":["post-1558","page","type-page","status-publish","hentry"],"acf":[],"yoast_head":"<!-- This site is optimized with the Yoast SEO plugin v27.3 - https:\/\/yoast.com\/product\/yoast-seo-wordpress\/ -->\n<title>Carri\u00e8res &#183; Institut Atlas pour les v\u00e9t\u00e9rans et leur famille<\/title>\n<meta name=\"description\" content=\"Le travail \u00e0 distance est la nouvelle r\u00e9alit\u00e9 quotidienne d\u2019Atlas. Notre \u00e9quipe d\u2019employ\u00e9s travaille en mode virtuel de partout au Canada. N\u2019h\u00e9sitez pas \u00e0 postuler \u00e0 l\u2019un ou l\u2019autre de nos postes disponibles, o\u00f9 que vous soyez.\" \/>\n<meta name=\"robots\" content=\"index, follow, max-snippet:-1, max-image-preview:large, max-video-preview:-1\" \/>\n<link rel=\"canonical\" href=\"https:\/\/atlasveterans.ca\/fr\/carrieres\/\" \/>\n<meta property=\"og:locale\" content=\"fr_FR\" \/>\n<meta property=\"og:type\" content=\"article\" \/>\n<meta property=\"og:title\" content=\"Carri\u00e8res &#183; Institut Atlas pour les v\u00e9t\u00e9rans et leur famille\" \/>\n<meta property=\"og:description\" content=\"Le travail \u00e0 distance est la nouvelle r\u00e9alit\u00e9 quotidienne d\u2019Atlas. Notre \u00e9quipe d\u2019employ\u00e9s travaille en mode virtuel de partout au Canada. N\u2019h\u00e9sitez pas \u00e0 postuler \u00e0 l\u2019un ou l\u2019autre de nos postes disponibles, o\u00f9 que vous soyez.\" \/>\n<meta property=\"og:url\" content=\"https:\/\/atlasveterans.ca\/fr\/carrieres\/\" \/>\n<meta property=\"og:site_name\" content=\"Institut Atlas pour les v\u00e9t\u00e9rans et leur famille\" \/>\n<meta property=\"article:publisher\" content=\"https:\/\/www.facebook.com\/atlasveteransca\" \/>\n<meta property=\"article:modified_time\" content=\"2023-09-26T15:50:11+00:00\" \/>\n<meta property=\"og:image\" content=\"https:\/\/atlasveterans.ca\/wp-content\/uploads\/2022\/10\/respect-fr-300x300.png\" \/>\n<meta name=\"twitter:card\" content=\"summary_large_image\" \/>\n<meta name=\"twitter:site\" content=\"@atlasveteransca\" \/>\n<meta name=\"twitter:label1\" content=\"Dur\u00e9e de lecture estim\u00e9e\" \/>\n\t<meta name=\"twitter:data1\" content=\"2 minutes\" \/>\n<script type=\"application\/ld+json\" class=\"yoast-schema-graph\">{\"@context\":\"https:\\\/\\\/schema.org\",\"@graph\":[{\"@type\":\"WebPage\",\"@id\":\"https:\\\/\\\/atlasveterans.ca\\\/fr\\\/carrieres\\\/\",\"url\":\"https:\\\/\\\/atlasveterans.ca\\\/fr\\\/carrieres\\\/\",\"name\":\"Carri\u00e8res &#183; Institut Atlas pour les v\u00e9t\u00e9rans et leur famille\",\"isPartOf\":{\"@id\":\"https:\\\/\\\/atlasveterans.ca\\\/fr\\\/#website\"},\"primaryImageOfPage\":{\"@id\":\"https:\\\/\\\/atlasveterans.ca\\\/fr\\\/carrieres\\\/#primaryimage\"},\"image\":{\"@id\":\"https:\\\/\\\/atlasveterans.ca\\\/fr\\\/carrieres\\\/#primaryimage\"},\"thumbnailUrl\":\"https:\\\/\\\/atlasveterans.ca\\\/wp-content\\\/uploads\\\/2022\\\/10\\\/respect-fr-300x300.png\",\"datePublished\":\"2022-02-24T20:16:04+00:00\",\"dateModified\":\"2023-09-26T15:50:11+00:00\",\"description\":\"Le travail \u00e0 distance est la nouvelle r\u00e9alit\u00e9 quotidienne d\u2019Atlas. Notre \u00e9quipe d\u2019employ\u00e9s travaille en mode virtuel de partout au Canada. N\u2019h\u00e9sitez pas \u00e0 postuler \u00e0 l\u2019un ou l\u2019autre de nos postes disponibles, o\u00f9 que vous soyez.\",\"breadcrumb\":{\"@id\":\"https:\\\/\\\/atlasveterans.ca\\\/fr\\\/carrieres\\\/#breadcrumb\"},\"inLanguage\":\"fr-FR\",\"potentialAction\":[{\"@type\":\"ReadAction\",\"target\":[\"https:\\\/\\\/atlasveterans.ca\\\/fr\\\/carrieres\\\/\"]}]},{\"@type\":\"ImageObject\",\"inLanguage\":\"fr-FR\",\"@id\":\"https:\\\/\\\/atlasveterans.ca\\\/fr\\\/carrieres\\\/#primaryimage\",\"url\":\"https:\\\/\\\/atlasveterans.ca\\\/wp-content\\\/uploads\\\/2022\\\/10\\\/respect-fr-300x300.png\",\"contentUrl\":\"https:\\\/\\\/atlasveterans.ca\\\/wp-content\\\/uploads\\\/2022\\\/10\\\/respect-fr-300x300.png\"},{\"@type\":\"BreadcrumbList\",\"@id\":\"https:\\\/\\\/atlasveterans.ca\\\/fr\\\/carrieres\\\/#breadcrumb\",\"itemListElement\":[{\"@type\":\"ListItem\",\"position\":1,\"name\":\"Institut Atlas pour les v\u00e9t\u00e9rans et leur famille\",\"item\":\"https:\\\/\\\/atlasveterans.ca\\\/fr\\\/\"},{\"@type\":\"ListItem\",\"position\":2,\"name\":\"Carri\u00e8res\"}]},{\"@type\":\"WebSite\",\"@id\":\"https:\\\/\\\/atlasveterans.ca\\\/fr\\\/#website\",\"url\":\"https:\\\/\\\/atlasveterans.ca\\\/fr\\\/\",\"name\":\"Institut Atlas pour les v\u00e9t\u00e9rans et leur famille\",\"description\":\"Get resources, find support\",\"publisher\":{\"@id\":\"https:\\\/\\\/atlasveterans.ca\\\/fr\\\/#organization\"},\"potentialAction\":[{\"@type\":\"SearchAction\",\"target\":{\"@type\":\"EntryPoint\",\"urlTemplate\":\"https:\\\/\\\/atlasveterans.ca\\\/fr\\\/?s={search_term_string}\"},\"query-input\":{\"@type\":\"PropertyValueSpecification\",\"valueRequired\":true,\"valueName\":\"search_term_string\"}}],\"inLanguage\":\"fr-FR\"},{\"@type\":\"Organization\",\"@id\":\"https:\\\/\\\/atlasveterans.ca\\\/fr\\\/#organization\",\"name\":\"Atlas Institute For Veterans and Families\",\"url\":\"https:\\\/\\\/atlasveterans.ca\\\/fr\\\/\",\"logo\":{\"@type\":\"ImageObject\",\"inLanguage\":\"fr-FR\",\"@id\":\"https:\\\/\\\/atlasveterans.ca\\\/fr\\\/#\\\/schema\\\/logo\\\/image\\\/\",\"url\":\"https:\\\/\\\/atlasveterans.ca\\\/wp-content\\\/uploads\\\/2022\\\/03\\\/logo-withbg-eng-1.jpg\",\"contentUrl\":\"https:\\\/\\\/atlasveterans.ca\\\/wp-content\\\/uploads\\\/2022\\\/03\\\/logo-withbg-eng-1.jpg\",\"width\":800,\"height\":400,\"caption\":\"Atlas Institute For Veterans and Families\"},\"image\":{\"@id\":\"https:\\\/\\\/atlasveterans.ca\\\/fr\\\/#\\\/schema\\\/logo\\\/image\\\/\"},\"sameAs\":[\"https:\\\/\\\/www.facebook.com\\\/atlasveteransca\",\"https:\\\/\\\/x.com\\\/atlasveteransca\",\"https:\\\/\\\/www.instagram.com\\\/atlasveteransca\\\/\",\"https:\\\/\\\/www.linkedin.com\\\/company\\\/atlasveteransca\\\/\",\"https:\\\/\\\/www.youtube.com\\\/atlasveteransca\"]}]}<\/script>\n<!-- \/ Yoast SEO plugin. -->","yoast_head_json":{"title":"Carri\u00e8res &#183; Institut Atlas pour les v\u00e9t\u00e9rans et leur famille","description":"Le travail \u00e0 distance est la nouvelle r\u00e9alit\u00e9 quotidienne d\u2019Atlas. Notre \u00e9quipe d\u2019employ\u00e9s travaille en mode virtuel de partout au Canada. N\u2019h\u00e9sitez pas \u00e0 postuler \u00e0 l\u2019un ou l\u2019autre de nos postes disponibles, o\u00f9 que vous soyez.","robots":{"index":"index","follow":"follow","max-snippet":"max-snippet:-1","max-image-preview":"max-image-preview:large","max-video-preview":"max-video-preview:-1"},"canonical":"https:\/\/atlasveterans.ca\/fr\/carrieres\/","og_locale":"fr_FR","og_type":"article","og_title":"Carri\u00e8res &#183; Institut Atlas pour les v\u00e9t\u00e9rans et leur famille","og_description":"Le travail \u00e0 distance est la nouvelle r\u00e9alit\u00e9 quotidienne d\u2019Atlas. Notre \u00e9quipe d\u2019employ\u00e9s travaille en mode virtuel de partout au Canada. N\u2019h\u00e9sitez pas \u00e0 postuler \u00e0 l\u2019un ou l\u2019autre de nos postes disponibles, o\u00f9 que vous soyez.","og_url":"https:\/\/atlasveterans.ca\/fr\/carrieres\/","og_site_name":"Institut Atlas pour les v\u00e9t\u00e9rans et leur famille","article_publisher":"https:\/\/www.facebook.com\/atlasveteransca","article_modified_time":"2023-09-26T15:50:11+00:00","og_image":[{"url":"https:\/\/atlasveterans.ca\/wp-content\/uploads\/2022\/10\/respect-fr-300x300.png","type":"","width":"","height":""}],"twitter_card":"summary_large_image","twitter_site":"@atlasveteransca","twitter_misc":{"Dur\u00e9e de lecture estim\u00e9e":"2 minutes"},"schema":{"@context":"https:\/\/schema.org","@graph":[{"@type":"WebPage","@id":"https:\/\/atlasveterans.ca\/fr\/carrieres\/","url":"https:\/\/atlasveterans.ca\/fr\/carrieres\/","name":"Carri\u00e8res &#183; Institut Atlas pour les v\u00e9t\u00e9rans et leur famille","isPartOf":{"@id":"https:\/\/atlasveterans.ca\/fr\/#website"},"primaryImageOfPage":{"@id":"https:\/\/atlasveterans.ca\/fr\/carrieres\/#primaryimage"},"image":{"@id":"https:\/\/atlasveterans.ca\/fr\/carrieres\/#primaryimage"},"thumbnailUrl":"https:\/\/atlasveterans.ca\/wp-content\/uploads\/2022\/10\/respect-fr-300x300.png","datePublished":"2022-02-24T20:16:04+00:00","dateModified":"2023-09-26T15:50:11+00:00","description":"Le travail \u00e0 distance est la nouvelle r\u00e9alit\u00e9 quotidienne d\u2019Atlas. Notre \u00e9quipe d\u2019employ\u00e9s travaille en mode virtuel de partout au Canada. N\u2019h\u00e9sitez pas \u00e0 postuler \u00e0 l\u2019un ou l\u2019autre de nos postes disponibles, o\u00f9 que vous soyez.","breadcrumb":{"@id":"https:\/\/atlasveterans.ca\/fr\/carrieres\/#breadcrumb"},"inLanguage":"fr-FR","potentialAction":[{"@type":"ReadAction","target":["https:\/\/atlasveterans.ca\/fr\/carrieres\/"]}]},{"@type":"ImageObject","inLanguage":"fr-FR","@id":"https:\/\/atlasveterans.ca\/fr\/carrieres\/#primaryimage","url":"https:\/\/atlasveterans.ca\/wp-content\/uploads\/2022\/10\/respect-fr-300x300.png","contentUrl":"https:\/\/atlasveterans.ca\/wp-content\/uploads\/2022\/10\/respect-fr-300x300.png"},{"@type":"BreadcrumbList","@id":"https:\/\/atlasveterans.ca\/fr\/carrieres\/#breadcrumb","itemListElement":[{"@type":"ListItem","position":1,"name":"Institut Atlas pour les v\u00e9t\u00e9rans et leur famille","item":"https:\/\/atlasveterans.ca\/fr\/"},{"@type":"ListItem","position":2,"name":"Carri\u00e8res"}]},{"@type":"WebSite","@id":"https:\/\/atlasveterans.ca\/fr\/#website","url":"https:\/\/atlasveterans.ca\/fr\/","name":"Institut Atlas pour les v\u00e9t\u00e9rans et leur famille","description":"Get resources, find support","publisher":{"@id":"https:\/\/atlasveterans.ca\/fr\/#organization"},"potentialAction":[{"@type":"SearchAction","target":{"@type":"EntryPoint","urlTemplate":"https:\/\/atlasveterans.ca\/fr\/?s={search_term_string}"},"query-input":{"@type":"PropertyValueSpecification","valueRequired":true,"valueName":"search_term_string"}}],"inLanguage":"fr-FR"},{"@type":"Organization","@id":"https:\/\/atlasveterans.ca\/fr\/#organization","name":"Atlas Institute For Veterans and Families","url":"https:\/\/atlasveterans.ca\/fr\/","logo":{"@type":"ImageObject","inLanguage":"fr-FR","@id":"https:\/\/atlasveterans.ca\/fr\/#\/schema\/logo\/image\/","url":"https:\/\/atlasveterans.ca\/wp-content\/uploads\/2022\/03\/logo-withbg-eng-1.jpg","contentUrl":"https:\/\/atlasveterans.ca\/wp-content\/uploads\/2022\/03\/logo-withbg-eng-1.jpg","width":800,"height":400,"caption":"Atlas Institute For Veterans and Families"},"image":{"@id":"https:\/\/atlasveterans.ca\/fr\/#\/schema\/logo\/image\/"},"sameAs":["https:\/\/www.facebook.com\/atlasveteransca","https:\/\/x.com\/atlasveteransca","https:\/\/www.instagram.com\/atlasveteransca\/","https:\/\/www.linkedin.com\/company\/atlasveteransca\/","https:\/\/www.youtube.com\/atlasveteransca"]}]}},"_links":{"self":[{"href":"https:\/\/atlasveterans.ca\/fr\/wp-json\/wp\/v2\/pages\/1558","targetHints":{"allow":["GET"]}}],"collection":[{"href":"https:\/\/atlasveterans.ca\/fr\/wp-json\/wp\/v2\/pages"}],"about":[{"href":"https:\/\/atlasveterans.ca\/fr\/wp-json\/wp\/v2\/types\/page"}],"author":[{"embeddable":true,"href":"https:\/\/atlasveterans.ca\/fr\/wp-json\/wp\/v2\/users\/3"}],"replies":[{"embeddable":true,"href":"https:\/\/atlasveterans.ca\/fr\/wp-json\/wp\/v2\/comments?post=1558"}],"version-history":[{"count":0,"href":"https:\/\/atlasveterans.ca\/fr\/wp-json\/wp\/v2\/pages\/1558\/revisions"}],"wp:attachment":[{"href":"https:\/\/atlasveterans.ca\/fr\/wp-json\/wp\/v2\/media?parent=1558"}],"wp:term":[{"taxonomy":"category","embeddable":true,"href":"https:\/\/atlasveterans.ca\/fr\/wp-json\/wp\/v2\/categories?post=1558"},{"taxonomy":"post_tag","embeddable":true,"href":"https:\/\/atlasveterans.ca\/fr\/wp-json\/wp\/v2\/tags?post=1558"}],"curies":[{"name":"wp","href":"https:\/\/api.w.org\/{rel}","templated":true}]}}