{"id":1560,"date":"2022-03-01T14:57:32","date_gmt":"2022-03-01T19:57:32","guid":{"rendered":"https:\/\/atlasveterans.ca\/diversite-et-inclusion\/"},"modified":"2025-07-08T17:03:01","modified_gmt":"2025-07-08T21:03:01","slug":"diversite-et-inclusion","status":"publish","type":"page","link":"https:\/\/atlasveterans.ca\/fr\/diversite-et-inclusion\/","title":{"rendered":"Diversit\u00e9 et inclusion"},"content":{"rendered":"<div class=\"wpb-content-wrapper\"><p>[vc_section full_width=\u00a0\u00bbstretch_row\u00a0\u00bb el_class=\u00a0\u00bbsection&#8211;hasBG\u00a0\u00bb css=\u00a0\u00bb.vc_custom_1646158893470{background-image: url(https:\/\/atlasveterans.ca\/wp-content\/uploads\/2022\/02\/Atlas-TopFold-Search-Pattern-Desktop-2.jpg?id=113) !important;}\u00a0\u00bb][vc_row row_padding_top=\u00a0\u00bbregular\u00a0\u00bb row_padding_bottom=\u00a0\u00bblarge\u00a0\u00bb el_class=\u00a0\u00bbelement&#8211;whiteText\u00a0\u00bb][vc_column]<div class=\"breadcrumbs breadcrumbs--white\"><span><span><a href=\"https:\/\/atlasveterans.ca\/fr\/\"><i class=\"fas fa-house breadcrumbs__home\" title=\"Accueil\"><\/i><\/a><\/span><\/span><\/div>[vc_column_text]<\/p>\n<h1>Diversit\u00e9 et inclusion<\/h1>\n<p class=\"h3 h3--lowercase\"><span style=\"color: #d0d2d3;\">L&rsquo;Institut Atlas reconna\u00eet le privil\u00e8ge et la responsabilit\u00e9 que nous d\u00e9tenons de contribuer \u00e0 la cr\u00e9ation d&rsquo;un syst\u00e8me de sant\u00e9 mentale qui est r\u00e9fl\u00e9chi et inform\u00e9 par tous les groupes en qu\u00eate d&rsquo;\u00e9quit\u00e9.<\/span><\/p>\n<p>[\/vc_column_text][\/vc_column][\/vc_row][\/vc_section][vc_row row_padding_bottom=\u00a0\u00bbsmall\u00a0\u00bb el_class=\u00a0\u00bbrow&#8211;pushUp\u00a0\u00bb][vc_column][vc_single_image image=\u00a0\u00bb2181&Prime; img_size=\u00a0\u00bbfull\u00a0\u00bb alignment=\u00a0\u00bbcenter\u00a0\u00bb][\/vc_column][\/vc_row][vc_row row_padding_bottom=\u00a0\u00bbsmall\u00a0\u00bb][vc_column offset=\u00a0\u00bbvc_col-lg-offset-3 vc_col-lg-6 vc_col-md-offset-2 vc_col-md-8&Prime;][vc_column_text el_class=\u00a0\u00bbelement&#8211;fullWidthText\u00a0\u00bb]<\/p>\n<h2>\u00c9quit\u00e9, diversit\u00e9 et inclusion intentionnelle<\/h2>\n<p>L\u2019Institut Atlas pour les v\u00e9t\u00e9rans et leur famille accorde une valeur fondamentale \u00e0 l\u2019\u00e9quit\u00e9, \u00e0 la diversit\u00e9 et \u00e0 l\u2019inclusion intentionnelle (EDI). Notre organisme repose avant tout sur ces principes, autour desquels s\u2019articule l\u2019approche guidant notre mandat, qui consiste \u00e0 am\u00e9liorer l\u2019acc\u00e8s aux mesures de soutien et aux ressources pour les v\u00e9t\u00e9rans des FAC et de la GRC ainsi que pour leur famille.<\/p>\n<p>L\u2019Institut Atlas aspire \u00e0 un futur syst\u00e8me de sant\u00e9 mentale pour les v\u00e9t\u00e9rans et leur famille qui soit fond\u00e9 sur l\u2019\u00e9quit\u00e9 d\u2019acc\u00e8s ainsi que sur l\u2019engagement et la participation d\u2019individus ayant une exp\u00e9rience actuelle ou pass\u00e9e de probl\u00e8mes de sant\u00e9 mentale et de troubles mentaux. Nous sommes persuad\u00e9s que les regards crois\u00e9s des v\u00e9t\u00e9rans et de leur famille, des intervenants et de notre personnel \u2013 \u00e0 travers leur origine ethnique, leur race, leur identit\u00e9 et leur expression sexuelle ou de genre, leur \u00e2ge, leur statut socio\u00e9conomique, leurs capacit\u00e9s mentales et physiques, leur religion, leur lieu g\u00e9ographique ou toute autre identit\u00e9 \u2013 nous permettront de mieux comprendre et servir les v\u00e9t\u00e9rans et leur famille.<\/p>\n<h3 class=\"text--lowercase\">Personne n\u2019est laiss\u00e9 \u00e0 l\u2019\u00e9cart<\/h3>\n<p>Nos valeurs s\u2019expriment de multiples fa\u00e7ons, notamment \u00e0 travers l\u2019implication et l\u2019inclusion d\u00e9lib\u00e9r\u00e9e de personnes aux identit\u00e9s crois\u00e9es pour la cr\u00e9ation de mesures de soutien et de ressources; l\u2019engagement et la collaboration des intervenants; les projets de recherche, de mobilisation et de mise en pratique des connaissances; le recrutement de talents et leur progression; ainsi que la culture, la formation et les proc\u00e9dures en milieu de travail.<\/p>\n<p>Notre objectif est de favoriser une participation \u00e9quitable au processus d\u00e9cisionnel, au syst\u00e8me de recherche ainsi qu\u2019\u00e0 l\u2019\u00e9laboration des politiques qui concernent les v\u00e9t\u00e9rans et leur famille, et ce, \u00e0 tous les niveaux et dans l\u2019ensemble des activit\u00e9s de l\u2019Institut Atlas.<\/p>\n<p>Guid\u00e9 par un comit\u00e9 sur l\u2019EDI, l\u2019Institut Atlas reconna\u00eet son privil\u00e8ge et sa responsabilit\u00e9 de contribuer \u00e0 la cr\u00e9ation d\u2019un syst\u00e8me de sant\u00e9 mentale qui tient compte des besoins et de la perspective de l\u2019ensemble des groupes en qu\u00eate d\u2019\u00e9quit\u00e9.<br \/>\n[\/vc_column_text][\/vc_column][\/vc_row][vc_row full_width=\u00a0\u00bbstretch_row\u00a0\u00bb el_class=\u00a0\u00bbrow&#8211;tanBottomBG\u00a0\u00bb][vc_column][vc_single_image image=\u00a0\u00bb2183&Prime; img_size=\u00a0\u00bbfull\u00a0\u00bb alignment=\u00a0\u00bbcenter\u00a0\u00bb][\/vc_column][\/vc_row][vc_section full_width=\u00a0\u00bbstretch_row\u00a0\u00bb el_class=\u00a0\u00bbelement&#8211;tanBG\u00a0\u00bb][vc_row row_padding_top=\u00a0\u00bbregular\u00a0\u00bb row_padding_bottom=\u00a0\u00bbregular\u00a0\u00bb el_class=\u00a0\u00bbelement&#8211;textCenter\u00a0\u00bb][vc_column][vc_column_text css=\u00a0\u00bb\u00a0\u00bb]<\/p>\n<p class=\"h2\">\u00ab Nous collaborons r\u00e9guli\u00e8rement avec des v\u00e9t\u00e9rans, familles, membres de la GRC, chercheurs et fournisseurs de services pour que notre travail t\u00e9moigne des besoins de ceux et celles que nous soutenons. \u00bb<\/p>\n<p>Laryssa Lamrock, conseill\u00e8re strat\u00e9gique nationale, Familles, Atlas[\/vc_column_text][\/vc_column][\/vc_row][\/vc_section][vc_section][vc_row row_padding_top=\u00a0\u00bbregular\u00a0\u00bb row_padding_bottom=\u00a0\u00bbregular\u00a0\u00bb][vc_column el_class=\u00a0\u00bbelement&#8211;fullWidthText\u00a0\u00bb offset=\u00a0\u00bbvc_col-lg-offset-3 vc_col-lg-6 vc_col-md-offset-2 vc_col-md-8&Prime; el_id=\u00a0\u00bback\u00a0\u00bb][vc_column_text]<\/p>\n<h2>Reconnaissance du territoire autochtone<\/h2>\n<p>L\u2019Institut Atlas pour les v\u00e9t\u00e9rans et leur famille reconna\u00eet que ses activit\u00e9s interviennent sur les territoires traditionnels des peuples autochtones vivant sur les lieux que nous nommons le Canada.<\/p>\n<p>La reconnaissance de terres ou de territoires est une fa\u00e7on honn\u00eate, respectueuse et rigoureuse sur le plan historique d\u2019admettre les territoires traditionnels des Premi\u00e8res Nations, des M\u00e9tis ou des Inuits dans un lieu donn\u00e9. Cette pratique s\u2019est impos\u00e9e comme une fa\u00e7on modeste, mais significative d\u2019honorer les premiers occupants de ces terres. Compte tenu des croyances de parent\u00e9 fondamentales qu\u2019entretiennent les peuples autochtones vis-\u00e0-vis de la terre, cette reconnaissance nous aide \u00e0 reconna\u00eetre, \u00e0 valoriser et \u00e0 respecter ces traditions, d\u2019autant que ces croyances ont \u00e9t\u00e9 interdites si longtemps.<\/p>\n<p>Au sein de l\u2019Institut Atlas, nous nous engageons non seulement \u00e0 reconna\u00eetre la terre sur laquelle nous nous trouvons, mais aussi \u00e0 int\u00e9grer dans nos recherches et nos ressources des approches ax\u00e9es sur ces cultures. Nous sommes d\u00e9termin\u00e9s \u00e0 travailler avec les v\u00e9t\u00e9rans, les familles, les chercheurs et les fournisseurs de services des collectivit\u00e9s autochtones pour nous assurer de leur donner voix au chapitre et de refl\u00e9ter leurs besoins.[\/vc_column_text][\/vc_column][\/vc_row][\/vc_section][vc_row row_padding_top=\u00a0\u00bbregular\u00a0\u00bb row_padding_bottom=\u00a0\u00bbregular\u00a0\u00bb full_width=\u00a0\u00bbstretch_row\u00a0\u00bb el_class=\u00a0\u00bbrow&#8211;hasBG element&#8211;textCenter element&#8211;whiteText\u00a0\u00bb css=\u00a0\u00bb.vc_custom_1646160295665{background-image: url(https:\/\/atlasveterans.ca\/wp-content\/uploads\/2022\/02\/Atlas-TopFold-Search-Pattern-Desktop-2-flipped.jpg?id=103) !important;}\u00a0\u00bb][vc_column][vc_column_text]<\/p>\n<h2 class=\"h1\">D\u00e9couvrez notre r\u00e9seau<\/h2>\n<div class=\"p--large\">\n<p>Nous collaborons avec un r\u00e9seau diversifi\u00e9 de v\u00e9t\u00e9rans, de familles, de fournisseurs de services et de chercheurs.<\/p>\n<\/div>\n<p>[\/vc_column_text][vc_btn title=\u00a0\u00bbEn savoir plus\u00a0\u00bb text_colour=\u00a0\u00bbdarkGreen\u00a0\u00bb effect_colour=\u00a0\u00bbgradient\u00a0\u00bb size=\u00a0\u00bb\u00a0\u00bb align=\u00a0\u00bbcenter\u00a0\u00bb link=\u00a0\u00bburl:https%3A%2F%2Fatlasveterans.ca%2Ffr%2Fnotre-approche%2Freseau-dexperiences-vecues%2F|title:R%C3%A9seau|\u00a0\u00bb][\/vc_column][\/vc_row]<\/p>\n<\/div>","protected":false},"excerpt":{"rendered":"<p>[vc_section full_width=\u00a0\u00bbstretch_row\u00a0\u00bb el_class=\u00a0\u00bbsection&#8211;hasBG\u00a0\u00bb css=\u00a0\u00bb.vc_custom_1646158893470{background-image: url(https:\/\/atlasveterans.ca\/wp-content\/uploads\/2022\/02\/Atlas-TopFold-Search-Pattern-Desktop-2.jpg?id=113) !important;}\u00a0\u00bb][vc_row row_padding_top=\u00a0\u00bbregular\u00a0\u00bb row_padding_bottom=\u00a0\u00bblarge\u00a0\u00bb el_class=\u00a0\u00bbelement&#8211;whiteText\u00a0\u00bb][vc_column][vc_column_text] Diversit\u00e9 et inclusion L&rsquo;Institut Atlas reconna\u00eet le privil\u00e8ge et la responsabilit\u00e9 que nous d\u00e9tenons de contribuer \u00e0 la cr\u00e9ation d&rsquo;un syst\u00e8me de sant\u00e9 mentale qui est r\u00e9fl\u00e9chi et inform\u00e9 par tous les groupes en qu\u00eate d&rsquo;\u00e9quit\u00e9. [\/vc_column_text][\/vc_column][\/vc_row][\/vc_section][vc_row row_padding_bottom=\u00a0\u00bbsmall\u00a0\u00bb el_class=\u00a0\u00bbrow&#8211;pushUp\u00a0\u00bb][vc_column][vc_single_image image=\u00a0\u00bb2181&Prime; img_size=\u00a0\u00bbfull\u00a0\u00bb alignment=\u00a0\u00bbcenter\u00a0\u00bb][\/vc_column][\/vc_row][vc_row row_padding_bottom=\u00a0\u00bbsmall\u00a0\u00bb][vc_column offset=\u00a0\u00bbvc_col-lg-offset-3 vc_col-lg-6 vc_col-md-offset-2&#8230;<\/p>\n","protected":false},"author":3,"featured_media":0,"parent":0,"menu_order":54,"comment_status":"closed","ping_status":"closed","template":"","meta":{"_acf_changed":false,"inline_featured_image":false,"footnotes":""},"categories":[],"tags":[],"class_list":["post-1560","page","type-page","status-publish","hentry"],"acf":[],"yoast_head":"<!-- This site is optimized with the Yoast SEO plugin v27.3 - https:\/\/yoast.com\/product\/yoast-seo-wordpress\/ -->\n<title>Diversit\u00e9 et inclusion &#183; Institut Atlas pour les v\u00e9t\u00e9rans et leur famille<\/title>\n<meta name=\"robots\" content=\"index, follow, max-snippet:-1, max-image-preview:large, max-video-preview:-1\" \/>\n<link rel=\"canonical\" href=\"https:\/\/atlasveterans.ca\/fr\/diversite-et-inclusion\/\" \/>\n<meta property=\"og:locale\" content=\"fr_FR\" \/>\n<meta property=\"og:type\" content=\"article\" \/>\n<meta property=\"og:title\" content=\"Diversit\u00e9 et inclusion &#183; Institut Atlas pour les v\u00e9t\u00e9rans et leur famille\" \/>\n<meta property=\"og:description\" content=\"[vc_section full_width=\u00a0\u00bbstretch_row\u00a0\u00bb el_class=\u00a0\u00bbsection&#8211;hasBG\u00a0\u00bb css=\u00a0\u00bb.vc_custom_1646158893470{background-image: url(https:\/\/atlasveterans.ca\/wp-content\/uploads\/2022\/02\/Atlas-TopFold-Search-Pattern-Desktop-2.jpg?id=113) !important;}\u00a0\u00bb][vc_row row_padding_top=\u00a0\u00bbregular\u00a0\u00bb row_padding_bottom=\u00a0\u00bblarge\u00a0\u00bb el_class=\u00a0\u00bbelement&#8211;whiteText\u00a0\u00bb][vc_column][vc_column_text] Diversit\u00e9 et inclusion L&rsquo;Institut Atlas reconna\u00eet le privil\u00e8ge et la responsabilit\u00e9 que nous d\u00e9tenons de contribuer \u00e0 la cr\u00e9ation d&rsquo;un syst\u00e8me de sant\u00e9 mentale qui est r\u00e9fl\u00e9chi et inform\u00e9 par tous les groupes en qu\u00eate d&rsquo;\u00e9quit\u00e9. [\/vc_column_text][\/vc_column][\/vc_row][\/vc_section][vc_row row_padding_bottom=\u00a0\u00bbsmall\u00a0\u00bb el_class=\u00a0\u00bbrow&#8211;pushUp\u00a0\u00bb][vc_column][vc_single_image image=\u00a0\u00bb2181&Prime; img_size=\u00a0\u00bbfull\u00a0\u00bb alignment=\u00a0\u00bbcenter\u00a0\u00bb][\/vc_column][\/vc_row][vc_row row_padding_bottom=\u00a0\u00bbsmall\u00a0\u00bb][vc_column offset=\u00a0\u00bbvc_col-lg-offset-3 vc_col-lg-6 vc_col-md-offset-2...\" \/>\n<meta property=\"og:url\" content=\"https:\/\/atlasveterans.ca\/fr\/diversite-et-inclusion\/\" \/>\n<meta property=\"og:site_name\" content=\"Institut Atlas pour les v\u00e9t\u00e9rans et leur famille\" \/>\n<meta property=\"article:publisher\" content=\"https:\/\/www.facebook.com\/atlasveteransca\" \/>\n<meta property=\"article:modified_time\" content=\"2025-07-08T21:03:01+00:00\" \/>\n<meta property=\"og:image\" content=\"https:\/\/atlasveterans.ca\/wp-content\/uploads\/2022\/03\/atlas-homepage-hero-1.jpg\" \/>\n\t<meta property=\"og:image:width\" content=\"1600\" \/>\n\t<meta property=\"og:image:height\" content=\"1100\" \/>\n\t<meta property=\"og:image:type\" content=\"image\/jpeg\" \/>\n<meta name=\"twitter:card\" content=\"summary_large_image\" \/>\n<meta name=\"twitter:site\" content=\"@atlasveteransca\" \/>\n<meta name=\"twitter:label1\" content=\"Dur\u00e9e de lecture estim\u00e9e\" \/>\n\t<meta name=\"twitter:data1\" content=\"4 minutes\" \/>\n<script type=\"application\/ld+json\" class=\"yoast-schema-graph\">{\"@context\":\"https:\\\/\\\/schema.org\",\"@graph\":[{\"@type\":\"WebPage\",\"@id\":\"https:\\\/\\\/atlasveterans.ca\\\/fr\\\/diversite-et-inclusion\\\/\",\"url\":\"https:\\\/\\\/atlasveterans.ca\\\/fr\\\/diversite-et-inclusion\\\/\",\"name\":\"Diversit\u00e9 et inclusion &#183; Institut Atlas pour les v\u00e9t\u00e9rans et leur famille\",\"isPartOf\":{\"@id\":\"https:\\\/\\\/atlasveterans.ca\\\/fr\\\/#website\"},\"datePublished\":\"2022-03-01T19:57:32+00:00\",\"dateModified\":\"2025-07-08T21:03:01+00:00\",\"breadcrumb\":{\"@id\":\"https:\\\/\\\/atlasveterans.ca\\\/fr\\\/diversite-et-inclusion\\\/#breadcrumb\"},\"inLanguage\":\"fr-FR\",\"potentialAction\":[{\"@type\":\"ReadAction\",\"target\":[\"https:\\\/\\\/atlasveterans.ca\\\/fr\\\/diversite-et-inclusion\\\/\"]}]},{\"@type\":\"BreadcrumbList\",\"@id\":\"https:\\\/\\\/atlasveterans.ca\\\/fr\\\/diversite-et-inclusion\\\/#breadcrumb\",\"itemListElement\":[{\"@type\":\"ListItem\",\"position\":1,\"name\":\"Institut Atlas pour les v\u00e9t\u00e9rans et leur famille\",\"item\":\"https:\\\/\\\/atlasveterans.ca\\\/fr\\\/\"},{\"@type\":\"ListItem\",\"position\":2,\"name\":\"Diversit\u00e9 et inclusion\"}]},{\"@type\":\"WebSite\",\"@id\":\"https:\\\/\\\/atlasveterans.ca\\\/fr\\\/#website\",\"url\":\"https:\\\/\\\/atlasveterans.ca\\\/fr\\\/\",\"name\":\"Institut Atlas pour les v\u00e9t\u00e9rans et leur famille\",\"description\":\"Get resources, find support\",\"publisher\":{\"@id\":\"https:\\\/\\\/atlasveterans.ca\\\/fr\\\/#organization\"},\"potentialAction\":[{\"@type\":\"SearchAction\",\"target\":{\"@type\":\"EntryPoint\",\"urlTemplate\":\"https:\\\/\\\/atlasveterans.ca\\\/fr\\\/?s={search_term_string}\"},\"query-input\":{\"@type\":\"PropertyValueSpecification\",\"valueRequired\":true,\"valueName\":\"search_term_string\"}}],\"inLanguage\":\"fr-FR\"},{\"@type\":\"Organization\",\"@id\":\"https:\\\/\\\/atlasveterans.ca\\\/fr\\\/#organization\",\"name\":\"Atlas Institute For Veterans and Families\",\"url\":\"https:\\\/\\\/atlasveterans.ca\\\/fr\\\/\",\"logo\":{\"@type\":\"ImageObject\",\"inLanguage\":\"fr-FR\",\"@id\":\"https:\\\/\\\/atlasveterans.ca\\\/fr\\\/#\\\/schema\\\/logo\\\/image\\\/\",\"url\":\"https:\\\/\\\/atlasveterans.ca\\\/wp-content\\\/uploads\\\/2022\\\/03\\\/logo-withbg-eng-1.jpg\",\"contentUrl\":\"https:\\\/\\\/atlasveterans.ca\\\/wp-content\\\/uploads\\\/2022\\\/03\\\/logo-withbg-eng-1.jpg\",\"width\":800,\"height\":400,\"caption\":\"Atlas Institute For Veterans and Families\"},\"image\":{\"@id\":\"https:\\\/\\\/atlasveterans.ca\\\/fr\\\/#\\\/schema\\\/logo\\\/image\\\/\"},\"sameAs\":[\"https:\\\/\\\/www.facebook.com\\\/atlasveteransca\",\"https:\\\/\\\/x.com\\\/atlasveteransca\",\"https:\\\/\\\/www.instagram.com\\\/atlasveteransca\\\/\",\"https:\\\/\\\/www.linkedin.com\\\/company\\\/atlasveteransca\\\/\",\"https:\\\/\\\/www.youtube.com\\\/atlasveteransca\"]}]}<\/script>\n<!-- \/ Yoast SEO plugin. -->","yoast_head_json":{"title":"Diversit\u00e9 et inclusion &#183; Institut Atlas pour les v\u00e9t\u00e9rans et leur famille","robots":{"index":"index","follow":"follow","max-snippet":"max-snippet:-1","max-image-preview":"max-image-preview:large","max-video-preview":"max-video-preview:-1"},"canonical":"https:\/\/atlasveterans.ca\/fr\/diversite-et-inclusion\/","og_locale":"fr_FR","og_type":"article","og_title":"Diversit\u00e9 et inclusion &#183; Institut Atlas pour les v\u00e9t\u00e9rans et leur famille","og_description":"[vc_section full_width=\u00a0\u00bbstretch_row\u00a0\u00bb el_class=\u00a0\u00bbsection&#8211;hasBG\u00a0\u00bb css=\u00a0\u00bb.vc_custom_1646158893470{background-image: url(https:\/\/atlasveterans.ca\/wp-content\/uploads\/2022\/02\/Atlas-TopFold-Search-Pattern-Desktop-2.jpg?id=113) !important;}\u00a0\u00bb][vc_row row_padding_top=\u00a0\u00bbregular\u00a0\u00bb row_padding_bottom=\u00a0\u00bblarge\u00a0\u00bb el_class=\u00a0\u00bbelement&#8211;whiteText\u00a0\u00bb][vc_column][vc_column_text] Diversit\u00e9 et inclusion L&rsquo;Institut Atlas reconna\u00eet le privil\u00e8ge et la responsabilit\u00e9 que nous d\u00e9tenons de contribuer \u00e0 la cr\u00e9ation d&rsquo;un syst\u00e8me de sant\u00e9 mentale qui est r\u00e9fl\u00e9chi et inform\u00e9 par tous les groupes en qu\u00eate d&rsquo;\u00e9quit\u00e9. [\/vc_column_text][\/vc_column][\/vc_row][\/vc_section][vc_row row_padding_bottom=\u00a0\u00bbsmall\u00a0\u00bb el_class=\u00a0\u00bbrow&#8211;pushUp\u00a0\u00bb][vc_column][vc_single_image image=\u00a0\u00bb2181&Prime; img_size=\u00a0\u00bbfull\u00a0\u00bb alignment=\u00a0\u00bbcenter\u00a0\u00bb][\/vc_column][\/vc_row][vc_row row_padding_bottom=\u00a0\u00bbsmall\u00a0\u00bb][vc_column offset=\u00a0\u00bbvc_col-lg-offset-3 vc_col-lg-6 vc_col-md-offset-2...","og_url":"https:\/\/atlasveterans.ca\/fr\/diversite-et-inclusion\/","og_site_name":"Institut Atlas pour les v\u00e9t\u00e9rans et leur famille","article_publisher":"https:\/\/www.facebook.com\/atlasveteransca","article_modified_time":"2025-07-08T21:03:01+00:00","og_image":[{"width":1600,"height":1100,"url":"https:\/\/atlasveterans.ca\/wp-content\/uploads\/2022\/03\/atlas-homepage-hero-1.jpg","type":"image\/jpeg"}],"twitter_card":"summary_large_image","twitter_site":"@atlasveteransca","twitter_misc":{"Dur\u00e9e de lecture estim\u00e9e":"4 minutes"},"schema":{"@context":"https:\/\/schema.org","@graph":[{"@type":"WebPage","@id":"https:\/\/atlasveterans.ca\/fr\/diversite-et-inclusion\/","url":"https:\/\/atlasveterans.ca\/fr\/diversite-et-inclusion\/","name":"Diversit\u00e9 et inclusion &#183; Institut Atlas pour les v\u00e9t\u00e9rans et leur famille","isPartOf":{"@id":"https:\/\/atlasveterans.ca\/fr\/#website"},"datePublished":"2022-03-01T19:57:32+00:00","dateModified":"2025-07-08T21:03:01+00:00","breadcrumb":{"@id":"https:\/\/atlasveterans.ca\/fr\/diversite-et-inclusion\/#breadcrumb"},"inLanguage":"fr-FR","potentialAction":[{"@type":"ReadAction","target":["https:\/\/atlasveterans.ca\/fr\/diversite-et-inclusion\/"]}]},{"@type":"BreadcrumbList","@id":"https:\/\/atlasveterans.ca\/fr\/diversite-et-inclusion\/#breadcrumb","itemListElement":[{"@type":"ListItem","position":1,"name":"Institut Atlas pour les v\u00e9t\u00e9rans et leur famille","item":"https:\/\/atlasveterans.ca\/fr\/"},{"@type":"ListItem","position":2,"name":"Diversit\u00e9 et inclusion"}]},{"@type":"WebSite","@id":"https:\/\/atlasveterans.ca\/fr\/#website","url":"https:\/\/atlasveterans.ca\/fr\/","name":"Institut Atlas pour les v\u00e9t\u00e9rans et leur famille","description":"Get resources, find support","publisher":{"@id":"https:\/\/atlasveterans.ca\/fr\/#organization"},"potentialAction":[{"@type":"SearchAction","target":{"@type":"EntryPoint","urlTemplate":"https:\/\/atlasveterans.ca\/fr\/?s={search_term_string}"},"query-input":{"@type":"PropertyValueSpecification","valueRequired":true,"valueName":"search_term_string"}}],"inLanguage":"fr-FR"},{"@type":"Organization","@id":"https:\/\/atlasveterans.ca\/fr\/#organization","name":"Atlas Institute For Veterans and Families","url":"https:\/\/atlasveterans.ca\/fr\/","logo":{"@type":"ImageObject","inLanguage":"fr-FR","@id":"https:\/\/atlasveterans.ca\/fr\/#\/schema\/logo\/image\/","url":"https:\/\/atlasveterans.ca\/wp-content\/uploads\/2022\/03\/logo-withbg-eng-1.jpg","contentUrl":"https:\/\/atlasveterans.ca\/wp-content\/uploads\/2022\/03\/logo-withbg-eng-1.jpg","width":800,"height":400,"caption":"Atlas Institute For Veterans and Families"},"image":{"@id":"https:\/\/atlasveterans.ca\/fr\/#\/schema\/logo\/image\/"},"sameAs":["https:\/\/www.facebook.com\/atlasveteransca","https:\/\/x.com\/atlasveteransca","https:\/\/www.instagram.com\/atlasveteransca\/","https:\/\/www.linkedin.com\/company\/atlasveteransca\/","https:\/\/www.youtube.com\/atlasveteransca"]}]}},"_links":{"self":[{"href":"https:\/\/atlasveterans.ca\/fr\/wp-json\/wp\/v2\/pages\/1560","targetHints":{"allow":["GET"]}}],"collection":[{"href":"https:\/\/atlasveterans.ca\/fr\/wp-json\/wp\/v2\/pages"}],"about":[{"href":"https:\/\/atlasveterans.ca\/fr\/wp-json\/wp\/v2\/types\/page"}],"author":[{"embeddable":true,"href":"https:\/\/atlasveterans.ca\/fr\/wp-json\/wp\/v2\/users\/3"}],"replies":[{"embeddable":true,"href":"https:\/\/atlasveterans.ca\/fr\/wp-json\/wp\/v2\/comments?post=1560"}],"version-history":[{"count":2,"href":"https:\/\/atlasveterans.ca\/fr\/wp-json\/wp\/v2\/pages\/1560\/revisions"}],"predecessor-version":[{"id":25563,"href":"https:\/\/atlasveterans.ca\/fr\/wp-json\/wp\/v2\/pages\/1560\/revisions\/25563"}],"wp:attachment":[{"href":"https:\/\/atlasveterans.ca\/fr\/wp-json\/wp\/v2\/media?parent=1560"}],"wp:term":[{"taxonomy":"category","embeddable":true,"href":"https:\/\/atlasveterans.ca\/fr\/wp-json\/wp\/v2\/categories?post=1560"},{"taxonomy":"post_tag","embeddable":true,"href":"https:\/\/atlasveterans.ca\/fr\/wp-json\/wp\/v2\/tags?post=1560"}],"curies":[{"name":"wp","href":"https:\/\/api.w.org\/{rel}","templated":true}]}}