{"id":16813,"date":"2024-01-25T13:16:29","date_gmt":"2024-01-25T18:16:29","guid":{"rendered":"https:\/\/atlasveterans.ca\/?page_id=16813"},"modified":"2025-06-10T08:58:37","modified_gmt":"2025-06-10T12:58:37","slug":"collaboration-nationale-sur-le-tspt","status":"publish","type":"page","link":"https:\/\/atlasveterans.ca\/fr\/notre-approche\/mobilisation-de-la-communaute\/reseau-dexperiences-vecues\/collaboration-nationale-sur-le-tspt\/","title":{"rendered":"Collaboration nationale sur le TSPT et les troubles de sant\u00e9 mentale connexes"},"content":{"rendered":"<div class=\"wpb-content-wrapper\"><p>[vc_section el_class=\u00a0\u00bbstickyTOC__wrapper\u00a0\u00bb][vc_row row_padding_top=\u00a0\u00bbregular\u00a0\u00bb row_padding_bottom=\u00a0\u00bbregular\u00a0\u00bb el_class=\u00a0\u00bbrow&#8211;flipMobile\u00a0\u00bb][vc_column width=\u00a0\u00bb2\/3&Prime; offset=\u00a0\u00bbvc_col-lg-7&Prime; el_class=\u00a0\u00bbelement&#8211;fullWidthText\u00a0\u00bb][vc_column_text css=\u00a0\u00bb\u00a0\u00bb el_id=\u00a0\u00bbtop\u00a0\u00bb]L\u2019Institut Atlas pour les v\u00e9t\u00e9rans et leur famille s\u2019est associ\u00e9 \u00e0 l\u2019Institut canadien de recherche et de traitement en s\u00e9curit\u00e9 publique (ICRTSP) pour convoquer la Collaboration nationale sur le trouble de stress post-traumatique (TSPT) et les troubles de sant\u00e9 mentale connexes. Lanc\u00e9 en avril 2022, le projet collaboratif vise \u00e0 am\u00e9liorer notre compr\u00e9hension collective du TSPT et des troubles de sant\u00e9 mentale connexes, en tirant parti de l\u2019\u00e9tendue de l\u2019expertise existante \u00e0 l\u2019\u00e9chelle du Canada.<\/p>\n<h2 id=\"what\">Quel est le mandat de la Collaboration?<\/h2>\n<p>La Collaboration a pour but de cr\u00e9er un forum national d\u2019\u00e9change de connaissances qui permettra de mieux comprendre et d\u2019am\u00e9liorer la capacit\u00e9 du secteur de la sant\u00e9 mentale \u00e0 soutenir le bien-\u00eatre des militaires actifs, des v\u00e9t\u00e9rans des Forces arm\u00e9es canadiennes, des membres actifs et des v\u00e9t\u00e9rans de la Gendarmerie royale du Canada (GRC), ainsi que d\u2019autres membres actifs et retrait\u00e9s du personnel de la s\u00e9curit\u00e9 publique (PSP), et tous leurs dirigeants et leurs familles.[\/vc_column_text][vc_column_text css=\u00a0\u00bb.vc_custom_1749560301267{background-color: #FFFFFF !important;}\u00a0\u00bb el_class=\u00a0\u00bbelement&#8211;smallPadding\u00a0\u00bb]Reconnaissant l&rsquo;importance de la collaboration pour soutenir la sant\u00e9 mentale et le bien-\u00eatre des personnes atteint de TSPT li\u00e9 au service et de leurs familles, les membres de la Collaboration nationale se sont r\u00e9unis pour demander un soutien et des mesures continus et soutenus dans tous les secteurs et \u00e0 tous les niveaux de gouvernement afin d&rsquo;am\u00e9liorer les r\u00e9sultats des traitements pour ceux dont le choix de carri\u00e8re a entra\u00een\u00e9 de graves probl\u00e8mes de sant\u00e9 mentale.<\/p>\n<div class=\"vc_btn3-container vc_btn3-left\"><a class=\"vc_general vc_btn3 vc_btn3-size- vc_btn3-shape-square vc_btn3-style--secondaryBtn vc_btn3-color-grey btn--darkGreenText btn--gradientBG btn--darkGreenHoverText\" title=\"Lettre de la Collaboration nationale sur le TSPT : Appel en faveur d\u2019un soutien et d\u2019une action continus pour am\u00e9liorer les r\u00e9sultats des traitements destin\u00e9s aux personnes atteintes de blessures de sant\u00e9 mentale li\u00e9es au service\" href=\"https:\/\/atlasveterans.ca\/fr\/nouvelles\/lettre-de-la-collaboration-nationale-sur-le-tspt-appel-en-faveur-dun-soutien-et-dune-action-continus-pour-ameliorer-les-resultats-des-traitements-destines-aux-personnes-atteintes-de-blessures-de\/\">Lire la lettre<\/a><\/div>\n<p>[\/vc_column_text][vc_column_text css=\u00a0\u00bb\u00a0\u00bb]<\/p>\n<h2 id=\"why\">Pourquoi la Collaboration a-t-elle \u00e9t\u00e9 mise sur pied?<\/h2>\n<ul>\n<li>\u00c9tablir des partenariats avec des organismes de soutien par les pairs ax\u00e9s sur le TSPT dans le contexte plus large de la sant\u00e9 mentale.<\/li>\n<li>Favoriser la collaboration et \u00e9liminer les cloisonnements organisationnels en appuyant les initiatives intersectorielles sur le TSPT et les troubles de sant\u00e9 mentale connexes.<\/li>\n<li>Servir de catalyseur pour la conversation sur les enjeux \u00e9mergents qui touchent les militaires, les v\u00e9t\u00e9rans, les membres du PSP en service et \u00e0 la retraite, et leurs familles.<\/li>\n<li>\u00c9largir la port\u00e9e des organisations membres et renforcer leurs liens avec les collectivit\u00e9s qu\u2019elles soutiennent.<\/li>\n<\/ul>\n<h2 id=\"achieve\">Ce que nous esp\u00e9rons accomplir<\/h2>\n<p>Afin de faciliter le partage des connaissances sur le TSPT et les troubles de sant\u00e9 mentale connexes entre les organisations qui travaillent au service des communaut\u00e9s des militaires, des v\u00e9t\u00e9rans et des membres du PSP et de leurs familles, la Collaboration vise \u00e0 :<\/p>\n<ul>\n<li>Fournir un espace r\u00e9serv\u00e9 \u00e0 l\u2019\u00e9change de connaissances et au dialogue constructif afin d\u2019am\u00e9liorer notre compr\u00e9hension collective du TSPT et des r\u00e9percussions associ\u00e9es.<\/li>\n<li>Encourager la collaboration entre les organisations ayant une expertise et des exp\u00e9riences diversifi\u00e9es li\u00e9es au bien-\u00eatre des militaires, des v\u00e9t\u00e9rans, des membres du PSP en service et \u00e0 la retraite et de leurs familles, \u00e0 la promotion de la sant\u00e9 mentale, \u00e0 la recherche ainsi qu\u2019\u00e0 la pratique et aux politiques.<strong><br \/>\n<\/strong><\/li>\n<\/ul>\n<h2 id=\"member\">Organisations membres<\/h2>\n<p>Les organisations membres de la Collaboration ont un mandat national et sont engag\u00e9es dans des efforts visant \u00e0 am\u00e9liorer le soutien en mati\u00e8re de TSPT pour les militaires, les v\u00e9t\u00e9rans, les membres du PSP en service et \u00e0 la retraite et leurs familles, tant au niveau f\u00e9d\u00e9ral qu\u2019au sein du syst\u00e8me de sant\u00e9 mentale.<\/p>\n<ul>\n<li><a href=\"https:\/\/atlasveterans.ca\/fr\">Institut\u00a0Atlas pour les v\u00e9t\u00e9rans et leur famille<\/a> (copr\u00e9sident)<\/li>\n<li><a href=\"https:\/\/www.camimh.ca\/?lang=fr\">Alliance canadienne pour la maladie mentale et la sant\u00e9 mentale<\/a><\/li>\n<li><a href=\"https:\/\/www.casw-acts.ca\/fr\">Association canadienne des travailleuses et travailleurs sociaux<\/a><\/li>\n<li><a href=\"https:\/\/www.ccsa.ca\/fr\">Centre canadien sur les d\u00e9pendances et l\u2019usage de substances<\/a><\/li>\n<li><a href=\"https:\/\/cimvhr.ca\/fr\/\">Institut canadien de recherche sur la sant\u00e9 des militaires et des v\u00e9t\u00e9rans<\/a><\/li>\n<li><a href=\"https:\/\/www.cipsrt-icrtsp.ca\/fr\/home\">Institut canadien de recherche et de traitement en s\u00e9curit\u00e9 publique (ICRTSP)<\/a> (copr\u00e9sident)<\/li>\n<li><a href=\"https:\/\/www.cipsrt-icrtsp.ca\/fr\/collaborators\/comite-directeur-en-securite-publique\">Comit\u00e9 directeur en s\u00e9curit\u00e9 publique de l\u2019ICRTSP<\/a><\/li>\n<li><a href=\"https:\/\/www.cpa-apc.org\/fr\/\">Association des psychiatres du Canada<\/a><\/li>\n<li><a href=\"https:\/\/cpa.ca\/fr\/\">Soci\u00e9t\u00e9 canadienne de psychologie<\/a><\/li>\n<li><a href=\"https:\/\/www.veteransdouleurchronique.ca\/\">Centre d\u2019excellence sur la douleur chronique pour les v\u00e9t\u00e9rans canadiens<\/a><\/li>\n<li><a href=\"https:\/\/commissionsantementale.ca\/\">Commission de la sant\u00e9 mentale du Canada<\/a><\/li>\n<li><a href=\"https:\/\/sbmfc.ca\/\">Services aux familles des militaires<\/a><\/li>\n<li><a href=\"https:\/\/troubleshumeur.ca\/\">Soci\u00e9t\u00e9 pour les troubles de l\u2019humeur du Canada<\/a><\/li>\n<li><a href=\"https:\/\/npf-fpn.com\/fr\/\">F\u00e9d\u00e9ration de la police nationale<\/a><\/li>\n<li><a href=\"https:\/\/rcmpva.org\/?lang=fr\">Association des v\u00e9t\u00e9rans de la GRC<\/a><\/li>\n<li><a href=\"https:\/\/www.legion.ca\/fr\/accueil\">L\u00e9gion royale canadienne<\/a><\/li>\n<\/ul>\n<h2 id=\"learn\">Apprenez-en plus<\/h2>\n<p>Si vous avez des questions au sujet de la Collaboration, veuillez envoyer un courriel \u00e0 <a href=\"mailto:info-atlas@theroyal.ca\">info-atlas@theroyal.ca<\/a>.<\/p>\n<h2 id=\"ack\">Remerciements<\/h2>\n<p>L\u2019Institut Atlas aimerait remercier la Fondation Medavie pour son soutien financier au cours de la premi\u00e8re ann\u00e9e de la Collaboration en 2022, qui a jou\u00e9 un r\u00f4le d\u00e9terminant dans sa cr\u00e9ation.[\/vc_column_text][\/vc_column][vc_column width=\u00a0\u00bb1\/3&Prime; offset=\u00a0\u00bbvc_col-lg-offset-1&Prime;]<div class=\"stickyTOC\"><h7 class=\"stickyTOC__title\">ALLER \u00c0 LA SECTION<\/h7><div class=\"stickyTOC__items\"><a class=\"stickyTOC__item\" href=\"#what\"><span>Quel est le mandat de la Collaboration?<\/span><\/a><a class=\"stickyTOC__item\" href=\"#why\"><span>Pourquoi la Collaboration a-t-elle \u00e9t\u00e9 mise sur pied?<\/span><\/a><a class=\"stickyTOC__item\" href=\"#achieve\"><span>Ce que nous esp\u00e9rons accomplir<\/span><\/a><a class=\"stickyTOC__item\" href=\"#member\"><span>Organisations membres<\/span><\/a><a class=\"stickyTOC__item\" href=\"#learn\"><span>Apprenez-en plus<\/span><\/a><a class=\"stickyTOC__item\" href=\"#ack\"><span>Remerciements<\/span><\/a><\/div><\/div>[\/vc_column][\/vc_row][\/vc_section]<\/p>\n<\/div>","protected":false},"excerpt":{"rendered":"<p>[vc_section el_class=\u00a0\u00bbstickyTOC__wrapper\u00a0\u00bb][vc_row row_padding_top=\u00a0\u00bbregular\u00a0\u00bb row_padding_bottom=\u00a0\u00bbregular\u00a0\u00bb el_class=\u00a0\u00bbrow&#8211;flipMobile\u00a0\u00bb][vc_column width=\u00a0\u00bb2\/3&Prime; offset=\u00a0\u00bbvc_col-lg-7&Prime; el_class=\u00a0\u00bbelement&#8211;fullWidthText\u00a0\u00bb][vc_column_text css=\u00a0\u00bb\u00a0\u00bb el_id=\u00a0\u00bbtop\u00a0\u00bb]L\u2019Institut Atlas pour les v\u00e9t\u00e9rans et leur famille s\u2019est associ\u00e9 \u00e0 l\u2019Institut canadien de recherche et de traitement en s\u00e9curit\u00e9 publique (ICRTSP) pour convoquer la Collaboration nationale sur le trouble de stress post-traumatique (TSPT) et les troubles de sant\u00e9 mentale connexes. Lanc\u00e9 en avril 2022, le&#8230;<\/p>\n","protected":false},"author":3,"featured_media":2257,"parent":1716,"menu_order":46,"comment_status":"closed","ping_status":"closed","template":"","meta":{"_acf_changed":false,"inline_featured_image":false,"footnotes":""},"categories":[],"tags":[],"class_list":["post-16813","page","type-page","status-publish","has-post-thumbnail","hentry","knowledge_area-post-traumatic-stress-disorder-fr"],"acf":[],"yoast_head":"<!-- This site is optimized with the Yoast SEO plugin v27.2 - https:\/\/yoast.com\/product\/yoast-seo-wordpress\/ -->\n<title>Collaboration nationale sur le TSPT et les troubles de sant\u00e9 mentale connexes &#183; Institut Atlas pour les v\u00e9t\u00e9rans et leur famille<\/title>\n<meta name=\"robots\" content=\"index, follow, max-snippet:-1, max-image-preview:large, max-video-preview:-1\" \/>\n<link rel=\"canonical\" href=\"https:\/\/atlasveterans.ca\/fr\/notre-approche\/mobilisation-de-la-communaute\/reseau-dexperiences-vecues\/collaboration-nationale-sur-le-tspt\/\" \/>\n<meta property=\"og:locale\" content=\"fr_FR\" \/>\n<meta property=\"og:type\" content=\"article\" \/>\n<meta property=\"og:title\" content=\"Collaboration nationale sur le TSPT et les troubles de sant\u00e9 mentale connexes &#183; Institut Atlas pour les v\u00e9t\u00e9rans et leur famille\" \/>\n<meta property=\"og:description\" content=\"[vc_section el_class=\u00a0\u00bbstickyTOC__wrapper\u00a0\u00bb][vc_row row_padding_top=\u00a0\u00bbregular\u00a0\u00bb row_padding_bottom=\u00a0\u00bbregular\u00a0\u00bb el_class=\u00a0\u00bbrow&#8211;flipMobile\u00a0\u00bb][vc_column width=\u00a0\u00bb2\/3&Prime; offset=\u00a0\u00bbvc_col-lg-7&Prime; el_class=\u00a0\u00bbelement&#8211;fullWidthText\u00a0\u00bb][vc_column_text css=\u00a0\u00bb\u00a0\u00bb el_id=\u00a0\u00bbtop\u00a0\u00bb]L\u2019Institut Atlas pour les v\u00e9t\u00e9rans et leur famille s\u2019est associ\u00e9 \u00e0 l\u2019Institut canadien de recherche et de traitement en s\u00e9curit\u00e9 publique (ICRTSP) pour convoquer la Collaboration nationale sur le trouble de stress post-traumatique (TSPT) et les troubles de sant\u00e9 mentale connexes. Lanc\u00e9 en avril 2022, le...\" \/>\n<meta property=\"og:url\" content=\"https:\/\/atlasveterans.ca\/fr\/notre-approche\/mobilisation-de-la-communaute\/reseau-dexperiences-vecues\/collaboration-nationale-sur-le-tspt\/\" \/>\n<meta property=\"og:site_name\" content=\"Institut Atlas pour les v\u00e9t\u00e9rans et leur famille\" \/>\n<meta property=\"article:publisher\" content=\"https:\/\/www.facebook.com\/atlasveteransca\" \/>\n<meta property=\"article:modified_time\" content=\"2025-06-10T12:58:37+00:00\" \/>\n<meta property=\"og:image\" content=\"https:\/\/atlasveterans.ca\/wp-content\/uploads\/2022\/03\/atlas-hero-network.jpg\" \/>\n\t<meta property=\"og:image:width\" content=\"1600\" \/>\n\t<meta property=\"og:image:height\" content=\"345\" \/>\n\t<meta property=\"og:image:type\" content=\"image\/jpeg\" \/>\n<meta name=\"twitter:card\" content=\"summary_large_image\" \/>\n<meta name=\"twitter:site\" content=\"@atlasveteransca\" \/>\n<meta name=\"twitter:label1\" content=\"Dur\u00e9e de lecture estim\u00e9e\" \/>\n\t<meta name=\"twitter:data1\" content=\"4 minutes\" \/>\n<script type=\"application\/ld+json\" class=\"yoast-schema-graph\">{\"@context\":\"https:\/\/schema.org\",\"@graph\":[{\"@type\":\"WebPage\",\"@id\":\"https:\/\/atlasveterans.ca\/fr\/notre-approche\/mobilisation-de-la-communaute\/reseau-dexperiences-vecues\/collaboration-nationale-sur-le-tspt\/\",\"url\":\"https:\/\/atlasveterans.ca\/fr\/notre-approche\/mobilisation-de-la-communaute\/reseau-dexperiences-vecues\/collaboration-nationale-sur-le-tspt\/\",\"name\":\"Collaboration nationale sur le TSPT et les troubles de sant\u00e9 mentale connexes &#183; Institut Atlas pour les v\u00e9t\u00e9rans et leur famille\",\"isPartOf\":{\"@id\":\"https:\/\/atlasveterans.ca\/fr\/#website\"},\"primaryImageOfPage\":{\"@id\":\"https:\/\/atlasveterans.ca\/fr\/notre-approche\/mobilisation-de-la-communaute\/reseau-dexperiences-vecues\/collaboration-nationale-sur-le-tspt\/#primaryimage\"},\"image\":{\"@id\":\"https:\/\/atlasveterans.ca\/fr\/notre-approche\/mobilisation-de-la-communaute\/reseau-dexperiences-vecues\/collaboration-nationale-sur-le-tspt\/#primaryimage\"},\"thumbnailUrl\":\"https:\/\/atlasveterans.ca\/wp-content\/uploads\/2022\/03\/atlas-hero-network.jpg\",\"datePublished\":\"2024-01-25T18:16:29+00:00\",\"dateModified\":\"2025-06-10T12:58:37+00:00\",\"breadcrumb\":{\"@id\":\"https:\/\/atlasveterans.ca\/fr\/notre-approche\/mobilisation-de-la-communaute\/reseau-dexperiences-vecues\/collaboration-nationale-sur-le-tspt\/#breadcrumb\"},\"inLanguage\":\"fr-FR\",\"potentialAction\":[{\"@type\":\"ReadAction\",\"target\":[\"https:\/\/atlasveterans.ca\/fr\/notre-approche\/mobilisation-de-la-communaute\/reseau-dexperiences-vecues\/collaboration-nationale-sur-le-tspt\/\"]}]},{\"@type\":\"ImageObject\",\"inLanguage\":\"fr-FR\",\"@id\":\"https:\/\/atlasveterans.ca\/fr\/notre-approche\/mobilisation-de-la-communaute\/reseau-dexperiences-vecues\/collaboration-nationale-sur-le-tspt\/#primaryimage\",\"url\":\"https:\/\/atlasveterans.ca\/wp-content\/uploads\/2022\/03\/atlas-hero-network.jpg\",\"contentUrl\":\"https:\/\/atlasveterans.ca\/wp-content\/uploads\/2022\/03\/atlas-hero-network.jpg\",\"width\":1600,\"height\":345},{\"@type\":\"BreadcrumbList\",\"@id\":\"https:\/\/atlasveterans.ca\/fr\/notre-approche\/mobilisation-de-la-communaute\/reseau-dexperiences-vecues\/collaboration-nationale-sur-le-tspt\/#breadcrumb\",\"itemListElement\":[{\"@type\":\"ListItem\",\"position\":1,\"name\":\"Institut Atlas pour les v\u00e9t\u00e9rans et leur famille\",\"item\":\"https:\/\/atlasveterans.ca\/fr\/\"},{\"@type\":\"ListItem\",\"position\":2,\"name\":\"Notre approche\",\"item\":\"https:\/\/atlasveterans.ca\/fr\/notre-approche\/\"},{\"@type\":\"ListItem\",\"position\":3,\"name\":\"Mobilisation de la communaut\u00e9\",\"item\":\"https:\/\/atlasveterans.ca\/fr\/notre-approche\/mobilisation-de-la-communaute\/\"},{\"@type\":\"ListItem\",\"position\":4,\"name\":\"R\u00e9seau\",\"item\":\"https:\/\/atlasveterans.ca\/fr\/notre-approche\/mobilisation-de-la-communaute\/reseau-dexperiences-vecues\/\"},{\"@type\":\"ListItem\",\"position\":5,\"name\":\"Collaboration nationale sur le TSPT et les troubles de sant\u00e9 mentale connexes\"}]},{\"@type\":\"WebSite\",\"@id\":\"https:\/\/atlasveterans.ca\/fr\/#website\",\"url\":\"https:\/\/atlasveterans.ca\/fr\/\",\"name\":\"Institut Atlas pour les v\u00e9t\u00e9rans et leur famille\",\"description\":\"Get resources, find support\",\"publisher\":{\"@id\":\"https:\/\/atlasveterans.ca\/fr\/#organization\"},\"potentialAction\":[{\"@type\":\"SearchAction\",\"target\":{\"@type\":\"EntryPoint\",\"urlTemplate\":\"https:\/\/atlasveterans.ca\/fr\/?s={search_term_string}\"},\"query-input\":{\"@type\":\"PropertyValueSpecification\",\"valueRequired\":true,\"valueName\":\"search_term_string\"}}],\"inLanguage\":\"fr-FR\"},{\"@type\":\"Organization\",\"@id\":\"https:\/\/atlasveterans.ca\/fr\/#organization\",\"name\":\"Atlas Institute For Veterans and Families\",\"url\":\"https:\/\/atlasveterans.ca\/fr\/\",\"logo\":{\"@type\":\"ImageObject\",\"inLanguage\":\"fr-FR\",\"@id\":\"https:\/\/atlasveterans.ca\/fr\/#\/schema\/logo\/image\/\",\"url\":\"https:\/\/atlasveterans.ca\/wp-content\/uploads\/2022\/03\/logo-withbg-eng-1.jpg\",\"contentUrl\":\"https:\/\/atlasveterans.ca\/wp-content\/uploads\/2022\/03\/logo-withbg-eng-1.jpg\",\"width\":800,\"height\":400,\"caption\":\"Atlas Institute For Veterans and Families\"},\"image\":{\"@id\":\"https:\/\/atlasveterans.ca\/fr\/#\/schema\/logo\/image\/\"},\"sameAs\":[\"https:\/\/www.facebook.com\/atlasveteransca\",\"https:\/\/x.com\/atlasveteransca\",\"https:\/\/www.instagram.com\/atlasveteransca\/\",\"https:\/\/www.linkedin.com\/company\/atlasveteransca\/\",\"https:\/\/www.youtube.com\/atlasveteransca\"]}]}<\/script>\n<!-- \/ Yoast SEO plugin. -->","yoast_head_json":{"title":"Collaboration nationale sur le TSPT et les troubles de sant\u00e9 mentale connexes &#183; Institut Atlas pour les v\u00e9t\u00e9rans et leur famille","robots":{"index":"index","follow":"follow","max-snippet":"max-snippet:-1","max-image-preview":"max-image-preview:large","max-video-preview":"max-video-preview:-1"},"canonical":"https:\/\/atlasveterans.ca\/fr\/notre-approche\/mobilisation-de-la-communaute\/reseau-dexperiences-vecues\/collaboration-nationale-sur-le-tspt\/","og_locale":"fr_FR","og_type":"article","og_title":"Collaboration nationale sur le TSPT et les troubles de sant\u00e9 mentale connexes &#183; Institut Atlas pour les v\u00e9t\u00e9rans et leur famille","og_description":"[vc_section el_class=\u00a0\u00bbstickyTOC__wrapper\u00a0\u00bb][vc_row row_padding_top=\u00a0\u00bbregular\u00a0\u00bb row_padding_bottom=\u00a0\u00bbregular\u00a0\u00bb el_class=\u00a0\u00bbrow&#8211;flipMobile\u00a0\u00bb][vc_column width=\u00a0\u00bb2\/3&Prime; offset=\u00a0\u00bbvc_col-lg-7&Prime; el_class=\u00a0\u00bbelement&#8211;fullWidthText\u00a0\u00bb][vc_column_text css=\u00a0\u00bb\u00a0\u00bb el_id=\u00a0\u00bbtop\u00a0\u00bb]L\u2019Institut Atlas pour les v\u00e9t\u00e9rans et leur famille s\u2019est associ\u00e9 \u00e0 l\u2019Institut canadien de recherche et de traitement en s\u00e9curit\u00e9 publique (ICRTSP) pour convoquer la Collaboration nationale sur le trouble de stress post-traumatique (TSPT) et les troubles de sant\u00e9 mentale connexes. Lanc\u00e9 en avril 2022, le...","og_url":"https:\/\/atlasveterans.ca\/fr\/notre-approche\/mobilisation-de-la-communaute\/reseau-dexperiences-vecues\/collaboration-nationale-sur-le-tspt\/","og_site_name":"Institut Atlas pour les v\u00e9t\u00e9rans et leur famille","article_publisher":"https:\/\/www.facebook.com\/atlasveteransca","article_modified_time":"2025-06-10T12:58:37+00:00","og_image":[{"width":1600,"height":345,"url":"https:\/\/atlasveterans.ca\/wp-content\/uploads\/2022\/03\/atlas-hero-network.jpg","type":"image\/jpeg"}],"twitter_card":"summary_large_image","twitter_site":"@atlasveteransca","twitter_misc":{"Dur\u00e9e de lecture estim\u00e9e":"4 minutes"},"schema":{"@context":"https:\/\/schema.org","@graph":[{"@type":"WebPage","@id":"https:\/\/atlasveterans.ca\/fr\/notre-approche\/mobilisation-de-la-communaute\/reseau-dexperiences-vecues\/collaboration-nationale-sur-le-tspt\/","url":"https:\/\/atlasveterans.ca\/fr\/notre-approche\/mobilisation-de-la-communaute\/reseau-dexperiences-vecues\/collaboration-nationale-sur-le-tspt\/","name":"Collaboration nationale sur le TSPT et les troubles de sant\u00e9 mentale connexes &#183; Institut Atlas pour les v\u00e9t\u00e9rans et leur famille","isPartOf":{"@id":"https:\/\/atlasveterans.ca\/fr\/#website"},"primaryImageOfPage":{"@id":"https:\/\/atlasveterans.ca\/fr\/notre-approche\/mobilisation-de-la-communaute\/reseau-dexperiences-vecues\/collaboration-nationale-sur-le-tspt\/#primaryimage"},"image":{"@id":"https:\/\/atlasveterans.ca\/fr\/notre-approche\/mobilisation-de-la-communaute\/reseau-dexperiences-vecues\/collaboration-nationale-sur-le-tspt\/#primaryimage"},"thumbnailUrl":"https:\/\/atlasveterans.ca\/wp-content\/uploads\/2022\/03\/atlas-hero-network.jpg","datePublished":"2024-01-25T18:16:29+00:00","dateModified":"2025-06-10T12:58:37+00:00","breadcrumb":{"@id":"https:\/\/atlasveterans.ca\/fr\/notre-approche\/mobilisation-de-la-communaute\/reseau-dexperiences-vecues\/collaboration-nationale-sur-le-tspt\/#breadcrumb"},"inLanguage":"fr-FR","potentialAction":[{"@type":"ReadAction","target":["https:\/\/atlasveterans.ca\/fr\/notre-approche\/mobilisation-de-la-communaute\/reseau-dexperiences-vecues\/collaboration-nationale-sur-le-tspt\/"]}]},{"@type":"ImageObject","inLanguage":"fr-FR","@id":"https:\/\/atlasveterans.ca\/fr\/notre-approche\/mobilisation-de-la-communaute\/reseau-dexperiences-vecues\/collaboration-nationale-sur-le-tspt\/#primaryimage","url":"https:\/\/atlasveterans.ca\/wp-content\/uploads\/2022\/03\/atlas-hero-network.jpg","contentUrl":"https:\/\/atlasveterans.ca\/wp-content\/uploads\/2022\/03\/atlas-hero-network.jpg","width":1600,"height":345},{"@type":"BreadcrumbList","@id":"https:\/\/atlasveterans.ca\/fr\/notre-approche\/mobilisation-de-la-communaute\/reseau-dexperiences-vecues\/collaboration-nationale-sur-le-tspt\/#breadcrumb","itemListElement":[{"@type":"ListItem","position":1,"name":"Institut Atlas pour les v\u00e9t\u00e9rans et leur famille","item":"https:\/\/atlasveterans.ca\/fr\/"},{"@type":"ListItem","position":2,"name":"Notre approche","item":"https:\/\/atlasveterans.ca\/fr\/notre-approche\/"},{"@type":"ListItem","position":3,"name":"Mobilisation de la communaut\u00e9","item":"https:\/\/atlasveterans.ca\/fr\/notre-approche\/mobilisation-de-la-communaute\/"},{"@type":"ListItem","position":4,"name":"R\u00e9seau","item":"https:\/\/atlasveterans.ca\/fr\/notre-approche\/mobilisation-de-la-communaute\/reseau-dexperiences-vecues\/"},{"@type":"ListItem","position":5,"name":"Collaboration nationale sur le TSPT et les troubles de sant\u00e9 mentale connexes"}]},{"@type":"WebSite","@id":"https:\/\/atlasveterans.ca\/fr\/#website","url":"https:\/\/atlasveterans.ca\/fr\/","name":"Institut Atlas pour les v\u00e9t\u00e9rans et leur famille","description":"Get resources, find support","publisher":{"@id":"https:\/\/atlasveterans.ca\/fr\/#organization"},"potentialAction":[{"@type":"SearchAction","target":{"@type":"EntryPoint","urlTemplate":"https:\/\/atlasveterans.ca\/fr\/?s={search_term_string}"},"query-input":{"@type":"PropertyValueSpecification","valueRequired":true,"valueName":"search_term_string"}}],"inLanguage":"fr-FR"},{"@type":"Organization","@id":"https:\/\/atlasveterans.ca\/fr\/#organization","name":"Atlas Institute For Veterans and Families","url":"https:\/\/atlasveterans.ca\/fr\/","logo":{"@type":"ImageObject","inLanguage":"fr-FR","@id":"https:\/\/atlasveterans.ca\/fr\/#\/schema\/logo\/image\/","url":"https:\/\/atlasveterans.ca\/wp-content\/uploads\/2022\/03\/logo-withbg-eng-1.jpg","contentUrl":"https:\/\/atlasveterans.ca\/wp-content\/uploads\/2022\/03\/logo-withbg-eng-1.jpg","width":800,"height":400,"caption":"Atlas Institute For Veterans and Families"},"image":{"@id":"https:\/\/atlasveterans.ca\/fr\/#\/schema\/logo\/image\/"},"sameAs":["https:\/\/www.facebook.com\/atlasveteransca","https:\/\/x.com\/atlasveteransca","https:\/\/www.instagram.com\/atlasveteransca\/","https:\/\/www.linkedin.com\/company\/atlasveteransca\/","https:\/\/www.youtube.com\/atlasveteransca"]}]}},"_links":{"self":[{"href":"https:\/\/atlasveterans.ca\/fr\/wp-json\/wp\/v2\/pages\/16813","targetHints":{"allow":["GET"]}}],"collection":[{"href":"https:\/\/atlasveterans.ca\/fr\/wp-json\/wp\/v2\/pages"}],"about":[{"href":"https:\/\/atlasveterans.ca\/fr\/wp-json\/wp\/v2\/types\/page"}],"author":[{"embeddable":true,"href":"https:\/\/atlasveterans.ca\/fr\/wp-json\/wp\/v2\/users\/3"}],"replies":[{"embeddable":true,"href":"https:\/\/atlasveterans.ca\/fr\/wp-json\/wp\/v2\/comments?post=16813"}],"version-history":[{"count":3,"href":"https:\/\/atlasveterans.ca\/fr\/wp-json\/wp\/v2\/pages\/16813\/revisions"}],"predecessor-version":[{"id":24868,"href":"https:\/\/atlasveterans.ca\/fr\/wp-json\/wp\/v2\/pages\/16813\/revisions\/24868"}],"up":[{"embeddable":true,"href":"https:\/\/atlasveterans.ca\/fr\/wp-json\/wp\/v2\/pages\/1716"}],"wp:featuredmedia":[{"embeddable":true,"href":"https:\/\/atlasveterans.ca\/fr\/wp-json\/wp\/v2\/media\/2257"}],"wp:attachment":[{"href":"https:\/\/atlasveterans.ca\/fr\/wp-json\/wp\/v2\/media?parent=16813"}],"wp:term":[{"taxonomy":"category","embeddable":true,"href":"https:\/\/atlasveterans.ca\/fr\/wp-json\/wp\/v2\/categories?post=16813"},{"taxonomy":"post_tag","embeddable":true,"href":"https:\/\/atlasveterans.ca\/fr\/wp-json\/wp\/v2\/tags?post=16813"}],"curies":[{"name":"wp","href":"https:\/\/api.w.org\/{rel}","templated":true}]}}