{"id":16971,"date":"2024-07-23T11:23:52","date_gmt":"2024-07-23T15:23:52","guid":{"rendered":"https:\/\/atlasveterans.ca\/?page_id=16971"},"modified":"2025-02-20T17:46:40","modified_gmt":"2025-02-20T22:46:40","slug":"glossaire-des-termes","status":"publish","type":"page","link":"https:\/\/atlasveterans.ca\/fr\/glossaire-des-termes\/","title":{"rendered":"Glossaire des termes"},"content":{"rendered":"<div class=\"wpb-content-wrapper\"><p>[vc_section full_width=\u00a0\u00bbstretch_row\u00a0\u00bb el_class=\u00a0\u00bbsection&#8211;hasBG\u00a0\u00bb css=\u00a0\u00bb.vc_custom_1698784919209{background-image: url(https:\/\/atlasveterans.ca\/wp-content\/uploads\/2022\/02\/Atlas-TopFold-Search-Pattern-Desktop-2.jpg?id=113) !important;}\u00a0\u00bb][vc_row row_padding_top=\u00a0\u00bbregular\u00a0\u00bb row_padding_bottom=\u00a0\u00bbregular\u00a0\u00bb el_class=\u00a0\u00bbelement&#8211;whiteText\u00a0\u00bb][vc_column]<div class=\"breadcrumbs breadcrumbs--white\"><span><span><a href=\"https:\/\/atlasveterans.ca\/fr\/\"><i class=\"fas fa-house breadcrumbs__home\" title=\"Accueil\"><\/i><\/a><\/span><\/span><\/div>[vc_column_text css=\u00a0\u00bb\u00a0\u00bb]<\/p>\n<h1>Glossaire des termes<\/h1>\n<p class=\"h3 h3--lowercase\"><span style=\"color: #d0d2d3;\">Ce glossaire des termes comprend des termes courants utilis\u00e9s pour d\u00e9crire les troubles de sant\u00e9 mentale r\u00e9sultant de l\u2019exposition \u00e0 des \u00e9v\u00e9nements potentiellement traumatisants sur le plan psychologique et \u00e0 d\u2019autres facteurs de stress. Utilisez l\u2019outil pour rechercher diff\u00e9rents termes et consulter leur d\u00e9finition. Le Glossaire est le fruit d\u2019une collaboration entre plusieurs partenaires, notamment des organismes travaillant dans les domaines de la sant\u00e9 mentale et de la recherche, dans le milieu universitaire et dans le secteur public.<\/span><\/p>\n<p>[\/vc_column_text][vc_btn title=\u00a0\u00bbEn savoir plus\u00a0\u00bb text_colour=\u00a0\u00bbdarkGreen\u00a0\u00bb effect_colour=\u00a0\u00bbgradient\u00a0\u00bb hover_text_colour=\u00a0\u00bbwhite\u00a0\u00bb size=\u00a0\u00bb\u00a0\u00bb css=\u00a0\u00bb\u00a0\u00bb link=\u00a0\u00bburl:https%3A%2F%2Fatlasveterans.ca%2Ffr%2Fglossaire-des-termes%2Fglossaire-des-termes-preambule-et-remerciements%2F\u00a0\u00bb][\/vc_column][\/vc_row][\/vc_section][vc_row row_padding_top=\u00a0\u00bbextraSmall\u00a0\u00bb row_padding_bottom=\u00a0\u00bbextraSmall\u00a0\u00bb][vc_column el_class=\u00a0\u00bbiframe-fix\u00a0\u00bb][vc_raw_html css=\u00a0\u00bb\u00a0\u00bb]JTNDaWZyYW1lJTIwbmFtZSUzRCUyMmdsb3NzYXJ5JTIyJTIwaWQlM0QlMjJnbG9zc2FyeSUyMiUyMHRpdGxlJTNEJTIyR2xvc3NhcnklMjBvZiUyMFRlcm1zJTIwMy4wJTIyJTIwc3JjJTNEJTIyaHR0cHMlM0ElMkYlMkZ3d3cuY2lwc3J0LWljcnRzcC5jYSUyRmZyJTJGcmVzb3VyY2VzJTJGZ2xvc3NhaXJlLWRlcy10ZXJtZXMlM0ZpZnJhbWUlM0QxJTIyJTIwd2lkdGglM0QlMjIxMDAlMjUlMjIlMjBoZWlnaHQlM0QlMjI4MDBweCUyMiUzRSUzQyUyRmlmcmFtZSUzRQ==[\/vc_raw_html][\/vc_column][\/vc_row]<\/p>\n<\/div>","protected":false},"excerpt":{"rendered":"<p>[vc_section full_width=\u00a0\u00bbstretch_row\u00a0\u00bb el_class=\u00a0\u00bbsection&#8211;hasBG\u00a0\u00bb css=\u00a0\u00bb.vc_custom_1698784919209{background-image: url(https:\/\/atlasveterans.ca\/wp-content\/uploads\/2022\/02\/Atlas-TopFold-Search-Pattern-Desktop-2.jpg?id=113) !important;}\u00a0\u00bb][vc_row row_padding_top=\u00a0\u00bbregular\u00a0\u00bb row_padding_bottom=\u00a0\u00bbregular\u00a0\u00bb el_class=\u00a0\u00bbelement&#8211;whiteText\u00a0\u00bb][vc_column][vc_column_text css=\u00a0\u00bb\u00a0\u00bb] Glossaire des termes Ce glossaire des termes comprend des termes courants utilis\u00e9s pour d\u00e9crire les troubles de sant\u00e9 mentale r\u00e9sultant de l\u2019exposition \u00e0 des \u00e9v\u00e9nements potentiellement traumatisants sur le plan psychologique et \u00e0 d\u2019autres facteurs de stress. Utilisez l\u2019outil pour rechercher diff\u00e9rents termes et consulter&#8230;<\/p>\n","protected":false},"author":3,"featured_media":0,"parent":0,"menu_order":0,"comment_status":"closed","ping_status":"closed","template":"","meta":{"_acf_changed":false,"inline_featured_image":false,"footnotes":""},"categories":[],"tags":[],"class_list":["post-16971","page","type-page","status-publish","hentry","knowledge_area-sante-mentale","knowledge_area-traumatisme-du-sanctuaire","knowledge_area-military-sexual-trauma-fr","knowledge_group-chercheurs","knowledge_group-decideurs-politiques","knowledge_group-service-providers-fr"],"acf":[],"yoast_head":"<!-- This site is optimized with the Yoast SEO plugin v27.3 - https:\/\/yoast.com\/product\/yoast-seo-wordpress\/ -->\n<title>Glossaire des termes &#183; Institut Atlas pour les v\u00e9t\u00e9rans et leur famille<\/title>\n<meta name=\"robots\" content=\"index, follow, max-snippet:-1, max-image-preview:large, max-video-preview:-1\" \/>\n<link rel=\"canonical\" href=\"https:\/\/atlasveterans.ca\/fr\/glossaire-des-termes\/\" \/>\n<meta property=\"og:locale\" content=\"fr_FR\" \/>\n<meta property=\"og:type\" content=\"article\" \/>\n<meta property=\"og:title\" content=\"Glossaire des termes &#183; Institut Atlas pour les v\u00e9t\u00e9rans et leur famille\" \/>\n<meta property=\"og:description\" content=\"[vc_section full_width=\u00a0\u00bbstretch_row\u00a0\u00bb el_class=\u00a0\u00bbsection&#8211;hasBG\u00a0\u00bb css=\u00a0\u00bb.vc_custom_1698784919209{background-image: url(https:\/\/atlasveterans.ca\/wp-content\/uploads\/2022\/02\/Atlas-TopFold-Search-Pattern-Desktop-2.jpg?id=113) !important;}\u00a0\u00bb][vc_row row_padding_top=\u00a0\u00bbregular\u00a0\u00bb row_padding_bottom=\u00a0\u00bbregular\u00a0\u00bb el_class=\u00a0\u00bbelement&#8211;whiteText\u00a0\u00bb][vc_column][vc_column_text css=\u00a0\u00bb\u00a0\u00bb] Glossaire des termes Ce glossaire des termes comprend des termes courants utilis\u00e9s pour d\u00e9crire les troubles de sant\u00e9 mentale r\u00e9sultant de l\u2019exposition \u00e0 des \u00e9v\u00e9nements potentiellement traumatisants sur le plan psychologique et \u00e0 d\u2019autres facteurs de stress. Utilisez l\u2019outil pour rechercher diff\u00e9rents termes et consulter...\" \/>\n<meta property=\"og:url\" content=\"https:\/\/atlasveterans.ca\/fr\/glossaire-des-termes\/\" \/>\n<meta property=\"og:site_name\" content=\"Institut Atlas pour les v\u00e9t\u00e9rans et leur famille\" \/>\n<meta property=\"article:publisher\" content=\"https:\/\/www.facebook.com\/atlasveteransca\" \/>\n<meta property=\"article:modified_time\" content=\"2025-02-20T22:46:40+00:00\" \/>\n<meta property=\"og:image\" content=\"https:\/\/atlasveterans.ca\/wp-content\/uploads\/2022\/03\/atlas-homepage-hero-1.jpg\" \/>\n\t<meta property=\"og:image:width\" content=\"1600\" \/>\n\t<meta property=\"og:image:height\" content=\"1100\" \/>\n\t<meta property=\"og:image:type\" content=\"image\/jpeg\" \/>\n<meta name=\"twitter:card\" content=\"summary_large_image\" \/>\n<meta name=\"twitter:site\" content=\"@atlasveteransca\" \/>\n<meta name=\"twitter:label1\" content=\"Dur\u00e9e de lecture estim\u00e9e\" \/>\n\t<meta name=\"twitter:data1\" content=\"1 minute\" \/>\n<script type=\"application\/ld+json\" class=\"yoast-schema-graph\">{\"@context\":\"https:\\\/\\\/schema.org\",\"@graph\":[{\"@type\":\"WebPage\",\"@id\":\"https:\\\/\\\/atlasveterans.ca\\\/fr\\\/glossaire-des-termes\\\/\",\"url\":\"https:\\\/\\\/atlasveterans.ca\\\/fr\\\/glossaire-des-termes\\\/\",\"name\":\"Glossaire des termes &#183; Institut Atlas pour les v\u00e9t\u00e9rans et leur famille\",\"isPartOf\":{\"@id\":\"https:\\\/\\\/atlasveterans.ca\\\/fr\\\/#website\"},\"datePublished\":\"2024-07-23T15:23:52+00:00\",\"dateModified\":\"2025-02-20T22:46:40+00:00\",\"breadcrumb\":{\"@id\":\"https:\\\/\\\/atlasveterans.ca\\\/fr\\\/glossaire-des-termes\\\/#breadcrumb\"},\"inLanguage\":\"fr-FR\",\"potentialAction\":[{\"@type\":\"ReadAction\",\"target\":[\"https:\\\/\\\/atlasveterans.ca\\\/fr\\\/glossaire-des-termes\\\/\"]}]},{\"@type\":\"BreadcrumbList\",\"@id\":\"https:\\\/\\\/atlasveterans.ca\\\/fr\\\/glossaire-des-termes\\\/#breadcrumb\",\"itemListElement\":[{\"@type\":\"ListItem\",\"position\":1,\"name\":\"Institut Atlas pour les v\u00e9t\u00e9rans et leur famille\",\"item\":\"https:\\\/\\\/atlasveterans.ca\\\/fr\\\/\"},{\"@type\":\"ListItem\",\"position\":2,\"name\":\"Glossaire des termes\"}]},{\"@type\":\"WebSite\",\"@id\":\"https:\\\/\\\/atlasveterans.ca\\\/fr\\\/#website\",\"url\":\"https:\\\/\\\/atlasveterans.ca\\\/fr\\\/\",\"name\":\"Institut Atlas pour les v\u00e9t\u00e9rans et leur famille\",\"description\":\"Get resources, find support\",\"publisher\":{\"@id\":\"https:\\\/\\\/atlasveterans.ca\\\/fr\\\/#organization\"},\"potentialAction\":[{\"@type\":\"SearchAction\",\"target\":{\"@type\":\"EntryPoint\",\"urlTemplate\":\"https:\\\/\\\/atlasveterans.ca\\\/fr\\\/?s={search_term_string}\"},\"query-input\":{\"@type\":\"PropertyValueSpecification\",\"valueRequired\":true,\"valueName\":\"search_term_string\"}}],\"inLanguage\":\"fr-FR\"},{\"@type\":\"Organization\",\"@id\":\"https:\\\/\\\/atlasveterans.ca\\\/fr\\\/#organization\",\"name\":\"Atlas Institute For Veterans and Families\",\"url\":\"https:\\\/\\\/atlasveterans.ca\\\/fr\\\/\",\"logo\":{\"@type\":\"ImageObject\",\"inLanguage\":\"fr-FR\",\"@id\":\"https:\\\/\\\/atlasveterans.ca\\\/fr\\\/#\\\/schema\\\/logo\\\/image\\\/\",\"url\":\"https:\\\/\\\/atlasveterans.ca\\\/wp-content\\\/uploads\\\/2022\\\/03\\\/logo-withbg-eng-1.jpg\",\"contentUrl\":\"https:\\\/\\\/atlasveterans.ca\\\/wp-content\\\/uploads\\\/2022\\\/03\\\/logo-withbg-eng-1.jpg\",\"width\":800,\"height\":400,\"caption\":\"Atlas Institute For Veterans and Families\"},\"image\":{\"@id\":\"https:\\\/\\\/atlasveterans.ca\\\/fr\\\/#\\\/schema\\\/logo\\\/image\\\/\"},\"sameAs\":[\"https:\\\/\\\/www.facebook.com\\\/atlasveteransca\",\"https:\\\/\\\/x.com\\\/atlasveteransca\",\"https:\\\/\\\/www.instagram.com\\\/atlasveteransca\\\/\",\"https:\\\/\\\/www.linkedin.com\\\/company\\\/atlasveteransca\\\/\",\"https:\\\/\\\/www.youtube.com\\\/atlasveteransca\"]}]}<\/script>\n<!-- \/ Yoast SEO plugin. -->","yoast_head_json":{"title":"Glossaire des termes &#183; Institut Atlas pour les v\u00e9t\u00e9rans et leur famille","robots":{"index":"index","follow":"follow","max-snippet":"max-snippet:-1","max-image-preview":"max-image-preview:large","max-video-preview":"max-video-preview:-1"},"canonical":"https:\/\/atlasveterans.ca\/fr\/glossaire-des-termes\/","og_locale":"fr_FR","og_type":"article","og_title":"Glossaire des termes &#183; Institut Atlas pour les v\u00e9t\u00e9rans et leur famille","og_description":"[vc_section full_width=\u00a0\u00bbstretch_row\u00a0\u00bb el_class=\u00a0\u00bbsection&#8211;hasBG\u00a0\u00bb css=\u00a0\u00bb.vc_custom_1698784919209{background-image: url(https:\/\/atlasveterans.ca\/wp-content\/uploads\/2022\/02\/Atlas-TopFold-Search-Pattern-Desktop-2.jpg?id=113) !important;}\u00a0\u00bb][vc_row row_padding_top=\u00a0\u00bbregular\u00a0\u00bb row_padding_bottom=\u00a0\u00bbregular\u00a0\u00bb el_class=\u00a0\u00bbelement&#8211;whiteText\u00a0\u00bb][vc_column][vc_column_text css=\u00a0\u00bb\u00a0\u00bb] Glossaire des termes Ce glossaire des termes comprend des termes courants utilis\u00e9s pour d\u00e9crire les troubles de sant\u00e9 mentale r\u00e9sultant de l\u2019exposition \u00e0 des \u00e9v\u00e9nements potentiellement traumatisants sur le plan psychologique et \u00e0 d\u2019autres facteurs de stress. Utilisez l\u2019outil pour rechercher diff\u00e9rents termes et consulter...","og_url":"https:\/\/atlasveterans.ca\/fr\/glossaire-des-termes\/","og_site_name":"Institut Atlas pour les v\u00e9t\u00e9rans et leur famille","article_publisher":"https:\/\/www.facebook.com\/atlasveteransca","article_modified_time":"2025-02-20T22:46:40+00:00","og_image":[{"width":1600,"height":1100,"url":"https:\/\/atlasveterans.ca\/wp-content\/uploads\/2022\/03\/atlas-homepage-hero-1.jpg","type":"image\/jpeg"}],"twitter_card":"summary_large_image","twitter_site":"@atlasveteransca","twitter_misc":{"Dur\u00e9e de lecture estim\u00e9e":"1 minute"},"schema":{"@context":"https:\/\/schema.org","@graph":[{"@type":"WebPage","@id":"https:\/\/atlasveterans.ca\/fr\/glossaire-des-termes\/","url":"https:\/\/atlasveterans.ca\/fr\/glossaire-des-termes\/","name":"Glossaire des termes &#183; Institut Atlas pour les v\u00e9t\u00e9rans et leur famille","isPartOf":{"@id":"https:\/\/atlasveterans.ca\/fr\/#website"},"datePublished":"2024-07-23T15:23:52+00:00","dateModified":"2025-02-20T22:46:40+00:00","breadcrumb":{"@id":"https:\/\/atlasveterans.ca\/fr\/glossaire-des-termes\/#breadcrumb"},"inLanguage":"fr-FR","potentialAction":[{"@type":"ReadAction","target":["https:\/\/atlasveterans.ca\/fr\/glossaire-des-termes\/"]}]},{"@type":"BreadcrumbList","@id":"https:\/\/atlasveterans.ca\/fr\/glossaire-des-termes\/#breadcrumb","itemListElement":[{"@type":"ListItem","position":1,"name":"Institut Atlas pour les v\u00e9t\u00e9rans et leur famille","item":"https:\/\/atlasveterans.ca\/fr\/"},{"@type":"ListItem","position":2,"name":"Glossaire des termes"}]},{"@type":"WebSite","@id":"https:\/\/atlasveterans.ca\/fr\/#website","url":"https:\/\/atlasveterans.ca\/fr\/","name":"Institut Atlas pour les v\u00e9t\u00e9rans et leur famille","description":"Get resources, find support","publisher":{"@id":"https:\/\/atlasveterans.ca\/fr\/#organization"},"potentialAction":[{"@type":"SearchAction","target":{"@type":"EntryPoint","urlTemplate":"https:\/\/atlasveterans.ca\/fr\/?s={search_term_string}"},"query-input":{"@type":"PropertyValueSpecification","valueRequired":true,"valueName":"search_term_string"}}],"inLanguage":"fr-FR"},{"@type":"Organization","@id":"https:\/\/atlasveterans.ca\/fr\/#organization","name":"Atlas Institute For Veterans and Families","url":"https:\/\/atlasveterans.ca\/fr\/","logo":{"@type":"ImageObject","inLanguage":"fr-FR","@id":"https:\/\/atlasveterans.ca\/fr\/#\/schema\/logo\/image\/","url":"https:\/\/atlasveterans.ca\/wp-content\/uploads\/2022\/03\/logo-withbg-eng-1.jpg","contentUrl":"https:\/\/atlasveterans.ca\/wp-content\/uploads\/2022\/03\/logo-withbg-eng-1.jpg","width":800,"height":400,"caption":"Atlas Institute For Veterans and Families"},"image":{"@id":"https:\/\/atlasveterans.ca\/fr\/#\/schema\/logo\/image\/"},"sameAs":["https:\/\/www.facebook.com\/atlasveteransca","https:\/\/x.com\/atlasveteransca","https:\/\/www.instagram.com\/atlasveteransca\/","https:\/\/www.linkedin.com\/company\/atlasveteransca\/","https:\/\/www.youtube.com\/atlasveteransca"]}]}},"_links":{"self":[{"href":"https:\/\/atlasveterans.ca\/fr\/wp-json\/wp\/v2\/pages\/16971","targetHints":{"allow":["GET"]}}],"collection":[{"href":"https:\/\/atlasveterans.ca\/fr\/wp-json\/wp\/v2\/pages"}],"about":[{"href":"https:\/\/atlasveterans.ca\/fr\/wp-json\/wp\/v2\/types\/page"}],"author":[{"embeddable":true,"href":"https:\/\/atlasveterans.ca\/fr\/wp-json\/wp\/v2\/users\/3"}],"replies":[{"embeddable":true,"href":"https:\/\/atlasveterans.ca\/fr\/wp-json\/wp\/v2\/comments?post=16971"}],"version-history":[{"count":5,"href":"https:\/\/atlasveterans.ca\/fr\/wp-json\/wp\/v2\/pages\/16971\/revisions"}],"predecessor-version":[{"id":23338,"href":"https:\/\/atlasveterans.ca\/fr\/wp-json\/wp\/v2\/pages\/16971\/revisions\/23338"}],"wp:attachment":[{"href":"https:\/\/atlasveterans.ca\/fr\/wp-json\/wp\/v2\/media?parent=16971"}],"wp:term":[{"taxonomy":"category","embeddable":true,"href":"https:\/\/atlasveterans.ca\/fr\/wp-json\/wp\/v2\/categories?post=16971"},{"taxonomy":"post_tag","embeddable":true,"href":"https:\/\/atlasveterans.ca\/fr\/wp-json\/wp\/v2\/tags?post=16971"}],"curies":[{"name":"wp","href":"https:\/\/api.w.org\/{rel}","templated":true}]}}