{"id":1744,"date":"2022-03-01T15:38:05","date_gmt":"2022-03-01T20:38:05","guid":{"rendered":"https:\/\/atlasveterans.ca\/cadre-conceptuel\/"},"modified":"2022-08-31T18:30:54","modified_gmt":"2022-08-31T22:30:54","slug":"cadre-conceptuel","status":"publish","type":"page","link":"https:\/\/atlasveterans.ca\/fr\/cadre-conceptuel\/","title":{"rendered":"Cadre conceptuel"},"content":{"rendered":"<div class=\"wpb-content-wrapper\"><p>[vc_section el_class=\u00a0\u00bbstickyTOC__wrapper\u00a0\u00bb][vc_row row_padding_top=\u00a0\u00bbregular\u00a0\u00bb row_padding_bottom=\u00a0\u00bbregular\u00a0\u00bb el_class=\u00a0\u00bbrow&#8211;flipMobile\u00a0\u00bb][vc_column width=\u00a0\u00bb2\/3&Prime; offset=\u00a0\u00bbvc_col-lg-7&Prime; el_class=\u00a0\u00bbelement&#8211;fullWidthText\u00a0\u00bb][vc_column_text el_id=\u00a0\u00bbtop\u00a0\u00bb]<\/p>\n<h2 style=\"max-width: 17em;\">Notre vision appuyant la mise en \u0153uvre d\u2019un syst\u00e8me de sant\u00e9 mentale accessible et coordonn\u00e9 \u00e0 l\u2019intention des v\u00e9t\u00e9rans et de leur famille.<\/h2>\n<p>L\u2019Institut Atlas et le Phoenix Australia \u2013 Centre for Posttraumatic Mental Health ont collabor\u00e9 \u00e0 l\u2019\u00e9laboration d\u2019un cadre conceptuel qui aspire au meilleur syst\u00e8me de sant\u00e9 mentale possible \u00e0 l\u2019intention des v\u00e9t\u00e9rans et de leur famille.<\/p>\n<p>Le tout a commenc\u00e9 par une question : quelle est la meilleure fa\u00e7on de soutenir les v\u00e9t\u00e9rans et leur famille?<\/p>\n<h3 id=\"cf_b\" class=\"text--lowercase\" dir=\"ltr\" data-placeholder=\"Translation\">Qu\u2019est-ce qu\u2019un cadre conceptuel?<\/h3>\n<p>Imaginez un plan d\u00e9taill\u00e9 ou une recette. Ceux-ci contiennent les outils, les \u00e9tapes et les m\u00e9thodes n\u00e9cessaires dont vous avez besoin pour atteindre votre objectif final. Il en va de m\u00eame d\u2019un cadre conceptuel.<\/p>\n<p>Un cadre conceptuel d\u00e9crit et illustre les liens qui existent entre divers faits et id\u00e9es dans le but de favoriser l\u2019action dans un domaine pr\u00e9cis. Dans cette optique, il regroupe une vaste quantit\u00e9 d\u2019information et les organise en une structure coh\u00e9rente.[\/vc_column_text]<a href=\"https:\/\/atlasveterans.ca\/documents\/conceptual-framework\/conceptual-framework-veterans-services-f.pdf\" target=\"_blank\" class=\"resourceItem resourceItem--simple resourceItem--report  wpb_content_element\"><div class=\"resourceItem__inner\"><h3 class=\"h4 resourceItem__title\">Document technique : le Cadre conceptuel \u00ab int\u00e9gral \u00bb<\/h3><\/div><\/a><a href=\"https:\/\/atlasveterans.ca\/documents\/conceptual-framework\/executive-summary-conceptual-framework-veterans-services-f.pdf\" target=\"_blank\" class=\"resourceItem resourceItem--simple resourceItem--report  wpb_content_element\"><div class=\"resourceItem__inner\"><h3 class=\"h4 resourceItem__title\">Sommaire : aper\u00e7u de premier ordre des principaux \u00e9l\u00e9ments du Cadre<\/h3><\/div><\/a><a href=\"https:\/\/atlasveterans.ca\/documents\/conceptual-framework\/conceptual-framework-synopsis-f.pdf\" target=\"_blank\" class=\"resourceItem resourceItem--simple resourceItem--report  wpb_content_element\"><div class=\"resourceItem__inner\"><h3 class=\"h4 resourceItem__title\">Synopsis en langage clair : version du cadre qui emploie un langage courant<\/h3><\/div><\/a><a href=\"https:\/\/atlasveterans.ca\/documents\/conceptual-framework\/brief-guide-veterans-services-f.pdf\" target=\"_blank\" class=\"resourceItem resourceItem--simple resourceItem--report  wpb_content_element\"><div class=\"resourceItem__inner\"><h3 class=\"h4 resourceItem__title\">Notre guide \u00e0 l\u2019intention des organismes interm\u00e9diaires : ressource \u00e0 l\u2019intention d\u2019autres organismes comme le n\u00f4tre qui souhaitent soutenir les v\u00e9t\u00e9rans et leur famille. Nous recommandons de le lire parall\u00e8lement au Cadre conceptuel<\/h3><\/div><\/a>[vc_raw_html]JTNDYSUyMGhyZWYlM0QlMjJodHRwcyUzQSUyRiUyRmF0bGFzdmV0ZXJhbnMuY2ElMkZmciUyRmNhZHJlLWNvbmNlcHR1ZWwlMkZyZXNzb3VyY2VzLWFuaW1lZXMlMkYlMjIlMjB0YXJnZXQlM0QlMjJfYmxhbmslMjIlMjBjbGFzcyUzRCUyMnJlc291cmNlSXRlbSUyMHJlc291cmNlSXRlbS0tc2ltcGxlJTIwcmVzb3VyY2VJdGVtLS1yZXBvcnQlMjAlMjB3cGJfY29udGVudF9lbGVtZW50JTIwcGRmJTIyJTNFJTNDZGl2JTIwY2xhc3MlM0QlMjJyZXNvdXJjZUl0ZW1fX2lubmVyJTIyJTNFJTNDaDMlMjBjbGFzcyUzRCUyMmg0JTIwcmVzb3VyY2VJdGVtX190aXRsZSUyMiUzRSUzQ2IlM0VSZXNzb3VyY2VzJTIwYW5pbSVDMyVBOWVzJTIwJTNBJTIwJTNDJTJGYiUzRSUzQ3N0cm9uZyUyMHN0eWxlJTNEJTIyZm9udC13ZWlnaHQlM0ExMDAlMjIlM0UlMjB2aWQlQzMlQTlvJTIwZXQlMjBpbmZvZ3JhcGhpZSUyMGludGVyYWN0aXZlJTIwYXUlMjBzdWpldCUyMGR1JTIwQ2FkcmUlMjBldCUyMGRlJTIwc2VzJTIwcHJpbmNpcGF1eCUyMGF2YW50YWdlcyUzQyUyRnN0cm9uZyUzRSUzQyUyRmgzJTNFJTNDJTJGZGl2JTNFJTNDJTJGYSUzRQ==[\/vc_raw_html][vc_separator][vc_column_text]<\/p>\n<h3 id=\"why\" class=\"text--lowercase\">En quoi le Cadre est-il important?<\/h3>\n<p>Le Cadre propose un nouveau syst\u00e8me de services et de mesures de soutien en sant\u00e9 mentale \u00e0 l\u2019intention des v\u00e9t\u00e9rans et de leur famille. Cette vision nous sert de guide dans la r\u00e9alisation de notre objectif. Le Cadre donne une id\u00e9e de l\u2019orientation de notre travail et de la fa\u00e7on dont nous pr\u00e9voyons y parvenir \u2013 tous ensemble.<\/p>\n<p>Pour que la mise en \u0153uvre de ce cadre soit r\u00e9ussie, la participation et le soutien de tous les intervenants sont n\u00e9cessaires : les v\u00e9t\u00e9rans et les membres de leur famille, les fournisseurs de services, les chercheurs, les gouvernements, les partenaires communautaires et plusieurs autres.<\/p>\n<h3 id=\"what\" class=\"text--lowercase\">Que comprend-il?<\/h3>\n<p>Le Cadre est structur\u00e9 en trois sections principales : le pourquoi, le quoi et le comment de notre vision.Pourquoi le Cadre est-il n\u00e9cessaire, qu\u2019est-ce que le Cadre entend r\u00e9aliser et comment agir en fonction du Cadre?<\/p>\n<p>On retrouve dans les diverses sections :<\/p>\n<ul>\n<li>des d\u00e9finitions li\u00e9es \u00e0 la sant\u00e9 mentale post-traumatique chez les v\u00e9t\u00e9rans et leur famille;<\/li>\n<li>des faits et des statistiques concernant le bien-\u00eatre mental des v\u00e9t\u00e9rans et de leur famille;<\/li>\n<li>une description sommaire d\u2019un syst\u00e8me optimal de services et de mesures de soutien;<\/li>\n<li>un aper\u00e7u des diff\u00e9rents types de services et ce que nous en savons \u00e0 ce jour;<\/li>\n<li>une description des principaux outils et des principales strat\u00e9gies n\u00e9cessaires pour mettre en \u0153uvre notre vision<\/li>\n<\/ul>\n<h3 id=\"takeaways\" class=\"text--lowercase\">Points \u00e0 retenir<\/h3>\n<p>Les v\u00e9t\u00e9rans et leur famille ont des exp\u00e9riences et des besoins uniques et diversifi\u00e9s en mati\u00e8re de services et de mesures de soutien en sant\u00e9 mentale. Le syst\u00e8me actuel pr\u00e9sente plusieurs lacunes et d\u00e9fis qui le rendent inefficace. Cela doit changer.<\/p>\n<p>Fond\u00e9 sur sept principes cl\u00e9s, notre cadre pr\u00e9conise l\u2019\u00e9laboration d\u2019un nouveau syst\u00e8me de services et de mesures de soutien qui privil\u00e9gie les besoins et les perspectives des v\u00e9t\u00e9rans et de leur famille. Plut\u00f4t que d\u2019adopter une approche universelle, notre objectif est de contribuer \u00e0 cr\u00e9er un syst\u00e8me qui soit adapt\u00e9 aux besoins actuels des v\u00e9t\u00e9rans et de leur famille. en leur offrant des soins ad\u00e9quats au bon moment.<\/p>\n<p>La mise en \u0153uvre de ce nouveau syst\u00e8me de services et de mesures de soutien est une initiative ambitieuse qui n\u00e9cessite notre collaboration avec les v\u00e9t\u00e9rans et leur famille, les fournisseurs de services, les chercheurs et d\u2019autres intervenants. Les \u00e9l\u00e9ments essentiels de notre approche sont la recherche, la mobilisation des connaissances, la participation des intervenants et la mise en \u0153uvre.<\/p>\n<p>\u0152uvrant en synergie, ces \u00e9l\u00e9ments nous permettent de cr\u00e9er et de mettre en commun des connaissances sur la meilleure fa\u00e7on de soutenir les v\u00e9t\u00e9rans et leur famille et de traduire ces connaissances dans la pratique. Ainsi, nous sommes en mesure d\u2019aller de l\u2019avant vers un avenir o\u00f9 les v\u00e9t\u00e9rans et les membres de leur famille ne sont jamais laiss\u00e9s \u00e0 l\u2019\u00e9cart ni incompris.<\/p>\n<p><strong><a href=\"https:\/\/atlasveterans.ca\/fr\/notre-approche\/recherche\/\">Recherche <\/a>:<\/strong> Collecte de donn\u00e9es et de faits dans le but de mieux comprendre les enjeux et les dilemmes.<\/p>\n<p><strong><a href=\"https:\/\/atlasveterans.ca\/fr\/notre-approche\/mobilisation-des-connaissances\/\">Mobilisation des connaissances<\/a> :<\/strong> Optimisation de l\u2019information afin de la rendre accessible et utilisable par ceux qui en ont besoin.<\/p>\n<p><strong><a href=\"https:\/\/atlasveterans.ca\/fr\/notre-approche\/partenariats\/\">Participation des intervenants<\/a> :<\/strong>\u00c9tablissement de relations enrichissantes avec des personnes, des groupes et des organismes qui \u0153uvrent en appui aux v\u00e9t\u00e9rans et \u00e0 leur famille.<\/p>\n<p><strong><a href=\"https:\/\/atlasveterans.ca\/fr\/notre-approche\/mise-en-oeuvre\/\">Mise en \u0153uvre<\/a> :<\/strong>Int\u00e9gration de la pratique fond\u00e9e sur des donn\u00e9es probantes dans les contextes r\u00e9els.[\/vc_column_text][\/vc_column][vc_column width=\u00a0\u00bb1\/3&Prime; offset=\u00a0\u00bbvc_col-lg-offset-1&Prime;]<div class=\"stickyTOC\"><h7 class=\"stickyTOC__title\">Aller \u00e0 la section<\/h7><div class=\"stickyTOC__items\"><a class=\"stickyTOC__item\" href=\"#top\"><span>Aper\u00e7u<\/span><\/a><a class=\"stickyTOC__item\" href=\"#cf_b\"><span>Qu\u2019est-ce qu\u2019un cadre conceptuel?<\/span><\/a><a class=\"stickyTOC__item\" href=\"#why\"><span>En quoi le Cadre est-il important?<\/span><\/a><a class=\"stickyTOC__item\" href=\"#what\"><span>Que comprend-il?<\/span><\/a><a class=\"stickyTOC__item\" href=\"#takeaways\"><span>Points \u00e0 retenir<\/span><\/a><\/div><\/div>[\/vc_column][\/vc_row][\/vc_section][vc_row row_padding_top=\u00a0\u00bbregular\u00a0\u00bb row_padding_bottom=\u00a0\u00bbregular\u00a0\u00bb full_width=\u00a0\u00bbstretch_row\u00a0\u00bb el_class=\u00a0\u00bbrow&#8211;hasBG element&#8211;textCenter element&#8211;whiteText\u00a0\u00bb css=\u00a0\u00bb.vc_custom_1646160295665{background-image: url(https:\/\/atlasveterans.ca\/wp-content\/uploads\/2022\/02\/Atlas-TopFold-Search-Pattern-Desktop-2-flipped.jpg?id=103) !important;}\u00a0\u00bb][vc_column][vc_column_text]<\/p>\n<h2 class=\"h1\">EXPLOREZ NOTRE STRAT\u00c9GIE LI\u00c9E AU BIEN-\u00caTRE DES V\u00c9T\u00c9RANS ET DE LEUR FAMILLE<\/h2>\n<div class=\"p--large\">\n<p>D\u00e9couvrez les quatre zones d\u2019int\u00e9r\u00eat qui orientent notre travail.<\/p>\n<\/div>\n<p>[\/vc_column_text][vc_btn title=\u00a0\u00bbEn savoir plus\u00a0\u00bb text_colour=\u00a0\u00bbdarkGreen\u00a0\u00bb effect_colour=\u00a0\u00bbgradient\u00a0\u00bb size=\u00a0\u00bb\u00a0\u00bb align=\u00a0\u00bbcenter\u00a0\u00bb link=\u00a0\u00bburl:https%3A%2F%2Fatlasveterans.ca%2Fdocuments%2Fstrat-plan-fr.pdf\u00a0\u00bb][\/vc_column][\/vc_row]<\/p>\n<\/div>","protected":false},"excerpt":{"rendered":"<p>[vc_section el_class=\u00a0\u00bbstickyTOC__wrapper\u00a0\u00bb][vc_row row_padding_top=\u00a0\u00bbregular\u00a0\u00bb row_padding_bottom=\u00a0\u00bbregular\u00a0\u00bb el_class=\u00a0\u00bbrow&#8211;flipMobile\u00a0\u00bb][vc_column width=\u00a0\u00bb2\/3&Prime; offset=\u00a0\u00bbvc_col-lg-7&Prime; el_class=\u00a0\u00bbelement&#8211;fullWidthText\u00a0\u00bb][vc_column_text el_id=\u00a0\u00bbtop\u00a0\u00bb] Notre vision appuyant la mise en \u0153uvre d\u2019un syst\u00e8me de sant\u00e9 mentale accessible et coordonn\u00e9 \u00e0 l\u2019intention des v\u00e9t\u00e9rans et de leur famille. L\u2019Institut Atlas et le Phoenix Australia \u2013 Centre for Posttraumatic Mental Health ont collabor\u00e9 \u00e0 l\u2019\u00e9laboration d\u2019un cadre conceptuel qui aspire au meilleur&#8230;<\/p>\n","protected":false},"author":3,"featured_media":2290,"parent":0,"menu_order":15,"comment_status":"closed","ping_status":"closed","template":"","meta":{"_acf_changed":false,"inline_featured_image":false,"footnotes":""},"categories":[],"tags":[],"class_list":["post-1744","page","type-page","status-publish","has-post-thumbnail","hentry"],"acf":[],"yoast_head":"<!-- This site is optimized with the Yoast SEO plugin v27.2 - https:\/\/yoast.com\/product\/yoast-seo-wordpress\/ -->\n<title>Cadre conceptuel &#183; Institut Atlas pour les v\u00e9t\u00e9rans et leur famille<\/title>\n<meta name=\"robots\" content=\"index, follow, max-snippet:-1, max-image-preview:large, max-video-preview:-1\" \/>\n<link rel=\"canonical\" href=\"https:\/\/atlasveterans.ca\/fr\/cadre-conceptuel\/\" \/>\n<meta property=\"og:locale\" content=\"fr_FR\" \/>\n<meta property=\"og:type\" content=\"article\" \/>\n<meta property=\"og:title\" content=\"Cadre conceptuel &#183; Institut Atlas pour les v\u00e9t\u00e9rans et leur famille\" \/>\n<meta property=\"og:description\" content=\"[vc_section el_class=\u00a0\u00bbstickyTOC__wrapper\u00a0\u00bb][vc_row row_padding_top=\u00a0\u00bbregular\u00a0\u00bb row_padding_bottom=\u00a0\u00bbregular\u00a0\u00bb el_class=\u00a0\u00bbrow&#8211;flipMobile\u00a0\u00bb][vc_column width=\u00a0\u00bb2\/3&Prime; offset=\u00a0\u00bbvc_col-lg-7&Prime; el_class=\u00a0\u00bbelement&#8211;fullWidthText\u00a0\u00bb][vc_column_text el_id=\u00a0\u00bbtop\u00a0\u00bb] Notre vision appuyant la mise en \u0153uvre d\u2019un syst\u00e8me de sant\u00e9 mentale accessible et coordonn\u00e9 \u00e0 l\u2019intention des v\u00e9t\u00e9rans et de leur famille. L\u2019Institut Atlas et le Phoenix Australia \u2013 Centre for Posttraumatic Mental Health ont collabor\u00e9 \u00e0 l\u2019\u00e9laboration d\u2019un cadre conceptuel qui aspire au meilleur...\" \/>\n<meta property=\"og:url\" content=\"https:\/\/atlasveterans.ca\/fr\/cadre-conceptuel\/\" \/>\n<meta property=\"og:site_name\" content=\"Institut Atlas pour les v\u00e9t\u00e9rans et leur famille\" \/>\n<meta property=\"article:publisher\" content=\"https:\/\/www.facebook.com\/atlasveteransca\" \/>\n<meta property=\"article:modified_time\" content=\"2022-08-31T22:30:54+00:00\" \/>\n<meta property=\"og:image\" content=\"https:\/\/atlasveterans.ca\/wp-content\/uploads\/2022\/03\/atlas-hero-generic.jpg\" \/>\n\t<meta property=\"og:image:width\" content=\"1600\" \/>\n\t<meta property=\"og:image:height\" content=\"345\" \/>\n\t<meta property=\"og:image:type\" content=\"image\/jpeg\" \/>\n<meta name=\"twitter:card\" content=\"summary_large_image\" \/>\n<meta name=\"twitter:site\" content=\"@atlasveteransca\" \/>\n<meta name=\"twitter:label1\" content=\"Dur\u00e9e de lecture estim\u00e9e\" \/>\n\t<meta name=\"twitter:data1\" content=\"4 minutes\" \/>\n<script type=\"application\/ld+json\" class=\"yoast-schema-graph\">{\"@context\":\"https:\/\/schema.org\",\"@graph\":[{\"@type\":\"WebPage\",\"@id\":\"https:\/\/atlasveterans.ca\/fr\/cadre-conceptuel\/\",\"url\":\"https:\/\/atlasveterans.ca\/fr\/cadre-conceptuel\/\",\"name\":\"Cadre conceptuel &#183; Institut Atlas pour les v\u00e9t\u00e9rans et leur famille\",\"isPartOf\":{\"@id\":\"https:\/\/atlasveterans.ca\/fr\/#website\"},\"primaryImageOfPage\":{\"@id\":\"https:\/\/atlasveterans.ca\/fr\/cadre-conceptuel\/#primaryimage\"},\"image\":{\"@id\":\"https:\/\/atlasveterans.ca\/fr\/cadre-conceptuel\/#primaryimage\"},\"thumbnailUrl\":\"https:\/\/atlasveterans.ca\/wp-content\/uploads\/2022\/03\/atlas-hero-generic.jpg\",\"datePublished\":\"2022-03-01T20:38:05+00:00\",\"dateModified\":\"2022-08-31T22:30:54+00:00\",\"breadcrumb\":{\"@id\":\"https:\/\/atlasveterans.ca\/fr\/cadre-conceptuel\/#breadcrumb\"},\"inLanguage\":\"fr-FR\",\"potentialAction\":[{\"@type\":\"ReadAction\",\"target\":[\"https:\/\/atlasveterans.ca\/fr\/cadre-conceptuel\/\"]}]},{\"@type\":\"ImageObject\",\"inLanguage\":\"fr-FR\",\"@id\":\"https:\/\/atlasveterans.ca\/fr\/cadre-conceptuel\/#primaryimage\",\"url\":\"https:\/\/atlasveterans.ca\/wp-content\/uploads\/2022\/03\/atlas-hero-generic.jpg\",\"contentUrl\":\"https:\/\/atlasveterans.ca\/wp-content\/uploads\/2022\/03\/atlas-hero-generic.jpg\",\"width\":1600,\"height\":345},{\"@type\":\"BreadcrumbList\",\"@id\":\"https:\/\/atlasveterans.ca\/fr\/cadre-conceptuel\/#breadcrumb\",\"itemListElement\":[{\"@type\":\"ListItem\",\"position\":1,\"name\":\"Institut Atlas pour les v\u00e9t\u00e9rans et leur famille\",\"item\":\"https:\/\/atlasveterans.ca\/fr\/\"},{\"@type\":\"ListItem\",\"position\":2,\"name\":\"Cadre conceptuel\"}]},{\"@type\":\"WebSite\",\"@id\":\"https:\/\/atlasveterans.ca\/fr\/#website\",\"url\":\"https:\/\/atlasveterans.ca\/fr\/\",\"name\":\"Institut Atlas pour les v\u00e9t\u00e9rans et leur famille\",\"description\":\"Get resources, find support\",\"publisher\":{\"@id\":\"https:\/\/atlasveterans.ca\/fr\/#organization\"},\"potentialAction\":[{\"@type\":\"SearchAction\",\"target\":{\"@type\":\"EntryPoint\",\"urlTemplate\":\"https:\/\/atlasveterans.ca\/fr\/?s={search_term_string}\"},\"query-input\":{\"@type\":\"PropertyValueSpecification\",\"valueRequired\":true,\"valueName\":\"search_term_string\"}}],\"inLanguage\":\"fr-FR\"},{\"@type\":\"Organization\",\"@id\":\"https:\/\/atlasveterans.ca\/fr\/#organization\",\"name\":\"Atlas Institute For Veterans and Families\",\"url\":\"https:\/\/atlasveterans.ca\/fr\/\",\"logo\":{\"@type\":\"ImageObject\",\"inLanguage\":\"fr-FR\",\"@id\":\"https:\/\/atlasveterans.ca\/fr\/#\/schema\/logo\/image\/\",\"url\":\"https:\/\/atlasveterans.ca\/wp-content\/uploads\/2022\/03\/logo-withbg-eng-1.jpg\",\"contentUrl\":\"https:\/\/atlasveterans.ca\/wp-content\/uploads\/2022\/03\/logo-withbg-eng-1.jpg\",\"width\":800,\"height\":400,\"caption\":\"Atlas Institute For Veterans and Families\"},\"image\":{\"@id\":\"https:\/\/atlasveterans.ca\/fr\/#\/schema\/logo\/image\/\"},\"sameAs\":[\"https:\/\/www.facebook.com\/atlasveteransca\",\"https:\/\/x.com\/atlasveteransca\",\"https:\/\/www.instagram.com\/atlasveteransca\/\",\"https:\/\/www.linkedin.com\/company\/atlasveteransca\/\",\"https:\/\/www.youtube.com\/atlasveteransca\"]}]}<\/script>\n<!-- \/ Yoast SEO plugin. -->","yoast_head_json":{"title":"Cadre conceptuel &#183; Institut Atlas pour les v\u00e9t\u00e9rans et leur famille","robots":{"index":"index","follow":"follow","max-snippet":"max-snippet:-1","max-image-preview":"max-image-preview:large","max-video-preview":"max-video-preview:-1"},"canonical":"https:\/\/atlasveterans.ca\/fr\/cadre-conceptuel\/","og_locale":"fr_FR","og_type":"article","og_title":"Cadre conceptuel &#183; Institut Atlas pour les v\u00e9t\u00e9rans et leur famille","og_description":"[vc_section el_class=\u00a0\u00bbstickyTOC__wrapper\u00a0\u00bb][vc_row row_padding_top=\u00a0\u00bbregular\u00a0\u00bb row_padding_bottom=\u00a0\u00bbregular\u00a0\u00bb el_class=\u00a0\u00bbrow&#8211;flipMobile\u00a0\u00bb][vc_column width=\u00a0\u00bb2\/3&Prime; offset=\u00a0\u00bbvc_col-lg-7&Prime; el_class=\u00a0\u00bbelement&#8211;fullWidthText\u00a0\u00bb][vc_column_text el_id=\u00a0\u00bbtop\u00a0\u00bb] Notre vision appuyant la mise en \u0153uvre d\u2019un syst\u00e8me de sant\u00e9 mentale accessible et coordonn\u00e9 \u00e0 l\u2019intention des v\u00e9t\u00e9rans et de leur famille. L\u2019Institut Atlas et le Phoenix Australia \u2013 Centre for Posttraumatic Mental Health ont collabor\u00e9 \u00e0 l\u2019\u00e9laboration d\u2019un cadre conceptuel qui aspire au meilleur...","og_url":"https:\/\/atlasveterans.ca\/fr\/cadre-conceptuel\/","og_site_name":"Institut Atlas pour les v\u00e9t\u00e9rans et leur famille","article_publisher":"https:\/\/www.facebook.com\/atlasveteransca","article_modified_time":"2022-08-31T22:30:54+00:00","og_image":[{"width":1600,"height":345,"url":"https:\/\/atlasveterans.ca\/wp-content\/uploads\/2022\/03\/atlas-hero-generic.jpg","type":"image\/jpeg"}],"twitter_card":"summary_large_image","twitter_site":"@atlasveteransca","twitter_misc":{"Dur\u00e9e de lecture estim\u00e9e":"4 minutes"},"schema":{"@context":"https:\/\/schema.org","@graph":[{"@type":"WebPage","@id":"https:\/\/atlasveterans.ca\/fr\/cadre-conceptuel\/","url":"https:\/\/atlasveterans.ca\/fr\/cadre-conceptuel\/","name":"Cadre conceptuel &#183; Institut Atlas pour les v\u00e9t\u00e9rans et leur famille","isPartOf":{"@id":"https:\/\/atlasveterans.ca\/fr\/#website"},"primaryImageOfPage":{"@id":"https:\/\/atlasveterans.ca\/fr\/cadre-conceptuel\/#primaryimage"},"image":{"@id":"https:\/\/atlasveterans.ca\/fr\/cadre-conceptuel\/#primaryimage"},"thumbnailUrl":"https:\/\/atlasveterans.ca\/wp-content\/uploads\/2022\/03\/atlas-hero-generic.jpg","datePublished":"2022-03-01T20:38:05+00:00","dateModified":"2022-08-31T22:30:54+00:00","breadcrumb":{"@id":"https:\/\/atlasveterans.ca\/fr\/cadre-conceptuel\/#breadcrumb"},"inLanguage":"fr-FR","potentialAction":[{"@type":"ReadAction","target":["https:\/\/atlasveterans.ca\/fr\/cadre-conceptuel\/"]}]},{"@type":"ImageObject","inLanguage":"fr-FR","@id":"https:\/\/atlasveterans.ca\/fr\/cadre-conceptuel\/#primaryimage","url":"https:\/\/atlasveterans.ca\/wp-content\/uploads\/2022\/03\/atlas-hero-generic.jpg","contentUrl":"https:\/\/atlasveterans.ca\/wp-content\/uploads\/2022\/03\/atlas-hero-generic.jpg","width":1600,"height":345},{"@type":"BreadcrumbList","@id":"https:\/\/atlasveterans.ca\/fr\/cadre-conceptuel\/#breadcrumb","itemListElement":[{"@type":"ListItem","position":1,"name":"Institut Atlas pour les v\u00e9t\u00e9rans et leur famille","item":"https:\/\/atlasveterans.ca\/fr\/"},{"@type":"ListItem","position":2,"name":"Cadre conceptuel"}]},{"@type":"WebSite","@id":"https:\/\/atlasveterans.ca\/fr\/#website","url":"https:\/\/atlasveterans.ca\/fr\/","name":"Institut Atlas pour les v\u00e9t\u00e9rans et leur famille","description":"Get resources, find support","publisher":{"@id":"https:\/\/atlasveterans.ca\/fr\/#organization"},"potentialAction":[{"@type":"SearchAction","target":{"@type":"EntryPoint","urlTemplate":"https:\/\/atlasveterans.ca\/fr\/?s={search_term_string}"},"query-input":{"@type":"PropertyValueSpecification","valueRequired":true,"valueName":"search_term_string"}}],"inLanguage":"fr-FR"},{"@type":"Organization","@id":"https:\/\/atlasveterans.ca\/fr\/#organization","name":"Atlas Institute For Veterans and Families","url":"https:\/\/atlasveterans.ca\/fr\/","logo":{"@type":"ImageObject","inLanguage":"fr-FR","@id":"https:\/\/atlasveterans.ca\/fr\/#\/schema\/logo\/image\/","url":"https:\/\/atlasveterans.ca\/wp-content\/uploads\/2022\/03\/logo-withbg-eng-1.jpg","contentUrl":"https:\/\/atlasveterans.ca\/wp-content\/uploads\/2022\/03\/logo-withbg-eng-1.jpg","width":800,"height":400,"caption":"Atlas Institute For Veterans and Families"},"image":{"@id":"https:\/\/atlasveterans.ca\/fr\/#\/schema\/logo\/image\/"},"sameAs":["https:\/\/www.facebook.com\/atlasveteransca","https:\/\/x.com\/atlasveteransca","https:\/\/www.instagram.com\/atlasveteransca\/","https:\/\/www.linkedin.com\/company\/atlasveteransca\/","https:\/\/www.youtube.com\/atlasveteransca"]}]}},"_links":{"self":[{"href":"https:\/\/atlasveterans.ca\/fr\/wp-json\/wp\/v2\/pages\/1744","targetHints":{"allow":["GET"]}}],"collection":[{"href":"https:\/\/atlasveterans.ca\/fr\/wp-json\/wp\/v2\/pages"}],"about":[{"href":"https:\/\/atlasveterans.ca\/fr\/wp-json\/wp\/v2\/types\/page"}],"author":[{"embeddable":true,"href":"https:\/\/atlasveterans.ca\/fr\/wp-json\/wp\/v2\/users\/3"}],"replies":[{"embeddable":true,"href":"https:\/\/atlasveterans.ca\/fr\/wp-json\/wp\/v2\/comments?post=1744"}],"version-history":[{"count":0,"href":"https:\/\/atlasveterans.ca\/fr\/wp-json\/wp\/v2\/pages\/1744\/revisions"}],"wp:featuredmedia":[{"embeddable":true,"href":"https:\/\/atlasveterans.ca\/fr\/wp-json\/wp\/v2\/media\/2290"}],"wp:attachment":[{"href":"https:\/\/atlasveterans.ca\/fr\/wp-json\/wp\/v2\/media?parent=1744"}],"wp:term":[{"taxonomy":"category","embeddable":true,"href":"https:\/\/atlasveterans.ca\/fr\/wp-json\/wp\/v2\/categories?post=1744"},{"taxonomy":"post_tag","embeddable":true,"href":"https:\/\/atlasveterans.ca\/fr\/wp-json\/wp\/v2\/tags?post=1744"}],"curies":[{"name":"wp","href":"https:\/\/api.w.org\/{rel}","templated":true}]}}