{"id":17624,"date":"2024-04-25T11:23:47","date_gmt":"2024-04-25T15:23:47","guid":{"rendered":"https:\/\/atlasveterans.ca\/?page_id=17624"},"modified":"2024-04-25T11:24:06","modified_gmt":"2024-04-25T15:24:06","slug":"repertoire-des-outils-de-mesure-du-bien-etre","status":"publish","type":"page","link":"https:\/\/atlasveterans.ca\/fr\/centre-de-connaissances\/outils-pour-mesurer-le-bien-etre\/repertoire-des-outils-de-mesure-du-bien-etre\/","title":{"rendered":"R\u00e9pertoire des outils de mesure du bien-\u00eatre"},"content":{"rendered":"<div class=\"wpb-content-wrapper\"><p>[vc_row row_padding_top=\u00a0\u00bbregular\u00a0\u00bb row_padding_bottom=\u00a0\u00bbregular\u00a0\u00bb][vc_column][vc_column_text]<span style=\"font-weight: 400;\">Le R\u00e9pertoire des outils de mesure du bien-\u00eatre peut \u00eatre utilis\u00e9 par les chercheurs, les d\u00e9cideurs et d&rsquo;autres personnes pour identifier les outils \u2013 y compris les sondages, les questionnaires et les \u00e9chelles \u2013 permettant de mesurer le bien-\u00eatre des v\u00e9t\u00e9rans canadiens.<\/span><\/p>\n<p><span style=\"font-weight: 400;\">Vous trouverez des informations sur chacune des colonnes dans le <a href=\"https:\/\/atlasveterans.ca\/fr\/centre-de-connaissances\/outils-pour-mesurer-le-bien-etre\/#4\">guide du r\u00e9pertoire<\/a>.<\/span><\/p>\n<p><em><span style=\"font-weight: 400;\">Veuillez noter que l&rsquo;information contenue dans ce r\u00e9pertoire est fournie \u00e0 titre informatif seulement. L&rsquo;Institut Atlas pour les v\u00e9t\u00e9rans et leur famille n&rsquo;approuve ni ne recommande aucun des outils inclus dans ce r\u00e9pertoire. L&rsquo;utilisateur est responsable de l&rsquo;identification et du respect de toute r\u00e8gle ou restriction li\u00e9e \u00e0 l&rsquo;utilisation de chaque outil.<\/span><\/em>[\/vc_column_text][vc_column_text]<div id=\"footable_parent_18034\"\n         class=\" footable_parent ninja_table_wrapper loading_ninja_table wp_table_data_press_parent semantic_ui \">\n                <table data-ninja_table_instance=\"ninja_table_instance_0\" data-footable_id=\"18034\" data-filter-delay=\"1000\" aria-label=\"Domains of well-being (French)\"            id=\"footable_18034\"\n           data-unique_identifier=\"ninja_table_unique_id_4055643330_18034\"\n           class=\" foo-table ninja_footable foo_table_18034 ninja_table_unique_id_4055643330_18034 ui table  nt_type_legacy_table selectable striped vertical_centered  footable-paging-right ninja_table_pro ninja_table_afd_inline ninja_table_has_custom_filter\">\n                <colgroup>\n                            <col class=\"ninja_column_0 hidden\">\n                            <col class=\"ninja_column_1 \">\n                            <col class=\"ninja_column_2 \">\n                            <col class=\"ninja_column_3 \">\n                            <col class=\"ninja_column_4 \">\n                            <col class=\"ninja_column_5 \">\n                            <col class=\"ninja_column_6 \">\n                            <col class=\"ninja_column_7 hidden\">\n                            <col class=\"ninja_column_8 hidden\">\n                            <col class=\"ninja_column_9 hidden\">\n                            <col class=\"ninja_column_10 hidden\">\n                            <col class=\"ninja_column_11 \">\n                            <col class=\"ninja_column_12 \">\n                            <col class=\"ninja_column_13 \">\n                            <col class=\"ninja_column_14 \">\n                    <\/colgroup>\n        <thead>\n<tr class=\"footable-header\">\n                                                                                                                                                                                                                                                        <th scope=\"col\"  class=\"ninja_column_0 ninja_clmn_nm_numrodeloutil hidden\">Num\u00e9ro de l\u2019outil<\/th><th scope=\"col\"  class=\"ninja_column_1 ninja_clmn_nm_nomdeloutil \">Nom de l\u2019outil<\/th><th scope=\"col\"  class=\"ninja_column_2 ninja_clmn_nm_accessibleaupublic \">Accessible au public<\/th><th scope=\"col\"  class=\"ninja_column_3 ninja_clmn_nm_utilisaveclesvtrans \">Utilis\u00e9 avec les v\u00e9t\u00e9rans<\/th><th scope=\"col\"  class=\"ninja_column_4 ninja_clmn_nm_interdpendancesdubientre \">Interd\u00e9pendances du bien-\u00eatre<\/th><th scope=\"col\"  class=\"ninja_column_5 ninja_clmn_nm_remarques \">Remarques<\/th><th scope=\"col\"  class=\"ninja_column_6 ninja_clmn_nm_langues \">Langue(s)<\/th><th scope=\"col\"  class=\"ninja_column_7 ninja_clmn_nm_notessurleslangues hidden\">Notes sur les langues<\/th><th scope=\"col\"  class=\"ninja_column_8 ninja_clmn_nm_remarquessurlaccsloutil hidden\">Remarques sur l\u2019acc\u00e8s \u00e0 l\u2019outil<\/th><th scope=\"col\"  class=\"ninja_column_9 ninja_clmn_nm_url hidden\">URL<\/th><th scope=\"col\"  class=\"ninja_column_10 ninja_clmn_nm_typedelien hidden\">Type de lien<\/th><th scope=\"col\"  class=\"ninja_column_11 ninja_clmn_nm_clartpourlesvtrans \">Clart\u00e9 pour les v\u00e9t\u00e9rans<\/th><th scope=\"col\"  class=\"ninja_column_12 ninja_clmn_nm_applicabilitauxvtrans \">Applicabilit\u00e9 aux v\u00e9t\u00e9rans<\/th><th scope=\"col\"  class=\"ninja_column_13 ninja_clmn_nm_modedadministration \">Mode d\u2019administration<\/th><th scope=\"col\"  class=\"ninja_column_14 ninja_clmn_nm_motscls \">Mots cl\u00e9s<\/th><\/tr>\n<\/thead>\n<tbody>\n\n<\/tbody><!--ninja_tobody_rendering_done-->\n    <\/table>\n    \n    \n    \n<\/div>\n[\/vc_column_text][\/vc_column][\/vc_row]<\/p>\n<\/div>","protected":false},"excerpt":{"rendered":"<p>[vc_row row_padding_top=\u00a0\u00bbregular\u00a0\u00bb row_padding_bottom=\u00a0\u00bbregular\u00a0\u00bb][vc_column][vc_column_text]Le R\u00e9pertoire des outils de mesure du bien-\u00eatre peut \u00eatre utilis\u00e9 par les chercheurs, les d\u00e9cideurs et d&rsquo;autres personnes pour identifier les outils \u2013 y compris les sondages, les questionnaires et les \u00e9chelles \u2013 permettant de mesurer le bien-\u00eatre des v\u00e9t\u00e9rans canadiens. Vous trouverez des informations sur chacune des colonnes dans le guide&#8230;<\/p>\n","protected":false},"author":3,"featured_media":2290,"parent":17974,"menu_order":0,"comment_status":"closed","ping_status":"closed","template":"","meta":{"_acf_changed":false,"inline_featured_image":false,"footnotes":""},"categories":[],"tags":[],"class_list":["post-17624","page","type-page","status-publish","has-post-thumbnail","hentry","knowledge_group-chercheurs"],"acf":[],"yoast_head":"<!-- This site is optimized with the Yoast SEO plugin v27.3 - https:\/\/yoast.com\/product\/yoast-seo-wordpress\/ -->\n<title>R\u00e9pertoire des outils de mesure du bien-\u00eatre &#183; Institut Atlas pour les v\u00e9t\u00e9rans et leur famille<\/title>\n<meta name=\"robots\" content=\"index, follow, max-snippet:-1, max-image-preview:large, max-video-preview:-1\" \/>\n<link rel=\"canonical\" href=\"https:\/\/atlasveterans.ca\/fr\/centre-de-connaissances\/outils-pour-mesurer-le-bien-etre\/repertoire-des-outils-de-mesure-du-bien-etre\/\" \/>\n<meta property=\"og:locale\" content=\"fr_FR\" \/>\n<meta property=\"og:type\" content=\"article\" \/>\n<meta property=\"og:title\" content=\"R\u00e9pertoire des outils de mesure du bien-\u00eatre &#183; Institut Atlas pour les v\u00e9t\u00e9rans et leur famille\" \/>\n<meta property=\"og:description\" content=\"[vc_row row_padding_top=\u00a0\u00bbregular\u00a0\u00bb row_padding_bottom=\u00a0\u00bbregular\u00a0\u00bb][vc_column][vc_column_text]Le R\u00e9pertoire des outils de mesure du bien-\u00eatre peut \u00eatre utilis\u00e9 par les chercheurs, les d\u00e9cideurs et d&rsquo;autres personnes pour identifier les outils \u2013 y compris les sondages, les questionnaires et les \u00e9chelles \u2013 permettant de mesurer le bien-\u00eatre des v\u00e9t\u00e9rans canadiens. Vous trouverez des informations sur chacune des colonnes dans le guide...\" \/>\n<meta property=\"og:url\" content=\"https:\/\/atlasveterans.ca\/fr\/centre-de-connaissances\/outils-pour-mesurer-le-bien-etre\/repertoire-des-outils-de-mesure-du-bien-etre\/\" \/>\n<meta property=\"og:site_name\" content=\"Institut Atlas pour les v\u00e9t\u00e9rans et leur famille\" \/>\n<meta property=\"article:publisher\" content=\"https:\/\/www.facebook.com\/atlasveteransca\" \/>\n<meta property=\"article:modified_time\" content=\"2024-04-25T15:24:06+00:00\" \/>\n<meta property=\"og:image\" content=\"https:\/\/atlasveterans.ca\/wp-content\/uploads\/2022\/03\/atlas-hero-generic.jpg\" \/>\n\t<meta property=\"og:image:width\" content=\"1600\" \/>\n\t<meta property=\"og:image:height\" content=\"345\" \/>\n\t<meta property=\"og:image:type\" content=\"image\/jpeg\" \/>\n<meta name=\"twitter:card\" content=\"summary_large_image\" \/>\n<meta name=\"twitter:site\" content=\"@atlasveteransca\" \/>\n<meta name=\"twitter:label1\" content=\"Dur\u00e9e de lecture estim\u00e9e\" \/>\n\t<meta name=\"twitter:data1\" content=\"1 minute\" \/>\n<script type=\"application\/ld+json\" class=\"yoast-schema-graph\">{\"@context\":\"https:\\\/\\\/schema.org\",\"@graph\":[{\"@type\":\"WebPage\",\"@id\":\"https:\\\/\\\/atlasveterans.ca\\\/fr\\\/centre-de-connaissances\\\/outils-pour-mesurer-le-bien-etre\\\/repertoire-des-outils-de-mesure-du-bien-etre\\\/\",\"url\":\"https:\\\/\\\/atlasveterans.ca\\\/fr\\\/centre-de-connaissances\\\/outils-pour-mesurer-le-bien-etre\\\/repertoire-des-outils-de-mesure-du-bien-etre\\\/\",\"name\":\"R\u00e9pertoire des outils de mesure du bien-\u00eatre &#183; Institut Atlas pour les v\u00e9t\u00e9rans et leur famille\",\"isPartOf\":{\"@id\":\"https:\\\/\\\/atlasveterans.ca\\\/fr\\\/#website\"},\"primaryImageOfPage\":{\"@id\":\"https:\\\/\\\/atlasveterans.ca\\\/fr\\\/centre-de-connaissances\\\/outils-pour-mesurer-le-bien-etre\\\/repertoire-des-outils-de-mesure-du-bien-etre\\\/#primaryimage\"},\"image\":{\"@id\":\"https:\\\/\\\/atlasveterans.ca\\\/fr\\\/centre-de-connaissances\\\/outils-pour-mesurer-le-bien-etre\\\/repertoire-des-outils-de-mesure-du-bien-etre\\\/#primaryimage\"},\"thumbnailUrl\":\"https:\\\/\\\/atlasveterans.ca\\\/wp-content\\\/uploads\\\/2022\\\/03\\\/atlas-hero-generic.jpg\",\"datePublished\":\"2024-04-25T15:23:47+00:00\",\"dateModified\":\"2024-04-25T15:24:06+00:00\",\"breadcrumb\":{\"@id\":\"https:\\\/\\\/atlasveterans.ca\\\/fr\\\/centre-de-connaissances\\\/outils-pour-mesurer-le-bien-etre\\\/repertoire-des-outils-de-mesure-du-bien-etre\\\/#breadcrumb\"},\"inLanguage\":\"fr-FR\",\"potentialAction\":[{\"@type\":\"ReadAction\",\"target\":[\"https:\\\/\\\/atlasveterans.ca\\\/fr\\\/centre-de-connaissances\\\/outils-pour-mesurer-le-bien-etre\\\/repertoire-des-outils-de-mesure-du-bien-etre\\\/\"]}]},{\"@type\":\"ImageObject\",\"inLanguage\":\"fr-FR\",\"@id\":\"https:\\\/\\\/atlasveterans.ca\\\/fr\\\/centre-de-connaissances\\\/outils-pour-mesurer-le-bien-etre\\\/repertoire-des-outils-de-mesure-du-bien-etre\\\/#primaryimage\",\"url\":\"https:\\\/\\\/atlasveterans.ca\\\/wp-content\\\/uploads\\\/2022\\\/03\\\/atlas-hero-generic.jpg\",\"contentUrl\":\"https:\\\/\\\/atlasveterans.ca\\\/wp-content\\\/uploads\\\/2022\\\/03\\\/atlas-hero-generic.jpg\",\"width\":1600,\"height\":345},{\"@type\":\"BreadcrumbList\",\"@id\":\"https:\\\/\\\/atlasveterans.ca\\\/fr\\\/centre-de-connaissances\\\/outils-pour-mesurer-le-bien-etre\\\/repertoire-des-outils-de-mesure-du-bien-etre\\\/#breadcrumb\",\"itemListElement\":[{\"@type\":\"ListItem\",\"position\":1,\"name\":\"Institut Atlas pour les v\u00e9t\u00e9rans et leur famille\",\"item\":\"https:\\\/\\\/atlasveterans.ca\\\/fr\\\/\"},{\"@type\":\"ListItem\",\"position\":2,\"name\":\"Centre de connaissances\",\"item\":\"https:\\\/\\\/atlasveterans.ca\\\/fr\\\/centre-de-connaissances\\\/\"},{\"@type\":\"ListItem\",\"position\":3,\"name\":\"Outils pour mesurer le bien-\u00eatre\",\"item\":\"https:\\\/\\\/atlasveterans.ca\\\/fr\\\/centre-de-connaissances\\\/outils-pour-mesurer-le-bien-etre\\\/\"},{\"@type\":\"ListItem\",\"position\":4,\"name\":\"R\u00e9pertoire des outils de mesure du bien-\u00eatre\"}]},{\"@type\":\"WebSite\",\"@id\":\"https:\\\/\\\/atlasveterans.ca\\\/fr\\\/#website\",\"url\":\"https:\\\/\\\/atlasveterans.ca\\\/fr\\\/\",\"name\":\"Institut Atlas pour les v\u00e9t\u00e9rans et leur famille\",\"description\":\"Get resources, find support\",\"publisher\":{\"@id\":\"https:\\\/\\\/atlasveterans.ca\\\/fr\\\/#organization\"},\"potentialAction\":[{\"@type\":\"SearchAction\",\"target\":{\"@type\":\"EntryPoint\",\"urlTemplate\":\"https:\\\/\\\/atlasveterans.ca\\\/fr\\\/?s={search_term_string}\"},\"query-input\":{\"@type\":\"PropertyValueSpecification\",\"valueRequired\":true,\"valueName\":\"search_term_string\"}}],\"inLanguage\":\"fr-FR\"},{\"@type\":\"Organization\",\"@id\":\"https:\\\/\\\/atlasveterans.ca\\\/fr\\\/#organization\",\"name\":\"Atlas Institute For Veterans and Families\",\"url\":\"https:\\\/\\\/atlasveterans.ca\\\/fr\\\/\",\"logo\":{\"@type\":\"ImageObject\",\"inLanguage\":\"fr-FR\",\"@id\":\"https:\\\/\\\/atlasveterans.ca\\\/fr\\\/#\\\/schema\\\/logo\\\/image\\\/\",\"url\":\"https:\\\/\\\/atlasveterans.ca\\\/wp-content\\\/uploads\\\/2022\\\/03\\\/logo-withbg-eng-1.jpg\",\"contentUrl\":\"https:\\\/\\\/atlasveterans.ca\\\/wp-content\\\/uploads\\\/2022\\\/03\\\/logo-withbg-eng-1.jpg\",\"width\":800,\"height\":400,\"caption\":\"Atlas Institute For Veterans and Families\"},\"image\":{\"@id\":\"https:\\\/\\\/atlasveterans.ca\\\/fr\\\/#\\\/schema\\\/logo\\\/image\\\/\"},\"sameAs\":[\"https:\\\/\\\/www.facebook.com\\\/atlasveteransca\",\"https:\\\/\\\/x.com\\\/atlasveteransca\",\"https:\\\/\\\/www.instagram.com\\\/atlasveteransca\\\/\",\"https:\\\/\\\/www.linkedin.com\\\/company\\\/atlasveteransca\\\/\",\"https:\\\/\\\/www.youtube.com\\\/atlasveteransca\"]}]}<\/script>\n<!-- \/ Yoast SEO plugin. -->","yoast_head_json":{"title":"R\u00e9pertoire des outils de mesure du bien-\u00eatre &#183; Institut Atlas pour les v\u00e9t\u00e9rans et leur famille","robots":{"index":"index","follow":"follow","max-snippet":"max-snippet:-1","max-image-preview":"max-image-preview:large","max-video-preview":"max-video-preview:-1"},"canonical":"https:\/\/atlasveterans.ca\/fr\/centre-de-connaissances\/outils-pour-mesurer-le-bien-etre\/repertoire-des-outils-de-mesure-du-bien-etre\/","og_locale":"fr_FR","og_type":"article","og_title":"R\u00e9pertoire des outils de mesure du bien-\u00eatre &#183; Institut Atlas pour les v\u00e9t\u00e9rans et leur famille","og_description":"[vc_row row_padding_top=\u00a0\u00bbregular\u00a0\u00bb row_padding_bottom=\u00a0\u00bbregular\u00a0\u00bb][vc_column][vc_column_text]Le R\u00e9pertoire des outils de mesure du bien-\u00eatre peut \u00eatre utilis\u00e9 par les chercheurs, les d\u00e9cideurs et d&rsquo;autres personnes pour identifier les outils \u2013 y compris les sondages, les questionnaires et les \u00e9chelles \u2013 permettant de mesurer le bien-\u00eatre des v\u00e9t\u00e9rans canadiens. Vous trouverez des informations sur chacune des colonnes dans le guide...","og_url":"https:\/\/atlasveterans.ca\/fr\/centre-de-connaissances\/outils-pour-mesurer-le-bien-etre\/repertoire-des-outils-de-mesure-du-bien-etre\/","og_site_name":"Institut Atlas pour les v\u00e9t\u00e9rans et leur famille","article_publisher":"https:\/\/www.facebook.com\/atlasveteransca","article_modified_time":"2024-04-25T15:24:06+00:00","og_image":[{"width":1600,"height":345,"url":"https:\/\/atlasveterans.ca\/wp-content\/uploads\/2022\/03\/atlas-hero-generic.jpg","type":"image\/jpeg"}],"twitter_card":"summary_large_image","twitter_site":"@atlasveteransca","twitter_misc":{"Dur\u00e9e de lecture estim\u00e9e":"1 minute"},"schema":{"@context":"https:\/\/schema.org","@graph":[{"@type":"WebPage","@id":"https:\/\/atlasveterans.ca\/fr\/centre-de-connaissances\/outils-pour-mesurer-le-bien-etre\/repertoire-des-outils-de-mesure-du-bien-etre\/","url":"https:\/\/atlasveterans.ca\/fr\/centre-de-connaissances\/outils-pour-mesurer-le-bien-etre\/repertoire-des-outils-de-mesure-du-bien-etre\/","name":"R\u00e9pertoire des outils de mesure du bien-\u00eatre &#183; Institut Atlas pour les v\u00e9t\u00e9rans et leur famille","isPartOf":{"@id":"https:\/\/atlasveterans.ca\/fr\/#website"},"primaryImageOfPage":{"@id":"https:\/\/atlasveterans.ca\/fr\/centre-de-connaissances\/outils-pour-mesurer-le-bien-etre\/repertoire-des-outils-de-mesure-du-bien-etre\/#primaryimage"},"image":{"@id":"https:\/\/atlasveterans.ca\/fr\/centre-de-connaissances\/outils-pour-mesurer-le-bien-etre\/repertoire-des-outils-de-mesure-du-bien-etre\/#primaryimage"},"thumbnailUrl":"https:\/\/atlasveterans.ca\/wp-content\/uploads\/2022\/03\/atlas-hero-generic.jpg","datePublished":"2024-04-25T15:23:47+00:00","dateModified":"2024-04-25T15:24:06+00:00","breadcrumb":{"@id":"https:\/\/atlasveterans.ca\/fr\/centre-de-connaissances\/outils-pour-mesurer-le-bien-etre\/repertoire-des-outils-de-mesure-du-bien-etre\/#breadcrumb"},"inLanguage":"fr-FR","potentialAction":[{"@type":"ReadAction","target":["https:\/\/atlasveterans.ca\/fr\/centre-de-connaissances\/outils-pour-mesurer-le-bien-etre\/repertoire-des-outils-de-mesure-du-bien-etre\/"]}]},{"@type":"ImageObject","inLanguage":"fr-FR","@id":"https:\/\/atlasveterans.ca\/fr\/centre-de-connaissances\/outils-pour-mesurer-le-bien-etre\/repertoire-des-outils-de-mesure-du-bien-etre\/#primaryimage","url":"https:\/\/atlasveterans.ca\/wp-content\/uploads\/2022\/03\/atlas-hero-generic.jpg","contentUrl":"https:\/\/atlasveterans.ca\/wp-content\/uploads\/2022\/03\/atlas-hero-generic.jpg","width":1600,"height":345},{"@type":"BreadcrumbList","@id":"https:\/\/atlasveterans.ca\/fr\/centre-de-connaissances\/outils-pour-mesurer-le-bien-etre\/repertoire-des-outils-de-mesure-du-bien-etre\/#breadcrumb","itemListElement":[{"@type":"ListItem","position":1,"name":"Institut Atlas pour les v\u00e9t\u00e9rans et leur famille","item":"https:\/\/atlasveterans.ca\/fr\/"},{"@type":"ListItem","position":2,"name":"Centre de connaissances","item":"https:\/\/atlasveterans.ca\/fr\/centre-de-connaissances\/"},{"@type":"ListItem","position":3,"name":"Outils pour mesurer le bien-\u00eatre","item":"https:\/\/atlasveterans.ca\/fr\/centre-de-connaissances\/outils-pour-mesurer-le-bien-etre\/"},{"@type":"ListItem","position":4,"name":"R\u00e9pertoire des outils de mesure du bien-\u00eatre"}]},{"@type":"WebSite","@id":"https:\/\/atlasveterans.ca\/fr\/#website","url":"https:\/\/atlasveterans.ca\/fr\/","name":"Institut Atlas pour les v\u00e9t\u00e9rans et leur famille","description":"Get resources, find support","publisher":{"@id":"https:\/\/atlasveterans.ca\/fr\/#organization"},"potentialAction":[{"@type":"SearchAction","target":{"@type":"EntryPoint","urlTemplate":"https:\/\/atlasveterans.ca\/fr\/?s={search_term_string}"},"query-input":{"@type":"PropertyValueSpecification","valueRequired":true,"valueName":"search_term_string"}}],"inLanguage":"fr-FR"},{"@type":"Organization","@id":"https:\/\/atlasveterans.ca\/fr\/#organization","name":"Atlas Institute For Veterans and Families","url":"https:\/\/atlasveterans.ca\/fr\/","logo":{"@type":"ImageObject","inLanguage":"fr-FR","@id":"https:\/\/atlasveterans.ca\/fr\/#\/schema\/logo\/image\/","url":"https:\/\/atlasveterans.ca\/wp-content\/uploads\/2022\/03\/logo-withbg-eng-1.jpg","contentUrl":"https:\/\/atlasveterans.ca\/wp-content\/uploads\/2022\/03\/logo-withbg-eng-1.jpg","width":800,"height":400,"caption":"Atlas Institute For Veterans and Families"},"image":{"@id":"https:\/\/atlasveterans.ca\/fr\/#\/schema\/logo\/image\/"},"sameAs":["https:\/\/www.facebook.com\/atlasveteransca","https:\/\/x.com\/atlasveteransca","https:\/\/www.instagram.com\/atlasveteransca\/","https:\/\/www.linkedin.com\/company\/atlasveteransca\/","https:\/\/www.youtube.com\/atlasveteransca"]}]}},"_links":{"self":[{"href":"https:\/\/atlasveterans.ca\/fr\/wp-json\/wp\/v2\/pages\/17624","targetHints":{"allow":["GET"]}}],"collection":[{"href":"https:\/\/atlasveterans.ca\/fr\/wp-json\/wp\/v2\/pages"}],"about":[{"href":"https:\/\/atlasveterans.ca\/fr\/wp-json\/wp\/v2\/types\/page"}],"author":[{"embeddable":true,"href":"https:\/\/atlasveterans.ca\/fr\/wp-json\/wp\/v2\/users\/3"}],"replies":[{"embeddable":true,"href":"https:\/\/atlasveterans.ca\/fr\/wp-json\/wp\/v2\/comments?post=17624"}],"version-history":[{"count":0,"href":"https:\/\/atlasveterans.ca\/fr\/wp-json\/wp\/v2\/pages\/17624\/revisions"}],"up":[{"embeddable":true,"href":"https:\/\/atlasveterans.ca\/fr\/wp-json\/wp\/v2\/pages\/17974"}],"wp:featuredmedia":[{"embeddable":true,"href":"https:\/\/atlasveterans.ca\/fr\/wp-json\/wp\/v2\/media\/2290"}],"wp:attachment":[{"href":"https:\/\/atlasveterans.ca\/fr\/wp-json\/wp\/v2\/media?parent=17624"}],"wp:term":[{"taxonomy":"category","embeddable":true,"href":"https:\/\/atlasveterans.ca\/fr\/wp-json\/wp\/v2\/categories?post=17624"},{"taxonomy":"post_tag","embeddable":true,"href":"https:\/\/atlasveterans.ca\/fr\/wp-json\/wp\/v2\/tags?post=17624"}],"curies":[{"name":"wp","href":"https:\/\/api.w.org\/{rel}","templated":true}]}}