{"id":1866,"date":"2022-03-17T16:39:34","date_gmt":"2022-03-17T20:39:34","guid":{"rendered":"https:\/\/atlasveterans.ca\/centre-de-connaissances\/therapie-du-processus-cognitif\/"},"modified":"2025-10-29T10:06:31","modified_gmt":"2025-10-29T14:06:31","slug":"therapie-du-processus-cognitif","status":"publish","type":"page","link":"https:\/\/atlasveterans.ca\/fr\/centre-de-connaissances\/therapie-du-processus-cognitif\/","title":{"rendered":"Th\u00e9rapie du processus cognitif"},"content":{"rendered":"<div class=\"wpb-content-wrapper\"><p>[vc_section el_class=\u00a0\u00bbstickyTOC__wrapper\u00a0\u00bb][vc_row row_padding_top=\u00a0\u00bbregular\u00a0\u00bb row_padding_bottom=\u00a0\u00bbregular\u00a0\u00bb el_class=\u00a0\u00bbrow&#8211;flipMobile\u00a0\u00bb][vc_column width=\u00a0\u00bb2\/3&Prime; el_class=\u00a0\u00bbelement&#8211;fullWidthText\u00a0\u00bb offset=\u00a0\u00bbvc_col-lg-7&Prime;][vc_column_text el_id=\u00a0\u00bbtop\u00a0\u00bb]Le traumatisme affecte votre fa\u00e7on de ressentir et d\u2019interpr\u00e9ter les \u00e9v\u00e9nements. La th\u00e9rapie du processus cognitif (TPC) vous aidera \u00e0 examiner les pens\u00e9es qui vous emp\u00eachent de gu\u00e9rir et \u00e0 les remettre en cause, en vous concentrant sur le sens que vous avez accord\u00e9 au traumatisme. Gr\u00e2ce \u00e0 la TPC, vous pourrez apprendre \u00e0 red\u00e9finir vos pens\u00e9es et vos sentiments \u00e0 l\u2019\u00e9gard du traumatisme, afin de favoriser votre \u00e9quilibre \u00e9motionnel.[\/vc_column_text][vc_separator][vc_column_text css=\u00a0\u00bb\u00a0\u00bb]<\/p>\n<h2 id=\"treatment\" class=\"text--lowercase\">Traitement<\/h2>\n<p>Lorsque vous changez votre fa\u00e7on de penser \u00e0 un \u00e9v\u00e9nement, vous modifiez \u00e9galement les sentiments que vous \u00e9prouvez \u00e0 propos de celui-ci. \u00c0 partir du moment o\u00f9 vos pens\u00e9es et vos sentiments concernant le traumatisme sont plus nuanc\u00e9s, il est possible que vous ressentiez moins de culpabilit\u00e9 et de honte, et que vous vous sentiez moins d\u00e9prim\u00e9. La nouvelle fa\u00e7on de penser que vous d\u00e9veloppez peut att\u00e9nuer vos sympt\u00f4mes de TSPT.<\/p>\n<p>Voici d\u2019autres bienfaits qu\u2019il est possible d\u2019obtenir avec la TPC :<\/p>\n<ul>\n<li>Vous vous sentirez plus calme lorsque surgiront des souvenirs de votre traumatisme.<\/li>\n<li>Vous vous sentirez moins stress\u00e9 ou indiff\u00e9rent sur le plan affectif.<\/li>\n<\/ul>\n<p>Vous vous sentirez moins irritable et serez moins impulsif envers vos proches.<\/p>\n<h2 id=\"what\" class=\"text--lowercase\">\u00c0 quoi s\u2019attendre<\/h2>\n<p class=\"StiffBody\">Le processus commence g\u00e9n\u00e9ralement par une description \u00e9crite des r\u00e9percussions de l\u2019\u00e9v\u00e9nement traumatisant sur votre vie. Votre fournisseur de services peut vous aider \u00e0 la r\u00e9aliser. Ce compte rendu des r\u00e9percussions vous permettra, \u00e0 vous et \u00e0 votre fournisseur de services, de d\u00e9finir les id\u00e9es ou pens\u00e9es qui nuisent \u00e0 votre gu\u00e9rison. Votre fournisseur de services vous remettra des fiches de travail et vous posera des questions qui vous aideront \u00e0 remettre en cause ces id\u00e9es, ces \u00ab blocages \u00bb. Ensemble, vous explorerez l\u2019effet du traumatisme sur vos sentiments li\u00e9s \u00e0 la s\u00e9curit\u00e9, \u00e0 la confiance, au pouvoir, \u00e0 l\u2019estime et \u00e0 l\u2019intimit\u00e9.<\/p>\n<p class=\"StiffBody\">Vers la fin du traitement, on vous demandera de r\u00e9diger un nouveau compte rendu actuel des r\u00e9percussions et de le comparer au premier.<\/p>\n<p>[\/vc_column_text][vc_tta_accordion color=\u00a0\u00bbblack\u00a0\u00bb c_icon=\u00a0\u00bbchevron\u00a0\u00bb active_section=\u00a0\u00bb12332&Prime; collapsible_all=\u00a0\u00bbtrue\u00a0\u00bb][vc_tta_section title=\u00a0\u00bbFormat\u00a0\u00bb tab_id=\u00a0\u00bb1647543890978-6f01b154-c5cd\u00a0\u00bb][vc_column_text]<\/p>\n<p class=\"StiffBody\">La th\u00e9rapie du processus cognitif (TPC) est propos\u00e9e sous forme de th\u00e9rapie individuelle ou de groupe. Les groupes comptent en g\u00e9n\u00e9ral entre 6 et 10 personnes. Les recherches indiquent que les bienfaits de la TPC effectu\u00e9e sur une base individuelle sont plus grands que ceux de la th\u00e9rapie dispens\u00e9e en groupe.<\/p>\n<p>[\/vc_column_text][\/vc_tta_section][vc_tta_section title=\u00a0\u00bbR\u00e9cit du traumatisme\u00a0\u00bb tab_id=\u00a0\u00bb1647543890987-aae77326-ce90&Prime;][vc_column_text]<\/p>\n<p class=\"StiffBody\">La TPC ne n\u00e9cessite pas de parler du traumatisme en soi. Elle se concentre plut\u00f4t sur les r\u00e9percussions que le traumatisme a eues sur votre vie. Il est n\u00e9cessaire de parler du traumatisme que vous avez v\u00e9cu au cours du processus, mais il n\u2019est pas n\u00e9cessaire d\u2019en pr\u00e9senter tous les d\u00e9tails. Ce qu\u2019il est important de retenir, c\u2019est que vous \u00eates en contr\u00f4le du processus. Vous pouvez suivre le programme de la TPC au rythme qui vous convient.<\/p>\n<p>[\/vc_column_text][\/vc_tta_section][vc_tta_section title=\u00a0\u00bbDur\u00e9e\u00a0\u00bb tab_id=\u00a0\u00bb1647543940771-d080186c-e55a\u00a0\u00bb][vc_column_text]<\/p>\n<p class=\"StiffBody\">Chaque s\u00e9ance dure habituellement entre 50 et 90 minutes. En recourant \u00e0 des s\u00e9ances hebdomadaires, la th\u00e9rapie du processus cognitif s\u2019\u00e9tend sur environ 12 semaines. Certaines personnes tirent profit de s\u00e9ances suppl\u00e9mentaires si, par exemple, elles ont \u00e9t\u00e9 expos\u00e9es \u00e0 de multiples traumatismes.<\/p>\n<p>[\/vc_column_text][\/vc_tta_section][vc_tta_section title=\u00a0\u00bbTravail entre les s\u00e9ances\u00a0\u00bb tab_id=\u00a0\u00bb1647548377228-ee664af3-7128&Prime;][vc_column_text]<\/p>\n<p class=\"StiffBody\">On vous demandera de r\u00e9aliser des exercices d\u2019\u00e9criture et de remplir des fiches de travail entre les s\u00e9ances.<\/p>\n<p>[\/vc_column_text][\/vc_tta_section][vc_tta_section title=\u00a0\u00bbRisques\u00a0\u00bb tab_id=\u00a0\u00bb1647548390958-0527de68-a65a\u00a0\u00bb][vc_column_text]Parler de souvenirs li\u00e9s \u00e0 un traumatisme et de leurs r\u00e9percussions peut vous rendre mal \u00e0 l\u2019aise. Toutefois, ces sentiments n\u00e9gatifs ont tendance \u00e0 \u00eatre de courte dur\u00e9e. De nombreuses personnes se sentent mieux au fur et \u00e0 mesure qu\u2019elles progressent dans le programme de la TPC.<\/p>\n<p class=\"StiffBody\">La plupart des gens qui terminent la TPC consid\u00e8rent que les bienfaits l\u2019emportent largement sur tout inconfort \u00e9prouv\u00e9 pendant les s\u00e9ances.<\/p>\n<p>[\/vc_column_text][\/vc_tta_section][\/vc_tta_accordion][\/vc_column][vc_column width=\u00a0\u00bb1\/3&Prime; offset=\u00a0\u00bbvc_col-lg-offset-1&Prime;]<div class=\"stickyTOC\"><h7 class=\"stickyTOC__title\">Aller \u00e0 la section :<\/h7><div class=\"stickyTOC__items\"><a class=\"stickyTOC__item\" href=\"#top\"><span>Aper\u00e7u<\/span><\/a><a class=\"stickyTOC__item\" href=\"#treatment\"><span>Traitement<\/span><\/a><a class=\"stickyTOC__item\" href=\"#what\"><span>\u00c0 quoi s'attendre <\/span><\/a><\/div><\/div>[\/vc_column][\/vc_row][\/vc_section][vc_section full_width=\u00a0\u00bbstretch_row\u00a0\u00bb disable_element=\u00a0\u00bbyes\u00a0\u00bb el_class=\u00a0\u00bbsection&#8211;hasBG\u00a0\u00bb css=\u00a0\u00bb.vc_custom_1647549158061{background-image: url(https:\/\/atlasveterans.ca\/wp-content\/uploads\/2022\/02\/Atlas-TopFold-Search-Pattern-Desktop-2-flipped.jpg?id=103) !important;}\u00a0\u00bb][vc_row row_padding_top=\u00a0\u00bbregular\u00a0\u00bb row_padding_bottom=\u00a0\u00bbregular\u00a0\u00bb el_class=\u00a0\u00bbelement&#8211;textCenter element&#8211;whiteText\u00a0\u00bb el_id=\u00a0\u00bbresources\u00a0\u00bb][vc_column][vc_column_text]<\/p>\n<h1>Trouver des ressources<\/h1>\n<div class=\"p--large\">\n<p>Parcourez le centre de connaissances pour plus d&rsquo;informations factuelles, des fiches d&rsquo;information, des rapports et des conseils.<\/p>\n<\/div>\n<p>[\/vc_column_text][vc_btn title=\u00a0\u00bbCentre de connaissances\u00a0\u00bb effect_colour=\u00a0\u00bbgradient\u00a0\u00bb size=\u00a0\u00bb\u00a0\u00bb align=\u00a0\u00bbcenter\u00a0\u00bb link=\u00a0\u00bburl:https%3A%2F%2Fatlasveterans.ca%2Ffr%2Fcentre-de-connaissances%2F|title:Centre%20de%20connaissances|\u00a0\u00bb][\/vc_column][\/vc_row][\/vc_section]<\/p>\n<\/div>","protected":false},"excerpt":{"rendered":"<p>[vc_section el_class=\u00a0\u00bbstickyTOC__wrapper\u00a0\u00bb][vc_row row_padding_top=\u00a0\u00bbregular\u00a0\u00bb row_padding_bottom=\u00a0\u00bbregular\u00a0\u00bb el_class=\u00a0\u00bbrow&#8211;flipMobile\u00a0\u00bb][vc_column width=\u00a0\u00bb2\/3&Prime; el_class=\u00a0\u00bbelement&#8211;fullWidthText\u00a0\u00bb offset=\u00a0\u00bbvc_col-lg-7&Prime;][vc_column_text el_id=\u00a0\u00bbtop\u00a0\u00bb]Le traumatisme affecte votre fa\u00e7on de ressentir et d\u2019interpr\u00e9ter les \u00e9v\u00e9nements. La th\u00e9rapie du processus cognitif (TPC) vous aidera \u00e0 examiner les pens\u00e9es qui vous emp\u00eachent de gu\u00e9rir et \u00e0 les remettre en cause, en vous concentrant sur le sens que vous avez accord\u00e9 au traumatisme. Gr\u00e2ce&#8230;<\/p>\n","protected":false},"author":3,"featured_media":477,"parent":1764,"menu_order":24,"comment_status":"closed","ping_status":"closed","template":"","meta":{"_acf_changed":false,"inline_featured_image":false,"footnotes":""},"categories":[],"tags":[],"class_list":["post-1866","page","type-page","status-publish","has-post-thumbnail","hentry","knowledge_area-post-traumatic-stress-disorder-fr","knowledge_group-veterans-fr"],"acf":[],"yoast_head":"<!-- This site is optimized with the Yoast SEO plugin v27.3 - https:\/\/yoast.com\/product\/yoast-seo-wordpress\/ -->\n<title>Th\u00e9rapie du processus cognitif &#183; Institut Atlas pour les v\u00e9t\u00e9rans et leur famille<\/title>\n<meta name=\"robots\" content=\"index, follow, max-snippet:-1, max-image-preview:large, max-video-preview:-1\" \/>\n<link rel=\"canonical\" href=\"https:\/\/atlasveterans.ca\/fr\/centre-de-connaissances\/therapie-du-processus-cognitif\/\" \/>\n<meta property=\"og:locale\" content=\"fr_FR\" \/>\n<meta property=\"og:type\" content=\"article\" \/>\n<meta property=\"og:title\" content=\"Th\u00e9rapie du processus cognitif &#183; Institut Atlas pour les v\u00e9t\u00e9rans et leur famille\" \/>\n<meta property=\"og:description\" content=\"[vc_section el_class=\u00a0\u00bbstickyTOC__wrapper\u00a0\u00bb][vc_row row_padding_top=\u00a0\u00bbregular\u00a0\u00bb row_padding_bottom=\u00a0\u00bbregular\u00a0\u00bb el_class=\u00a0\u00bbrow&#8211;flipMobile\u00a0\u00bb][vc_column width=\u00a0\u00bb2\/3&Prime; el_class=\u00a0\u00bbelement&#8211;fullWidthText\u00a0\u00bb offset=\u00a0\u00bbvc_col-lg-7&Prime;][vc_column_text el_id=\u00a0\u00bbtop\u00a0\u00bb]Le traumatisme affecte votre fa\u00e7on de ressentir et d\u2019interpr\u00e9ter les \u00e9v\u00e9nements. La th\u00e9rapie du processus cognitif (TPC) vous aidera \u00e0 examiner les pens\u00e9es qui vous emp\u00eachent de gu\u00e9rir et \u00e0 les remettre en cause, en vous concentrant sur le sens que vous avez accord\u00e9 au traumatisme. Gr\u00e2ce...\" \/>\n<meta property=\"og:url\" content=\"https:\/\/atlasveterans.ca\/fr\/centre-de-connaissances\/therapie-du-processus-cognitif\/\" \/>\n<meta property=\"og:site_name\" content=\"Institut Atlas pour les v\u00e9t\u00e9rans et leur famille\" \/>\n<meta property=\"article:publisher\" content=\"https:\/\/www.facebook.com\/atlasveteransca\" \/>\n<meta property=\"article:modified_time\" content=\"2025-10-29T14:06:31+00:00\" \/>\n<meta property=\"og:image\" content=\"https:\/\/atlasveterans.ca\/wp-content\/uploads\/2022\/02\/Atlas-TopFold-Search-Pattern-Desktop-2.jpg\" \/>\n\t<meta property=\"og:image:width\" content=\"2048\" \/>\n\t<meta property=\"og:image:height\" content=\"1040\" \/>\n\t<meta property=\"og:image:type\" content=\"image\/jpeg\" \/>\n<meta name=\"twitter:card\" content=\"summary_large_image\" \/>\n<meta name=\"twitter:site\" content=\"@atlasveteransca\" \/>\n<meta name=\"twitter:label1\" content=\"Dur\u00e9e de lecture estim\u00e9e\" \/>\n\t<meta name=\"twitter:data1\" content=\"4 minutes\" \/>\n<script type=\"application\/ld+json\" class=\"yoast-schema-graph\">{\"@context\":\"https:\\\/\\\/schema.org\",\"@graph\":[{\"@type\":\"WebPage\",\"@id\":\"https:\\\/\\\/atlasveterans.ca\\\/fr\\\/centre-de-connaissances\\\/therapie-du-processus-cognitif\\\/\",\"url\":\"https:\\\/\\\/atlasveterans.ca\\\/fr\\\/centre-de-connaissances\\\/therapie-du-processus-cognitif\\\/\",\"name\":\"Th\u00e9rapie du processus cognitif &#183; Institut Atlas pour les v\u00e9t\u00e9rans et leur famille\",\"isPartOf\":{\"@id\":\"https:\\\/\\\/atlasveterans.ca\\\/fr\\\/#website\"},\"primaryImageOfPage\":{\"@id\":\"https:\\\/\\\/atlasveterans.ca\\\/fr\\\/centre-de-connaissances\\\/therapie-du-processus-cognitif\\\/#primaryimage\"},\"image\":{\"@id\":\"https:\\\/\\\/atlasveterans.ca\\\/fr\\\/centre-de-connaissances\\\/therapie-du-processus-cognitif\\\/#primaryimage\"},\"thumbnailUrl\":\"https:\\\/\\\/atlasveterans.ca\\\/wp-content\\\/uploads\\\/2022\\\/02\\\/Atlas-TopFold-Search-Pattern-Desktop-2.jpg\",\"datePublished\":\"2022-03-17T20:39:34+00:00\",\"dateModified\":\"2025-10-29T14:06:31+00:00\",\"breadcrumb\":{\"@id\":\"https:\\\/\\\/atlasveterans.ca\\\/fr\\\/centre-de-connaissances\\\/therapie-du-processus-cognitif\\\/#breadcrumb\"},\"inLanguage\":\"fr-FR\",\"potentialAction\":[{\"@type\":\"ReadAction\",\"target\":[\"https:\\\/\\\/atlasveterans.ca\\\/fr\\\/centre-de-connaissances\\\/therapie-du-processus-cognitif\\\/\"]}]},{\"@type\":\"ImageObject\",\"inLanguage\":\"fr-FR\",\"@id\":\"https:\\\/\\\/atlasveterans.ca\\\/fr\\\/centre-de-connaissances\\\/therapie-du-processus-cognitif\\\/#primaryimage\",\"url\":\"https:\\\/\\\/atlasveterans.ca\\\/wp-content\\\/uploads\\\/2022\\\/02\\\/Atlas-TopFold-Search-Pattern-Desktop-2.jpg\",\"contentUrl\":\"https:\\\/\\\/atlasveterans.ca\\\/wp-content\\\/uploads\\\/2022\\\/02\\\/Atlas-TopFold-Search-Pattern-Desktop-2.jpg\",\"width\":2048,\"height\":1040},{\"@type\":\"BreadcrumbList\",\"@id\":\"https:\\\/\\\/atlasveterans.ca\\\/fr\\\/centre-de-connaissances\\\/therapie-du-processus-cognitif\\\/#breadcrumb\",\"itemListElement\":[{\"@type\":\"ListItem\",\"position\":1,\"name\":\"Institut Atlas pour les v\u00e9t\u00e9rans et leur famille\",\"item\":\"https:\\\/\\\/atlasveterans.ca\\\/fr\\\/\"},{\"@type\":\"ListItem\",\"position\":2,\"name\":\"Centre de connaissances\",\"item\":\"https:\\\/\\\/atlasveterans.ca\\\/fr\\\/centre-de-connaissances\\\/\"},{\"@type\":\"ListItem\",\"position\":3,\"name\":\"Th\u00e9rapie du processus cognitif\"}]},{\"@type\":\"WebSite\",\"@id\":\"https:\\\/\\\/atlasveterans.ca\\\/fr\\\/#website\",\"url\":\"https:\\\/\\\/atlasveterans.ca\\\/fr\\\/\",\"name\":\"Institut Atlas pour les v\u00e9t\u00e9rans et leur famille\",\"description\":\"Get resources, find support\",\"publisher\":{\"@id\":\"https:\\\/\\\/atlasveterans.ca\\\/fr\\\/#organization\"},\"potentialAction\":[{\"@type\":\"SearchAction\",\"target\":{\"@type\":\"EntryPoint\",\"urlTemplate\":\"https:\\\/\\\/atlasveterans.ca\\\/fr\\\/?s={search_term_string}\"},\"query-input\":{\"@type\":\"PropertyValueSpecification\",\"valueRequired\":true,\"valueName\":\"search_term_string\"}}],\"inLanguage\":\"fr-FR\"},{\"@type\":\"Organization\",\"@id\":\"https:\\\/\\\/atlasveterans.ca\\\/fr\\\/#organization\",\"name\":\"Atlas Institute For Veterans and Families\",\"url\":\"https:\\\/\\\/atlasveterans.ca\\\/fr\\\/\",\"logo\":{\"@type\":\"ImageObject\",\"inLanguage\":\"fr-FR\",\"@id\":\"https:\\\/\\\/atlasveterans.ca\\\/fr\\\/#\\\/schema\\\/logo\\\/image\\\/\",\"url\":\"https:\\\/\\\/atlasveterans.ca\\\/wp-content\\\/uploads\\\/2022\\\/03\\\/logo-withbg-eng-1.jpg\",\"contentUrl\":\"https:\\\/\\\/atlasveterans.ca\\\/wp-content\\\/uploads\\\/2022\\\/03\\\/logo-withbg-eng-1.jpg\",\"width\":800,\"height\":400,\"caption\":\"Atlas Institute For Veterans and Families\"},\"image\":{\"@id\":\"https:\\\/\\\/atlasveterans.ca\\\/fr\\\/#\\\/schema\\\/logo\\\/image\\\/\"},\"sameAs\":[\"https:\\\/\\\/www.facebook.com\\\/atlasveteransca\",\"https:\\\/\\\/x.com\\\/atlasveteransca\",\"https:\\\/\\\/www.instagram.com\\\/atlasveteransca\\\/\",\"https:\\\/\\\/www.linkedin.com\\\/company\\\/atlasveteransca\\\/\",\"https:\\\/\\\/www.youtube.com\\\/atlasveteransca\"]}]}<\/script>\n<!-- \/ Yoast SEO plugin. -->","yoast_head_json":{"title":"Th\u00e9rapie du processus cognitif &#183; Institut Atlas pour les v\u00e9t\u00e9rans et leur famille","robots":{"index":"index","follow":"follow","max-snippet":"max-snippet:-1","max-image-preview":"max-image-preview:large","max-video-preview":"max-video-preview:-1"},"canonical":"https:\/\/atlasveterans.ca\/fr\/centre-de-connaissances\/therapie-du-processus-cognitif\/","og_locale":"fr_FR","og_type":"article","og_title":"Th\u00e9rapie du processus cognitif &#183; Institut Atlas pour les v\u00e9t\u00e9rans et leur famille","og_description":"[vc_section el_class=\u00a0\u00bbstickyTOC__wrapper\u00a0\u00bb][vc_row row_padding_top=\u00a0\u00bbregular\u00a0\u00bb row_padding_bottom=\u00a0\u00bbregular\u00a0\u00bb el_class=\u00a0\u00bbrow&#8211;flipMobile\u00a0\u00bb][vc_column width=\u00a0\u00bb2\/3&Prime; el_class=\u00a0\u00bbelement&#8211;fullWidthText\u00a0\u00bb offset=\u00a0\u00bbvc_col-lg-7&Prime;][vc_column_text el_id=\u00a0\u00bbtop\u00a0\u00bb]Le traumatisme affecte votre fa\u00e7on de ressentir et d\u2019interpr\u00e9ter les \u00e9v\u00e9nements. La th\u00e9rapie du processus cognitif (TPC) vous aidera \u00e0 examiner les pens\u00e9es qui vous emp\u00eachent de gu\u00e9rir et \u00e0 les remettre en cause, en vous concentrant sur le sens que vous avez accord\u00e9 au traumatisme. Gr\u00e2ce...","og_url":"https:\/\/atlasveterans.ca\/fr\/centre-de-connaissances\/therapie-du-processus-cognitif\/","og_site_name":"Institut Atlas pour les v\u00e9t\u00e9rans et leur famille","article_publisher":"https:\/\/www.facebook.com\/atlasveteransca","article_modified_time":"2025-10-29T14:06:31+00:00","og_image":[{"width":2048,"height":1040,"url":"https:\/\/atlasveterans.ca\/wp-content\/uploads\/2022\/02\/Atlas-TopFold-Search-Pattern-Desktop-2.jpg","type":"image\/jpeg"}],"twitter_card":"summary_large_image","twitter_site":"@atlasveteransca","twitter_misc":{"Dur\u00e9e de lecture estim\u00e9e":"4 minutes"},"schema":{"@context":"https:\/\/schema.org","@graph":[{"@type":"WebPage","@id":"https:\/\/atlasveterans.ca\/fr\/centre-de-connaissances\/therapie-du-processus-cognitif\/","url":"https:\/\/atlasveterans.ca\/fr\/centre-de-connaissances\/therapie-du-processus-cognitif\/","name":"Th\u00e9rapie du processus cognitif &#183; Institut Atlas pour les v\u00e9t\u00e9rans et leur famille","isPartOf":{"@id":"https:\/\/atlasveterans.ca\/fr\/#website"},"primaryImageOfPage":{"@id":"https:\/\/atlasveterans.ca\/fr\/centre-de-connaissances\/therapie-du-processus-cognitif\/#primaryimage"},"image":{"@id":"https:\/\/atlasveterans.ca\/fr\/centre-de-connaissances\/therapie-du-processus-cognitif\/#primaryimage"},"thumbnailUrl":"https:\/\/atlasveterans.ca\/wp-content\/uploads\/2022\/02\/Atlas-TopFold-Search-Pattern-Desktop-2.jpg","datePublished":"2022-03-17T20:39:34+00:00","dateModified":"2025-10-29T14:06:31+00:00","breadcrumb":{"@id":"https:\/\/atlasveterans.ca\/fr\/centre-de-connaissances\/therapie-du-processus-cognitif\/#breadcrumb"},"inLanguage":"fr-FR","potentialAction":[{"@type":"ReadAction","target":["https:\/\/atlasveterans.ca\/fr\/centre-de-connaissances\/therapie-du-processus-cognitif\/"]}]},{"@type":"ImageObject","inLanguage":"fr-FR","@id":"https:\/\/atlasveterans.ca\/fr\/centre-de-connaissances\/therapie-du-processus-cognitif\/#primaryimage","url":"https:\/\/atlasveterans.ca\/wp-content\/uploads\/2022\/02\/Atlas-TopFold-Search-Pattern-Desktop-2.jpg","contentUrl":"https:\/\/atlasveterans.ca\/wp-content\/uploads\/2022\/02\/Atlas-TopFold-Search-Pattern-Desktop-2.jpg","width":2048,"height":1040},{"@type":"BreadcrumbList","@id":"https:\/\/atlasveterans.ca\/fr\/centre-de-connaissances\/therapie-du-processus-cognitif\/#breadcrumb","itemListElement":[{"@type":"ListItem","position":1,"name":"Institut Atlas pour les v\u00e9t\u00e9rans et leur famille","item":"https:\/\/atlasveterans.ca\/fr\/"},{"@type":"ListItem","position":2,"name":"Centre de connaissances","item":"https:\/\/atlasveterans.ca\/fr\/centre-de-connaissances\/"},{"@type":"ListItem","position":3,"name":"Th\u00e9rapie du processus cognitif"}]},{"@type":"WebSite","@id":"https:\/\/atlasveterans.ca\/fr\/#website","url":"https:\/\/atlasveterans.ca\/fr\/","name":"Institut Atlas pour les v\u00e9t\u00e9rans et leur famille","description":"Get resources, find support","publisher":{"@id":"https:\/\/atlasveterans.ca\/fr\/#organization"},"potentialAction":[{"@type":"SearchAction","target":{"@type":"EntryPoint","urlTemplate":"https:\/\/atlasveterans.ca\/fr\/?s={search_term_string}"},"query-input":{"@type":"PropertyValueSpecification","valueRequired":true,"valueName":"search_term_string"}}],"inLanguage":"fr-FR"},{"@type":"Organization","@id":"https:\/\/atlasveterans.ca\/fr\/#organization","name":"Atlas Institute For Veterans and Families","url":"https:\/\/atlasveterans.ca\/fr\/","logo":{"@type":"ImageObject","inLanguage":"fr-FR","@id":"https:\/\/atlasveterans.ca\/fr\/#\/schema\/logo\/image\/","url":"https:\/\/atlasveterans.ca\/wp-content\/uploads\/2022\/03\/logo-withbg-eng-1.jpg","contentUrl":"https:\/\/atlasveterans.ca\/wp-content\/uploads\/2022\/03\/logo-withbg-eng-1.jpg","width":800,"height":400,"caption":"Atlas Institute For Veterans and Families"},"image":{"@id":"https:\/\/atlasveterans.ca\/fr\/#\/schema\/logo\/image\/"},"sameAs":["https:\/\/www.facebook.com\/atlasveteransca","https:\/\/x.com\/atlasveteransca","https:\/\/www.instagram.com\/atlasveteransca\/","https:\/\/www.linkedin.com\/company\/atlasveteransca\/","https:\/\/www.youtube.com\/atlasveteransca"]}]}},"_links":{"self":[{"href":"https:\/\/atlasveterans.ca\/fr\/wp-json\/wp\/v2\/pages\/1866","targetHints":{"allow":["GET"]}}],"collection":[{"href":"https:\/\/atlasveterans.ca\/fr\/wp-json\/wp\/v2\/pages"}],"about":[{"href":"https:\/\/atlasveterans.ca\/fr\/wp-json\/wp\/v2\/types\/page"}],"author":[{"embeddable":true,"href":"https:\/\/atlasveterans.ca\/fr\/wp-json\/wp\/v2\/users\/3"}],"replies":[{"embeddable":true,"href":"https:\/\/atlasveterans.ca\/fr\/wp-json\/wp\/v2\/comments?post=1866"}],"version-history":[{"count":1,"href":"https:\/\/atlasveterans.ca\/fr\/wp-json\/wp\/v2\/pages\/1866\/revisions"}],"predecessor-version":[{"id":27263,"href":"https:\/\/atlasveterans.ca\/fr\/wp-json\/wp\/v2\/pages\/1866\/revisions\/27263"}],"up":[{"embeddable":true,"href":"https:\/\/atlasveterans.ca\/fr\/wp-json\/wp\/v2\/pages\/1764"}],"wp:featuredmedia":[{"embeddable":true,"href":"https:\/\/atlasveterans.ca\/fr\/wp-json\/wp\/v2\/media\/477"}],"wp:attachment":[{"href":"https:\/\/atlasveterans.ca\/fr\/wp-json\/wp\/v2\/media?parent=1866"}],"wp:term":[{"taxonomy":"category","embeddable":true,"href":"https:\/\/atlasveterans.ca\/fr\/wp-json\/wp\/v2\/categories?post=1866"},{"taxonomy":"post_tag","embeddable":true,"href":"https:\/\/atlasveterans.ca\/fr\/wp-json\/wp\/v2\/tags?post=1866"}],"curies":[{"name":"wp","href":"https:\/\/api.w.org\/{rel}","templated":true}]}}