{"id":1872,"date":"2022-03-17T16:44:11","date_gmt":"2022-03-17T20:44:11","guid":{"rendered":"https:\/\/atlasveterans.ca\/centre-de-connaissances\/therapie-dintegration-neuro-emotionnelle-par-les-mouvements-oculaires-emdr\/"},"modified":"2025-10-29T10:06:08","modified_gmt":"2025-10-29T14:06:08","slug":"therapie-dintegration-neuro-emotionnelle-par-les-mouvements-oculaires-emdr","status":"publish","type":"page","link":"https:\/\/atlasveterans.ca\/fr\/centre-de-connaissances\/therapie-dintegration-neuro-emotionnelle-par-les-mouvements-oculaires-emdr\/","title":{"rendered":"Th\u00e9rapie d\u2019int\u00e9gration neuro-\u00e9motionnelle par les mouvements oculaires (EMDR)"},"content":{"rendered":"<div class=\"wpb-content-wrapper\"><p>[vc_section el_class=\u00a0\u00bbstickyTOC__wrapper\u00a0\u00bb][vc_row row_padding_top=\u00a0\u00bbregular\u00a0\u00bb row_padding_bottom=\u00a0\u00bbregular\u00a0\u00bb el_class=\u00a0\u00bbrow&#8211;flipMobile\u00a0\u00bb][vc_column width=\u00a0\u00bb2\/3&Prime; el_class=\u00a0\u00bbelement&#8211;fullWidthText\u00a0\u00bb offset=\u00a0\u00bbvc_col-lg-7&Prime;][vc_column_text el_id=\u00a0\u00bbtop\u00a0\u00bb]La th\u00e9rapie d\u2019int\u00e9gration neuro-\u00e9motionnelle par les mouvements oculaires (EMDR) se concentre sur la fa\u00e7on dont votre esprit a int\u00e9gr\u00e9 et m\u00e9moris\u00e9 votre traumatisme. Lorsque vous subissez un traumatisme, il arrive parfois que votre cerveau ne traite pas le souvenir de la mani\u00e8re habituelle. Il peut r\u00e9pondre aux \u00e9motions intenses et aux sensations physiques \u00e9prouv\u00e9es lors du traumatisme en les stockant exactement comme vous les avez v\u00e9cues \u00e0 l\u2019origine. L\u2019EMDR aide votre cerveau \u00e0 retraiter le traumatisme et \u00e0 le transformer en un souvenir plus supportable.[\/vc_column_text][vc_separator][vc_column_text css=\u00a0\u00bb\u00a0\u00bb]<\/p>\n<h2 id=\"treatment\" class=\"text--lowercase\">Traitement<\/h2>\n<p>L\u2019EMDR att\u00e9nue les sympt\u00f4mes du TSPT en r\u00e9duisant la d\u00e9tresse associ\u00e9e aux souvenirs du traumatisme. On ne sait pas exactement de quelle fa\u00e7on l\u2019EMDR aide le cerveau \u00e0 retraiter une exp\u00e9rience traumatisante. Les chercheurs \u00e9tudient ce ph\u00e9nom\u00e8ne afin de mieux comprendre l\u2019efficacit\u00e9 de ce traitement.<\/p>\n<h2 id=\"what\" class=\"text--lowercase\">\u00c0 quoi s\u2019attendre<\/h2>\n<p>Votre fournisseur de services vous demandera de vous rappeler un souvenir douloureux, ainsi que les pens\u00e9es, les sensations physiques et les sentiments n\u00e9gatifs qui l\u2019accompagnent. Ce souvenir sera d\u00e9sign\u00e9 comme votre \u00ab cible \u00bb. On vous demandera de vous rem\u00e9morer l\u2019\u00e9v\u00e9nement traumatisant, tout en demeurant attentif \u00e0 un son ou \u00e0 un mouvement particulier. En pr\u00eatant attention au son ou au mouvement, vous parviendrez \u00e0 demeurer ancr\u00e9 dans le pr\u00e9sent tout en vous rappelant ce qui a eu lieu dans le pass\u00e9. Ce processus sera r\u00e9p\u00e9t\u00e9 jusqu\u2019\u00e0 ce que les sentiments stressants associ\u00e9s \u00e0 votre souvenir traumatisant s\u2019att\u00e9nuent. Ce processus aidera votre cerveau \u00e0 traiter \u00e0 nouveau l\u2019exp\u00e9rience et \u00e0 la transformer en un souvenir plus supportable, ce qui peut att\u00e9nuer les sympt\u00f4mes de TSPT.[\/vc_column_text][vc_tta_accordion color=\u00a0\u00bbblack\u00a0\u00bb c_icon=\u00a0\u00bbchevron\u00a0\u00bb active_section=\u00a0\u00bb12332&Prime; collapsible_all=\u00a0\u00bbtrue\u00a0\u00bb][vc_tta_section title=\u00a0\u00bbFormat\u00a0\u00bb tab_id=\u00a0\u00bb1647543890978-6f01b154-c5cd\u00a0\u00bb][vc_column_text]<\/p>\n<p class=\"StiffBody\">Il s\u2019agit d\u2019une th\u00e9rapie individuelle. Chaque s\u00e9ance se d\u00e9roule dans le cadre d\u2019une rencontre individuelle avec votre fournisseur de services.<\/p>\n<p>[\/vc_column_text][\/vc_tta_section][vc_tta_section title=\u00a0\u00bbR\u00e9cit du traumatisme\u00a0\u00bb tab_id=\u00a0\u00bb1647543890987-aae77326-ce90&Prime;][vc_column_text]<\/p>\n<p class=\"StiffBody\">Vous ne serez pas tenu de parler de votre traumatisme. On vous demandera plut\u00f4t d\u2019y penser.<\/p>\n<p>[\/vc_column_text][\/vc_tta_section][vc_tta_section title=\u00a0\u00bbDur\u00e9e\u00a0\u00bb tab_id=\u00a0\u00bb1647543940771-d080186c-e55a\u00a0\u00bb][vc_column_text]<\/p>\n<p class=\"StiffBody\">Les s\u00e9ances durent entre 50 et 90 minutes. En recourant \u00e0 des s\u00e9ances hebdomadaires, l\u2019EMDR s\u2019\u00e9tend g\u00e9n\u00e9ralement sur 4 \u00e0 12 s\u00e9ances. Certaines personnes tirent profit de s\u00e9ances suppl\u00e9mentaires si, par exemple, elles ont \u00e9t\u00e9 expos\u00e9es \u00e0 de multiples traumatismes.<\/p>\n<p>[\/vc_column_text][\/vc_tta_section][vc_tta_section title=\u00a0\u00bbTravail entre les s\u00e9ances\u00a0\u00bb tab_id=\u00a0\u00bb1647548377228-ee664af3-7128&Prime;][vc_column_text]<\/p>\n<p class=\"StiffBody\">L\u2019EMDR ne requiert aucun travail \u00e0 effectuer entre les s\u00e9ances.<\/p>\n<p>[\/vc_column_text][\/vc_tta_section][vc_tta_section title=\u00a0\u00bbRisques\u00a0\u00bb tab_id=\u00a0\u00bb1647548390958-0527de68-a65a\u00a0\u00bb][vc_column_text]Vous vous sentirez peut-\u00eatre mal \u00e0 l\u2019aise lorsque vous vous concentrerez sur des sensations, des pens\u00e9es ou des souvenirs li\u00e9s au traumatisme. Ces sentiments ont toutefois tendance \u00e0 \u00eatre de courte dur\u00e9e. La plupart des personnes qui terminent l\u2019EMDR consid\u00e8rent que les bienfaits de la th\u00e9rapie l\u2019emportent sur l\u2019inconfort ressenti.[\/vc_column_text][\/vc_tta_section][\/vc_tta_accordion][\/vc_column][vc_column width=\u00a0\u00bb1\/3&Prime; offset=\u00a0\u00bbvc_col-lg-offset-1&Prime;]<div class=\"stickyTOC\"><h7 class=\"stickyTOC__title\">Aller \u00e0 la section :<\/h7><div class=\"stickyTOC__items\"><a class=\"stickyTOC__item\" href=\"#top\"><span>Aper\u00e7u<\/span><\/a><a class=\"stickyTOC__item\" href=\"#treatment\"><span>Traitement<\/span><\/a><a class=\"stickyTOC__item\" href=\"#what\"><span>\u00c0 quoi s'attendre<\/span><\/a><\/div><\/div>[\/vc_column][\/vc_row][\/vc_section][vc_section full_width=\u00a0\u00bbstretch_row\u00a0\u00bb disable_element=\u00a0\u00bbyes\u00a0\u00bb el_class=\u00a0\u00bbsection&#8211;hasBG\u00a0\u00bb css=\u00a0\u00bb.vc_custom_1647549158061{background-image: url(https:\/\/atlasveterans.ca\/wp-content\/uploads\/2022\/02\/Atlas-TopFold-Search-Pattern-Desktop-2-flipped.jpg?id=103) !important;}\u00a0\u00bb][vc_row row_padding_top=\u00a0\u00bbregular\u00a0\u00bb row_padding_bottom=\u00a0\u00bbregular\u00a0\u00bb el_class=\u00a0\u00bbelement&#8211;textCenter element&#8211;whiteText\u00a0\u00bb el_id=\u00a0\u00bbresources\u00a0\u00bb][vc_column][vc_column_text]<\/p>\n<h1>Trouver des ressources<\/h1>\n<div class=\"p--large\">\n<p>Parcourez le centre de connaissances pour plus d&rsquo;informations factuelles, des fiches d&rsquo;information, des rapports et des conseils.<\/p>\n<\/div>\n<p>[\/vc_column_text][vc_btn title=\u00a0\u00bbCentre de connaissances\u00a0\u00bb effect_colour=\u00a0\u00bbgradient\u00a0\u00bb size=\u00a0\u00bb\u00a0\u00bb align=\u00a0\u00bbcenter\u00a0\u00bb link=\u00a0\u00bburl:https%3A%2F%2Fatlasveterans.ca%2Ffr%2Fcentre-de-connaissances%2F|title:Centre%20de%20connaissances|\u00a0\u00bb][\/vc_column][\/vc_row][\/vc_section]<\/p>\n<\/div>","protected":false},"excerpt":{"rendered":"<p>[vc_section el_class=\u00a0\u00bbstickyTOC__wrapper\u00a0\u00bb][vc_row row_padding_top=\u00a0\u00bbregular\u00a0\u00bb row_padding_bottom=\u00a0\u00bbregular\u00a0\u00bb el_class=\u00a0\u00bbrow&#8211;flipMobile\u00a0\u00bb][vc_column width=\u00a0\u00bb2\/3&Prime; el_class=\u00a0\u00bbelement&#8211;fullWidthText\u00a0\u00bb offset=\u00a0\u00bbvc_col-lg-7&Prime;][vc_column_text el_id=\u00a0\u00bbtop\u00a0\u00bb]La th\u00e9rapie d\u2019int\u00e9gration neuro-\u00e9motionnelle par les mouvements oculaires (EMDR) se concentre sur la fa\u00e7on dont votre esprit a int\u00e9gr\u00e9 et m\u00e9moris\u00e9 votre traumatisme. Lorsque vous subissez un traumatisme, il arrive parfois que votre cerveau ne traite pas le souvenir de la mani\u00e8re habituelle. Il peut r\u00e9pondre aux&#8230;<\/p>\n","protected":false},"author":3,"featured_media":477,"parent":1764,"menu_order":22,"comment_status":"closed","ping_status":"closed","template":"","meta":{"_acf_changed":false,"inline_featured_image":false,"footnotes":""},"categories":[],"tags":[],"class_list":["post-1872","page","type-page","status-publish","has-post-thumbnail","hentry","knowledge_area-post-traumatic-stress-disorder-fr","knowledge_group-veterans-fr"],"acf":[],"yoast_head":"<!-- This site is optimized with the Yoast SEO plugin v27.3 - https:\/\/yoast.com\/product\/yoast-seo-wordpress\/ -->\n<title>Th\u00e9rapie d\u2019int\u00e9gration neuro-\u00e9motionnelle par les mouvements oculaires (EMDR) &#183; Institut Atlas pour les v\u00e9t\u00e9rans et leur famille<\/title>\n<meta name=\"robots\" content=\"index, follow, max-snippet:-1, max-image-preview:large, max-video-preview:-1\" \/>\n<link rel=\"canonical\" href=\"https:\/\/atlasveterans.ca\/fr\/centre-de-connaissances\/therapie-dintegration-neuro-emotionnelle-par-les-mouvements-oculaires-emdr\/\" \/>\n<meta property=\"og:locale\" content=\"fr_FR\" \/>\n<meta property=\"og:type\" content=\"article\" \/>\n<meta property=\"og:title\" content=\"Th\u00e9rapie d\u2019int\u00e9gration neuro-\u00e9motionnelle par les mouvements oculaires (EMDR) &#183; Institut Atlas pour les v\u00e9t\u00e9rans et leur famille\" \/>\n<meta property=\"og:description\" content=\"[vc_section el_class=\u00a0\u00bbstickyTOC__wrapper\u00a0\u00bb][vc_row row_padding_top=\u00a0\u00bbregular\u00a0\u00bb row_padding_bottom=\u00a0\u00bbregular\u00a0\u00bb el_class=\u00a0\u00bbrow&#8211;flipMobile\u00a0\u00bb][vc_column width=\u00a0\u00bb2\/3&Prime; el_class=\u00a0\u00bbelement&#8211;fullWidthText\u00a0\u00bb offset=\u00a0\u00bbvc_col-lg-7&Prime;][vc_column_text el_id=\u00a0\u00bbtop\u00a0\u00bb]La th\u00e9rapie d\u2019int\u00e9gration neuro-\u00e9motionnelle par les mouvements oculaires (EMDR) se concentre sur la fa\u00e7on dont votre esprit a int\u00e9gr\u00e9 et m\u00e9moris\u00e9 votre traumatisme. Lorsque vous subissez un traumatisme, il arrive parfois que votre cerveau ne traite pas le souvenir de la mani\u00e8re habituelle. Il peut r\u00e9pondre aux...\" \/>\n<meta property=\"og:url\" content=\"https:\/\/atlasveterans.ca\/fr\/centre-de-connaissances\/therapie-dintegration-neuro-emotionnelle-par-les-mouvements-oculaires-emdr\/\" \/>\n<meta property=\"og:site_name\" content=\"Institut Atlas pour les v\u00e9t\u00e9rans et leur famille\" \/>\n<meta property=\"article:publisher\" content=\"https:\/\/www.facebook.com\/atlasveteransca\" \/>\n<meta property=\"article:modified_time\" content=\"2025-10-29T14:06:08+00:00\" \/>\n<meta property=\"og:image\" content=\"https:\/\/atlasveterans.ca\/wp-content\/uploads\/2022\/02\/Atlas-TopFold-Search-Pattern-Desktop-2.jpg\" \/>\n\t<meta property=\"og:image:width\" content=\"2048\" \/>\n\t<meta property=\"og:image:height\" content=\"1040\" \/>\n\t<meta property=\"og:image:type\" content=\"image\/jpeg\" \/>\n<meta name=\"twitter:card\" content=\"summary_large_image\" \/>\n<meta name=\"twitter:site\" content=\"@atlasveteransca\" \/>\n<meta name=\"twitter:label1\" content=\"Dur\u00e9e de lecture estim\u00e9e\" \/>\n\t<meta name=\"twitter:data1\" content=\"3 minutes\" \/>\n<script type=\"application\/ld+json\" class=\"yoast-schema-graph\">{\"@context\":\"https:\\\/\\\/schema.org\",\"@graph\":[{\"@type\":\"WebPage\",\"@id\":\"https:\\\/\\\/atlasveterans.ca\\\/fr\\\/centre-de-connaissances\\\/therapie-dintegration-neuro-emotionnelle-par-les-mouvements-oculaires-emdr\\\/\",\"url\":\"https:\\\/\\\/atlasveterans.ca\\\/fr\\\/centre-de-connaissances\\\/therapie-dintegration-neuro-emotionnelle-par-les-mouvements-oculaires-emdr\\\/\",\"name\":\"Th\u00e9rapie d\u2019int\u00e9gration neuro-\u00e9motionnelle par les mouvements oculaires (EMDR) &#183; Institut Atlas pour les v\u00e9t\u00e9rans et leur famille\",\"isPartOf\":{\"@id\":\"https:\\\/\\\/atlasveterans.ca\\\/fr\\\/#website\"},\"primaryImageOfPage\":{\"@id\":\"https:\\\/\\\/atlasveterans.ca\\\/fr\\\/centre-de-connaissances\\\/therapie-dintegration-neuro-emotionnelle-par-les-mouvements-oculaires-emdr\\\/#primaryimage\"},\"image\":{\"@id\":\"https:\\\/\\\/atlasveterans.ca\\\/fr\\\/centre-de-connaissances\\\/therapie-dintegration-neuro-emotionnelle-par-les-mouvements-oculaires-emdr\\\/#primaryimage\"},\"thumbnailUrl\":\"https:\\\/\\\/atlasveterans.ca\\\/wp-content\\\/uploads\\\/2022\\\/02\\\/Atlas-TopFold-Search-Pattern-Desktop-2.jpg\",\"datePublished\":\"2022-03-17T20:44:11+00:00\",\"dateModified\":\"2025-10-29T14:06:08+00:00\",\"breadcrumb\":{\"@id\":\"https:\\\/\\\/atlasveterans.ca\\\/fr\\\/centre-de-connaissances\\\/therapie-dintegration-neuro-emotionnelle-par-les-mouvements-oculaires-emdr\\\/#breadcrumb\"},\"inLanguage\":\"fr-FR\",\"potentialAction\":[{\"@type\":\"ReadAction\",\"target\":[\"https:\\\/\\\/atlasveterans.ca\\\/fr\\\/centre-de-connaissances\\\/therapie-dintegration-neuro-emotionnelle-par-les-mouvements-oculaires-emdr\\\/\"]}]},{\"@type\":\"ImageObject\",\"inLanguage\":\"fr-FR\",\"@id\":\"https:\\\/\\\/atlasveterans.ca\\\/fr\\\/centre-de-connaissances\\\/therapie-dintegration-neuro-emotionnelle-par-les-mouvements-oculaires-emdr\\\/#primaryimage\",\"url\":\"https:\\\/\\\/atlasveterans.ca\\\/wp-content\\\/uploads\\\/2022\\\/02\\\/Atlas-TopFold-Search-Pattern-Desktop-2.jpg\",\"contentUrl\":\"https:\\\/\\\/atlasveterans.ca\\\/wp-content\\\/uploads\\\/2022\\\/02\\\/Atlas-TopFold-Search-Pattern-Desktop-2.jpg\",\"width\":2048,\"height\":1040},{\"@type\":\"BreadcrumbList\",\"@id\":\"https:\\\/\\\/atlasveterans.ca\\\/fr\\\/centre-de-connaissances\\\/therapie-dintegration-neuro-emotionnelle-par-les-mouvements-oculaires-emdr\\\/#breadcrumb\",\"itemListElement\":[{\"@type\":\"ListItem\",\"position\":1,\"name\":\"Institut Atlas pour les v\u00e9t\u00e9rans et leur famille\",\"item\":\"https:\\\/\\\/atlasveterans.ca\\\/fr\\\/\"},{\"@type\":\"ListItem\",\"position\":2,\"name\":\"Centre de connaissances\",\"item\":\"https:\\\/\\\/atlasveterans.ca\\\/fr\\\/centre-de-connaissances\\\/\"},{\"@type\":\"ListItem\",\"position\":3,\"name\":\"Th\u00e9rapie d\u2019int\u00e9gration neuro-\u00e9motionnelle par les mouvements oculaires (EMDR)\"}]},{\"@type\":\"WebSite\",\"@id\":\"https:\\\/\\\/atlasveterans.ca\\\/fr\\\/#website\",\"url\":\"https:\\\/\\\/atlasveterans.ca\\\/fr\\\/\",\"name\":\"Institut Atlas pour les v\u00e9t\u00e9rans et leur famille\",\"description\":\"Get resources, find support\",\"publisher\":{\"@id\":\"https:\\\/\\\/atlasveterans.ca\\\/fr\\\/#organization\"},\"potentialAction\":[{\"@type\":\"SearchAction\",\"target\":{\"@type\":\"EntryPoint\",\"urlTemplate\":\"https:\\\/\\\/atlasveterans.ca\\\/fr\\\/?s={search_term_string}\"},\"query-input\":{\"@type\":\"PropertyValueSpecification\",\"valueRequired\":true,\"valueName\":\"search_term_string\"}}],\"inLanguage\":\"fr-FR\"},{\"@type\":\"Organization\",\"@id\":\"https:\\\/\\\/atlasveterans.ca\\\/fr\\\/#organization\",\"name\":\"Atlas Institute For Veterans and Families\",\"url\":\"https:\\\/\\\/atlasveterans.ca\\\/fr\\\/\",\"logo\":{\"@type\":\"ImageObject\",\"inLanguage\":\"fr-FR\",\"@id\":\"https:\\\/\\\/atlasveterans.ca\\\/fr\\\/#\\\/schema\\\/logo\\\/image\\\/\",\"url\":\"https:\\\/\\\/atlasveterans.ca\\\/wp-content\\\/uploads\\\/2022\\\/03\\\/logo-withbg-eng-1.jpg\",\"contentUrl\":\"https:\\\/\\\/atlasveterans.ca\\\/wp-content\\\/uploads\\\/2022\\\/03\\\/logo-withbg-eng-1.jpg\",\"width\":800,\"height\":400,\"caption\":\"Atlas Institute For Veterans and Families\"},\"image\":{\"@id\":\"https:\\\/\\\/atlasveterans.ca\\\/fr\\\/#\\\/schema\\\/logo\\\/image\\\/\"},\"sameAs\":[\"https:\\\/\\\/www.facebook.com\\\/atlasveteransca\",\"https:\\\/\\\/x.com\\\/atlasveteransca\",\"https:\\\/\\\/www.instagram.com\\\/atlasveteransca\\\/\",\"https:\\\/\\\/www.linkedin.com\\\/company\\\/atlasveteransca\\\/\",\"https:\\\/\\\/www.youtube.com\\\/atlasveteransca\"]}]}<\/script>\n<!-- \/ Yoast SEO plugin. -->","yoast_head_json":{"title":"Th\u00e9rapie d\u2019int\u00e9gration neuro-\u00e9motionnelle par les mouvements oculaires (EMDR) &#183; Institut Atlas pour les v\u00e9t\u00e9rans et leur famille","robots":{"index":"index","follow":"follow","max-snippet":"max-snippet:-1","max-image-preview":"max-image-preview:large","max-video-preview":"max-video-preview:-1"},"canonical":"https:\/\/atlasveterans.ca\/fr\/centre-de-connaissances\/therapie-dintegration-neuro-emotionnelle-par-les-mouvements-oculaires-emdr\/","og_locale":"fr_FR","og_type":"article","og_title":"Th\u00e9rapie d\u2019int\u00e9gration neuro-\u00e9motionnelle par les mouvements oculaires (EMDR) &#183; Institut Atlas pour les v\u00e9t\u00e9rans et leur famille","og_description":"[vc_section el_class=\u00a0\u00bbstickyTOC__wrapper\u00a0\u00bb][vc_row row_padding_top=\u00a0\u00bbregular\u00a0\u00bb row_padding_bottom=\u00a0\u00bbregular\u00a0\u00bb el_class=\u00a0\u00bbrow&#8211;flipMobile\u00a0\u00bb][vc_column width=\u00a0\u00bb2\/3&Prime; el_class=\u00a0\u00bbelement&#8211;fullWidthText\u00a0\u00bb offset=\u00a0\u00bbvc_col-lg-7&Prime;][vc_column_text el_id=\u00a0\u00bbtop\u00a0\u00bb]La th\u00e9rapie d\u2019int\u00e9gration neuro-\u00e9motionnelle par les mouvements oculaires (EMDR) se concentre sur la fa\u00e7on dont votre esprit a int\u00e9gr\u00e9 et m\u00e9moris\u00e9 votre traumatisme. Lorsque vous subissez un traumatisme, il arrive parfois que votre cerveau ne traite pas le souvenir de la mani\u00e8re habituelle. Il peut r\u00e9pondre aux...","og_url":"https:\/\/atlasveterans.ca\/fr\/centre-de-connaissances\/therapie-dintegration-neuro-emotionnelle-par-les-mouvements-oculaires-emdr\/","og_site_name":"Institut Atlas pour les v\u00e9t\u00e9rans et leur famille","article_publisher":"https:\/\/www.facebook.com\/atlasveteransca","article_modified_time":"2025-10-29T14:06:08+00:00","og_image":[{"width":2048,"height":1040,"url":"https:\/\/atlasveterans.ca\/wp-content\/uploads\/2022\/02\/Atlas-TopFold-Search-Pattern-Desktop-2.jpg","type":"image\/jpeg"}],"twitter_card":"summary_large_image","twitter_site":"@atlasveteransca","twitter_misc":{"Dur\u00e9e de lecture estim\u00e9e":"3 minutes"},"schema":{"@context":"https:\/\/schema.org","@graph":[{"@type":"WebPage","@id":"https:\/\/atlasveterans.ca\/fr\/centre-de-connaissances\/therapie-dintegration-neuro-emotionnelle-par-les-mouvements-oculaires-emdr\/","url":"https:\/\/atlasveterans.ca\/fr\/centre-de-connaissances\/therapie-dintegration-neuro-emotionnelle-par-les-mouvements-oculaires-emdr\/","name":"Th\u00e9rapie d\u2019int\u00e9gration neuro-\u00e9motionnelle par les mouvements oculaires (EMDR) &#183; Institut Atlas pour les v\u00e9t\u00e9rans et leur famille","isPartOf":{"@id":"https:\/\/atlasveterans.ca\/fr\/#website"},"primaryImageOfPage":{"@id":"https:\/\/atlasveterans.ca\/fr\/centre-de-connaissances\/therapie-dintegration-neuro-emotionnelle-par-les-mouvements-oculaires-emdr\/#primaryimage"},"image":{"@id":"https:\/\/atlasveterans.ca\/fr\/centre-de-connaissances\/therapie-dintegration-neuro-emotionnelle-par-les-mouvements-oculaires-emdr\/#primaryimage"},"thumbnailUrl":"https:\/\/atlasveterans.ca\/wp-content\/uploads\/2022\/02\/Atlas-TopFold-Search-Pattern-Desktop-2.jpg","datePublished":"2022-03-17T20:44:11+00:00","dateModified":"2025-10-29T14:06:08+00:00","breadcrumb":{"@id":"https:\/\/atlasveterans.ca\/fr\/centre-de-connaissances\/therapie-dintegration-neuro-emotionnelle-par-les-mouvements-oculaires-emdr\/#breadcrumb"},"inLanguage":"fr-FR","potentialAction":[{"@type":"ReadAction","target":["https:\/\/atlasveterans.ca\/fr\/centre-de-connaissances\/therapie-dintegration-neuro-emotionnelle-par-les-mouvements-oculaires-emdr\/"]}]},{"@type":"ImageObject","inLanguage":"fr-FR","@id":"https:\/\/atlasveterans.ca\/fr\/centre-de-connaissances\/therapie-dintegration-neuro-emotionnelle-par-les-mouvements-oculaires-emdr\/#primaryimage","url":"https:\/\/atlasveterans.ca\/wp-content\/uploads\/2022\/02\/Atlas-TopFold-Search-Pattern-Desktop-2.jpg","contentUrl":"https:\/\/atlasveterans.ca\/wp-content\/uploads\/2022\/02\/Atlas-TopFold-Search-Pattern-Desktop-2.jpg","width":2048,"height":1040},{"@type":"BreadcrumbList","@id":"https:\/\/atlasveterans.ca\/fr\/centre-de-connaissances\/therapie-dintegration-neuro-emotionnelle-par-les-mouvements-oculaires-emdr\/#breadcrumb","itemListElement":[{"@type":"ListItem","position":1,"name":"Institut Atlas pour les v\u00e9t\u00e9rans et leur famille","item":"https:\/\/atlasveterans.ca\/fr\/"},{"@type":"ListItem","position":2,"name":"Centre de connaissances","item":"https:\/\/atlasveterans.ca\/fr\/centre-de-connaissances\/"},{"@type":"ListItem","position":3,"name":"Th\u00e9rapie d\u2019int\u00e9gration neuro-\u00e9motionnelle par les mouvements oculaires (EMDR)"}]},{"@type":"WebSite","@id":"https:\/\/atlasveterans.ca\/fr\/#website","url":"https:\/\/atlasveterans.ca\/fr\/","name":"Institut Atlas pour les v\u00e9t\u00e9rans et leur famille","description":"Get resources, find support","publisher":{"@id":"https:\/\/atlasveterans.ca\/fr\/#organization"},"potentialAction":[{"@type":"SearchAction","target":{"@type":"EntryPoint","urlTemplate":"https:\/\/atlasveterans.ca\/fr\/?s={search_term_string}"},"query-input":{"@type":"PropertyValueSpecification","valueRequired":true,"valueName":"search_term_string"}}],"inLanguage":"fr-FR"},{"@type":"Organization","@id":"https:\/\/atlasveterans.ca\/fr\/#organization","name":"Atlas Institute For Veterans and Families","url":"https:\/\/atlasveterans.ca\/fr\/","logo":{"@type":"ImageObject","inLanguage":"fr-FR","@id":"https:\/\/atlasveterans.ca\/fr\/#\/schema\/logo\/image\/","url":"https:\/\/atlasveterans.ca\/wp-content\/uploads\/2022\/03\/logo-withbg-eng-1.jpg","contentUrl":"https:\/\/atlasveterans.ca\/wp-content\/uploads\/2022\/03\/logo-withbg-eng-1.jpg","width":800,"height":400,"caption":"Atlas Institute For Veterans and Families"},"image":{"@id":"https:\/\/atlasveterans.ca\/fr\/#\/schema\/logo\/image\/"},"sameAs":["https:\/\/www.facebook.com\/atlasveteransca","https:\/\/x.com\/atlasveteransca","https:\/\/www.instagram.com\/atlasveteransca\/","https:\/\/www.linkedin.com\/company\/atlasveteransca\/","https:\/\/www.youtube.com\/atlasveteransca"]}]}},"_links":{"self":[{"href":"https:\/\/atlasveterans.ca\/fr\/wp-json\/wp\/v2\/pages\/1872","targetHints":{"allow":["GET"]}}],"collection":[{"href":"https:\/\/atlasveterans.ca\/fr\/wp-json\/wp\/v2\/pages"}],"about":[{"href":"https:\/\/atlasveterans.ca\/fr\/wp-json\/wp\/v2\/types\/page"}],"author":[{"embeddable":true,"href":"https:\/\/atlasveterans.ca\/fr\/wp-json\/wp\/v2\/users\/3"}],"replies":[{"embeddable":true,"href":"https:\/\/atlasveterans.ca\/fr\/wp-json\/wp\/v2\/comments?post=1872"}],"version-history":[{"count":1,"href":"https:\/\/atlasveterans.ca\/fr\/wp-json\/wp\/v2\/pages\/1872\/revisions"}],"predecessor-version":[{"id":27261,"href":"https:\/\/atlasveterans.ca\/fr\/wp-json\/wp\/v2\/pages\/1872\/revisions\/27261"}],"up":[{"embeddable":true,"href":"https:\/\/atlasveterans.ca\/fr\/wp-json\/wp\/v2\/pages\/1764"}],"wp:featuredmedia":[{"embeddable":true,"href":"https:\/\/atlasveterans.ca\/fr\/wp-json\/wp\/v2\/media\/477"}],"wp:attachment":[{"href":"https:\/\/atlasveterans.ca\/fr\/wp-json\/wp\/v2\/media?parent=1872"}],"wp:term":[{"taxonomy":"category","embeddable":true,"href":"https:\/\/atlasveterans.ca\/fr\/wp-json\/wp\/v2\/categories?post=1872"},{"taxonomy":"post_tag","embeddable":true,"href":"https:\/\/atlasveterans.ca\/fr\/wp-json\/wp\/v2\/tags?post=1872"}],"curies":[{"name":"wp","href":"https:\/\/api.w.org\/{rel}","templated":true}]}}