{"id":2340,"date":"2022-03-19T17:52:49","date_gmt":"2022-03-19T21:52:49","guid":{"rendered":"https:\/\/atlasveterans.ca\/?page_id=2340"},"modified":"2023-06-26T10:03:44","modified_gmt":"2023-06-26T14:03:44","slug":"accessibilite","status":"publish","type":"page","link":"https:\/\/atlasveterans.ca\/fr\/accessibilite\/","title":{"rendered":"Accessibilit\u00e9"},"content":{"rendered":"<div class=\"wpb-content-wrapper\"><p>[vc_section][vc_row row_padding_top=\u00a0\u00bbregular\u00a0\u00bb row_padding_bottom=\u00a0\u00bbregular\u00a0\u00bb][vc_column width=\u00a0\u00bb2\/3&Prime; el_class=\u00a0\u00bbelement&#8211;fullWidthText\u00a0\u00bb][vc_column_text]L&rsquo;Institut Atlas pour les v\u00e9t\u00e9rans et leur famille reconna\u00eet et respecte la diversit\u00e9 de ses patients, visiteurs et employ\u00e9s. Nous sommes au service d\u2019une collectivit\u00e9 grandissante o\u00f9 chacun est unique, et accueillons l\u2019implication de tous dans notre organisation. Nous cherchons sans cesse \u00e0 rep\u00e9rer et \u00e0 \u00e9liminer les obstacles emp\u00eachant les personnes handicap\u00e9es de profiter pleinement de nos installations, de nos programmes et de nos services. Cette approche s\u2019inscrit aussi dans nos politiques et proc\u00e9dures et dans nos pratiques de leadership et d\u2019\u00e9ducation. Tous les employ\u00e9s et b\u00e9n\u00e9voles de l&rsquo;Institut Atlas ont \u00e9t\u00e9 form\u00e9s sur le service \u00e0 la client\u00e8le respectueux et accessible. Nous souhaitons cr\u00e9er un environnement inclusif o\u00f9 chaque personne se sent la bienvenue et a un acc\u00e8s \u00e9gal aux soins, aux services et \u00e0 l\u2019information.<\/p>\n<p><strong>Appareils fonctionnels, animaux d\u2019assistance et accompagnateurs \u2013\u00a0<\/strong>Les gens qui utilisent des appareils fonctionnels ou qui ont besoin d\u2019un animal d\u2019assistance ou d\u2019un accompagnateur sont les bienvenus et trouveront \u00e0 l&rsquo;Institut Atlas l\u2019aide dont ils ont besoin. Tous les employ\u00e9s re\u00e7oivent une formation sur la fa\u00e7on d\u2019interagir avec les personnes handicap\u00e9es qui utilisent un appareil fonctionnel ou qui ont besoin de la pr\u00e9sence d\u2019un animal d\u2019assistance ou d\u2019un accompagnateur. De plus, les personnes admises dans les unit\u00e9s ou les programmes en \u00e9tablissement de l&rsquo;Institut Atlas sont \u00e9valu\u00e9es pour d\u00e9terminer si elles ont besoin d\u2019autres appareils ou aides ou d\u2019\u00e9quipement suppl\u00e9mentaire.<\/p>\n<p><strong>Formats accessibles et aides \u00e0 la communication \u2013 <\/strong>L&rsquo;Institut Atlas est r\u00e9solu \u00e0 fournir ses documents dans les formats accessibles que pr\u00e9f\u00e8rent utiliser les personnes handicap\u00e9es, et r\u00e9pond aux demandes en la mati\u00e8re dans les plus brefs d\u00e9lais et au mieux de ses capacit\u00e9s. Les demandes officielles de documents dans un format donn\u00e9 ou d\u2019aides \u00e0 la communication peuvent \u00eatre soumises \u00e0 et par tout membre du personnel.<\/p>\n<p><strong>Accessibilit\u00e9 \u2013\u00a0<\/strong>Toutes les installations de l&rsquo;Institut Atlas sont enti\u00e8rement accessibles, et l\u2019emplacement des entr\u00e9es, des toilettes, des ascenseurs et des places de stationnement accessibles est clairement indiqu\u00e9.[\/vc_column_text][\/vc_column][vc_column width=\u00a0\u00bb1\/3&Prime;][\/vc_column][\/vc_row][\/vc_section]<\/p>\n<\/div>","protected":false},"excerpt":{"rendered":"<p>[vc_section][vc_row row_padding_top=\u00a0\u00bbregular\u00a0\u00bb row_padding_bottom=\u00a0\u00bbregular\u00a0\u00bb][vc_column width=\u00a0\u00bb2\/3&Prime; el_class=\u00a0\u00bbelement&#8211;fullWidthText\u00a0\u00bb][vc_column_text]L&rsquo;Institut Atlas pour les v\u00e9t\u00e9rans et leur famille reconna\u00eet et respecte la diversit\u00e9 de ses patients, visiteurs et employ\u00e9s. Nous sommes au service d\u2019une collectivit\u00e9 grandissante o\u00f9 chacun est unique, et accueillons l\u2019implication de tous dans notre organisation. Nous cherchons sans cesse \u00e0 rep\u00e9rer et \u00e0 \u00e9liminer les obstacles emp\u00eachant les&#8230;<\/p>\n","protected":false},"author":3,"featured_media":2290,"parent":0,"menu_order":11,"comment_status":"closed","ping_status":"closed","template":"","meta":{"_acf_changed":false,"inline_featured_image":false,"footnotes":""},"categories":[],"tags":[],"class_list":["post-2340","page","type-page","status-publish","has-post-thumbnail","hentry"],"acf":[],"yoast_head":"<!-- This site is optimized with the Yoast SEO plugin v27.3 - https:\/\/yoast.com\/product\/yoast-seo-wordpress\/ -->\n<title>Accessibilit\u00e9 &#183; Institut Atlas pour les v\u00e9t\u00e9rans et leur famille<\/title>\n<meta name=\"robots\" content=\"index, follow, max-snippet:-1, max-image-preview:large, max-video-preview:-1\" \/>\n<link rel=\"canonical\" href=\"https:\/\/atlasveterans.ca\/fr\/accessibilite\/\" \/>\n<meta property=\"og:locale\" content=\"fr_FR\" \/>\n<meta property=\"og:type\" content=\"article\" \/>\n<meta property=\"og:title\" content=\"Accessibilit\u00e9 &#183; Institut Atlas pour les v\u00e9t\u00e9rans et leur famille\" \/>\n<meta property=\"og:description\" content=\"[vc_section][vc_row row_padding_top=\u00a0\u00bbregular\u00a0\u00bb row_padding_bottom=\u00a0\u00bbregular\u00a0\u00bb][vc_column width=\u00a0\u00bb2\/3&Prime; el_class=\u00a0\u00bbelement&#8211;fullWidthText\u00a0\u00bb][vc_column_text]L&rsquo;Institut Atlas pour les v\u00e9t\u00e9rans et leur famille reconna\u00eet et respecte la diversit\u00e9 de ses patients, visiteurs et employ\u00e9s. Nous sommes au service d\u2019une collectivit\u00e9 grandissante o\u00f9 chacun est unique, et accueillons l\u2019implication de tous dans notre organisation. Nous cherchons sans cesse \u00e0 rep\u00e9rer et \u00e0 \u00e9liminer les obstacles emp\u00eachant les...\" \/>\n<meta property=\"og:url\" content=\"https:\/\/atlasveterans.ca\/fr\/accessibilite\/\" \/>\n<meta property=\"og:site_name\" content=\"Institut Atlas pour les v\u00e9t\u00e9rans et leur famille\" \/>\n<meta property=\"article:publisher\" content=\"https:\/\/www.facebook.com\/atlasveteransca\" \/>\n<meta property=\"article:modified_time\" content=\"2023-06-26T14:03:44+00:00\" \/>\n<meta property=\"og:image\" content=\"https:\/\/atlasveterans.ca\/wp-content\/uploads\/2022\/03\/atlas-hero-generic.jpg\" \/>\n\t<meta property=\"og:image:width\" content=\"1600\" \/>\n\t<meta property=\"og:image:height\" content=\"345\" \/>\n\t<meta property=\"og:image:type\" content=\"image\/jpeg\" \/>\n<meta name=\"twitter:card\" content=\"summary_large_image\" \/>\n<meta name=\"twitter:site\" content=\"@atlasveteransca\" \/>\n<meta name=\"twitter:label1\" content=\"Dur\u00e9e de lecture estim\u00e9e\" \/>\n\t<meta name=\"twitter:data1\" content=\"2 minutes\" \/>\n<script type=\"application\/ld+json\" class=\"yoast-schema-graph\">{\"@context\":\"https:\\\/\\\/schema.org\",\"@graph\":[{\"@type\":\"WebPage\",\"@id\":\"https:\\\/\\\/atlasveterans.ca\\\/fr\\\/accessibilite\\\/\",\"url\":\"https:\\\/\\\/atlasveterans.ca\\\/fr\\\/accessibilite\\\/\",\"name\":\"Accessibilit\u00e9 &#183; Institut Atlas pour les v\u00e9t\u00e9rans et leur famille\",\"isPartOf\":{\"@id\":\"https:\\\/\\\/atlasveterans.ca\\\/fr\\\/#website\"},\"primaryImageOfPage\":{\"@id\":\"https:\\\/\\\/atlasveterans.ca\\\/fr\\\/accessibilite\\\/#primaryimage\"},\"image\":{\"@id\":\"https:\\\/\\\/atlasveterans.ca\\\/fr\\\/accessibilite\\\/#primaryimage\"},\"thumbnailUrl\":\"https:\\\/\\\/atlasveterans.ca\\\/wp-content\\\/uploads\\\/2022\\\/03\\\/atlas-hero-generic.jpg\",\"datePublished\":\"2022-03-19T21:52:49+00:00\",\"dateModified\":\"2023-06-26T14:03:44+00:00\",\"breadcrumb\":{\"@id\":\"https:\\\/\\\/atlasveterans.ca\\\/fr\\\/accessibilite\\\/#breadcrumb\"},\"inLanguage\":\"fr-FR\",\"potentialAction\":[{\"@type\":\"ReadAction\",\"target\":[\"https:\\\/\\\/atlasveterans.ca\\\/fr\\\/accessibilite\\\/\"]}]},{\"@type\":\"ImageObject\",\"inLanguage\":\"fr-FR\",\"@id\":\"https:\\\/\\\/atlasveterans.ca\\\/fr\\\/accessibilite\\\/#primaryimage\",\"url\":\"https:\\\/\\\/atlasveterans.ca\\\/wp-content\\\/uploads\\\/2022\\\/03\\\/atlas-hero-generic.jpg\",\"contentUrl\":\"https:\\\/\\\/atlasveterans.ca\\\/wp-content\\\/uploads\\\/2022\\\/03\\\/atlas-hero-generic.jpg\",\"width\":1600,\"height\":345},{\"@type\":\"BreadcrumbList\",\"@id\":\"https:\\\/\\\/atlasveterans.ca\\\/fr\\\/accessibilite\\\/#breadcrumb\",\"itemListElement\":[{\"@type\":\"ListItem\",\"position\":1,\"name\":\"Institut Atlas pour les v\u00e9t\u00e9rans et leur famille\",\"item\":\"https:\\\/\\\/atlasveterans.ca\\\/fr\\\/\"},{\"@type\":\"ListItem\",\"position\":2,\"name\":\"Accessibilit\u00e9\"}]},{\"@type\":\"WebSite\",\"@id\":\"https:\\\/\\\/atlasveterans.ca\\\/fr\\\/#website\",\"url\":\"https:\\\/\\\/atlasveterans.ca\\\/fr\\\/\",\"name\":\"Institut Atlas pour les v\u00e9t\u00e9rans et leur famille\",\"description\":\"Get resources, find support\",\"publisher\":{\"@id\":\"https:\\\/\\\/atlasveterans.ca\\\/fr\\\/#organization\"},\"potentialAction\":[{\"@type\":\"SearchAction\",\"target\":{\"@type\":\"EntryPoint\",\"urlTemplate\":\"https:\\\/\\\/atlasveterans.ca\\\/fr\\\/?s={search_term_string}\"},\"query-input\":{\"@type\":\"PropertyValueSpecification\",\"valueRequired\":true,\"valueName\":\"search_term_string\"}}],\"inLanguage\":\"fr-FR\"},{\"@type\":\"Organization\",\"@id\":\"https:\\\/\\\/atlasveterans.ca\\\/fr\\\/#organization\",\"name\":\"Atlas Institute For Veterans and Families\",\"url\":\"https:\\\/\\\/atlasveterans.ca\\\/fr\\\/\",\"logo\":{\"@type\":\"ImageObject\",\"inLanguage\":\"fr-FR\",\"@id\":\"https:\\\/\\\/atlasveterans.ca\\\/fr\\\/#\\\/schema\\\/logo\\\/image\\\/\",\"url\":\"https:\\\/\\\/atlasveterans.ca\\\/wp-content\\\/uploads\\\/2022\\\/03\\\/logo-withbg-eng-1.jpg\",\"contentUrl\":\"https:\\\/\\\/atlasveterans.ca\\\/wp-content\\\/uploads\\\/2022\\\/03\\\/logo-withbg-eng-1.jpg\",\"width\":800,\"height\":400,\"caption\":\"Atlas Institute For Veterans and Families\"},\"image\":{\"@id\":\"https:\\\/\\\/atlasveterans.ca\\\/fr\\\/#\\\/schema\\\/logo\\\/image\\\/\"},\"sameAs\":[\"https:\\\/\\\/www.facebook.com\\\/atlasveteransca\",\"https:\\\/\\\/x.com\\\/atlasveteransca\",\"https:\\\/\\\/www.instagram.com\\\/atlasveteransca\\\/\",\"https:\\\/\\\/www.linkedin.com\\\/company\\\/atlasveteransca\\\/\",\"https:\\\/\\\/www.youtube.com\\\/atlasveteransca\"]}]}<\/script>\n<!-- \/ Yoast SEO plugin. -->","yoast_head_json":{"title":"Accessibilit\u00e9 &#183; Institut Atlas pour les v\u00e9t\u00e9rans et leur famille","robots":{"index":"index","follow":"follow","max-snippet":"max-snippet:-1","max-image-preview":"max-image-preview:large","max-video-preview":"max-video-preview:-1"},"canonical":"https:\/\/atlasveterans.ca\/fr\/accessibilite\/","og_locale":"fr_FR","og_type":"article","og_title":"Accessibilit\u00e9 &#183; Institut Atlas pour les v\u00e9t\u00e9rans et leur famille","og_description":"[vc_section][vc_row row_padding_top=\u00a0\u00bbregular\u00a0\u00bb row_padding_bottom=\u00a0\u00bbregular\u00a0\u00bb][vc_column width=\u00a0\u00bb2\/3&Prime; el_class=\u00a0\u00bbelement&#8211;fullWidthText\u00a0\u00bb][vc_column_text]L&rsquo;Institut Atlas pour les v\u00e9t\u00e9rans et leur famille reconna\u00eet et respecte la diversit\u00e9 de ses patients, visiteurs et employ\u00e9s. Nous sommes au service d\u2019une collectivit\u00e9 grandissante o\u00f9 chacun est unique, et accueillons l\u2019implication de tous dans notre organisation. Nous cherchons sans cesse \u00e0 rep\u00e9rer et \u00e0 \u00e9liminer les obstacles emp\u00eachant les...","og_url":"https:\/\/atlasveterans.ca\/fr\/accessibilite\/","og_site_name":"Institut Atlas pour les v\u00e9t\u00e9rans et leur famille","article_publisher":"https:\/\/www.facebook.com\/atlasveteransca","article_modified_time":"2023-06-26T14:03:44+00:00","og_image":[{"width":1600,"height":345,"url":"https:\/\/atlasveterans.ca\/wp-content\/uploads\/2022\/03\/atlas-hero-generic.jpg","type":"image\/jpeg"}],"twitter_card":"summary_large_image","twitter_site":"@atlasveteransca","twitter_misc":{"Dur\u00e9e de lecture estim\u00e9e":"2 minutes"},"schema":{"@context":"https:\/\/schema.org","@graph":[{"@type":"WebPage","@id":"https:\/\/atlasveterans.ca\/fr\/accessibilite\/","url":"https:\/\/atlasveterans.ca\/fr\/accessibilite\/","name":"Accessibilit\u00e9 &#183; Institut Atlas pour les v\u00e9t\u00e9rans et leur famille","isPartOf":{"@id":"https:\/\/atlasveterans.ca\/fr\/#website"},"primaryImageOfPage":{"@id":"https:\/\/atlasveterans.ca\/fr\/accessibilite\/#primaryimage"},"image":{"@id":"https:\/\/atlasveterans.ca\/fr\/accessibilite\/#primaryimage"},"thumbnailUrl":"https:\/\/atlasveterans.ca\/wp-content\/uploads\/2022\/03\/atlas-hero-generic.jpg","datePublished":"2022-03-19T21:52:49+00:00","dateModified":"2023-06-26T14:03:44+00:00","breadcrumb":{"@id":"https:\/\/atlasveterans.ca\/fr\/accessibilite\/#breadcrumb"},"inLanguage":"fr-FR","potentialAction":[{"@type":"ReadAction","target":["https:\/\/atlasveterans.ca\/fr\/accessibilite\/"]}]},{"@type":"ImageObject","inLanguage":"fr-FR","@id":"https:\/\/atlasveterans.ca\/fr\/accessibilite\/#primaryimage","url":"https:\/\/atlasveterans.ca\/wp-content\/uploads\/2022\/03\/atlas-hero-generic.jpg","contentUrl":"https:\/\/atlasveterans.ca\/wp-content\/uploads\/2022\/03\/atlas-hero-generic.jpg","width":1600,"height":345},{"@type":"BreadcrumbList","@id":"https:\/\/atlasveterans.ca\/fr\/accessibilite\/#breadcrumb","itemListElement":[{"@type":"ListItem","position":1,"name":"Institut Atlas pour les v\u00e9t\u00e9rans et leur famille","item":"https:\/\/atlasveterans.ca\/fr\/"},{"@type":"ListItem","position":2,"name":"Accessibilit\u00e9"}]},{"@type":"WebSite","@id":"https:\/\/atlasveterans.ca\/fr\/#website","url":"https:\/\/atlasveterans.ca\/fr\/","name":"Institut Atlas pour les v\u00e9t\u00e9rans et leur famille","description":"Get resources, find support","publisher":{"@id":"https:\/\/atlasveterans.ca\/fr\/#organization"},"potentialAction":[{"@type":"SearchAction","target":{"@type":"EntryPoint","urlTemplate":"https:\/\/atlasveterans.ca\/fr\/?s={search_term_string}"},"query-input":{"@type":"PropertyValueSpecification","valueRequired":true,"valueName":"search_term_string"}}],"inLanguage":"fr-FR"},{"@type":"Organization","@id":"https:\/\/atlasveterans.ca\/fr\/#organization","name":"Atlas Institute For Veterans and Families","url":"https:\/\/atlasveterans.ca\/fr\/","logo":{"@type":"ImageObject","inLanguage":"fr-FR","@id":"https:\/\/atlasveterans.ca\/fr\/#\/schema\/logo\/image\/","url":"https:\/\/atlasveterans.ca\/wp-content\/uploads\/2022\/03\/logo-withbg-eng-1.jpg","contentUrl":"https:\/\/atlasveterans.ca\/wp-content\/uploads\/2022\/03\/logo-withbg-eng-1.jpg","width":800,"height":400,"caption":"Atlas Institute For Veterans and Families"},"image":{"@id":"https:\/\/atlasveterans.ca\/fr\/#\/schema\/logo\/image\/"},"sameAs":["https:\/\/www.facebook.com\/atlasveteransca","https:\/\/x.com\/atlasveteransca","https:\/\/www.instagram.com\/atlasveteransca\/","https:\/\/www.linkedin.com\/company\/atlasveteransca\/","https:\/\/www.youtube.com\/atlasveteransca"]}]}},"_links":{"self":[{"href":"https:\/\/atlasveterans.ca\/fr\/wp-json\/wp\/v2\/pages\/2340","targetHints":{"allow":["GET"]}}],"collection":[{"href":"https:\/\/atlasveterans.ca\/fr\/wp-json\/wp\/v2\/pages"}],"about":[{"href":"https:\/\/atlasveterans.ca\/fr\/wp-json\/wp\/v2\/types\/page"}],"author":[{"embeddable":true,"href":"https:\/\/atlasveterans.ca\/fr\/wp-json\/wp\/v2\/users\/3"}],"replies":[{"embeddable":true,"href":"https:\/\/atlasveterans.ca\/fr\/wp-json\/wp\/v2\/comments?post=2340"}],"version-history":[{"count":0,"href":"https:\/\/atlasveterans.ca\/fr\/wp-json\/wp\/v2\/pages\/2340\/revisions"}],"wp:featuredmedia":[{"embeddable":true,"href":"https:\/\/atlasveterans.ca\/fr\/wp-json\/wp\/v2\/media\/2290"}],"wp:attachment":[{"href":"https:\/\/atlasveterans.ca\/fr\/wp-json\/wp\/v2\/media?parent=2340"}],"wp:term":[{"taxonomy":"category","embeddable":true,"href":"https:\/\/atlasveterans.ca\/fr\/wp-json\/wp\/v2\/categories?post=2340"},{"taxonomy":"post_tag","embeddable":true,"href":"https:\/\/atlasveterans.ca\/fr\/wp-json\/wp\/v2\/tags?post=2340"}],"curies":[{"name":"wp","href":"https:\/\/api.w.org\/{rel}","templated":true}]}}