{"id":26766,"date":"2025-10-06T17:02:40","date_gmt":"2025-10-06T21:02:40","guid":{"rendered":"https:\/\/atlasveterans.ca\/?page_id=26766"},"modified":"2025-10-06T17:11:19","modified_gmt":"2025-10-06T21:11:19","slug":"publications-des-chercheurs-de-la-communaute-de-pratique-canadienne-de-recherche-sur-les-prejudices-moraux","status":"publish","type":"page","link":"https:\/\/atlasveterans.ca\/fr\/notre-approche\/recherche\/publications-des-chercheurs-de-la-communaute-de-pratique-canadienne-de-recherche-sur-les-prejudices-moraux\/","title":{"rendered":"Publications des chercheurs de la communaut\u00e9 de pratique canadienne de recherch\u00e9 sur les pr\u00e9judices moraux"},"content":{"rendered":"<div class=\"wpb-content-wrapper\"><p>[vc_row row_padding_top=\u00a0\u00bbregular\u00a0\u00bb row_padding_bottom=\u00a0\u00bbregular\u00a0\u00bb][vc_column][vc_column_text css=\u00a0\u00bb\u00a0\u00bb]<div id=\"footable_parent_26771\"\n         class=\" footable_parent ninja_table_wrapper loading_ninja_table wp_table_data_press_parent bootstrap4 \">\n                <table data-ninja_table_instance=\"ninja_table_instance_0\" data-footable_id=\"26771\" data-filter-delay=\"1000\" aria-label=\"MI CoP - Publications (FRE)\"            id=\"footable_26771\"\n           data-unique_identifier=\"ninja_table_unique_id_4155824192_26771\"\n           class=\" foo-table ninja_footable foo_table_26771 ninja_table_unique_id_4155824192_26771 table  ninja_search_right nt_type_legacy_table table-striped table-bordered table-hover vertical_centered  footable-paging-right ninja_stacked_no_cell_border ninja_table_pro\">\n                <colgroup>\n                            <col class=\"ninja_column_0 \">\n                            <col class=\"ninja_column_1 \">\n                            <col class=\"ninja_column_2 \">\n                            <col class=\"ninja_column_3 \">\n                            <col class=\"ninja_column_4 \">\n                            <col class=\"ninja_column_5 hidden\">\n                    <\/colgroup>\n        <thead>\n<tr class=\"footable-header\">\n                                                                                                        <th scope=\"col\"  class=\"ninja_column_0 ninja_clmn_nm_datedepublication \">Date de publication<\/th><th scope=\"col\"  class=\"ninja_column_1 ninja_clmn_nm_titre \">Titre<\/th><th scope=\"col\"  class=\"ninja_column_2 ninja_clmn_nm_journal \">Journal<\/th><th scope=\"col\"  class=\"ninja_column_3 ninja_clmn_nm_numrodelarticle \">Num\u00e9ro de l'article<\/th><th scope=\"col\"  class=\"ninja_column_4 ninja_clmn_nm_auteurs \">Auteurs<\/th><th scope=\"col\"  class=\"ninja_column_5 ninja_clmn_nm_lienverslarticle hidden\">Lien vers l'article<\/th><\/tr>\n<\/thead>\n<tbody>\n\n        <tr data-row_id=\"0\" class=\"ninja_table_row_0 nt_row_id_0\">\n            <td>2024-03-01<\/td><td>Measuring moral distress and moral injury: A systematic review and content analysis of existing scales<\/td><td>Clinical Psychology Review<\/td><td>108:102377<\/td><td>Houle S, Ein N, Gervasio J, Plouffe RA, Litz BT, Carleton RN, Hansen KT, Liu JJW, Ashbaugh AR, Callaghan W, Thompson MM, Easterbrook B, Smith-MacDonald L, Rodrigues S, B\u00e9langer SAH, Bright K, Lanius RA, Baker C, Younger W, Br\u00e9mault-Phillips S, Hosseiny F, Richardson JD, Nazarov A et la communaut\u00e9 de pratique canadienne de recherche sur les pr\u00e9judices moraux de l'Institut Atlas.<\/td><td>https:\/\/pubmed.ncbi.nlm.nih.gov\/38218124\/<\/td>        <\/tr>\n    <\/tbody><!--ninja_tobody_rendering_done-->\n    <\/table>\n    \n    \n    \n<\/div>\n[\/vc_column_text][\/vc_column][\/vc_row]<\/p>\n<\/div>","protected":false},"excerpt":{"rendered":"<p>[vc_row row_padding_top=\u00a0\u00bbregular\u00a0\u00bb row_padding_bottom=\u00a0\u00bbregular\u00a0\u00bb][vc_column][vc_column_text css=\u00a0\u00bb\u00a0\u00bb][\/vc_column_text][\/vc_column][\/vc_row]<\/p>\n","protected":false},"author":3,"featured_media":2218,"parent":1577,"menu_order":0,"comment_status":"closed","ping_status":"closed","template":"","meta":{"_acf_changed":false,"inline_featured_image":false,"footnotes":""},"categories":[],"tags":[],"class_list":["post-26766","page","type-page","status-publish","has-post-thumbnail","hentry","knowledge_group-chercheurs"],"acf":[],"yoast_head":"<!-- This site is optimized with the Yoast SEO plugin v27.3 - https:\/\/yoast.com\/product\/yoast-seo-wordpress\/ -->\n<title>Publications des chercheurs de la communaut\u00e9 de pratique canadienne de recherch\u00e9 sur les pr\u00e9judices moraux &#183; Institut Atlas pour les v\u00e9t\u00e9rans et leur famille<\/title>\n<meta name=\"robots\" content=\"index, follow, max-snippet:-1, max-image-preview:large, max-video-preview:-1\" \/>\n<link rel=\"canonical\" href=\"https:\/\/atlasveterans.ca\/fr\/notre-approche\/recherche\/publications-des-chercheurs-de-la-communaute-de-pratique-canadienne-de-recherche-sur-les-prejudices-moraux\/\" \/>\n<meta property=\"og:locale\" content=\"fr_FR\" \/>\n<meta property=\"og:type\" content=\"article\" \/>\n<meta property=\"og:title\" content=\"Publications des chercheurs de la communaut\u00e9 de pratique canadienne de recherch\u00e9 sur les pr\u00e9judices moraux &#183; Institut Atlas pour les v\u00e9t\u00e9rans et leur famille\" \/>\n<meta property=\"og:description\" content=\"[vc_row row_padding_top=\u00a0\u00bbregular\u00a0\u00bb row_padding_bottom=\u00a0\u00bbregular\u00a0\u00bb][vc_column][vc_column_text css=\u00a0\u00bb\u00a0\u00bb][\/vc_column_text][\/vc_column][\/vc_row]\" \/>\n<meta property=\"og:url\" content=\"https:\/\/atlasveterans.ca\/fr\/notre-approche\/recherche\/publications-des-chercheurs-de-la-communaute-de-pratique-canadienne-de-recherche-sur-les-prejudices-moraux\/\" \/>\n<meta property=\"og:site_name\" content=\"Institut Atlas pour les v\u00e9t\u00e9rans et leur famille\" \/>\n<meta property=\"article:publisher\" content=\"https:\/\/www.facebook.com\/atlasveteransca\" \/>\n<meta property=\"article:modified_time\" content=\"2025-10-06T21:11:19+00:00\" \/>\n<meta property=\"og:image\" content=\"https:\/\/atlasveterans.ca\/wp-content\/uploads\/2022\/03\/atlas-hero-research.jpg\" \/>\n\t<meta property=\"og:image:width\" content=\"1600\" \/>\n\t<meta property=\"og:image:height\" content=\"345\" \/>\n\t<meta property=\"og:image:type\" content=\"image\/jpeg\" \/>\n<meta name=\"twitter:card\" content=\"summary_large_image\" \/>\n<meta name=\"twitter:site\" content=\"@atlasveteransca\" \/>\n<meta name=\"twitter:label1\" content=\"Dur\u00e9e de lecture estim\u00e9e\" \/>\n\t<meta name=\"twitter:data1\" content=\"1 minute\" \/>\n<script type=\"application\/ld+json\" class=\"yoast-schema-graph\">{\"@context\":\"https:\\\/\\\/schema.org\",\"@graph\":[{\"@type\":\"WebPage\",\"@id\":\"https:\\\/\\\/atlasveterans.ca\\\/fr\\\/notre-approche\\\/recherche\\\/publications-des-chercheurs-de-la-communaute-de-pratique-canadienne-de-recherche-sur-les-prejudices-moraux\\\/\",\"url\":\"https:\\\/\\\/atlasveterans.ca\\\/fr\\\/notre-approche\\\/recherche\\\/publications-des-chercheurs-de-la-communaute-de-pratique-canadienne-de-recherche-sur-les-prejudices-moraux\\\/\",\"name\":\"Publications des chercheurs de la communaut\u00e9 de pratique canadienne de recherch\u00e9 sur les pr\u00e9judices moraux &#183; Institut Atlas pour les v\u00e9t\u00e9rans et leur famille\",\"isPartOf\":{\"@id\":\"https:\\\/\\\/atlasveterans.ca\\\/fr\\\/#website\"},\"primaryImageOfPage\":{\"@id\":\"https:\\\/\\\/atlasveterans.ca\\\/fr\\\/notre-approche\\\/recherche\\\/publications-des-chercheurs-de-la-communaute-de-pratique-canadienne-de-recherche-sur-les-prejudices-moraux\\\/#primaryimage\"},\"image\":{\"@id\":\"https:\\\/\\\/atlasveterans.ca\\\/fr\\\/notre-approche\\\/recherche\\\/publications-des-chercheurs-de-la-communaute-de-pratique-canadienne-de-recherche-sur-les-prejudices-moraux\\\/#primaryimage\"},\"thumbnailUrl\":\"https:\\\/\\\/atlasveterans.ca\\\/wp-content\\\/uploads\\\/2022\\\/03\\\/atlas-hero-research.jpg\",\"datePublished\":\"2025-10-06T21:02:40+00:00\",\"dateModified\":\"2025-10-06T21:11:19+00:00\",\"breadcrumb\":{\"@id\":\"https:\\\/\\\/atlasveterans.ca\\\/fr\\\/notre-approche\\\/recherche\\\/publications-des-chercheurs-de-la-communaute-de-pratique-canadienne-de-recherche-sur-les-prejudices-moraux\\\/#breadcrumb\"},\"inLanguage\":\"fr-FR\",\"potentialAction\":[{\"@type\":\"ReadAction\",\"target\":[\"https:\\\/\\\/atlasveterans.ca\\\/fr\\\/notre-approche\\\/recherche\\\/publications-des-chercheurs-de-la-communaute-de-pratique-canadienne-de-recherche-sur-les-prejudices-moraux\\\/\"]}]},{\"@type\":\"ImageObject\",\"inLanguage\":\"fr-FR\",\"@id\":\"https:\\\/\\\/atlasveterans.ca\\\/fr\\\/notre-approche\\\/recherche\\\/publications-des-chercheurs-de-la-communaute-de-pratique-canadienne-de-recherche-sur-les-prejudices-moraux\\\/#primaryimage\",\"url\":\"https:\\\/\\\/atlasveterans.ca\\\/wp-content\\\/uploads\\\/2022\\\/03\\\/atlas-hero-research.jpg\",\"contentUrl\":\"https:\\\/\\\/atlasveterans.ca\\\/wp-content\\\/uploads\\\/2022\\\/03\\\/atlas-hero-research.jpg\",\"width\":1600,\"height\":345},{\"@type\":\"BreadcrumbList\",\"@id\":\"https:\\\/\\\/atlasveterans.ca\\\/fr\\\/notre-approche\\\/recherche\\\/publications-des-chercheurs-de-la-communaute-de-pratique-canadienne-de-recherche-sur-les-prejudices-moraux\\\/#breadcrumb\",\"itemListElement\":[{\"@type\":\"ListItem\",\"position\":1,\"name\":\"Institut Atlas pour les v\u00e9t\u00e9rans et leur famille\",\"item\":\"https:\\\/\\\/atlasveterans.ca\\\/fr\\\/\"},{\"@type\":\"ListItem\",\"position\":2,\"name\":\"Notre approche\",\"item\":\"https:\\\/\\\/atlasveterans.ca\\\/fr\\\/notre-approche\\\/\"},{\"@type\":\"ListItem\",\"position\":3,\"name\":\"Recherche\",\"item\":\"https:\\\/\\\/atlasveterans.ca\\\/fr\\\/notre-approche\\\/recherche\\\/\"},{\"@type\":\"ListItem\",\"position\":4,\"name\":\"Publications des chercheurs de la communaut\u00e9 de pratique canadienne de recherch\u00e9 sur les pr\u00e9judices moraux\"}]},{\"@type\":\"WebSite\",\"@id\":\"https:\\\/\\\/atlasveterans.ca\\\/fr\\\/#website\",\"url\":\"https:\\\/\\\/atlasveterans.ca\\\/fr\\\/\",\"name\":\"Institut Atlas pour les v\u00e9t\u00e9rans et leur famille\",\"description\":\"Get resources, find support\",\"publisher\":{\"@id\":\"https:\\\/\\\/atlasveterans.ca\\\/fr\\\/#organization\"},\"potentialAction\":[{\"@type\":\"SearchAction\",\"target\":{\"@type\":\"EntryPoint\",\"urlTemplate\":\"https:\\\/\\\/atlasveterans.ca\\\/fr\\\/?s={search_term_string}\"},\"query-input\":{\"@type\":\"PropertyValueSpecification\",\"valueRequired\":true,\"valueName\":\"search_term_string\"}}],\"inLanguage\":\"fr-FR\"},{\"@type\":\"Organization\",\"@id\":\"https:\\\/\\\/atlasveterans.ca\\\/fr\\\/#organization\",\"name\":\"Atlas Institute For Veterans and Families\",\"url\":\"https:\\\/\\\/atlasveterans.ca\\\/fr\\\/\",\"logo\":{\"@type\":\"ImageObject\",\"inLanguage\":\"fr-FR\",\"@id\":\"https:\\\/\\\/atlasveterans.ca\\\/fr\\\/#\\\/schema\\\/logo\\\/image\\\/\",\"url\":\"https:\\\/\\\/atlasveterans.ca\\\/wp-content\\\/uploads\\\/2022\\\/03\\\/logo-withbg-eng-1.jpg\",\"contentUrl\":\"https:\\\/\\\/atlasveterans.ca\\\/wp-content\\\/uploads\\\/2022\\\/03\\\/logo-withbg-eng-1.jpg\",\"width\":800,\"height\":400,\"caption\":\"Atlas Institute For Veterans and Families\"},\"image\":{\"@id\":\"https:\\\/\\\/atlasveterans.ca\\\/fr\\\/#\\\/schema\\\/logo\\\/image\\\/\"},\"sameAs\":[\"https:\\\/\\\/www.facebook.com\\\/atlasveteransca\",\"https:\\\/\\\/x.com\\\/atlasveteransca\",\"https:\\\/\\\/www.instagram.com\\\/atlasveteransca\\\/\",\"https:\\\/\\\/www.linkedin.com\\\/company\\\/atlasveteransca\\\/\",\"https:\\\/\\\/www.youtube.com\\\/atlasveteransca\"]}]}<\/script>\n<!-- \/ Yoast SEO plugin. -->","yoast_head_json":{"title":"Publications des chercheurs de la communaut\u00e9 de pratique canadienne de recherch\u00e9 sur les pr\u00e9judices moraux &#183; Institut Atlas pour les v\u00e9t\u00e9rans et leur famille","robots":{"index":"index","follow":"follow","max-snippet":"max-snippet:-1","max-image-preview":"max-image-preview:large","max-video-preview":"max-video-preview:-1"},"canonical":"https:\/\/atlasveterans.ca\/fr\/notre-approche\/recherche\/publications-des-chercheurs-de-la-communaute-de-pratique-canadienne-de-recherche-sur-les-prejudices-moraux\/","og_locale":"fr_FR","og_type":"article","og_title":"Publications des chercheurs de la communaut\u00e9 de pratique canadienne de recherch\u00e9 sur les pr\u00e9judices moraux &#183; Institut Atlas pour les v\u00e9t\u00e9rans et leur famille","og_description":"[vc_row row_padding_top=\u00a0\u00bbregular\u00a0\u00bb row_padding_bottom=\u00a0\u00bbregular\u00a0\u00bb][vc_column][vc_column_text css=\u00a0\u00bb\u00a0\u00bb][\/vc_column_text][\/vc_column][\/vc_row]","og_url":"https:\/\/atlasveterans.ca\/fr\/notre-approche\/recherche\/publications-des-chercheurs-de-la-communaute-de-pratique-canadienne-de-recherche-sur-les-prejudices-moraux\/","og_site_name":"Institut Atlas pour les v\u00e9t\u00e9rans et leur famille","article_publisher":"https:\/\/www.facebook.com\/atlasveteransca","article_modified_time":"2025-10-06T21:11:19+00:00","og_image":[{"width":1600,"height":345,"url":"https:\/\/atlasveterans.ca\/wp-content\/uploads\/2022\/03\/atlas-hero-research.jpg","type":"image\/jpeg"}],"twitter_card":"summary_large_image","twitter_site":"@atlasveteransca","twitter_misc":{"Dur\u00e9e de lecture estim\u00e9e":"1 minute"},"schema":{"@context":"https:\/\/schema.org","@graph":[{"@type":"WebPage","@id":"https:\/\/atlasveterans.ca\/fr\/notre-approche\/recherche\/publications-des-chercheurs-de-la-communaute-de-pratique-canadienne-de-recherche-sur-les-prejudices-moraux\/","url":"https:\/\/atlasveterans.ca\/fr\/notre-approche\/recherche\/publications-des-chercheurs-de-la-communaute-de-pratique-canadienne-de-recherche-sur-les-prejudices-moraux\/","name":"Publications des chercheurs de la communaut\u00e9 de pratique canadienne de recherch\u00e9 sur les pr\u00e9judices moraux &#183; Institut Atlas pour les v\u00e9t\u00e9rans et leur famille","isPartOf":{"@id":"https:\/\/atlasveterans.ca\/fr\/#website"},"primaryImageOfPage":{"@id":"https:\/\/atlasveterans.ca\/fr\/notre-approche\/recherche\/publications-des-chercheurs-de-la-communaute-de-pratique-canadienne-de-recherche-sur-les-prejudices-moraux\/#primaryimage"},"image":{"@id":"https:\/\/atlasveterans.ca\/fr\/notre-approche\/recherche\/publications-des-chercheurs-de-la-communaute-de-pratique-canadienne-de-recherche-sur-les-prejudices-moraux\/#primaryimage"},"thumbnailUrl":"https:\/\/atlasveterans.ca\/wp-content\/uploads\/2022\/03\/atlas-hero-research.jpg","datePublished":"2025-10-06T21:02:40+00:00","dateModified":"2025-10-06T21:11:19+00:00","breadcrumb":{"@id":"https:\/\/atlasveterans.ca\/fr\/notre-approche\/recherche\/publications-des-chercheurs-de-la-communaute-de-pratique-canadienne-de-recherche-sur-les-prejudices-moraux\/#breadcrumb"},"inLanguage":"fr-FR","potentialAction":[{"@type":"ReadAction","target":["https:\/\/atlasveterans.ca\/fr\/notre-approche\/recherche\/publications-des-chercheurs-de-la-communaute-de-pratique-canadienne-de-recherche-sur-les-prejudices-moraux\/"]}]},{"@type":"ImageObject","inLanguage":"fr-FR","@id":"https:\/\/atlasveterans.ca\/fr\/notre-approche\/recherche\/publications-des-chercheurs-de-la-communaute-de-pratique-canadienne-de-recherche-sur-les-prejudices-moraux\/#primaryimage","url":"https:\/\/atlasveterans.ca\/wp-content\/uploads\/2022\/03\/atlas-hero-research.jpg","contentUrl":"https:\/\/atlasveterans.ca\/wp-content\/uploads\/2022\/03\/atlas-hero-research.jpg","width":1600,"height":345},{"@type":"BreadcrumbList","@id":"https:\/\/atlasveterans.ca\/fr\/notre-approche\/recherche\/publications-des-chercheurs-de-la-communaute-de-pratique-canadienne-de-recherche-sur-les-prejudices-moraux\/#breadcrumb","itemListElement":[{"@type":"ListItem","position":1,"name":"Institut Atlas pour les v\u00e9t\u00e9rans et leur famille","item":"https:\/\/atlasveterans.ca\/fr\/"},{"@type":"ListItem","position":2,"name":"Notre approche","item":"https:\/\/atlasveterans.ca\/fr\/notre-approche\/"},{"@type":"ListItem","position":3,"name":"Recherche","item":"https:\/\/atlasveterans.ca\/fr\/notre-approche\/recherche\/"},{"@type":"ListItem","position":4,"name":"Publications des chercheurs de la communaut\u00e9 de pratique canadienne de recherch\u00e9 sur les pr\u00e9judices moraux"}]},{"@type":"WebSite","@id":"https:\/\/atlasveterans.ca\/fr\/#website","url":"https:\/\/atlasveterans.ca\/fr\/","name":"Institut Atlas pour les v\u00e9t\u00e9rans et leur famille","description":"Get resources, find support","publisher":{"@id":"https:\/\/atlasveterans.ca\/fr\/#organization"},"potentialAction":[{"@type":"SearchAction","target":{"@type":"EntryPoint","urlTemplate":"https:\/\/atlasveterans.ca\/fr\/?s={search_term_string}"},"query-input":{"@type":"PropertyValueSpecification","valueRequired":true,"valueName":"search_term_string"}}],"inLanguage":"fr-FR"},{"@type":"Organization","@id":"https:\/\/atlasveterans.ca\/fr\/#organization","name":"Atlas Institute For Veterans and Families","url":"https:\/\/atlasveterans.ca\/fr\/","logo":{"@type":"ImageObject","inLanguage":"fr-FR","@id":"https:\/\/atlasveterans.ca\/fr\/#\/schema\/logo\/image\/","url":"https:\/\/atlasveterans.ca\/wp-content\/uploads\/2022\/03\/logo-withbg-eng-1.jpg","contentUrl":"https:\/\/atlasveterans.ca\/wp-content\/uploads\/2022\/03\/logo-withbg-eng-1.jpg","width":800,"height":400,"caption":"Atlas Institute For Veterans and Families"},"image":{"@id":"https:\/\/atlasveterans.ca\/fr\/#\/schema\/logo\/image\/"},"sameAs":["https:\/\/www.facebook.com\/atlasveteransca","https:\/\/x.com\/atlasveteransca","https:\/\/www.instagram.com\/atlasveteransca\/","https:\/\/www.linkedin.com\/company\/atlasveteransca\/","https:\/\/www.youtube.com\/atlasveteransca"]}]}},"_links":{"self":[{"href":"https:\/\/atlasveterans.ca\/fr\/wp-json\/wp\/v2\/pages\/26766","targetHints":{"allow":["GET"]}}],"collection":[{"href":"https:\/\/atlasveterans.ca\/fr\/wp-json\/wp\/v2\/pages"}],"about":[{"href":"https:\/\/atlasveterans.ca\/fr\/wp-json\/wp\/v2\/types\/page"}],"author":[{"embeddable":true,"href":"https:\/\/atlasveterans.ca\/fr\/wp-json\/wp\/v2\/users\/3"}],"replies":[{"embeddable":true,"href":"https:\/\/atlasveterans.ca\/fr\/wp-json\/wp\/v2\/comments?post=26766"}],"version-history":[{"count":3,"href":"https:\/\/atlasveterans.ca\/fr\/wp-json\/wp\/v2\/pages\/26766\/revisions"}],"predecessor-version":[{"id":26775,"href":"https:\/\/atlasveterans.ca\/fr\/wp-json\/wp\/v2\/pages\/26766\/revisions\/26775"}],"up":[{"embeddable":true,"href":"https:\/\/atlasveterans.ca\/fr\/wp-json\/wp\/v2\/pages\/1577"}],"wp:featuredmedia":[{"embeddable":true,"href":"https:\/\/atlasveterans.ca\/fr\/wp-json\/wp\/v2\/media\/2218"}],"wp:attachment":[{"href":"https:\/\/atlasveterans.ca\/fr\/wp-json\/wp\/v2\/media?parent=26766"}],"wp:term":[{"taxonomy":"category","embeddable":true,"href":"https:\/\/atlasveterans.ca\/fr\/wp-json\/wp\/v2\/categories?post=26766"},{"taxonomy":"post_tag","embeddable":true,"href":"https:\/\/atlasveterans.ca\/fr\/wp-json\/wp\/v2\/tags?post=26766"}],"curies":[{"name":"wp","href":"https:\/\/api.w.org\/{rel}","templated":true}]}}