{"id":29160,"date":"2026-01-29T17:47:20","date_gmt":"2026-01-29T22:47:20","guid":{"rendered":"https:\/\/atlasveterans.ca\/?page_id=29160"},"modified":"2026-02-09T17:05:35","modified_gmt":"2026-02-09T22:05:35","slug":"isolement-social-et-solitude","status":"publish","type":"page","link":"https:\/\/atlasveterans.ca\/fr\/centre-de-connaissances\/isolement-social-et-solitude\/","title":{"rendered":"Isolement social et solitude"},"content":{"rendered":"<div class=\"wpb-content-wrapper\"><p>[vc_row row_padding_top=\u00a0\u00bbregular\u00a0\u00bb row_padding_bottom=\u00a0\u00bbsmall\u00a0\u00bb el_class=\u00a0\u00bbstickyTOC__wrapper\u00a0\u00bb][vc_column width=\u00a0\u00bb2\/3&Prime; offset=\u00a0\u00bbvc_col-lg-7&Prime; el_id=\u00a0\u00bbtop\u00a0\u00bb][vc_column_text css=\u00a0\u00bb\u00a0\u00bb]<\/p>\n<h2 id=\"1\" class=\"text--lowercase\">Le projet<\/h2>\n<p>Le projet de recherche <strong><em>Histoires INSPIRANTES<\/em><\/strong> est un projet de narration et de recherche cin\u00e9matographique men\u00e9 par le <a href=\"https:\/\/www.osiresearch.ca\/\">Centre de recherche sur les blessures de stress op\u00e9rationnel (BSO) MacDonald\u00a0Franklin<\/a> et financ\u00e9 par l&rsquo;Institut\u00a0Atlas pour les v\u00e9t\u00e9rans et leur famille, avec le soutien de <a href=\"https:\/\/www.mhrc-rsmc.ca\/\">Recherche en sant\u00e9 mentale\u00a0Canada<\/a>.\u00a0Le projet a invit\u00e9 des v\u00e9t\u00e9rans canadiens \u00e0 raconter leurs histoires profond\u00e9ment personnelles sur leur transition de la vie militaire \u00e0 la vie apr\u00e8s le service, en retra\u00e7ant \u00e0 la fois les difficult\u00e9s li\u00e9es \u00e0 l\u2019isolement et la force puis\u00e9e dans la r\u00e9silience et la communaut\u00e9.<\/p>\n<p>Le projet s\u2019est appuy\u00e9 sur des entrevues men\u00e9es aupr\u00e8s de personnes ayant des parcours diff\u00e9rents, dont les ant\u00e9c\u00e9dents en mati\u00e8re de service et les exp\u00e9riences de transition varient, et a pr\u00e9sent\u00e9 de vraies histoires illustrant les d\u00e9fis \u00e9motionnels et sociaux auxquels les v\u00e9t\u00e9rans font face apr\u00e8s leur lib\u00e9ration, comme la perte de camaraderie, d\u2019identit\u00e9 et d\u2019appartenance, ainsi que le pouvoir de gu\u00e9rison que procurent le soutien par les pairs, le fait d\u2019avoir une raison d\u2019\u00eatre et le renouement.<\/p>\n<p>Le film, produit en collaboration avec le groupe <a href=\"https:\/\/www.radarmentalhealth.com\/radar-fr\">RADAR (Recovery Advocacy Documentary Action Research)<\/a>, donne vie \u00e0 ces t\u00e9moignages en toute sinc\u00e9rit\u00e9 et avec c\u0153ur. Le projet <em>Histoires INSPIRANTES<\/em> convertit la recherche en un outil accessible et ax\u00e9 sur la personne, qui permet de cr\u00e9er des liens ainsi que de r\u00e9aliser des activit\u00e9s de sensibilisation et de d\u00e9fense des droits.<\/p>\n<p>Ce projet s\u2019inscrit dans le cadre d\u2019une s\u00e9rie de recherches en cours qui examinent la transition complexe et souvent difficile de la vie militaire \u00e0 la vie civile. Le programme de recherche dans le cadre du projet Histoires INSPIRANTES est men\u00e9 en collaboration avec Anciens\u00a0Combattants\u00a0Canada et soutenu par plusieurs bailleurs de fonds, notamment les <a href=\"https:\/\/cihr-irsc.gc.ca\/\">Instituts de recherche en sant\u00e9 du Canada<\/a> et le <a href=\"https:\/\/www.veteransdouleurchronique.ca\/\">Centre d\u2019excellence sur la douleur chronique pour les v\u00e9t\u00e9rans canadiens<\/a>.<\/p>\n<h2 id=\"2\" class=\"text--lowercase\">Le partenaire<\/h2>\n<p>Le Centre de recherche sur les BSO MacDonald\u00a0Franklin est un chef de file national et international dans le domaine de la recherche en sant\u00e9 mentale des militaires et des v\u00e9t\u00e9rans, lequel est vou\u00e9 \u00e0 am\u00e9liorer leur bien-\u00eatre et celui de leur famille. Ses travaux couvrent des \u00e9tudes cliniques, neuroscientifiques et d\u00e9mographiques sur les traumatismes li\u00e9s au stress op\u00e9rationnel, les pr\u00e9judices moraux, la r\u00e9silience, les r\u00e9sultats des traitements et la qualit\u00e9 de vie, dans le but d\u2019engendrer des connaissances utilisables qui peuvent \u00e9clairer les politiques, les pratiques de soins et les mesures de soutien adapt\u00e9es \u00e0 la r\u00e9alit\u00e9 v\u00e9cue par les v\u00e9t\u00e9rans.<\/p>\n<h2 id=\"3\" class=\"text--lowercase\">Pourquoi est-ce important?<\/h2>\n<p>La pr\u00e9sentation de ces histoires s\u2019inscrit dans la mission de l\u2019Institut\u00a0Atlas, qui consiste \u00e0 mettre l\u2019accent sur les exp\u00e9riences v\u00e9cues et \u00e0 renforcer les liens entre la recherche, les politiques et la pratique. Le film offre aux communaut\u00e9s, aux praticiens et aux d\u00e9cideurs politiques un moyen accessible de mieux comprendre les complexit\u00e9s de la transition de la vie militaire \u00e0 la vie apr\u00e8s le service et les mesures de soutien qui changent concr\u00e8tement les choses pour les v\u00e9t\u00e9rans et leur famille.[\/vc_column_text][vc_column_text css=\u00a0\u00bb.vc_custom_1769704950130{background-color: #AADBCD !important;}\u00a0\u00bb el_id=\u00a0\u00bb2&Prime; el_class=\u00a0\u00bbelement&#8211;lightestGreenBG element&#8211;smallPadding whiteText\u00a0\u00bb]<\/p>\n<h3 class=\"text--lowercase\">Avertissement relatif au contenu<\/h3>\n<p>La transition de la vie militaire \u00e0 la vie apr\u00e8s le service ne se fait pas en un claquement de doigts. Il s\u2019agit d\u2019un processus continu qui peut s\u2019av\u00e9rer tr\u00e8s ardu. Si vous trouvez ce contenu difficile \u00e0 \u00e9couter et qu\u2019il suscite en vous toute une gamme d\u2019\u00e9motions, nous vous encourageons \u00e0 veiller \u00e0 votre s\u00e9curit\u00e9 et \u00e0 votre bien-\u00eatre. Vous n\u2019\u00eates pas seule ou seul, et du soutien s\u2019offre \u00e0 vous. Veuillez consulter notre <a href=\"https:\/\/atlasveterans.ca\/fr\/repertoire-des-services\/\">page des ressources<\/a> pour avoir acc\u00e8s \u00e0 un r\u00e9pertoire des services offerts aux v\u00e9t\u00e9rans et \u00e0 leur famille.[\/vc_column_text][vc_column_text css=\u00a0\u00bb\u00a0\u00bb]<strong><em>Caract\u00e9ristiques d\u2019accessibilit\u00e9<\/em><\/strong><em>\u00a0: Le sous-titrage cod\u00e9 est disponible pour ces vid\u00e9os. Pour activer cette fonction, s\u00e9lectionnez CC dans le coin inf\u00e9rieur droit du lecteur vid\u00e9o.<\/em>[\/vc_column_text][vc_video link=\u00a0\u00bbhttps:\/\/vimeo.com\/1143493460?share=copy&amp;fl=sv&amp;fe=ci\u00a0\u00bb css=\u00a0\u00bb\u00a0\u00bb][\/vc_column][vc_column width=\u00a0\u00bb1\/3&Prime; offset=\u00a0\u00bbvc_col-lg-offset-1&Prime;]<div class=\"stickyTOC\"><h7 class=\"stickyTOC__title\">Aller \u00e0 la section :<\/h7><div class=\"stickyTOC__items\"><a class=\"stickyTOC__item\" href=\"#1\"><span>Le projet <\/span><\/a><a class=\"stickyTOC__item\" href=\"#2\"><span>Le partenaire<\/span><\/a><a class=\"stickyTOC__item\" href=\"#3\"><span>Pourquoi est-ce important?<\/span><\/a><\/div><\/div>[\/vc_column][\/vc_row]<\/p>\n<\/div>","protected":false},"excerpt":{"rendered":"<p>[vc_row row_padding_top=\u00a0\u00bbregular\u00a0\u00bb row_padding_bottom=\u00a0\u00bbsmall\u00a0\u00bb el_class=\u00a0\u00bbstickyTOC__wrapper\u00a0\u00bb][vc_column width=\u00a0\u00bb2\/3&Prime; offset=\u00a0\u00bbvc_col-lg-7&Prime; el_id=\u00a0\u00bbtop\u00a0\u00bb][vc_column_text css=\u00a0\u00bb\u00a0\u00bb] Le projet Le projet de recherche Histoires INSPIRANTES est un projet de narration et de recherche cin\u00e9matographique men\u00e9 par le Centre de recherche sur les blessures de stress op\u00e9rationnel (BSO) MacDonald\u00a0Franklin et financ\u00e9 par l&rsquo;Institut\u00a0Atlas pour les v\u00e9t\u00e9rans et leur famille, avec le soutien de Recherche en&#8230;<\/p>\n","protected":false},"author":3,"featured_media":2290,"parent":1764,"menu_order":0,"comment_status":"closed","ping_status":"closed","template":"","meta":{"_acf_changed":false,"inline_featured_image":false,"footnotes":""},"categories":[],"tags":[],"class_list":["post-29160","page","type-page","status-publish","has-post-thumbnail","hentry","knowledge_area-sante-mentale","knowledge_group-veterans-fr"],"acf":[],"yoast_head":"<!-- This site is optimized with the Yoast SEO plugin v27.2 - https:\/\/yoast.com\/product\/yoast-seo-wordpress\/ -->\n<title>Isolement social et solitude &#183; Institut Atlas pour les v\u00e9t\u00e9rans et leur famille<\/title>\n<meta name=\"robots\" content=\"index, follow, max-snippet:-1, max-image-preview:large, max-video-preview:-1\" \/>\n<link rel=\"canonical\" href=\"https:\/\/atlasveterans.ca\/fr\/centre-de-connaissances\/isolement-social-et-solitude\/\" \/>\n<meta property=\"og:locale\" content=\"fr_FR\" \/>\n<meta property=\"og:type\" content=\"article\" \/>\n<meta property=\"og:title\" content=\"Isolement social et solitude &#183; Institut Atlas pour les v\u00e9t\u00e9rans et leur famille\" \/>\n<meta property=\"og:description\" content=\"[vc_row row_padding_top=\u00a0\u00bbregular\u00a0\u00bb row_padding_bottom=\u00a0\u00bbsmall\u00a0\u00bb el_class=\u00a0\u00bbstickyTOC__wrapper\u00a0\u00bb][vc_column width=\u00a0\u00bb2\/3&Prime; offset=\u00a0\u00bbvc_col-lg-7&Prime; el_id=\u00a0\u00bbtop\u00a0\u00bb][vc_column_text css=\u00a0\u00bb\u00a0\u00bb] Le projet Le projet de recherche Histoires INSPIRANTES est un projet de narration et de recherche cin\u00e9matographique men\u00e9 par le Centre de recherche sur les blessures de stress op\u00e9rationnel (BSO) MacDonald\u00a0Franklin et financ\u00e9 par l&rsquo;Institut\u00a0Atlas pour les v\u00e9t\u00e9rans et leur famille, avec le soutien de Recherche en...\" \/>\n<meta property=\"og:url\" content=\"https:\/\/atlasveterans.ca\/fr\/centre-de-connaissances\/isolement-social-et-solitude\/\" \/>\n<meta property=\"og:site_name\" content=\"Institut Atlas pour les v\u00e9t\u00e9rans et leur famille\" \/>\n<meta property=\"article:publisher\" content=\"https:\/\/www.facebook.com\/atlasveteransca\" \/>\n<meta property=\"article:modified_time\" content=\"2026-02-09T22:05:35+00:00\" \/>\n<meta property=\"og:image\" content=\"https:\/\/atlasveterans.ca\/wp-content\/uploads\/2022\/03\/atlas-hero-generic.jpg\" \/>\n\t<meta property=\"og:image:width\" content=\"1600\" \/>\n\t<meta property=\"og:image:height\" content=\"345\" \/>\n\t<meta property=\"og:image:type\" content=\"image\/jpeg\" \/>\n<meta name=\"twitter:card\" content=\"summary_large_image\" \/>\n<meta name=\"twitter:site\" content=\"@atlasveteransca\" \/>\n<meta name=\"twitter:label1\" content=\"Dur\u00e9e de lecture estim\u00e9e\" \/>\n\t<meta name=\"twitter:data1\" content=\"4 minutes\" \/>\n<script type=\"application\/ld+json\" class=\"yoast-schema-graph\">{\"@context\":\"https:\/\/schema.org\",\"@graph\":[{\"@type\":\"WebPage\",\"@id\":\"https:\/\/atlasveterans.ca\/fr\/centre-de-connaissances\/isolement-social-et-solitude\/\",\"url\":\"https:\/\/atlasveterans.ca\/fr\/centre-de-connaissances\/isolement-social-et-solitude\/\",\"name\":\"Isolement social et solitude &#183; Institut Atlas pour les v\u00e9t\u00e9rans et leur famille\",\"isPartOf\":{\"@id\":\"https:\/\/atlasveterans.ca\/fr\/#website\"},\"primaryImageOfPage\":{\"@id\":\"https:\/\/atlasveterans.ca\/fr\/centre-de-connaissances\/isolement-social-et-solitude\/#primaryimage\"},\"image\":{\"@id\":\"https:\/\/atlasveterans.ca\/fr\/centre-de-connaissances\/isolement-social-et-solitude\/#primaryimage\"},\"thumbnailUrl\":\"https:\/\/atlasveterans.ca\/wp-content\/uploads\/2022\/03\/atlas-hero-generic.jpg\",\"datePublished\":\"2026-01-29T22:47:20+00:00\",\"dateModified\":\"2026-02-09T22:05:35+00:00\",\"breadcrumb\":{\"@id\":\"https:\/\/atlasveterans.ca\/fr\/centre-de-connaissances\/isolement-social-et-solitude\/#breadcrumb\"},\"inLanguage\":\"fr-FR\",\"potentialAction\":[{\"@type\":\"ReadAction\",\"target\":[\"https:\/\/atlasveterans.ca\/fr\/centre-de-connaissances\/isolement-social-et-solitude\/\"]}]},{\"@type\":\"ImageObject\",\"inLanguage\":\"fr-FR\",\"@id\":\"https:\/\/atlasveterans.ca\/fr\/centre-de-connaissances\/isolement-social-et-solitude\/#primaryimage\",\"url\":\"https:\/\/atlasveterans.ca\/wp-content\/uploads\/2022\/03\/atlas-hero-generic.jpg\",\"contentUrl\":\"https:\/\/atlasveterans.ca\/wp-content\/uploads\/2022\/03\/atlas-hero-generic.jpg\",\"width\":1600,\"height\":345},{\"@type\":\"BreadcrumbList\",\"@id\":\"https:\/\/atlasveterans.ca\/fr\/centre-de-connaissances\/isolement-social-et-solitude\/#breadcrumb\",\"itemListElement\":[{\"@type\":\"ListItem\",\"position\":1,\"name\":\"Institut Atlas pour les v\u00e9t\u00e9rans et leur famille\",\"item\":\"https:\/\/atlasveterans.ca\/fr\/\"},{\"@type\":\"ListItem\",\"position\":2,\"name\":\"Centre de connaissances\",\"item\":\"https:\/\/atlasveterans.ca\/fr\/centre-de-connaissances\/\"},{\"@type\":\"ListItem\",\"position\":3,\"name\":\"Isolement social et solitude\"}]},{\"@type\":\"WebSite\",\"@id\":\"https:\/\/atlasveterans.ca\/fr\/#website\",\"url\":\"https:\/\/atlasveterans.ca\/fr\/\",\"name\":\"Institut Atlas pour les v\u00e9t\u00e9rans et leur famille\",\"description\":\"Get resources, find support\",\"publisher\":{\"@id\":\"https:\/\/atlasveterans.ca\/fr\/#organization\"},\"potentialAction\":[{\"@type\":\"SearchAction\",\"target\":{\"@type\":\"EntryPoint\",\"urlTemplate\":\"https:\/\/atlasveterans.ca\/fr\/?s={search_term_string}\"},\"query-input\":{\"@type\":\"PropertyValueSpecification\",\"valueRequired\":true,\"valueName\":\"search_term_string\"}}],\"inLanguage\":\"fr-FR\"},{\"@type\":\"Organization\",\"@id\":\"https:\/\/atlasveterans.ca\/fr\/#organization\",\"name\":\"Atlas Institute For Veterans and Families\",\"url\":\"https:\/\/atlasveterans.ca\/fr\/\",\"logo\":{\"@type\":\"ImageObject\",\"inLanguage\":\"fr-FR\",\"@id\":\"https:\/\/atlasveterans.ca\/fr\/#\/schema\/logo\/image\/\",\"url\":\"https:\/\/atlasveterans.ca\/wp-content\/uploads\/2022\/03\/logo-withbg-eng-1.jpg\",\"contentUrl\":\"https:\/\/atlasveterans.ca\/wp-content\/uploads\/2022\/03\/logo-withbg-eng-1.jpg\",\"width\":800,\"height\":400,\"caption\":\"Atlas Institute For Veterans and Families\"},\"image\":{\"@id\":\"https:\/\/atlasveterans.ca\/fr\/#\/schema\/logo\/image\/\"},\"sameAs\":[\"https:\/\/www.facebook.com\/atlasveteransca\",\"https:\/\/x.com\/atlasveteransca\",\"https:\/\/www.instagram.com\/atlasveteransca\/\",\"https:\/\/www.linkedin.com\/company\/atlasveteransca\/\",\"https:\/\/www.youtube.com\/atlasveteransca\"]}]}<\/script>\n<!-- \/ Yoast SEO plugin. -->","yoast_head_json":{"title":"Isolement social et solitude &#183; Institut Atlas pour les v\u00e9t\u00e9rans et leur famille","robots":{"index":"index","follow":"follow","max-snippet":"max-snippet:-1","max-image-preview":"max-image-preview:large","max-video-preview":"max-video-preview:-1"},"canonical":"https:\/\/atlasveterans.ca\/fr\/centre-de-connaissances\/isolement-social-et-solitude\/","og_locale":"fr_FR","og_type":"article","og_title":"Isolement social et solitude &#183; Institut Atlas pour les v\u00e9t\u00e9rans et leur famille","og_description":"[vc_row row_padding_top=\u00a0\u00bbregular\u00a0\u00bb row_padding_bottom=\u00a0\u00bbsmall\u00a0\u00bb el_class=\u00a0\u00bbstickyTOC__wrapper\u00a0\u00bb][vc_column width=\u00a0\u00bb2\/3&Prime; offset=\u00a0\u00bbvc_col-lg-7&Prime; el_id=\u00a0\u00bbtop\u00a0\u00bb][vc_column_text css=\u00a0\u00bb\u00a0\u00bb] Le projet Le projet de recherche Histoires INSPIRANTES est un projet de narration et de recherche cin\u00e9matographique men\u00e9 par le Centre de recherche sur les blessures de stress op\u00e9rationnel (BSO) MacDonald\u00a0Franklin et financ\u00e9 par l&rsquo;Institut\u00a0Atlas pour les v\u00e9t\u00e9rans et leur famille, avec le soutien de Recherche en...","og_url":"https:\/\/atlasveterans.ca\/fr\/centre-de-connaissances\/isolement-social-et-solitude\/","og_site_name":"Institut Atlas pour les v\u00e9t\u00e9rans et leur famille","article_publisher":"https:\/\/www.facebook.com\/atlasveteransca","article_modified_time":"2026-02-09T22:05:35+00:00","og_image":[{"width":1600,"height":345,"url":"https:\/\/atlasveterans.ca\/wp-content\/uploads\/2022\/03\/atlas-hero-generic.jpg","type":"image\/jpeg"}],"twitter_card":"summary_large_image","twitter_site":"@atlasveteransca","twitter_misc":{"Dur\u00e9e de lecture estim\u00e9e":"4 minutes"},"schema":{"@context":"https:\/\/schema.org","@graph":[{"@type":"WebPage","@id":"https:\/\/atlasveterans.ca\/fr\/centre-de-connaissances\/isolement-social-et-solitude\/","url":"https:\/\/atlasveterans.ca\/fr\/centre-de-connaissances\/isolement-social-et-solitude\/","name":"Isolement social et solitude &#183; Institut Atlas pour les v\u00e9t\u00e9rans et leur famille","isPartOf":{"@id":"https:\/\/atlasveterans.ca\/fr\/#website"},"primaryImageOfPage":{"@id":"https:\/\/atlasveterans.ca\/fr\/centre-de-connaissances\/isolement-social-et-solitude\/#primaryimage"},"image":{"@id":"https:\/\/atlasveterans.ca\/fr\/centre-de-connaissances\/isolement-social-et-solitude\/#primaryimage"},"thumbnailUrl":"https:\/\/atlasveterans.ca\/wp-content\/uploads\/2022\/03\/atlas-hero-generic.jpg","datePublished":"2026-01-29T22:47:20+00:00","dateModified":"2026-02-09T22:05:35+00:00","breadcrumb":{"@id":"https:\/\/atlasveterans.ca\/fr\/centre-de-connaissances\/isolement-social-et-solitude\/#breadcrumb"},"inLanguage":"fr-FR","potentialAction":[{"@type":"ReadAction","target":["https:\/\/atlasveterans.ca\/fr\/centre-de-connaissances\/isolement-social-et-solitude\/"]}]},{"@type":"ImageObject","inLanguage":"fr-FR","@id":"https:\/\/atlasveterans.ca\/fr\/centre-de-connaissances\/isolement-social-et-solitude\/#primaryimage","url":"https:\/\/atlasveterans.ca\/wp-content\/uploads\/2022\/03\/atlas-hero-generic.jpg","contentUrl":"https:\/\/atlasveterans.ca\/wp-content\/uploads\/2022\/03\/atlas-hero-generic.jpg","width":1600,"height":345},{"@type":"BreadcrumbList","@id":"https:\/\/atlasveterans.ca\/fr\/centre-de-connaissances\/isolement-social-et-solitude\/#breadcrumb","itemListElement":[{"@type":"ListItem","position":1,"name":"Institut Atlas pour les v\u00e9t\u00e9rans et leur famille","item":"https:\/\/atlasveterans.ca\/fr\/"},{"@type":"ListItem","position":2,"name":"Centre de connaissances","item":"https:\/\/atlasveterans.ca\/fr\/centre-de-connaissances\/"},{"@type":"ListItem","position":3,"name":"Isolement social et solitude"}]},{"@type":"WebSite","@id":"https:\/\/atlasveterans.ca\/fr\/#website","url":"https:\/\/atlasveterans.ca\/fr\/","name":"Institut Atlas pour les v\u00e9t\u00e9rans et leur famille","description":"Get resources, find support","publisher":{"@id":"https:\/\/atlasveterans.ca\/fr\/#organization"},"potentialAction":[{"@type":"SearchAction","target":{"@type":"EntryPoint","urlTemplate":"https:\/\/atlasveterans.ca\/fr\/?s={search_term_string}"},"query-input":{"@type":"PropertyValueSpecification","valueRequired":true,"valueName":"search_term_string"}}],"inLanguage":"fr-FR"},{"@type":"Organization","@id":"https:\/\/atlasveterans.ca\/fr\/#organization","name":"Atlas Institute For Veterans and Families","url":"https:\/\/atlasveterans.ca\/fr\/","logo":{"@type":"ImageObject","inLanguage":"fr-FR","@id":"https:\/\/atlasveterans.ca\/fr\/#\/schema\/logo\/image\/","url":"https:\/\/atlasveterans.ca\/wp-content\/uploads\/2022\/03\/logo-withbg-eng-1.jpg","contentUrl":"https:\/\/atlasveterans.ca\/wp-content\/uploads\/2022\/03\/logo-withbg-eng-1.jpg","width":800,"height":400,"caption":"Atlas Institute For Veterans and Families"},"image":{"@id":"https:\/\/atlasveterans.ca\/fr\/#\/schema\/logo\/image\/"},"sameAs":["https:\/\/www.facebook.com\/atlasveteransca","https:\/\/x.com\/atlasveteransca","https:\/\/www.instagram.com\/atlasveteransca\/","https:\/\/www.linkedin.com\/company\/atlasveteransca\/","https:\/\/www.youtube.com\/atlasveteransca"]}]}},"_links":{"self":[{"href":"https:\/\/atlasveterans.ca\/fr\/wp-json\/wp\/v2\/pages\/29160","targetHints":{"allow":["GET"]}}],"collection":[{"href":"https:\/\/atlasveterans.ca\/fr\/wp-json\/wp\/v2\/pages"}],"about":[{"href":"https:\/\/atlasveterans.ca\/fr\/wp-json\/wp\/v2\/types\/page"}],"author":[{"embeddable":true,"href":"https:\/\/atlasveterans.ca\/fr\/wp-json\/wp\/v2\/users\/3"}],"replies":[{"embeddable":true,"href":"https:\/\/atlasveterans.ca\/fr\/wp-json\/wp\/v2\/comments?post=29160"}],"version-history":[{"count":5,"href":"https:\/\/atlasveterans.ca\/fr\/wp-json\/wp\/v2\/pages\/29160\/revisions"}],"predecessor-version":[{"id":29263,"href":"https:\/\/atlasveterans.ca\/fr\/wp-json\/wp\/v2\/pages\/29160\/revisions\/29263"}],"up":[{"embeddable":true,"href":"https:\/\/atlasveterans.ca\/fr\/wp-json\/wp\/v2\/pages\/1764"}],"wp:featuredmedia":[{"embeddable":true,"href":"https:\/\/atlasveterans.ca\/fr\/wp-json\/wp\/v2\/media\/2290"}],"wp:attachment":[{"href":"https:\/\/atlasveterans.ca\/fr\/wp-json\/wp\/v2\/media?parent=29160"}],"wp:term":[{"taxonomy":"category","embeddable":true,"href":"https:\/\/atlasveterans.ca\/fr\/wp-json\/wp\/v2\/categories?post=29160"},{"taxonomy":"post_tag","embeddable":true,"href":"https:\/\/atlasveterans.ca\/fr\/wp-json\/wp\/v2\/tags?post=29160"}],"curies":[{"name":"wp","href":"https:\/\/api.w.org\/{rel}","templated":true}]}}