{"id":4461,"date":"2022-04-29T11:11:07","date_gmt":"2022-04-29T15:11:07","guid":{"rendered":"https:\/\/atlasveterans.ca\/?page_id=4461"},"modified":"2026-01-29T09:31:49","modified_gmt":"2026-01-29T14:31:49","slug":"evenements","status":"publish","type":"page","link":"https:\/\/atlasveterans.ca\/fr\/communaute\/evenements\/","title":{"rendered":"\u00c9v\u00e9nements"},"content":{"rendered":"<div class=\"wpb-content-wrapper\"><p>[vc_section full_width=\u00a0\u00bbstretch_row\u00a0\u00bb el_class=\u00a0\u00bbsection&#8211;hasBG element&#8211;whiteText\u00a0\u00bb css=\u00a0\u00bb.vc_custom_1650642491657{background-image: url(https:\/\/atlasveterans.ca\/wp-content\/uploads\/2022\/03\/atlas-hero-generic.jpg?id=2289) !important;}\u00a0\u00bb][vc_row row_padding_top=\u00a0\u00bbregular\u00a0\u00bb row_padding_bottom=\u00a0\u00bbregular\u00a0\u00bb][vc_column]<div class=\"breadcrumbs breadcrumbs--white\"><span><span><a href=\"https:\/\/atlasveterans.ca\/fr\/\"><i class=\"fas fa-house breadcrumbs__home\" title=\"Accueil\"><\/i><\/a><\/span><\/span><\/div>[vc_column_text css=\u00a0\u00bb\u00a0\u00bb]<\/p>\n<h1>\u00c9v\u00e9nements<\/h1>\n<p class=\"h3 h3--lowercase\"><span style=\"color: #d0d2d3;\">L\u2019Institut Atlas pr\u00e9sente r\u00e9guli\u00e8rement des \u00e9v\u00e9nements tels que des webinaires et des symposiums. Visitez souvent cette page pour voir ce qui s\u2019en vient.<\/span><\/p>\n<p>[\/vc_column_text][\/vc_column][\/vc_row][\/vc_section][vc_row row_padding_top=\u00a0\u00bbsmall\u00a0\u00bb row_padding_bottom=\u00a0\u00bbsmall\u00a0\u00bb full_width=\u00a0\u00bbstretch_row\u00a0\u00bb el_class=\u00a0\u00bbelement&#8211;lightGreyBorderBottom\u00a0\u00bb][vc_column]<div class=\"alm-filters alm-filters-container filters-default\" id=\"alm-filters-events\" data-target=\"eventsresults\" data-style=\"change\" data-id=\"events\"><div class=\"alm-filter alm-filter--group alm-filter--taxonomy col-xs-12 col-md-3\" id=\"alm-filter-1\" data-key=\"taxonomy\" data-fieldtype=\"select\" data-taxonomy=\"event_topic\" data-taxonomy-operator=\"IN\" data-taxonomy-include-children=\"true\" data-selected-value=\"\" data-default-value=\"\"><div class=\"alm-filter--inner\"><div class=\"alm-filter--select \"><select id=\"taxonomy-select-1\" class=\"alm-filter--item\"><option value=\"#\">Choisir un sujet<\/option><option id=\"select-suicidalite\" value=\"suicidalite\" data-name=\"Suicidalit\u00e9\">Suicidalit\u00e9<\/option><option id=\"select-sante-des-femmes-veterans\" value=\"sante-des-femmes-veterans\" data-name=\"Sant\u00e9 des femmes v\u00e9t\u00e9rans\">Sant\u00e9 des femmes v\u00e9t\u00e9rans<\/option><option id=\"select-cannabis-fr\" value=\"cannabis-fr\" data-name=\"Cannabis\">Cannabis<\/option><option id=\"select-familles-et-amis\" value=\"familles-et-amis\" data-name=\"Familles et amis\">Familles et amis<\/option><option id=\"select-traumatisme-sexuel-lie-au-service-militaire\" value=\"traumatisme-sexuel-lie-au-service-militaire\" data-name=\"Traumatisme sexuel li\u00e9 au service militaire\">Traumatisme sexuel li\u00e9 au service militaire<\/option><option id=\"select-prejudice-moral\" value=\"prejudice-moral\" data-name=\"Pr\u00e9judice moral\">Pr\u00e9judice moral<\/option><option id=\"select-le-trouble-de-stress-post-traumatique\" value=\"le-trouble-de-stress-post-traumatique\" data-name=\"Trouble de stress post-traumatique\">Trouble de stress post-traumatique<\/option><option id=\"select-les-veterans-dans-les-medias\" value=\"les-veterans-dans-les-medias\" data-name=\"V\u00e9t\u00e9rans dans les m\u00e9dias\">V\u00e9t\u00e9rans dans les m\u00e9dias<\/option><\/select><\/div><\/div><\/div><div class=\"alm-filter alm-filter--group alm-filter--search col-xs-12 col-md-9\" id=\"alm-filter-2\" data-key=\"search\" data-fieldtype=\"text\" data-selected-value=\"\" data-default-value=\"\"><div class=\"alm-filter--inner\"><div class=\"alm-filter--text\"><div class=\"alm-filter--text-wrap has-button\"><input class=\"alm-filter--textfield textfield\" type=\"text\" id=\"search-text-2\" name=\"search-text\" value=\"\"placeholder=\"Recherche par titre, mots-cl\u00e9s, etc.\" \/><button type=\"button\"><i class=\"fas fa-angle-right\"><\/i><\/button><\/div><\/div><\/div><\/div><div class=\"alm-filters--loading\"><\/div><\/div>[\/vc_column][\/vc_row][vc_section][vc_row row_padding_top=\u00a0\u00bbsmall\u00a0\u00bb row_padding_bottom=\u00a0\u00bbextraSmall\u00a0\u00bb content_placement=\u00a0\u00bbbottom\u00a0\u00bb el_class=\u00a0\u00bbelement&#8211;lightGreyThickBorderBottom\u00a0\u00bb][vc_column width=\u00a0\u00bb2\/3&Prime;][vc_column_text el_id=\u00a0\u00bbeventsTitle\u00a0\u00bb]<\/p>\n<h2>\u00c9v\u00e9nements \u00e0 venir<\/h2>\n<p>[\/vc_column_text][\/vc_column][vc_column width=\u00a0\u00bb1\/3&Prime;][vc_column_text el_id=\u00a0\u00bbcountContainer\u00a0\u00bb el_class=\u00a0\u00bbelement&#8211;textRight\u00a0\u00bb][\/vc_column_text][\/vc_column][\/vc_row][vc_row row_padding_bottom=\u00a0\u00bbregular\u00a0\u00bb curved_border=\u00a0\u00bb\u00a0\u00bb][vc_column css=\u00a0\u00bb.vc_custom_1646337803200{padding-right: 0px !important;padding-left: 0px !important;}\u00a0\u00bb el_class=\u00a0\u00bbelement&#8211;whiteBG\u00a0\u00bb]<div id=\"ajax-load-more\" class=\"ajax-load-more-wrap default\" data-id=\"eventsresults\" data-alm-id=\"\" data-canonical-url=\"https:\/\/atlasveterans.ca\/fr\/communaute\/evenements\/\" data-slug=\"evenements\" data-post-id=\"4461\"  data-localized=\"ajax_load_more_eventsresults_vars\" data-alm-object=\"ajax_load_more_eventsresults\"><div aria-live=\"polite\" aria-atomic=\"true\" class=\"alm-listing alm-ajax alm-has-transition almListings--flex\" data-filters=\"true\" data-filters-target=\"events\" data-filters-url=\"true\" data-filters-paging=\"true\" data-filters-scroll=\"false\" data-filters-scrolltop=\"30\" data-container-type=\"div\" data-loading-style=\"default\" data-theme-repeater=\"events.php\" data-post-type=\"event\" data-meta-key=\"date_time_end_date\" data-meta-value=\"20260413\" data-meta-compare=\"&gt;=\" data-custom-args=\"post_parent:0\" data-order=\"ASC\" data-orderby=\"meta_value_num\" data-offset=\"0\" data-posts-per-page=\"12\" data-lang=\"fr\" data-max-pages=\"2\" data-button-label=\"Afficher plus\" data-button-done-label=\"Nothing left to load\"><\/div><div class=\"alm-placeholder\"><img decoding=\"async\" src=\"https:\/\/atlasveterans.ca\/wp-content\/plugins\/ajax-load-more\/build\/frontend\/img\/placeholder.png\" alt=\"\" loading=\"lazy\"><\/div><div class=\"alm-btn-wrap\" data-rel=\"ajax-load-more\"><button class=\"alm-load-more-btn more \" type=\"button\">Afficher plus<\/button><\/div><div class=\"alm-no-results\" style=\"display: none;\"><div class='noResults'>Aucun \u00e9v\u00e9nement \u00e0 venir disponible, revenez bient\u00f4t !<\/div><\/div><\/div>[\/vc_column][\/vc_row][\/vc_section][vc_row row_padding_top=\u00a0\u00bbregular\u00a0\u00bb row_padding_bottom=\u00a0\u00bbregular\u00a0\u00bb full_width=\u00a0\u00bbstretch_row\u00a0\u00bb el_class=\u00a0\u00bbelement&#8211;textCenter element&#8211;tanBG\u00a0\u00bb][vc_column][vc_column_text]<\/p>\n<h2>Les ressources des \u00e9v\u00e9nements pass\u00e9s peuvent \u00eatre consult\u00e9es et t\u00e9l\u00e9charg\u00e9es<\/h2>\n<p>[\/vc_column_text][vc_btn title=\u00a0\u00bbVoir \u00e9v\u00e9nements pass\u00e9s\u00a0\u00bb text_colour=\u00a0\u00bbgold\u00a0\u00bb hover_text_colour=\u00a0\u00bbgreen\u00a0\u00bb size=\u00a0\u00bb\u00a0\u00bb align=\u00a0\u00bbcenter\u00a0\u00bb link=\u00a0\u00bburl:https%3A%2F%2Fatlasveterans.ca%2Ffr%2Fcommunaute%2Fevenements-passes%2F|title:Past%20Events\u00a0\u00bb][\/vc_column][\/vc_row][vc_row row_padding_top=\u00a0\u00bbregular\u00a0\u00bb row_padding_bottom=\u00a0\u00bbregular\u00a0\u00bb full_width=\u00a0\u00bbstretch_row\u00a0\u00bb el_class=\u00a0\u00bbelement&#8211;textCenter section&#8211;hasBG\u00a0\u00bb css=\u00a0\u00bb.vc_custom_1764626647614{background-image: url(https:\/\/atlasveterans.ca\/wp-content\/uploads\/2022\/02\/Atlas-TopFold-Search-Pattern-Desktop-2-flipped.jpg?id=475) !important;}\u00a0\u00bb][vc_column][vc_column_text css=\u00a0\u00bb\u00a0\u00bb el_class=\u00a0\u00bbelement&#8211;whiteText\u00a0\u00bb]<\/p>\n<h2>Vous \u00eates \u00e0 la recherche de nos possibilit\u00e9s d\u2019apprentissage et nos formations?<\/h2>\n<p>[\/vc_column_text][vc_btn title=\u00a0\u00bbConsultez notre page Formation\u00a0\u00bb text_colour=\u00a0\u00bbdarkGreen\u00a0\u00bb effect_colour=\u00a0\u00bbgradient\u00a0\u00bb hover_text_colour=\u00a0\u00bbwhite\u00a0\u00bb size=\u00a0\u00bb\u00a0\u00bb align=\u00a0\u00bbcenter\u00a0\u00bb css=\u00a0\u00bb\u00a0\u00bb link=\u00a0\u00bburl:https%3A%2F%2Fatlasveterans.ca%2Ffr%2Fcommunaute%2Fformation%2F|title:Consultez%20notre%20page%20Formation\u00a0\u00bb][\/vc_column][\/vc_row]<\/p>\n<\/div>","protected":false},"excerpt":{"rendered":"<p>[vc_section full_width=\u00a0\u00bbstretch_row\u00a0\u00bb el_class=\u00a0\u00bbsection&#8211;hasBG element&#8211;whiteText\u00a0\u00bb css=\u00a0\u00bb.vc_custom_1650642491657{background-image: url(https:\/\/atlasveterans.ca\/wp-content\/uploads\/2022\/03\/atlas-hero-generic.jpg?id=2289) !important;}\u00a0\u00bb][vc_row row_padding_top=\u00a0\u00bbregular\u00a0\u00bb row_padding_bottom=\u00a0\u00bbregular\u00a0\u00bb][vc_column][vc_column_text css=\u00a0\u00bb\u00a0\u00bb] \u00c9v\u00e9nements L\u2019Institut Atlas pr\u00e9sente r\u00e9guli\u00e8rement des \u00e9v\u00e9nements tels que des webinaires et des symposiums. Visitez souvent cette page pour voir ce qui s\u2019en vient. [\/vc_column_text][\/vc_column][\/vc_row][\/vc_section][vc_row row_padding_top=\u00a0\u00bbsmall\u00a0\u00bb row_padding_bottom=\u00a0\u00bbsmall\u00a0\u00bb full_width=\u00a0\u00bbstretch_row\u00a0\u00bb el_class=\u00a0\u00bbelement&#8211;lightGreyBorderBottom\u00a0\u00bb][vc_column][\/vc_column][\/vc_row][vc_section][vc_row row_padding_top=\u00a0\u00bbsmall\u00a0\u00bb row_padding_bottom=\u00a0\u00bbextraSmall\u00a0\u00bb content_placement=\u00a0\u00bbbottom\u00a0\u00bb el_class=\u00a0\u00bbelement&#8211;lightGreyThickBorderBottom\u00a0\u00bb][vc_column width=\u00a0\u00bb2\/3&Prime;][vc_column_text el_id=\u00a0\u00bbeventsTitle\u00a0\u00bb] \u00c9v\u00e9nements \u00e0 venir [\/vc_column_text][\/vc_column][vc_column width=\u00a0\u00bb1\/3&Prime;][vc_column_text el_id=\u00a0\u00bbcountContainer\u00a0\u00bb el_class=\u00a0\u00bbelement&#8211;textRight\u00a0\u00bb][\/vc_column_text][\/vc_column][\/vc_row][vc_row row_padding_bottom=\u00a0\u00bbregular\u00a0\u00bb curved_border=\u00a0\u00bb\u00a0\u00bb][vc_column css=\u00a0\u00bb.vc_custom_1646337803200{padding-right:&#8230;<\/p>\n","protected":false},"author":3,"featured_media":0,"parent":1750,"menu_order":64,"comment_status":"closed","ping_status":"closed","template":"","meta":{"_acf_changed":false,"inline_featured_image":false,"footnotes":""},"categories":[],"tags":[],"class_list":["post-4461","page","type-page","status-publish","hentry"],"acf":[],"yoast_head":"<!-- This site is optimized with the Yoast SEO plugin v27.3 - https:\/\/yoast.com\/product\/yoast-seo-wordpress\/ -->\n<title>\u00c9v\u00e9nements &#183; Institut Atlas pour les v\u00e9t\u00e9rans et leur famille<\/title>\n<meta name=\"robots\" content=\"index, follow, max-snippet:-1, max-image-preview:large, max-video-preview:-1\" \/>\n<link rel=\"canonical\" href=\"https:\/\/atlasveterans.ca\/fr\/communaute\/evenements\/\" \/>\n<meta property=\"og:locale\" content=\"fr_FR\" \/>\n<meta property=\"og:type\" content=\"article\" \/>\n<meta property=\"og:title\" content=\"\u00c9v\u00e9nements &#183; Institut Atlas pour les v\u00e9t\u00e9rans et leur famille\" \/>\n<meta property=\"og:description\" content=\"[vc_section full_width=\u00a0\u00bbstretch_row\u00a0\u00bb el_class=\u00a0\u00bbsection&#8211;hasBG element&#8211;whiteText\u00a0\u00bb css=\u00a0\u00bb.vc_custom_1650642491657{background-image: url(https:\/\/atlasveterans.ca\/wp-content\/uploads\/2022\/03\/atlas-hero-generic.jpg?id=2289) !important;}\u00a0\u00bb][vc_row row_padding_top=\u00a0\u00bbregular\u00a0\u00bb row_padding_bottom=\u00a0\u00bbregular\u00a0\u00bb][vc_column][vc_column_text css=\u00a0\u00bb\u00a0\u00bb] \u00c9v\u00e9nements L\u2019Institut Atlas pr\u00e9sente r\u00e9guli\u00e8rement des \u00e9v\u00e9nements tels que des webinaires et des symposiums. Visitez souvent cette page pour voir ce qui s\u2019en vient. [\/vc_column_text][\/vc_column][\/vc_row][\/vc_section][vc_row row_padding_top=\u00a0\u00bbsmall\u00a0\u00bb row_padding_bottom=\u00a0\u00bbsmall\u00a0\u00bb full_width=\u00a0\u00bbstretch_row\u00a0\u00bb el_class=\u00a0\u00bbelement&#8211;lightGreyBorderBottom\u00a0\u00bb][vc_column][\/vc_column][\/vc_row][vc_section][vc_row row_padding_top=\u00a0\u00bbsmall\u00a0\u00bb row_padding_bottom=\u00a0\u00bbextraSmall\u00a0\u00bb content_placement=\u00a0\u00bbbottom\u00a0\u00bb el_class=\u00a0\u00bbelement&#8211;lightGreyThickBorderBottom\u00a0\u00bb][vc_column width=\u00a0\u00bb2\/3&Prime;][vc_column_text el_id=\u00a0\u00bbeventsTitle\u00a0\u00bb] \u00c9v\u00e9nements \u00e0 venir [\/vc_column_text][\/vc_column][vc_column width=\u00a0\u00bb1\/3&Prime;][vc_column_text el_id=\u00a0\u00bbcountContainer\u00a0\u00bb el_class=\u00a0\u00bbelement&#8211;textRight\u00a0\u00bb][\/vc_column_text][\/vc_column][\/vc_row][vc_row row_padding_bottom=\u00a0\u00bbregular\u00a0\u00bb curved_border=\u00a0\u00bb\u00a0\u00bb][vc_column css=\u00a0\u00bb.vc_custom_1646337803200{padding-right:...\" \/>\n<meta property=\"og:url\" content=\"https:\/\/atlasveterans.ca\/fr\/communaute\/evenements\/\" \/>\n<meta property=\"og:site_name\" content=\"Institut Atlas pour les v\u00e9t\u00e9rans et leur famille\" \/>\n<meta property=\"article:publisher\" content=\"https:\/\/www.facebook.com\/atlasveteransca\" \/>\n<meta property=\"article:modified_time\" content=\"2026-01-29T14:31:49+00:00\" \/>\n<meta property=\"og:image\" content=\"https:\/\/atlasveterans.ca\/wp-content\/uploads\/2022\/03\/atlas-homepage-hero-1.jpg\" \/>\n\t<meta property=\"og:image:width\" content=\"1600\" \/>\n\t<meta property=\"og:image:height\" content=\"1100\" \/>\n\t<meta property=\"og:image:type\" content=\"image\/jpeg\" \/>\n<meta name=\"twitter:card\" content=\"summary_large_image\" \/>\n<meta name=\"twitter:site\" content=\"@atlasveteransca\" \/>\n<meta name=\"twitter:label1\" content=\"Dur\u00e9e de lecture estim\u00e9e\" \/>\n\t<meta name=\"twitter:data1\" content=\"1 minute\" \/>\n<script type=\"application\/ld+json\" class=\"yoast-schema-graph\">{\"@context\":\"https:\\\/\\\/schema.org\",\"@graph\":[{\"@type\":\"WebPage\",\"@id\":\"https:\\\/\\\/atlasveterans.ca\\\/fr\\\/communaute\\\/evenements\\\/\",\"url\":\"https:\\\/\\\/atlasveterans.ca\\\/fr\\\/communaute\\\/evenements\\\/\",\"name\":\"\u00c9v\u00e9nements &#183; Institut Atlas pour les v\u00e9t\u00e9rans et leur famille\",\"isPartOf\":{\"@id\":\"https:\\\/\\\/atlasveterans.ca\\\/fr\\\/#website\"},\"datePublished\":\"2022-04-29T15:11:07+00:00\",\"dateModified\":\"2026-01-29T14:31:49+00:00\",\"breadcrumb\":{\"@id\":\"https:\\\/\\\/atlasveterans.ca\\\/fr\\\/communaute\\\/evenements\\\/#breadcrumb\"},\"inLanguage\":\"fr-FR\",\"potentialAction\":[{\"@type\":\"ReadAction\",\"target\":[\"https:\\\/\\\/atlasveterans.ca\\\/fr\\\/communaute\\\/evenements\\\/\"]}]},{\"@type\":\"BreadcrumbList\",\"@id\":\"https:\\\/\\\/atlasveterans.ca\\\/fr\\\/communaute\\\/evenements\\\/#breadcrumb\",\"itemListElement\":[{\"@type\":\"ListItem\",\"position\":1,\"name\":\"Institut Atlas pour les v\u00e9t\u00e9rans et leur famille\",\"item\":\"https:\\\/\\\/atlasveterans.ca\\\/fr\\\/\"},{\"@type\":\"ListItem\",\"position\":2,\"name\":\"Quoi de neuf\",\"item\":\"https:\\\/\\\/atlasveterans.ca\\\/fr\\\/communaute\\\/\"},{\"@type\":\"ListItem\",\"position\":3,\"name\":\"\u00c9v\u00e9nements\"}]},{\"@type\":\"WebSite\",\"@id\":\"https:\\\/\\\/atlasveterans.ca\\\/fr\\\/#website\",\"url\":\"https:\\\/\\\/atlasveterans.ca\\\/fr\\\/\",\"name\":\"Institut Atlas pour les v\u00e9t\u00e9rans et leur famille\",\"description\":\"Get resources, find support\",\"publisher\":{\"@id\":\"https:\\\/\\\/atlasveterans.ca\\\/fr\\\/#organization\"},\"potentialAction\":[{\"@type\":\"SearchAction\",\"target\":{\"@type\":\"EntryPoint\",\"urlTemplate\":\"https:\\\/\\\/atlasveterans.ca\\\/fr\\\/?s={search_term_string}\"},\"query-input\":{\"@type\":\"PropertyValueSpecification\",\"valueRequired\":true,\"valueName\":\"search_term_string\"}}],\"inLanguage\":\"fr-FR\"},{\"@type\":\"Organization\",\"@id\":\"https:\\\/\\\/atlasveterans.ca\\\/fr\\\/#organization\",\"name\":\"Atlas Institute For Veterans and Families\",\"url\":\"https:\\\/\\\/atlasveterans.ca\\\/fr\\\/\",\"logo\":{\"@type\":\"ImageObject\",\"inLanguage\":\"fr-FR\",\"@id\":\"https:\\\/\\\/atlasveterans.ca\\\/fr\\\/#\\\/schema\\\/logo\\\/image\\\/\",\"url\":\"https:\\\/\\\/atlasveterans.ca\\\/wp-content\\\/uploads\\\/2022\\\/03\\\/logo-withbg-eng-1.jpg\",\"contentUrl\":\"https:\\\/\\\/atlasveterans.ca\\\/wp-content\\\/uploads\\\/2022\\\/03\\\/logo-withbg-eng-1.jpg\",\"width\":800,\"height\":400,\"caption\":\"Atlas Institute For Veterans and Families\"},\"image\":{\"@id\":\"https:\\\/\\\/atlasveterans.ca\\\/fr\\\/#\\\/schema\\\/logo\\\/image\\\/\"},\"sameAs\":[\"https:\\\/\\\/www.facebook.com\\\/atlasveteransca\",\"https:\\\/\\\/x.com\\\/atlasveteransca\",\"https:\\\/\\\/www.instagram.com\\\/atlasveteransca\\\/\",\"https:\\\/\\\/www.linkedin.com\\\/company\\\/atlasveteransca\\\/\",\"https:\\\/\\\/www.youtube.com\\\/atlasveteransca\"]}]}<\/script>\n<!-- \/ Yoast SEO plugin. -->","yoast_head_json":{"title":"\u00c9v\u00e9nements &#183; Institut Atlas pour les v\u00e9t\u00e9rans et leur famille","robots":{"index":"index","follow":"follow","max-snippet":"max-snippet:-1","max-image-preview":"max-image-preview:large","max-video-preview":"max-video-preview:-1"},"canonical":"https:\/\/atlasveterans.ca\/fr\/communaute\/evenements\/","og_locale":"fr_FR","og_type":"article","og_title":"\u00c9v\u00e9nements &#183; Institut Atlas pour les v\u00e9t\u00e9rans et leur famille","og_description":"[vc_section full_width=\u00a0\u00bbstretch_row\u00a0\u00bb el_class=\u00a0\u00bbsection&#8211;hasBG element&#8211;whiteText\u00a0\u00bb css=\u00a0\u00bb.vc_custom_1650642491657{background-image: url(https:\/\/atlasveterans.ca\/wp-content\/uploads\/2022\/03\/atlas-hero-generic.jpg?id=2289) !important;}\u00a0\u00bb][vc_row row_padding_top=\u00a0\u00bbregular\u00a0\u00bb row_padding_bottom=\u00a0\u00bbregular\u00a0\u00bb][vc_column][vc_column_text css=\u00a0\u00bb\u00a0\u00bb] \u00c9v\u00e9nements L\u2019Institut Atlas pr\u00e9sente r\u00e9guli\u00e8rement des \u00e9v\u00e9nements tels que des webinaires et des symposiums. Visitez souvent cette page pour voir ce qui s\u2019en vient. [\/vc_column_text][\/vc_column][\/vc_row][\/vc_section][vc_row row_padding_top=\u00a0\u00bbsmall\u00a0\u00bb row_padding_bottom=\u00a0\u00bbsmall\u00a0\u00bb full_width=\u00a0\u00bbstretch_row\u00a0\u00bb el_class=\u00a0\u00bbelement&#8211;lightGreyBorderBottom\u00a0\u00bb][vc_column][\/vc_column][\/vc_row][vc_section][vc_row row_padding_top=\u00a0\u00bbsmall\u00a0\u00bb row_padding_bottom=\u00a0\u00bbextraSmall\u00a0\u00bb content_placement=\u00a0\u00bbbottom\u00a0\u00bb el_class=\u00a0\u00bbelement&#8211;lightGreyThickBorderBottom\u00a0\u00bb][vc_column width=\u00a0\u00bb2\/3&Prime;][vc_column_text el_id=\u00a0\u00bbeventsTitle\u00a0\u00bb] \u00c9v\u00e9nements \u00e0 venir [\/vc_column_text][\/vc_column][vc_column width=\u00a0\u00bb1\/3&Prime;][vc_column_text el_id=\u00a0\u00bbcountContainer\u00a0\u00bb el_class=\u00a0\u00bbelement&#8211;textRight\u00a0\u00bb][\/vc_column_text][\/vc_column][\/vc_row][vc_row row_padding_bottom=\u00a0\u00bbregular\u00a0\u00bb curved_border=\u00a0\u00bb\u00a0\u00bb][vc_column css=\u00a0\u00bb.vc_custom_1646337803200{padding-right:...","og_url":"https:\/\/atlasveterans.ca\/fr\/communaute\/evenements\/","og_site_name":"Institut Atlas pour les v\u00e9t\u00e9rans et leur famille","article_publisher":"https:\/\/www.facebook.com\/atlasveteransca","article_modified_time":"2026-01-29T14:31:49+00:00","og_image":[{"width":1600,"height":1100,"url":"https:\/\/atlasveterans.ca\/wp-content\/uploads\/2022\/03\/atlas-homepage-hero-1.jpg","type":"image\/jpeg"}],"twitter_card":"summary_large_image","twitter_site":"@atlasveteransca","twitter_misc":{"Dur\u00e9e de lecture estim\u00e9e":"1 minute"},"schema":{"@context":"https:\/\/schema.org","@graph":[{"@type":"WebPage","@id":"https:\/\/atlasveterans.ca\/fr\/communaute\/evenements\/","url":"https:\/\/atlasveterans.ca\/fr\/communaute\/evenements\/","name":"\u00c9v\u00e9nements &#183; Institut Atlas pour les v\u00e9t\u00e9rans et leur famille","isPartOf":{"@id":"https:\/\/atlasveterans.ca\/fr\/#website"},"datePublished":"2022-04-29T15:11:07+00:00","dateModified":"2026-01-29T14:31:49+00:00","breadcrumb":{"@id":"https:\/\/atlasveterans.ca\/fr\/communaute\/evenements\/#breadcrumb"},"inLanguage":"fr-FR","potentialAction":[{"@type":"ReadAction","target":["https:\/\/atlasveterans.ca\/fr\/communaute\/evenements\/"]}]},{"@type":"BreadcrumbList","@id":"https:\/\/atlasveterans.ca\/fr\/communaute\/evenements\/#breadcrumb","itemListElement":[{"@type":"ListItem","position":1,"name":"Institut Atlas pour les v\u00e9t\u00e9rans et leur famille","item":"https:\/\/atlasveterans.ca\/fr\/"},{"@type":"ListItem","position":2,"name":"Quoi de neuf","item":"https:\/\/atlasveterans.ca\/fr\/communaute\/"},{"@type":"ListItem","position":3,"name":"\u00c9v\u00e9nements"}]},{"@type":"WebSite","@id":"https:\/\/atlasveterans.ca\/fr\/#website","url":"https:\/\/atlasveterans.ca\/fr\/","name":"Institut Atlas pour les v\u00e9t\u00e9rans et leur famille","description":"Get resources, find support","publisher":{"@id":"https:\/\/atlasveterans.ca\/fr\/#organization"},"potentialAction":[{"@type":"SearchAction","target":{"@type":"EntryPoint","urlTemplate":"https:\/\/atlasveterans.ca\/fr\/?s={search_term_string}"},"query-input":{"@type":"PropertyValueSpecification","valueRequired":true,"valueName":"search_term_string"}}],"inLanguage":"fr-FR"},{"@type":"Organization","@id":"https:\/\/atlasveterans.ca\/fr\/#organization","name":"Atlas Institute For Veterans and Families","url":"https:\/\/atlasveterans.ca\/fr\/","logo":{"@type":"ImageObject","inLanguage":"fr-FR","@id":"https:\/\/atlasveterans.ca\/fr\/#\/schema\/logo\/image\/","url":"https:\/\/atlasveterans.ca\/wp-content\/uploads\/2022\/03\/logo-withbg-eng-1.jpg","contentUrl":"https:\/\/atlasveterans.ca\/wp-content\/uploads\/2022\/03\/logo-withbg-eng-1.jpg","width":800,"height":400,"caption":"Atlas Institute For Veterans and Families"},"image":{"@id":"https:\/\/atlasveterans.ca\/fr\/#\/schema\/logo\/image\/"},"sameAs":["https:\/\/www.facebook.com\/atlasveteransca","https:\/\/x.com\/atlasveteransca","https:\/\/www.instagram.com\/atlasveteransca\/","https:\/\/www.linkedin.com\/company\/atlasveteransca\/","https:\/\/www.youtube.com\/atlasveteransca"]}]}},"_links":{"self":[{"href":"https:\/\/atlasveterans.ca\/fr\/wp-json\/wp\/v2\/pages\/4461","targetHints":{"allow":["GET"]}}],"collection":[{"href":"https:\/\/atlasveterans.ca\/fr\/wp-json\/wp\/v2\/pages"}],"about":[{"href":"https:\/\/atlasveterans.ca\/fr\/wp-json\/wp\/v2\/types\/page"}],"author":[{"embeddable":true,"href":"https:\/\/atlasveterans.ca\/fr\/wp-json\/wp\/v2\/users\/3"}],"replies":[{"embeddable":true,"href":"https:\/\/atlasveterans.ca\/fr\/wp-json\/wp\/v2\/comments?post=4461"}],"version-history":[{"count":5,"href":"https:\/\/atlasveterans.ca\/fr\/wp-json\/wp\/v2\/pages\/4461\/revisions"}],"predecessor-version":[{"id":27518,"href":"https:\/\/atlasveterans.ca\/fr\/wp-json\/wp\/v2\/pages\/4461\/revisions\/27518"}],"up":[{"embeddable":true,"href":"https:\/\/atlasveterans.ca\/fr\/wp-json\/wp\/v2\/pages\/1750"}],"wp:attachment":[{"href":"https:\/\/atlasveterans.ca\/fr\/wp-json\/wp\/v2\/media?parent=4461"}],"wp:term":[{"taxonomy":"category","embeddable":true,"href":"https:\/\/atlasveterans.ca\/fr\/wp-json\/wp\/v2\/categories?post=4461"},{"taxonomy":"post_tag","embeddable":true,"href":"https:\/\/atlasveterans.ca\/fr\/wp-json\/wp\/v2\/tags?post=4461"}],"curies":[{"name":"wp","href":"https:\/\/api.w.org\/{rel}","templated":true}]}}