{"id":9321,"date":"2022-11-07T15:30:25","date_gmt":"2022-11-07T20:30:25","guid":{"rendered":"https:\/\/atlasveterans.ca\/?page_id=9321"},"modified":"2026-04-22T16:50:30","modified_gmt":"2026-04-22T20:50:30","slug":"histoires-de-veterans-et-de-familles","status":"publish","type":"page","link":"https:\/\/atlasveterans.ca\/fr\/communaute\/histoires-de-veterans-et-de-familles\/","title":{"rendered":"Histoires de v\u00e9t\u00e9rans et de familles"},"content":{"rendered":"<div class=\"wpb-content-wrapper\"><p>[vc_row row_padding_top=\u00a0\u00bbregular\u00a0\u00bb row_padding_bottom=\u00a0\u00bbextraSmall\u00a0\u00bb][vc_column][vc_column_text css=\u00a0\u00bb\u00a0\u00bb]<\/p>\n<h2>Donner une voix \u00e0 la communaut\u00e9 des v\u00e9t\u00e9rans et de leur famille,<br \/>\nune histoire \u00e0 la fois<\/h2>\n<p>[\/vc_column_text][\/vc_column][\/vc_row][vc_row row_padding_top=\u00a0\u00bbextraSmall\u00a0\u00bb row_padding_bottom=\u00a0\u00bbextraSmall\u00a0\u00bb][vc_column width=\u00a0\u00bb2\/3&Prime;][vc_column_text css=\u00a0\u00bb\u00a0\u00bb]Les histoires gu\u00e9rissent. Que ce soit en racontant leurs propres exp\u00e9riences ou en \u00e9coutant celles des autres, les histoires sont souvent une lueur d\u2019espoir. Ces histoires num\u00e9riques ont \u00e9t\u00e9 racont\u00e9es par des v\u00e9t\u00e9rans et des membres de leur famille des Forces arm\u00e9es canadiennes (FAC) et de la Gendarmerie royale du Canada (GRC) de partout au Canada. Dans leurs propres mots, ils partagent un fil conducteur de r\u00e9tablissement et de r\u00e9silience. En donnant vie \u00e0 ces histoires, nous esp\u00e9rons soutenir les autres dans leur propre parcours.[\/vc_column_text][\/vc_column][vc_column width=\u00a0\u00bb1\/3&Prime;][vc_column_text css=\u00a0\u00bb\u00a0\u00bb el_class=\u00a0\u00bbelement&#8211;whiteText element&#8211;lightGreenBG element&#8211;smallPadding\u00a0\u00bb]<strong><em>Si vous avez besoin de soutien, veuillez consulter notre <a style=\"color: #ffffff;\" href=\"https:\/\/atlasveterans.ca\/fr\/repertoire-des-services\/\">page de ressources<\/a> pour un r\u00e9pertoire des services offerts aux membres actuels et anciens des Forces arm\u00e9es et de la Gendarmerie royale du Canada, ainsi qu\u2019\u00e0 leurs familles. <\/em><\/strong>[\/vc_column_text][\/vc_column][\/vc_row][vc_row row_padding_bottom=\u00a0\u00bbextraSmall\u00a0\u00bb][vc_column el_class=\u00a0\u00bbmobile_home\u00a0\u00bb]<div class=\"alm-filters alm-filters-container filters-default\" id=\"alm-filters-digital_stories\" data-target=\"digital_stories\" data-style=\"change\" data-id=\"digital_stories\"><div class=\"alm-filter alm-filter--group alm-filter--postType hidden\" id=\"alm-filter-1\" data-key=\"postType\" data-fieldtype=\"select\" data-selected-value=\"\" data-default-value=\"digital_story\"><div class=\"alm-filter--inner\"><\/div><\/div><div class=\"alm-filter alm-filter--group alm-filter--taxonomy col-xs-12 col-md-6\" id=\"alm-filter-2\" data-key=\"taxonomy\" data-fieldtype=\"select\" data-taxonomy=\"knowledge_area\" data-taxonomy-operator=\"IN\" data-taxonomy-include-children=\"true\" data-selected-value=\"\" data-default-value=\"\"><div class=\"alm-filter--inner\"><div class=\"alm-filter--select \"><select id=\"taxonomy-select-2\" class=\"alm-filter--item\"><option value=\"#\">Choisir un sujet<\/option><option id=\"select-soutien-par-les-pairs\" value=\"soutien-par-les-pairs\" data-name=\"Soutien par les pairs\">Soutien par les pairs<\/option><option id=\"select-amis-et-familles-de-veterans\" value=\"amis-et-familles-de-veterans\" data-name=\"Amis et familles de v\u00e9t\u00e9rans\">Amis et familles de v\u00e9t\u00e9rans<\/option><option id=\"select-post-traumatic-stress-disorder\" value=\"post-traumatic-stress-disorder\" data-name=\"Posttraumatic stress disorder (PTSD)\">Posttraumatic stress disorder (PTSD)<\/option><option id=\"select-prevention-du-suicide\" value=\"prevention-du-suicide\" data-name=\"Pr\u00e9vention du suicide\">Pr\u00e9vention du suicide<\/option><option id=\"select-moral-injury\" value=\"moral-injury\" data-name=\"Moral injury\">Moral injury<\/option><option id=\"select-veterans-de-la-grc\" value=\"veterans-de-la-grc\" data-name=\"V\u00e9t\u00e9rans de la GRC\">V\u00e9t\u00e9rans de la GRC<\/option><option id=\"select-children-of-veterans\" value=\"children-of-veterans\" data-name=\"Children of Veterans\">Children of Veterans<\/option><option id=\"select-military-sexual-trauma-fr\" value=\"military-sexual-trauma-fr\" data-name=\"Traumatisme sexuel li\u00e9 au service militaire\">Traumatisme sexuel li\u00e9 au service militaire<\/option><option id=\"select-peer-support\" value=\"peer-support\" data-name=\"Peer support\">Peer support<\/option><option id=\"select-veteranes\" value=\"veteranes\" data-name=\"V\u00e9t\u00e9ranes\">V\u00e9t\u00e9ranes<\/option><option id=\"select-friends-and-family-of-veterans\" value=\"friends-and-family-of-veterans\" data-name=\"Friends and Family of Veterans\">Friends and Family of Veterans<\/option><option id=\"select-transition-vers-la-vie-apres-le-service\" value=\"transition-vers-la-vie-apres-le-service\" data-name=\"Transition vers la vie apr\u00e8s le service\">Transition vers la vie apr\u00e8s le service<\/option><option id=\"select-suicide-prevention\" value=\"suicide-prevention\" data-name=\"Suicide prevention\">Suicide prevention<\/option><option id=\"select-veterans-des-premieres-nations-inuits-et-metis\" value=\"veterans-des-premieres-nations-inuits-et-metis\" data-name=\"V\u00e9t\u00e9rans des Premi\u00e8res\u00a0Nations, Inuits et M\u00e9tis\">V\u00e9t\u00e9rans des Premi\u00e8res\u00a0Nations, Inuits et M\u00e9tis<\/option><option id=\"select-rcmp-veterans\" value=\"rcmp-veterans\" data-name=\"RCMP Veterans\">RCMP Veterans<\/option><option id=\"select-military-sexual-trauma\" value=\"military-sexual-trauma\" data-name=\"Military sexual trauma\">Military sexual trauma<\/option><option id=\"select-women-veterans\" value=\"women-veterans\" data-name=\"Women Veterans\">Women Veterans<\/option><option id=\"select-transition-to-post-service-life\" value=\"transition-to-post-service-life\" data-name=\"Transition to post-service life\">Transition to post-service life<\/option><option id=\"select-first-nations-inuit-and-metis-veterans\" value=\"first-nations-inuit-and-metis-veterans\" data-name=\"First Nations, Inuit and M\u00e9tis Veterans\">First Nations, Inuit and M\u00e9tis Veterans<\/option><option id=\"select-children-of-veterans-fr\" value=\"children-of-veterans-fr\" data-name=\"Enfants de v\u00e9t\u00e9rans\">Enfants de v\u00e9t\u00e9rans<\/option><option id=\"select-moral-injury-fr\" value=\"moral-injury-fr\" data-name=\"Pr\u00e9judice moral\">Pr\u00e9judice moral<\/option><option id=\"select-post-traumatic-stress-disorder-fr\" value=\"post-traumatic-stress-disorder-fr\" data-name=\"Trouble de stress post-traumatique (TSPT)\">Trouble de stress post-traumatique (TSPT)<\/option><\/select><\/div><\/div><\/div><div class=\"alm-filter alm-filter--group alm-filter--sort col-xs-12 col-md-6\" id=\"alm-filter-3\" data-key=\"sort\" data-fieldtype=\"select\" data-selected-value=\"\" data-default-value=\"DESC:date\"><div class=\"alm-filter--inner\"><div class=\"alm-filter--select \"><select id=\"sort-select-3\" class=\"alm-filter--item\"><option id=\"select-DESC:date\" value=\"DESC:date\" data-name=\"Du plus r\u00e9cent au plus ancien\">Du plus r\u00e9cent au plus ancien<\/option><option id=\"select-ASC:date\" value=\"ASC:date\" data-name=\"Du plus ancien au plus r\u00e9cent\">Du plus ancien au plus r\u00e9cent<\/option><option id=\"select-ASC:title\" value=\"ASC:title\" data-name=\"Trier de A \u00e0 Z\">Trier de A \u00e0 Z<\/option><option id=\"select-DESC:title\" value=\"DESC:title\" data-name=\"Trier de Z \u00e0 A\">Trier de Z \u00e0 A<\/option><\/select><\/div><\/div><\/div><div class=\"alm-filter alm-filter--group alm-filter--search col-xs-12 col-md-12\" id=\"alm-filter-4\" data-key=\"search\" data-fieldtype=\"text\" data-selected-value=\"\" data-default-value=\"\"><div class=\"alm-filter--inner\"><div class=\"alm-filter--text\"><div class=\"alm-filter--text-wrap has-button\"><input class=\"alm-filter--textfield textfield\" type=\"text\" id=\"search-text-4\" name=\"search-text\" value=\"\"placeholder=\"Rechercher les histoires par titre ou par mots-cl\u00e9s \" \/><button type=\"button\"><i class=\"fas fa-angle-right\"><\/i><\/button><\/div><\/div><\/div><\/div><div class=\"alm-filters--controls\"><div class=\"alm-filters--reset\"><button type=\"reset\" id=\"alm-filters-reset-button\" class=\"alm-filters--reset-button\" style=\"display: none;\"><span><i class=\"fas fa-rotate-left\"><\/i><\/span><\/button><\/div><\/div><div class=\"alm-filters--loading\"><\/div><\/div>[\/vc_column][\/vc_row][vc_row row_padding_bottom=\u00a0\u00bbextraSmall\u00a0\u00bb][vc_column el_class=\u00a0\u00bbmobile_home\u00a0\u00bb][vc_separator css=\u00a0\u00bb\u00a0\u00bb][\/vc_column][\/vc_row][vc_section][vc_row row_padding_top=\u00a0\u00bbextraSmall\u00a0\u00bb row_padding_bottom=\u00a0\u00bbregular\u00a0\u00bb][vc_column][vc_raw_html css=\u00a0\u00bb\u00a0\u00bb]JTVCYWpheF9sb2FkX21vcmUlMjBpZCUzRCUyMmRpZ2l0YWxfc3RvcmllcyUyMiUyMHRoZW1lX3JlcGVhdGVyJTNEJTIyZGlnaXRhbF9zdG9yeS5waHAlMjIlMjB0YXJnZXQlM0QlMjJkaWdpdGFsX3N0b3JpZXMlMjIlMjBmaWx0ZXJzJTNEJTIydHJ1ZSUyMiUyMHBvc3RfdHlwZSUzRCUyMmRpZ2l0YWxfc3RvcnklMjIlMjBwb3N0c19wZXJfcGFnZSUzRCUyMjEyJTIyJTIwb3JkZXJieSUzRCUyMmRhdGUlMjIlMjBvcmRlciUzRCUyMkRFU0MlMjIlMjBwbGFjZWhvbGRlciUzRCUyMnRydWUlMjIlMjBtYXhfcGFnZXMlM0QlMjIyJTIyJTIwYnV0dG9uX2RvbmVfbGFiZWwlM0QlMjJOb3RoaW5nJTIwbGVmdCUyMHRvJTIwbG9hZCUyMiUyMG5vX3Jlc3VsdHNfdGV4dCUzRCUyMiUzQ2RpdiUyMGNsYXNzJTNEJTI3bm9SZXN1bHRzJTI3JTNFRCVDMyVBOXNvbCVDMyVBOSUyQyUyMHJpZW4lMjBuJTI3YSUyMCVDMyVBOXQlQzMlQTklMjB0cm91diVDMyVBOS4lMjBFc3NheWV6JTIwZCUyN2FqdXN0ZXIlMjB2b3RyZSUyMHJlY2hlcmNoZSUyMGNpLWRlc3N1cy4lMjAlM0MlMkZkaXYlM0UlMjIlMjBjc3NfY2xhc3NlcyUzRCUyMmFsbUxpc3RpbmdzLS1mbGV4JTIwYWxtLXJldmVhbCUyMiU1RA==[\/vc_raw_html][vc_raw_js]JTNDc2NyaXB0JTNFJTBBZG9jdW1lbnQuYWRkRXZlbnRMaXN0ZW5lciUyOCUyN2NsaWNrJTI3JTJDJTIwZnVuY3Rpb24lMjhlJTI5JTIwJTdCJTBBJTIwJTIwJTIwJTIwdmFyJTIwd3JhcHBlciUyMCUzRCUyMGUudGFyZ2V0LmNsb3Nlc3QlMjglMjcucmVzb3VyY2VJdGVtX192aWRlbyU1QmRhdGEtdmltZW8taWQlNUQlMjclMjklM0IlMEElMjAlMjAlMjAlMjBpZiUyMCUyOCUyMXdyYXBwZXIlMjklMjByZXR1cm4lM0IlMEElMEElMjAlMjAlMjAlMjB2YXIlMjBpZCUyMCUyMCUyMCUzRCUyMHdyYXBwZXIuZGF0YXNldC52aW1lb0lkJTNCJTBBJTIwJTIwJTIwJTIwdmFyJTIwaGFzaCUyMCUzRCUyMHdyYXBwZXIuZGF0YXNldC52aW1lb0hhc2glM0IlMEElMjAlMjAlMjAlMjB2YXIlMjBzcmMlMjAlMjAlM0QlMjAlMjdodHRwcyUzQSUyRiUyRnBsYXllci52aW1lby5jb20lMkZ2aWRlbyUyRiUyNyUyMCUyQiUyMGlkJTIwJTJCJTIwJTI3JTNGYXV0b3BsYXklM0QxJTI2ZG50JTNEMSUyNyUzQiUwQSUyMCUyMCUyMCUyMGlmJTIwJTI4aGFzaCUyOSUyMHNyYyUyMCUyQiUzRCUyMCUyNyUyNmglM0QlMjclMjAlMkIlMjBoYXNoJTNCJTBBJTBBJTIwJTIwJTIwJTIwd3JhcHBlci5pbm5lckhUTUwlMjAlM0QlMEElMjAlMjAlMjAlMjAlMjAlMjAlMjAlMjAlMjclM0NpZnJhbWUlMjBzcmMlM0QlMjIlMjclMjAlMkIlMjBzcmMlMjAlMkIlMjAlMjclMjIlMjAlMjclMjAlMkIlMEElMjAlMjAlMjAlMjAlMjAlMjAlMjAlMjAlMjdzdHlsZSUzRCUyMnBvc2l0aW9uJTNBYWJzb2x1dGUlM0J0b3AlM0EwJTNCbGVmdCUzQTAlM0J3aWR0aCUzQTEwMCUyNSUzQmhlaWdodCUzQTEwMCUyNSUzQiUyMiUyMCUyNyUyMCUyQiUwQSUyMCUyMCUyMCUyMCUyMCUyMCUyMCUyMCUyN2ZyYW1lYm9yZGVyJTNEJTIyMCUyMiUyMGFsbG93JTNEJTIyYXV0b3BsYXklM0IlMjBmdWxsc2NyZWVuJTNCJTIwcGljdHVyZS1pbi1waWN0dXJlJTIyJTIwYWxsb3dmdWxsc2NyZWVuJTNFJTNDJTJGaWZyYW1lJTNFJTI3JTNCJTBBJTdEJTI5JTNCJTBBJTNDJTJGc2NyaXB0JTNF[\/vc_raw_js][\/vc_column][\/vc_row][\/vc_section]<\/p>\n<\/div>","protected":false},"excerpt":{"rendered":"<p>[vc_row row_padding_top=\u00a0\u00bbregular\u00a0\u00bb row_padding_bottom=\u00a0\u00bbextraSmall\u00a0\u00bb][vc_column][vc_column_text css=\u00a0\u00bb\u00a0\u00bb] Donner une voix \u00e0 la communaut\u00e9 des v\u00e9t\u00e9rans et de leur famille, une histoire \u00e0 la fois [\/vc_column_text][\/vc_column][\/vc_row][vc_row row_padding_top=\u00a0\u00bbextraSmall\u00a0\u00bb row_padding_bottom=\u00a0\u00bbextraSmall\u00a0\u00bb][vc_column width=\u00a0\u00bb2\/3&Prime;][vc_column_text css=\u00a0\u00bb\u00a0\u00bb]Les histoires gu\u00e9rissent. Que ce soit en racontant leurs propres exp\u00e9riences ou en \u00e9coutant celles des autres, les histoires sont souvent une lueur d\u2019espoir. Ces histoires num\u00e9riques ont \u00e9t\u00e9 racont\u00e9es&#8230;<\/p>\n","protected":false},"author":3,"featured_media":2290,"parent":1750,"menu_order":59,"comment_status":"closed","ping_status":"closed","template":"","meta":{"_acf_changed":false,"inline_featured_image":false,"footnotes":""},"categories":[],"tags":[],"class_list":["post-9321","page","type-page","status-publish","has-post-thumbnail","hentry"],"acf":[],"yoast_head":"<!-- This site is optimized with the Yoast SEO plugin v27.3 - https:\/\/yoast.com\/product\/yoast-seo-wordpress\/ -->\n<title>Histoires de v\u00e9t\u00e9rans et de familles &#183; Institut Atlas pour les v\u00e9t\u00e9rans et leur famille<\/title>\n<meta name=\"robots\" content=\"index, follow, max-snippet:-1, max-image-preview:large, max-video-preview:-1\" \/>\n<link rel=\"canonical\" href=\"https:\/\/atlasveterans.ca\/fr\/communaute\/histoires-de-veterans-et-de-familles\/\" \/>\n<meta property=\"og:locale\" content=\"fr_FR\" \/>\n<meta property=\"og:type\" content=\"article\" \/>\n<meta property=\"og:title\" content=\"Histoires de v\u00e9t\u00e9rans et de familles &#183; Institut Atlas pour les v\u00e9t\u00e9rans et leur famille\" \/>\n<meta property=\"og:description\" content=\"[vc_row row_padding_top=\u00a0\u00bbregular\u00a0\u00bb row_padding_bottom=\u00a0\u00bbextraSmall\u00a0\u00bb][vc_column][vc_column_text css=\u00a0\u00bb\u00a0\u00bb] Donner une voix \u00e0 la communaut\u00e9 des v\u00e9t\u00e9rans et de leur famille, une histoire \u00e0 la fois [\/vc_column_text][\/vc_column][\/vc_row][vc_row row_padding_top=\u00a0\u00bbextraSmall\u00a0\u00bb row_padding_bottom=\u00a0\u00bbextraSmall\u00a0\u00bb][vc_column width=\u00a0\u00bb2\/3&Prime;][vc_column_text css=\u00a0\u00bb\u00a0\u00bb]Les histoires gu\u00e9rissent. Que ce soit en racontant leurs propres exp\u00e9riences ou en \u00e9coutant celles des autres, les histoires sont souvent une lueur d\u2019espoir. Ces histoires num\u00e9riques ont \u00e9t\u00e9 racont\u00e9es...\" \/>\n<meta property=\"og:url\" content=\"https:\/\/atlasveterans.ca\/fr\/communaute\/histoires-de-veterans-et-de-familles\/\" \/>\n<meta property=\"og:site_name\" content=\"Institut Atlas pour les v\u00e9t\u00e9rans et leur famille\" \/>\n<meta property=\"article:publisher\" content=\"https:\/\/www.facebook.com\/atlasveteransca\" \/>\n<meta property=\"article:modified_time\" content=\"2026-04-22T20:50:30+00:00\" \/>\n<meta property=\"og:image\" content=\"https:\/\/atlasveterans.ca\/wp-content\/uploads\/2022\/03\/atlas-hero-generic.jpg\" \/>\n\t<meta property=\"og:image:width\" content=\"1600\" \/>\n\t<meta property=\"og:image:height\" content=\"345\" \/>\n\t<meta property=\"og:image:type\" content=\"image\/jpeg\" \/>\n<meta name=\"twitter:card\" content=\"summary_large_image\" \/>\n<meta name=\"twitter:site\" content=\"@atlasveteransca\" \/>\n<meta name=\"twitter:label1\" content=\"Dur\u00e9e de lecture estim\u00e9e\" \/>\n\t<meta name=\"twitter:data1\" content=\"1 minute\" \/>\n<script type=\"application\/ld+json\" class=\"yoast-schema-graph\">{\"@context\":\"https:\\\/\\\/schema.org\",\"@graph\":[{\"@type\":\"WebPage\",\"@id\":\"https:\\\/\\\/atlasveterans.ca\\\/fr\\\/communaute\\\/histoires-de-veterans-et-de-familles\\\/\",\"url\":\"https:\\\/\\\/atlasveterans.ca\\\/fr\\\/communaute\\\/histoires-de-veterans-et-de-familles\\\/\",\"name\":\"Histoires de v\u00e9t\u00e9rans et de familles &#183; Institut Atlas pour les v\u00e9t\u00e9rans et leur famille\",\"isPartOf\":{\"@id\":\"https:\\\/\\\/atlasveterans.ca\\\/fr\\\/#website\"},\"primaryImageOfPage\":{\"@id\":\"https:\\\/\\\/atlasveterans.ca\\\/fr\\\/communaute\\\/histoires-de-veterans-et-de-familles\\\/#primaryimage\"},\"image\":{\"@id\":\"https:\\\/\\\/atlasveterans.ca\\\/fr\\\/communaute\\\/histoires-de-veterans-et-de-familles\\\/#primaryimage\"},\"thumbnailUrl\":\"https:\\\/\\\/atlasveterans.ca\\\/wp-content\\\/uploads\\\/2022\\\/03\\\/atlas-hero-generic.jpg\",\"datePublished\":\"2022-11-07T20:30:25+00:00\",\"dateModified\":\"2026-04-22T20:50:30+00:00\",\"breadcrumb\":{\"@id\":\"https:\\\/\\\/atlasveterans.ca\\\/fr\\\/communaute\\\/histoires-de-veterans-et-de-familles\\\/#breadcrumb\"},\"inLanguage\":\"fr-FR\",\"potentialAction\":[{\"@type\":\"ReadAction\",\"target\":[\"https:\\\/\\\/atlasveterans.ca\\\/fr\\\/communaute\\\/histoires-de-veterans-et-de-familles\\\/\"]}]},{\"@type\":\"ImageObject\",\"inLanguage\":\"fr-FR\",\"@id\":\"https:\\\/\\\/atlasveterans.ca\\\/fr\\\/communaute\\\/histoires-de-veterans-et-de-familles\\\/#primaryimage\",\"url\":\"https:\\\/\\\/atlasveterans.ca\\\/wp-content\\\/uploads\\\/2022\\\/03\\\/atlas-hero-generic.jpg\",\"contentUrl\":\"https:\\\/\\\/atlasveterans.ca\\\/wp-content\\\/uploads\\\/2022\\\/03\\\/atlas-hero-generic.jpg\",\"width\":1600,\"height\":345},{\"@type\":\"BreadcrumbList\",\"@id\":\"https:\\\/\\\/atlasveterans.ca\\\/fr\\\/communaute\\\/histoires-de-veterans-et-de-familles\\\/#breadcrumb\",\"itemListElement\":[{\"@type\":\"ListItem\",\"position\":1,\"name\":\"Institut Atlas pour les v\u00e9t\u00e9rans et leur famille\",\"item\":\"https:\\\/\\\/atlasveterans.ca\\\/fr\\\/\"},{\"@type\":\"ListItem\",\"position\":2,\"name\":\"Quoi de neuf\",\"item\":\"https:\\\/\\\/atlasveterans.ca\\\/fr\\\/communaute\\\/\"},{\"@type\":\"ListItem\",\"position\":3,\"name\":\"Histoires de v\u00e9t\u00e9rans et de familles\"}]},{\"@type\":\"WebSite\",\"@id\":\"https:\\\/\\\/atlasveterans.ca\\\/fr\\\/#website\",\"url\":\"https:\\\/\\\/atlasveterans.ca\\\/fr\\\/\",\"name\":\"Institut Atlas pour les v\u00e9t\u00e9rans et leur famille\",\"description\":\"Get resources, find support\",\"publisher\":{\"@id\":\"https:\\\/\\\/atlasveterans.ca\\\/fr\\\/#organization\"},\"potentialAction\":[{\"@type\":\"SearchAction\",\"target\":{\"@type\":\"EntryPoint\",\"urlTemplate\":\"https:\\\/\\\/atlasveterans.ca\\\/fr\\\/?s={search_term_string}\"},\"query-input\":{\"@type\":\"PropertyValueSpecification\",\"valueRequired\":true,\"valueName\":\"search_term_string\"}}],\"inLanguage\":\"fr-FR\"},{\"@type\":\"Organization\",\"@id\":\"https:\\\/\\\/atlasveterans.ca\\\/fr\\\/#organization\",\"name\":\"Atlas Institute For Veterans and Families\",\"url\":\"https:\\\/\\\/atlasveterans.ca\\\/fr\\\/\",\"logo\":{\"@type\":\"ImageObject\",\"inLanguage\":\"fr-FR\",\"@id\":\"https:\\\/\\\/atlasveterans.ca\\\/fr\\\/#\\\/schema\\\/logo\\\/image\\\/\",\"url\":\"https:\\\/\\\/atlasveterans.ca\\\/wp-content\\\/uploads\\\/2022\\\/03\\\/logo-withbg-eng-1.jpg\",\"contentUrl\":\"https:\\\/\\\/atlasveterans.ca\\\/wp-content\\\/uploads\\\/2022\\\/03\\\/logo-withbg-eng-1.jpg\",\"width\":800,\"height\":400,\"caption\":\"Atlas Institute For Veterans and Families\"},\"image\":{\"@id\":\"https:\\\/\\\/atlasveterans.ca\\\/fr\\\/#\\\/schema\\\/logo\\\/image\\\/\"},\"sameAs\":[\"https:\\\/\\\/www.facebook.com\\\/atlasveteransca\",\"https:\\\/\\\/x.com\\\/atlasveteransca\",\"https:\\\/\\\/www.instagram.com\\\/atlasveteransca\\\/\",\"https:\\\/\\\/www.linkedin.com\\\/company\\\/atlasveteransca\\\/\",\"https:\\\/\\\/www.youtube.com\\\/atlasveteransca\"]}]}<\/script>\n<!-- \/ Yoast SEO plugin. -->","yoast_head_json":{"title":"Histoires de v\u00e9t\u00e9rans et de familles &#183; Institut Atlas pour les v\u00e9t\u00e9rans et leur famille","robots":{"index":"index","follow":"follow","max-snippet":"max-snippet:-1","max-image-preview":"max-image-preview:large","max-video-preview":"max-video-preview:-1"},"canonical":"https:\/\/atlasveterans.ca\/fr\/communaute\/histoires-de-veterans-et-de-familles\/","og_locale":"fr_FR","og_type":"article","og_title":"Histoires de v\u00e9t\u00e9rans et de familles &#183; Institut Atlas pour les v\u00e9t\u00e9rans et leur famille","og_description":"[vc_row row_padding_top=\u00a0\u00bbregular\u00a0\u00bb row_padding_bottom=\u00a0\u00bbextraSmall\u00a0\u00bb][vc_column][vc_column_text css=\u00a0\u00bb\u00a0\u00bb] Donner une voix \u00e0 la communaut\u00e9 des v\u00e9t\u00e9rans et de leur famille, une histoire \u00e0 la fois [\/vc_column_text][\/vc_column][\/vc_row][vc_row row_padding_top=\u00a0\u00bbextraSmall\u00a0\u00bb row_padding_bottom=\u00a0\u00bbextraSmall\u00a0\u00bb][vc_column width=\u00a0\u00bb2\/3&Prime;][vc_column_text css=\u00a0\u00bb\u00a0\u00bb]Les histoires gu\u00e9rissent. Que ce soit en racontant leurs propres exp\u00e9riences ou en \u00e9coutant celles des autres, les histoires sont souvent une lueur d\u2019espoir. Ces histoires num\u00e9riques ont \u00e9t\u00e9 racont\u00e9es...","og_url":"https:\/\/atlasveterans.ca\/fr\/communaute\/histoires-de-veterans-et-de-familles\/","og_site_name":"Institut Atlas pour les v\u00e9t\u00e9rans et leur famille","article_publisher":"https:\/\/www.facebook.com\/atlasveteransca","article_modified_time":"2026-04-22T20:50:30+00:00","og_image":[{"width":1600,"height":345,"url":"https:\/\/atlasveterans.ca\/wp-content\/uploads\/2022\/03\/atlas-hero-generic.jpg","type":"image\/jpeg"}],"twitter_card":"summary_large_image","twitter_site":"@atlasveteransca","twitter_misc":{"Dur\u00e9e de lecture estim\u00e9e":"1 minute"},"schema":{"@context":"https:\/\/schema.org","@graph":[{"@type":"WebPage","@id":"https:\/\/atlasveterans.ca\/fr\/communaute\/histoires-de-veterans-et-de-familles\/","url":"https:\/\/atlasveterans.ca\/fr\/communaute\/histoires-de-veterans-et-de-familles\/","name":"Histoires de v\u00e9t\u00e9rans et de familles &#183; Institut Atlas pour les v\u00e9t\u00e9rans et leur famille","isPartOf":{"@id":"https:\/\/atlasveterans.ca\/fr\/#website"},"primaryImageOfPage":{"@id":"https:\/\/atlasveterans.ca\/fr\/communaute\/histoires-de-veterans-et-de-familles\/#primaryimage"},"image":{"@id":"https:\/\/atlasveterans.ca\/fr\/communaute\/histoires-de-veterans-et-de-familles\/#primaryimage"},"thumbnailUrl":"https:\/\/atlasveterans.ca\/wp-content\/uploads\/2022\/03\/atlas-hero-generic.jpg","datePublished":"2022-11-07T20:30:25+00:00","dateModified":"2026-04-22T20:50:30+00:00","breadcrumb":{"@id":"https:\/\/atlasveterans.ca\/fr\/communaute\/histoires-de-veterans-et-de-familles\/#breadcrumb"},"inLanguage":"fr-FR","potentialAction":[{"@type":"ReadAction","target":["https:\/\/atlasveterans.ca\/fr\/communaute\/histoires-de-veterans-et-de-familles\/"]}]},{"@type":"ImageObject","inLanguage":"fr-FR","@id":"https:\/\/atlasveterans.ca\/fr\/communaute\/histoires-de-veterans-et-de-familles\/#primaryimage","url":"https:\/\/atlasveterans.ca\/wp-content\/uploads\/2022\/03\/atlas-hero-generic.jpg","contentUrl":"https:\/\/atlasveterans.ca\/wp-content\/uploads\/2022\/03\/atlas-hero-generic.jpg","width":1600,"height":345},{"@type":"BreadcrumbList","@id":"https:\/\/atlasveterans.ca\/fr\/communaute\/histoires-de-veterans-et-de-familles\/#breadcrumb","itemListElement":[{"@type":"ListItem","position":1,"name":"Institut Atlas pour les v\u00e9t\u00e9rans et leur famille","item":"https:\/\/atlasveterans.ca\/fr\/"},{"@type":"ListItem","position":2,"name":"Quoi de neuf","item":"https:\/\/atlasveterans.ca\/fr\/communaute\/"},{"@type":"ListItem","position":3,"name":"Histoires de v\u00e9t\u00e9rans et de familles"}]},{"@type":"WebSite","@id":"https:\/\/atlasveterans.ca\/fr\/#website","url":"https:\/\/atlasveterans.ca\/fr\/","name":"Institut Atlas pour les v\u00e9t\u00e9rans et leur famille","description":"Get resources, find support","publisher":{"@id":"https:\/\/atlasveterans.ca\/fr\/#organization"},"potentialAction":[{"@type":"SearchAction","target":{"@type":"EntryPoint","urlTemplate":"https:\/\/atlasveterans.ca\/fr\/?s={search_term_string}"},"query-input":{"@type":"PropertyValueSpecification","valueRequired":true,"valueName":"search_term_string"}}],"inLanguage":"fr-FR"},{"@type":"Organization","@id":"https:\/\/atlasveterans.ca\/fr\/#organization","name":"Atlas Institute For Veterans and Families","url":"https:\/\/atlasveterans.ca\/fr\/","logo":{"@type":"ImageObject","inLanguage":"fr-FR","@id":"https:\/\/atlasveterans.ca\/fr\/#\/schema\/logo\/image\/","url":"https:\/\/atlasveterans.ca\/wp-content\/uploads\/2022\/03\/logo-withbg-eng-1.jpg","contentUrl":"https:\/\/atlasveterans.ca\/wp-content\/uploads\/2022\/03\/logo-withbg-eng-1.jpg","width":800,"height":400,"caption":"Atlas Institute For Veterans and Families"},"image":{"@id":"https:\/\/atlasveterans.ca\/fr\/#\/schema\/logo\/image\/"},"sameAs":["https:\/\/www.facebook.com\/atlasveteransca","https:\/\/x.com\/atlasveteransca","https:\/\/www.instagram.com\/atlasveteransca\/","https:\/\/www.linkedin.com\/company\/atlasveteransca\/","https:\/\/www.youtube.com\/atlasveteransca"]}]}},"_links":{"self":[{"href":"https:\/\/atlasveterans.ca\/fr\/wp-json\/wp\/v2\/pages\/9321","targetHints":{"allow":["GET"]}}],"collection":[{"href":"https:\/\/atlasveterans.ca\/fr\/wp-json\/wp\/v2\/pages"}],"about":[{"href":"https:\/\/atlasveterans.ca\/fr\/wp-json\/wp\/v2\/types\/page"}],"author":[{"embeddable":true,"href":"https:\/\/atlasveterans.ca\/fr\/wp-json\/wp\/v2\/users\/3"}],"replies":[{"embeddable":true,"href":"https:\/\/atlasveterans.ca\/fr\/wp-json\/wp\/v2\/comments?post=9321"}],"version-history":[{"count":10,"href":"https:\/\/atlasveterans.ca\/fr\/wp-json\/wp\/v2\/pages\/9321\/revisions"}],"predecessor-version":[{"id":30543,"href":"https:\/\/atlasveterans.ca\/fr\/wp-json\/wp\/v2\/pages\/9321\/revisions\/30543"}],"up":[{"embeddable":true,"href":"https:\/\/atlasveterans.ca\/fr\/wp-json\/wp\/v2\/pages\/1750"}],"wp:featuredmedia":[{"embeddable":true,"href":"https:\/\/atlasveterans.ca\/fr\/wp-json\/wp\/v2\/media\/2290"}],"wp:attachment":[{"href":"https:\/\/atlasveterans.ca\/fr\/wp-json\/wp\/v2\/media?parent=9321"}],"wp:term":[{"taxonomy":"category","embeddable":true,"href":"https:\/\/atlasveterans.ca\/fr\/wp-json\/wp\/v2\/categories?post=9321"},{"taxonomy":"post_tag","embeddable":true,"href":"https:\/\/atlasveterans.ca\/fr\/wp-json\/wp\/v2\/tags?post=9321"}],"curies":[{"name":"wp","href":"https:\/\/api.w.org\/{rel}","templated":true}]}}